{"id":3257,"date":"2024-09-07T03:05:39","date_gmt":"2024-09-07T03:05:39","guid":{"rendered":"https:\/\/www.yongjianceramic.com\/?post_type=product&#038;p=3257"},"modified":"2024-09-20T09:13:21","modified_gmt":"2024-09-20T09:13:21","slug":"wholesale-small-bowls","status":"publish","type":"product","link":"https:\/\/www.yongjianceramic.com\/pt\/produto\/wholesale-small-bowls\/","title":{"rendered":"Ta\u00e7as pequenas por atacado de 4,5 polegadas, ta\u00e7as redondas com design de textura de rocha"},"content":{"rendered":"<div class=\"wp-block-columns is-layout-flex wp-container-core-columns-is-layout-9d6595d7 wp-block-columns-is-layout-flex\">\n<div class=\"wp-block-column is-layout-flow wp-block-column-is-layout-flow\">\n<h2 class=\"wp-block-heading\">Pequenas tigelas Premium por atacado Carater\u00edsticas:<\/h2>\n\n\n\n<ul class=\"wp-block-list\">\n<li><strong>Simples e com estilo: <\/strong>Estas pequenas ta\u00e7as por atacado s\u00e3o concebidas com uma textura de rocha \u00fanica, dando \u00e0s pessoas uma textura natural e moderna, que \u00e9 muito decorativa e adequada para real\u00e7ar o estilo geral da mesa de jantar.<\/li>\n\n\n\n<li><strong>Design redondo pequeno: <\/strong>O design destas ta\u00e7as redondas de arroz a granel \u00e9 adequado para guardar molhos, sobremesas, aperitivos e outros snacks, sendo tamb\u00e9m f\u00e1cil de colocar e guardar, adequado para uma variedade de cen\u00e1rios em casa ou no restaurante.<\/li>\n\n\n\n<li><strong>Robusto e duradouro:<\/strong> Selecionados materiais cer\u00e2micos de alta qualidade, as nossas ta\u00e7as pequenas por atacado s\u00e3o cozidas a alta temperatura, t\u00eam uma forte resist\u00eancia ao desgaste e ao calor, garantem a utiliza\u00e7\u00e3o a longo prazo das ta\u00e7as, s\u00e3o f\u00e1ceis de limpar e n\u00e3o absorvem odores.<\/li>\n\n\n\n<li><strong>Fornecimento a granel: <\/strong>Fornecer servi\u00e7os de compra de ta\u00e7as de arroz a granel para a ind\u00fastria da restaura\u00e7\u00e3o e retalhistas, com pre\u00e7os grossistas razo\u00e1veis para ajudar a reduzir os custos e satisfazer as diversas necessidades de restaura\u00e7\u00e3o.<\/li>\n<\/ul>\n<\/div>\n\n\n\n<div class=\"wp-block-column is-vertically-aligned-center is-layout-flow wp-block-column-is-layout-flow\"><div class=\"wp-block-image\">\n<figure class=\"aligncenter size-full\"><img fetchpriority=\"high\" decoding=\"async\" width=\"800\" height=\"800\" src=\"https:\/\/www.yongjianceramic.com\/wp-content\/uploads\/2024\/09\/Wholesale-Small-Bowls-Rock-Texture-Design-Round-Bowls-6.webp\" alt=\"Ta\u00e7as pequenas por atacado, ta\u00e7as redondas com design de textura de rocha-6\" class=\"wp-image-3263\" srcset=\"https:\/\/www.yongjianceramic.com\/wp-content\/uploads\/2024\/09\/Wholesale-Small-Bowls-Rock-Texture-Design-Round-Bowls-6.webp 800w, https:\/\/www.yongjianceramic.com\/wp-content\/uploads\/2024\/09\/Wholesale-Small-Bowls-Rock-Texture-Design-Round-Bowls-6-300x300.webp 300w, https:\/\/www.yongjianceramic.com\/wp-content\/uploads\/2024\/09\/Wholesale-Small-Bowls-Rock-Texture-Design-Round-Bowls-6-150x150.webp 150w, https:\/\/www.yongjianceramic.com\/wp-content\/uploads\/2024\/09\/Wholesale-Small-Bowls-Rock-Texture-Design-Round-Bowls-6-768x768.webp 768w, https:\/\/www.yongjianceramic.com\/wp-content\/uploads\/2024\/09\/Wholesale-Small-Bowls-Rock-Texture-Design-Round-Bowls-6-12x12.webp 12w, https:\/\/www.yongjianceramic.com\/wp-content\/uploads\/2024\/09\/Wholesale-Small-Bowls-Rock-Texture-Design-Round-Bowls-6-285x285.webp 285w, https:\/\/www.yongjianceramic.com\/wp-content\/uploads\/2024\/09\/Wholesale-Small-Bowls-Rock-Texture-Design-Round-Bowls-6-270x270.webp 270w, https:\/\/www.yongjianceramic.com\/wp-content\/uploads\/2024\/09\/Wholesale-Small-Bowls-Rock-Texture-Design-Round-Bowls-6-540x540.webp 540w, https:\/\/www.yongjianceramic.com\/wp-content\/uploads\/2024\/09\/Wholesale-Small-Bowls-Rock-Texture-Design-Round-Bowls-6-660x660.webp 660w\" sizes=\"(max-width: 800px) 100vw, 800px\" \/><\/figure>\n<\/div><\/div>\n<\/div>","protected":false},"excerpt":{"rendered":"<p>Bem-vindo \u00e0 compra de pequenas tigelas de cer\u00e2mica a granel. Estas pequenas tigelas por atacado com design de textura de rocha s\u00e3o elegantes, bonitas e pr\u00e1ticas, adequadas para uma variedade de fins de restaura\u00e7\u00e3o e s\u00e3o uma escolha econ\u00f3mica para compras a granel.\u00a0<\/p>\n<table style=\"border-collapse: collapse; width: 309.02pt;\" border=\"0\" width=\"309\" cellspacing=\"0\" cellpadding=\"0\">\n<tbody>\n<tr style=\"height: 17.60pt;\">\n<td class=\"et3\" style=\"height: 17.60pt; width: 120.25pt;\" width=\"120\" height=\"17\">Fabricante<\/td>\n<td class=\"et3\" style=\"width: 189.25pt;\" width=\"189\">Yongjian<\/td>\n<\/tr>\n<tr style=\"height: 18.00pt;\">\n<td class=\"et3\" style=\"height: 18.00pt;\" height=\"18\">Modelo n.<\/td>\n<td class=\"et4\" style=\"width: 189.25pt;\" width=\"189\">YJ-029<\/td>\n<\/tr>\n<tr style=\"height: 17.60pt;\">\n<td class=\"et3\" style=\"height: 17.60pt;\" height=\"17\">Tipo de produto<\/td>\n<td class=\"et3\">Tigela de arroz<\/td>\n<\/tr>\n<tr style=\"height: 17.60pt;\">\n<td class=\"et3\" style=\"height: 17.60pt;\" height=\"17\">Material<\/td>\n<td class=\"et3\">Porcelana<\/td>\n<\/tr>\n<tr style=\"height: 17.60pt;\">\n<td class=\"et5\" style=\"height: 17.60pt;\" height=\"17\">Cor<\/td>\n<td class=\"et3\">Branco\/preto<\/td>\n<\/tr>\n<tr style=\"height: 18.00pt;\">\n<td class=\"et3\" style=\"height: 18.00pt;\" height=\"18\">Dimens\u00e3o<\/td>\n<td class=\"et6\" style=\"width: 189.25pt;\" width=\"189\">11.2*11.2*5.7\uff0c320ml<\/td>\n<\/tr>\n<tr style=\"height: 17.60pt;\">\n<td class=\"et3\" style=\"height: 17.60pt;\" height=\"17\">MOQ<\/td>\n<td class=\"et3\">500 unidades<\/td>\n<\/tr>\n<tr style=\"height: 17.60pt;\">\n<td class=\"et3\" style=\"height: 17.60pt;\" height=\"17\">Personalizado<\/td>\n<td class=\"et3\">Cor\/tamanho\/log\u00f3tipo\/embalagem<\/td>\n<\/tr>\n<\/tbody>\n<\/table>","protected":false},"featured_media":3261,"comment_status":"closed","ping_status":"closed","template":"","meta":{"_acf_changed":false},"product_brand":[],"product_cat":[72,63],"product_tag":[96],"class_list":{"0":"post-3257","1":"product","2":"type-product","3":"status-publish","4":"has-post-thumbnail","6":"product_cat-rice-bowls-bulk","7":"product_cat-wholesale-bowls","8":"product_tag-black-white-dinnerware-wholesale","10":"first","11":"instock","12":"shipping-taxable","13":"product-type-simple"},"acf":[],"_links":{"self":[{"href":"https:\/\/www.yongjianceramic.com\/pt\/wp-json\/wp\/v2\/product\/3257","targetHints":{"allow":["GET"]}}],"collection":[{"href":"https:\/\/www.yongjianceramic.com\/pt\/wp-json\/wp\/v2\/product"}],"about":[{"href":"https:\/\/www.yongjianceramic.com\/pt\/wp-json\/wp\/v2\/types\/product"}],"replies":[{"embeddable":true,"href":"https:\/\/www.yongjianceramic.com\/pt\/wp-json\/wp\/v2\/comments?post=3257"}],"wp:featuredmedia":[{"embeddable":true,"href":"https:\/\/www.yongjianceramic.com\/pt\/wp-json\/wp\/v2\/media\/3261"}],"wp:attachment":[{"href":"https:\/\/www.yongjianceramic.com\/pt\/wp-json\/wp\/v2\/media?parent=3257"}],"wp:term":[{"taxonomy":"product_brand","embeddable":true,"href":"https:\/\/www.yongjianceramic.com\/pt\/wp-json\/wp\/v2\/product_brand?post=3257"},{"taxonomy":"product_cat","embeddable":true,"href":"https:\/\/www.yongjianceramic.com\/pt\/wp-json\/wp\/v2\/product_cat?post=3257"},{"taxonomy":"product_tag","embeddable":true,"href":"https:\/\/www.yongjianceramic.com\/pt\/wp-json\/wp\/v2\/product_tag?post=3257"}],"curies":[{"name":"wp","href":"https:\/\/api.w.org\/{rel}","templated":true}]}}