{"id":3264,"date":"2024-09-07T03:19:40","date_gmt":"2024-09-07T03:19:40","guid":{"rendered":"https:\/\/www.yongjianceramic.com\/?post_type=product&#038;p=3264"},"modified":"2024-09-20T09:13:21","modified_gmt":"2024-09-20T09:13:21","slug":"salad-bowls-wholesale","status":"publish","type":"product","link":"https:\/\/www.yongjianceramic.com\/pt\/produto\/salad-bowls-wholesale\/","title":{"rendered":"Tigelas de salada de 7 polegadas por atacado, tigela de cer\u00e2mica com borda ondulada elegante"},"content":{"rendered":"<div class=\"wp-block-columns is-layout-flex wp-container-core-columns-is-layout-9d6595d7 wp-block-columns-is-layout-flex\">\n<div class=\"wp-block-column is-layout-flow wp-block-column-is-layout-flow\">\n<h2 class=\"wp-block-heading\">Saladeiras Premium Carater\u00edsticas por atacado:<\/h2>\n\n\n\n<ul class=\"wp-block-list\">\n<li><strong>Design elegante: <\/strong>Estas saladeiras de 7 polegadas por atacado apresentam um design \u00fanico de borda ondulada, que acrescenta eleg\u00e2ncia visual e melhora a experi\u00eancia de jantar.<\/li>\n\n\n\n<li><strong>Alta qualidade: <\/strong>Fabricadas em cer\u00e2mica de alta qualidade, as nossas ta\u00e7as de servir por atacado s\u00e3o resistentes a altas temperaturas e ao desgaste, garantindo uma utiliza\u00e7\u00e3o a longo prazo, e n\u00e3o s\u00e3o f\u00e1ceis de deformar.<\/li>\n\n\n\n<li><strong>Utiliza\u00e7\u00e3o vers\u00e1til:<\/strong> Adequadas para v\u00e1rias ocasi\u00f5es, as nossas ta\u00e7as de cer\u00e2mica para saladas por atacado podem n\u00e3o s\u00f3 conter saladas, mas tamb\u00e9m ser utilizadas como ta\u00e7a de fruta, sobremesa ou lanche para satisfazer diferentes necessidades gastron\u00f3micas.<\/li>\n\n\n\n<li><strong>F\u00e1cil de limpar: <\/strong>O design suave do esmalte destas saladeiras por atacado torna a limpeza mais conveniente e n\u00e3o \u00e9 f\u00e1cil de manchar, garantindo a limpeza e a higiene ap\u00f3s cada utiliza\u00e7\u00e3o.<\/li>\n<\/ul>\n<\/div>\n\n\n\n<div class=\"wp-block-column is-vertically-aligned-center is-layout-flow wp-block-column-is-layout-flow\"><div class=\"wp-block-image\">\n<figure class=\"aligncenter size-full\"><img fetchpriority=\"high\" decoding=\"async\" width=\"750\" height=\"750\" src=\"https:\/\/www.yongjianceramic.com\/wp-content\/uploads\/2024\/09\/7-Inch-Salad-Bowls-Wholesale-Elegant-Wavy-Edge-Ceramic-Bowl-3.webp\" alt=\"Tigelas de salada de 7 polegadas por atacado, tigela de cer\u00e2mica com borda ondulada elegante-3\" class=\"wp-image-3267\" srcset=\"https:\/\/www.yongjianceramic.com\/wp-content\/uploads\/2024\/09\/7-Inch-Salad-Bowls-Wholesale-Elegant-Wavy-Edge-Ceramic-Bowl-3.webp 750w, https:\/\/www.yongjianceramic.com\/wp-content\/uploads\/2024\/09\/7-Inch-Salad-Bowls-Wholesale-Elegant-Wavy-Edge-Ceramic-Bowl-3-300x300.webp 300w, https:\/\/www.yongjianceramic.com\/wp-content\/uploads\/2024\/09\/7-Inch-Salad-Bowls-Wholesale-Elegant-Wavy-Edge-Ceramic-Bowl-3-150x150.webp 150w, https:\/\/www.yongjianceramic.com\/wp-content\/uploads\/2024\/09\/7-Inch-Salad-Bowls-Wholesale-Elegant-Wavy-Edge-Ceramic-Bowl-3-12x12.webp 12w, https:\/\/www.yongjianceramic.com\/wp-content\/uploads\/2024\/09\/7-Inch-Salad-Bowls-Wholesale-Elegant-Wavy-Edge-Ceramic-Bowl-3-285x285.webp 285w, https:\/\/www.yongjianceramic.com\/wp-content\/uploads\/2024\/09\/7-Inch-Salad-Bowls-Wholesale-Elegant-Wavy-Edge-Ceramic-Bowl-3-270x270.webp 270w, https:\/\/www.yongjianceramic.com\/wp-content\/uploads\/2024\/09\/7-Inch-Salad-Bowls-Wholesale-Elegant-Wavy-Edge-Ceramic-Bowl-3-540x540.webp 540w, https:\/\/www.yongjianceramic.com\/wp-content\/uploads\/2024\/09\/7-Inch-Salad-Bowls-Wholesale-Elegant-Wavy-Edge-Ceramic-Bowl-3-660x660.webp 660w\" sizes=\"(max-width: 750px) 100vw, 750px\" \/><\/figure>\n<\/div><\/div>\n<\/div>","protected":false},"excerpt":{"rendered":"<p>Bem-vindo \u00e0 compra de ta\u00e7as de salada em cer\u00e2mica a granel. As nossas ta\u00e7as de salada de 7 polegadas destacam-se pelo seu elegante design de borda ondulada. Seu uso multifuncional n\u00e3o se limita a segurar saladas, mas tamb\u00e9m pode ser usado como uma tigela de frutas e lanches, e o esmalte liso \u00e9 f\u00e1cil de limpar, adequado para v\u00e1rias ocasi\u00f5es de jantar<\/p>\n<table style=\"border-collapse: collapse; width: 309.02pt;\" border=\"0\" width=\"309\" cellspacing=\"0\" cellpadding=\"0\">\n<tbody>\n<tr style=\"height: 17.60pt;\">\n<td class=\"et3\" style=\"height: 17.60pt; width: 120.25pt;\" width=\"120\" height=\"17\">Fabricante<\/td>\n<td class=\"et3\" style=\"width: 189.25pt;\" width=\"189\">Yongjian<\/td>\n<\/tr>\n<tr style=\"height: 18.00pt;\">\n<td class=\"et3\" style=\"height: 18.00pt;\" height=\"18\">Modelo n.<\/td>\n<td class=\"et4\" style=\"width: 189.25pt;\" width=\"189\">YJ-055<\/td>\n<\/tr>\n<tr style=\"height: 17.60pt;\">\n<td class=\"et3\" style=\"height: 17.60pt;\" height=\"17\">Tipo de produto<\/td>\n<td class=\"et2\">Tigelas de servir e de salada<\/td>\n<\/tr>\n<tr style=\"height: 17.60pt;\">\n<td class=\"et3\" style=\"height: 17.60pt;\" height=\"17\">Material<\/td>\n<td class=\"et3\">Porcelana<\/td>\n<\/tr>\n<tr style=\"height: 17.60pt;\">\n<td class=\"et5\" style=\"height: 17.60pt;\" height=\"17\">Cor<\/td>\n<td class=\"et3\">Branco\/preto<\/td>\n<\/tr>\n<tr style=\"height: 18.00pt;\">\n<td class=\"et3\" style=\"height: 18.00pt;\" height=\"18\">Dimens\u00e3o<\/td>\n<td class=\"et6\" style=\"width: 189.25pt;\" width=\"189\">17*17*4.5<\/td>\n<\/tr>\n<tr style=\"height: 17.60pt;\">\n<td class=\"et3\" style=\"height: 17.60pt;\" height=\"17\">MOQ<\/td>\n<td class=\"et3\">500 unidades<\/td>\n<\/tr>\n<tr style=\"height: 17.60pt;\">\n<td class=\"et3\" style=\"height: 17.60pt;\" height=\"17\">Personalizado<\/td>\n<td class=\"et3\">Cor\/tamanho\/log\u00f3tipo\/embalagem<\/td>\n<\/tr>\n<\/tbody>\n<\/table>","protected":false},"featured_media":3272,"comment_status":"closed","ping_status":"closed","template":"","meta":{"_acf_changed":false},"product_brand":[],"product_cat":[74,63],"product_tag":[96],"class_list":{"0":"post-3264","1":"product","2":"type-product","3":"status-publish","4":"has-post-thumbnail","6":"product_cat-bulk-serving-bowls","7":"product_cat-wholesale-bowls","8":"product_tag-black-white-dinnerware-wholesale","10":"first","11":"instock","12":"shipping-taxable","13":"product-type-simple"},"acf":[],"_links":{"self":[{"href":"https:\/\/www.yongjianceramic.com\/pt\/wp-json\/wp\/v2\/product\/3264","targetHints":{"allow":["GET"]}}],"collection":[{"href":"https:\/\/www.yongjianceramic.com\/pt\/wp-json\/wp\/v2\/product"}],"about":[{"href":"https:\/\/www.yongjianceramic.com\/pt\/wp-json\/wp\/v2\/types\/product"}],"replies":[{"embeddable":true,"href":"https:\/\/www.yongjianceramic.com\/pt\/wp-json\/wp\/v2\/comments?post=3264"}],"wp:featuredmedia":[{"embeddable":true,"href":"https:\/\/www.yongjianceramic.com\/pt\/wp-json\/wp\/v2\/media\/3272"}],"wp:attachment":[{"href":"https:\/\/www.yongjianceramic.com\/pt\/wp-json\/wp\/v2\/media?parent=3264"}],"wp:term":[{"taxonomy":"product_brand","embeddable":true,"href":"https:\/\/www.yongjianceramic.com\/pt\/wp-json\/wp\/v2\/product_brand?post=3264"},{"taxonomy":"product_cat","embeddable":true,"href":"https:\/\/www.yongjianceramic.com\/pt\/wp-json\/wp\/v2\/product_cat?post=3264"},{"taxonomy":"product_tag","embeddable":true,"href":"https:\/\/www.yongjianceramic.com\/pt\/wp-json\/wp\/v2\/product_tag?post=3264"}],"curies":[{"name":"wp","href":"https:\/\/api.w.org\/{rel}","templated":true}]}}