{"id":3274,"date":"2024-09-07T03:44:26","date_gmt":"2024-09-07T03:44:26","guid":{"rendered":"https:\/\/www.yongjianceramic.com\/?post_type=product&#038;p=3274"},"modified":"2025-11-04T17:23:37","modified_gmt":"2025-11-04T09:23:37","slug":"bulk-soup-bowls-with-handles","status":"publish","type":"product","link":"https:\/\/www.yongjianceramic.com\/pt\/produto\/bulk-soup-bowls-with-handles\/","title":{"rendered":"Tigelas de sopa a granel com pegas, tigelas de servir grandes Fornecimento"},"content":{"rendered":"<div class=\"wp-block-columns is-layout-flex wp-container-core-columns-is-layout-9d6595d7 wp-block-columns-is-layout-flex\">\n<div class=\"wp-block-column is-layout-flow wp-block-column-is-layout-flow\">\n<h2 class=\"wp-block-heading\">Ta\u00e7as de sopa a granel Premium com pegas Carater\u00edsticas:<\/h2>\n\n\n\n<ul class=\"wp-block-list\">\n<li><strong>Design de pega dupla:<\/strong> A ta\u00e7a de sopa grande para venda por grosso est\u00e1 equipada com pegas duplas, que s\u00e3o f\u00e1ceis de segurar e evitam escald\u00f5es, tornando-a mais segura e confort\u00e1vel de utilizar.<\/li>\n\n\n\n<li><strong>Design de grande capacidade: <\/strong>Estas tigelas de sopa a granel com pegas t\u00eam uma grande capacidade, adequada para conter uma grande quantidade de sopas, guisados, massas, etc., e s\u00e3o muito adequadas para reuni\u00f5es familiares e banquetes.<\/li>\n\n\n\n<li><strong>Material cer\u00e2mico de alta qualidade: <\/strong>Fabricadas em cer\u00e2mica de alta qualidade, as nossas ta\u00e7as de sopa a granel com pegas s\u00e3o resistentes a temperaturas elevadas e a riscos, garantindo que a ta\u00e7a \u00e9 resistente e duradoura e permanece bonita durante muito tempo.<\/li>\n\n\n\n<li><strong>Desconto para compras em massa: <\/strong>Fornecimento por atacado da f\u00e1brica, as nossas ta\u00e7as de servir grandes s\u00e3o adequadas para compras de grande volume, como restaurantes e caf\u00e9s, proporcionando pre\u00e7os mais competitivos.<\/li>\n<\/ul>\n<\/div>\n\n\n\n<div class=\"wp-block-column is-vertically-aligned-center is-layout-flow wp-block-column-is-layout-flow\"><div class=\"wp-block-image\">\n<figure class=\"aligncenter size-full\"><img fetchpriority=\"high\" decoding=\"async\" width=\"800\" height=\"800\" src=\"https:\/\/www.yongjianceramic.com\/wp-content\/uploads\/2024\/09\/Bulk-Soup-Bowls-With-Handles-Large-Serving-Bowls-Wholesale-1.webp\" alt=\"Ta\u00e7as de sopa a granel com pegas, ta\u00e7as de servir grandes por atacado-1\" class=\"wp-image-3275\" srcset=\"https:\/\/www.yongjianceramic.com\/wp-content\/uploads\/2024\/09\/Bulk-Soup-Bowls-With-Handles-Large-Serving-Bowls-Wholesale-1.webp 800w, https:\/\/www.yongjianceramic.com\/wp-content\/uploads\/2024\/09\/Bulk-Soup-Bowls-With-Handles-Large-Serving-Bowls-Wholesale-1-300x300.webp 300w, https:\/\/www.yongjianceramic.com\/wp-content\/uploads\/2024\/09\/Bulk-Soup-Bowls-With-Handles-Large-Serving-Bowls-Wholesale-1-150x150.webp 150w, https:\/\/www.yongjianceramic.com\/wp-content\/uploads\/2024\/09\/Bulk-Soup-Bowls-With-Handles-Large-Serving-Bowls-Wholesale-1-768x768.webp 768w, https:\/\/www.yongjianceramic.com\/wp-content\/uploads\/2024\/09\/Bulk-Soup-Bowls-With-Handles-Large-Serving-Bowls-Wholesale-1-12x12.webp 12w, https:\/\/www.yongjianceramic.com\/wp-content\/uploads\/2024\/09\/Bulk-Soup-Bowls-With-Handles-Large-Serving-Bowls-Wholesale-1-285x285.webp 285w, https:\/\/www.yongjianceramic.com\/wp-content\/uploads\/2024\/09\/Bulk-Soup-Bowls-With-Handles-Large-Serving-Bowls-Wholesale-1-270x270.webp 270w, https:\/\/www.yongjianceramic.com\/wp-content\/uploads\/2024\/09\/Bulk-Soup-Bowls-With-Handles-Large-Serving-Bowls-Wholesale-1-540x540.webp 540w, https:\/\/www.yongjianceramic.com\/wp-content\/uploads\/2024\/09\/Bulk-Soup-Bowls-With-Handles-Large-Serving-Bowls-Wholesale-1-660x660.webp 660w\" sizes=\"(max-width: 800px) 100vw, 800px\" \/><\/figure>\n<\/div><\/div>\n<\/div>","protected":false},"excerpt":{"rendered":"<p>Bem-vindo \u00e0 compra de ta\u00e7as de servir grandes a granel. Estas tigelas de sopa a granel com pegas s\u00e3o grandes, com um design de pega dupla, e s\u00e3o pr\u00e1ticas e duradouras na utiliza\u00e7\u00e3o. A sua grande capacidade \u00e9 ideal para sopas e guisados e \u00e9 especialmente adequada para reuni\u00f5es familiares ou uso comercial.<\/p>\n<table style=\"border-collapse: collapse; width: 309.02pt;\" border=\"0\" width=\"309\" cellspacing=\"0\" cellpadding=\"0\">\n<tbody>\n<tr style=\"height: 17.60pt;\">\n<td class=\"et3\" style=\"height: 17.60pt; width: 120.25pt;\" width=\"120\" height=\"17\">Fabricante<\/td>\n<td class=\"et3\" style=\"width: 189.25pt;\" width=\"189\">Yongjian<\/td>\n<\/tr>\n<tr style=\"height: 36.00pt;\">\n<td class=\"et3\" style=\"height: 36.00pt;\" height=\"36\">Modelo n.<\/td>\n<td class=\"et4\" style=\"width: 189.25pt;\" width=\"189\">YJ-043, 10 polegadas<br \/>YJ-044, 12 polegadas<\/td>\n<\/tr>\n<tr style=\"height: 17.60pt;\">\n<td class=\"et3\" style=\"height: 17.60pt;\" height=\"17\">Tipo de produto<\/td>\n<td class=\"et3\">Tigelas com al\u00e7as<\/td>\n<\/tr>\n<tr style=\"height: 17.60pt;\">\n<td class=\"et3\" style=\"height: 17.60pt;\" height=\"17\">Material<\/td>\n<td class=\"et3\">Porcelana<\/td>\n<\/tr>\n<tr style=\"height: 17.60pt;\">\n<td class=\"et6\" style=\"height: 17.60pt;\" height=\"17\">Cor<\/td>\n<td class=\"et3\">Branco\/preto<\/td>\n<\/tr>\n<tr style=\"height: 36.00pt;\">\n<td class=\"et3\" style=\"height: 36.00pt;\" height=\"36\">Dimens\u00e3o<\/td>\n<td class=\"et7\" style=\"width: 189.25pt;\" width=\"189\">25*21*6, 1200ml<br \/>31*25,5*7, 2000ml<\/td>\n<\/tr>\n<tr style=\"height: 17.60pt;\">\n<td class=\"et3\" style=\"height: 17.60pt;\" height=\"17\">MOQ<\/td>\n<td class=\"et3\">500 unidades<\/td>\n<\/tr>\n<tr style=\"height: 17.60pt;\">\n<td class=\"et3\" style=\"height: 17.60pt;\" height=\"17\">Personalizado<\/td>\n<td class=\"et3\">Cor\/tamanho\/log\u00f3tipo\/embalagem<\/td>\n<\/tr>\n<\/tbody>\n<\/table>","protected":false},"featured_media":3276,"comment_status":"closed","ping_status":"closed","template":"","meta":{"_acf_changed":false},"product_brand":[],"product_cat":[75,63,74],"product_tag":[96],"class_list":{"0":"post-3274","1":"product","2":"type-product","3":"status-publish","4":"has-post-thumbnail","6":"product_cat-handled-bowls-wholesale","7":"product_cat-wholesale-bowls","8":"product_cat-bulk-serving-bowls","9":"product_tag-black-white-dinnerware-wholesale","11":"first","12":"instock","13":"shipping-taxable","14":"product-type-simple"},"acf":[],"_links":{"self":[{"href":"https:\/\/www.yongjianceramic.com\/pt\/wp-json\/wp\/v2\/product\/3274","targetHints":{"allow":["GET"]}}],"collection":[{"href":"https:\/\/www.yongjianceramic.com\/pt\/wp-json\/wp\/v2\/product"}],"about":[{"href":"https:\/\/www.yongjianceramic.com\/pt\/wp-json\/wp\/v2\/types\/product"}],"replies":[{"embeddable":true,"href":"https:\/\/www.yongjianceramic.com\/pt\/wp-json\/wp\/v2\/comments?post=3274"}],"wp:featuredmedia":[{"embeddable":true,"href":"https:\/\/www.yongjianceramic.com\/pt\/wp-json\/wp\/v2\/media\/3276"}],"wp:attachment":[{"href":"https:\/\/www.yongjianceramic.com\/pt\/wp-json\/wp\/v2\/media?parent=3274"}],"wp:term":[{"taxonomy":"product_brand","embeddable":true,"href":"https:\/\/www.yongjianceramic.com\/pt\/wp-json\/wp\/v2\/product_brand?post=3274"},{"taxonomy":"product_cat","embeddable":true,"href":"https:\/\/www.yongjianceramic.com\/pt\/wp-json\/wp\/v2\/product_cat?post=3274"},{"taxonomy":"product_tag","embeddable":true,"href":"https:\/\/www.yongjianceramic.com\/pt\/wp-json\/wp\/v2\/product_tag?post=3274"}],"curies":[{"name":"wp","href":"https:\/\/api.w.org\/{rel}","templated":true}]}}