{"id":3292,"date":"2024-09-07T05:11:20","date_gmt":"2024-09-07T05:11:20","guid":{"rendered":"https:\/\/www.yongjianceramic.com\/?post_type=product&#038;p=3292"},"modified":"2025-11-04T17:53:32","modified_gmt":"2025-11-04T09:53:32","slug":"ceramic-ramen-bowls-bulk","status":"publish","type":"product","link":"https:\/\/www.yongjianceramic.com\/pt\/produto\/ceramic-ramen-bowls-bulk\/","title":{"rendered":"Ta\u00e7as de Ramen em Cer\u00e2mica de 8 polegadas a granel, Ta\u00e7as de Sopa Diretas da F\u00e1brica"},"content":{"rendered":"<div class=\"wp-block-columns is-layout-flex wp-container-core-columns-is-layout-9d6595d7 wp-block-columns-is-layout-flex\">\n<div class=\"wp-block-column is-layout-flow wp-block-column-is-layout-flow\">\n<h2 class=\"wp-block-heading\">Tigelas de Ramen em cer\u00e2mica premium Carater\u00edsticas a granel:<\/h2>\n\n\n\n<ul class=\"wp-block-list\">\n<li><strong>Desenho da superf\u00edcie da onda: <\/strong>As nossas tigelas de cer\u00e2mica para ramen t\u00eam um design de superf\u00edcie ondulado \u00fanico, o que acrescenta camadas visuais e beleza.<\/li>\n\n\n\n<li><strong>Tamanho moderado:<\/strong> O tamanho de 8 polegadas destas tigelas de ramen por atacado \u00e9 muito adequado para guardar alimentos b\u00e1sicos, como ramen e sopa de macarr\u00e3o, para atender \u00e0s necessidades di\u00e1rias de refei\u00e7\u00f5es.<\/li>\n\n\n\n<li><strong>Longa vida \u00fatil: <\/strong>As nossas ta\u00e7as de cer\u00e2mica para ramen a granel s\u00e3o feitas de cer\u00e2mica de alta qualidade, resistente a altas temperaturas e ao desgaste, garantindo que o corpo da ta\u00e7a \u00e9 robusto e dur\u00e1vel, e tem uma longa vida \u00fatil.<\/li>\n\n\n\n<li><strong>Desconto para compras em massa: <\/strong>Apoia as compras a granel, especialmente para a ind\u00fastria da restaura\u00e7\u00e3o ou para os utilizadores que necessitam de comprar em grandes quantidades, fornecemos pre\u00e7os mais competitivos para as tigelas de ramen por atacado.<\/li>\n<\/ul>\n<\/div>\n\n\n\n<div class=\"wp-block-column is-vertically-aligned-center is-layout-flow wp-block-column-is-layout-flow\"><div class=\"wp-block-image\">\n<figure class=\"aligncenter size-full\"><img fetchpriority=\"high\" decoding=\"async\" width=\"800\" height=\"800\" src=\"https:\/\/www.yongjianceramic.com\/wp-content\/uploads\/2024\/09\/8-Inch-Ceramic-Ramen-Bowls-Bulk-With-Wavy-Surface-Design-3.webp\" alt=\"Ta\u00e7as para Ramen em cer\u00e2mica de 8 polegadas com design de superf\u00edcie ondulada - 3\" class=\"wp-image-3295\" srcset=\"https:\/\/www.yongjianceramic.com\/wp-content\/uploads\/2024\/09\/8-Inch-Ceramic-Ramen-Bowls-Bulk-With-Wavy-Surface-Design-3.webp 800w, https:\/\/www.yongjianceramic.com\/wp-content\/uploads\/2024\/09\/8-Inch-Ceramic-Ramen-Bowls-Bulk-With-Wavy-Surface-Design-3-300x300.webp 300w, https:\/\/www.yongjianceramic.com\/wp-content\/uploads\/2024\/09\/8-Inch-Ceramic-Ramen-Bowls-Bulk-With-Wavy-Surface-Design-3-150x150.webp 150w, https:\/\/www.yongjianceramic.com\/wp-content\/uploads\/2024\/09\/8-Inch-Ceramic-Ramen-Bowls-Bulk-With-Wavy-Surface-Design-3-768x768.webp 768w, https:\/\/www.yongjianceramic.com\/wp-content\/uploads\/2024\/09\/8-Inch-Ceramic-Ramen-Bowls-Bulk-With-Wavy-Surface-Design-3-12x12.webp 12w, https:\/\/www.yongjianceramic.com\/wp-content\/uploads\/2024\/09\/8-Inch-Ceramic-Ramen-Bowls-Bulk-With-Wavy-Surface-Design-3-285x285.webp 285w, https:\/\/www.yongjianceramic.com\/wp-content\/uploads\/2024\/09\/8-Inch-Ceramic-Ramen-Bowls-Bulk-With-Wavy-Surface-Design-3-270x270.webp 270w, https:\/\/www.yongjianceramic.com\/wp-content\/uploads\/2024\/09\/8-Inch-Ceramic-Ramen-Bowls-Bulk-With-Wavy-Surface-Design-3-540x540.webp 540w, https:\/\/www.yongjianceramic.com\/wp-content\/uploads\/2024\/09\/8-Inch-Ceramic-Ramen-Bowls-Bulk-With-Wavy-Surface-Design-3-660x660.webp 660w\" sizes=\"(max-width: 800px) 100vw, 800px\" \/><\/figure>\n<\/div><\/div>\n<\/div>","protected":false},"excerpt":{"rendered":"<p>Bem-vindo \u00e0 compra de tigelas de ramen por atacado a granel. Estas tigelas de ramen de cer\u00e2mica de 8 polegadas a granel incluem um padr\u00e3o de superf\u00edcie ondulado, feito com material cer\u00e2mico dur\u00e1vel e bonito. As tigelas de tamanho m\u00e9dio s\u00e3o adequadas para muitos tipos de alimentos b\u00e1sicos e s\u00e3o uma boa escolha para restaurantes e uso comercial.<\/p>\n<table style=\"border-collapse: collapse; width: 309.02pt;\" border=\"0\" width=\"309\" cellspacing=\"0\" cellpadding=\"0\">\n<tbody>\n<tr style=\"height: 17.60pt;\">\n<td class=\"et3\" style=\"height: 17.60pt; width: 120.25pt;\" width=\"120\" height=\"17\">Fabricante<\/td>\n<td class=\"et3\" style=\"width: 189.25pt;\" width=\"189\">Yongjian<\/td>\n<\/tr>\n<tr style=\"height: 18.00pt;\">\n<td class=\"et3\" style=\"height: 18.00pt;\" height=\"18\">Modelo n.<\/td>\n<td class=\"et4\" style=\"width: 189.25pt;\" width=\"189\">YJ-016<\/td>\n<\/tr>\n<tr style=\"height: 17.60pt;\">\n<td class=\"et3\" style=\"height: 17.60pt;\" height=\"17\">Tipo de produto<\/td>\n<td class=\"et3\">Tigelas para sopa e ramen<\/td>\n<\/tr>\n<tr style=\"height: 17.60pt;\">\n<td class=\"et3\" style=\"height: 17.60pt;\" height=\"17\">Material<\/td>\n<td class=\"et3\">Porcelana<\/td>\n<\/tr>\n<tr style=\"height: 17.60pt;\">\n<td class=\"et6\" style=\"height: 17.60pt;\" height=\"17\">Cor<\/td>\n<td class=\"et3\">Branco\/preto<\/td>\n<\/tr>\n<tr style=\"height: 18.00pt;\">\n<td class=\"et3\" style=\"height: 18.00pt;\" height=\"18\">Dimens\u00e3o<\/td>\n<td class=\"et7\" style=\"width: 189.25pt;\" width=\"189\">19,8*19,8*8,4 1000ml<\/td>\n<\/tr>\n<tr style=\"height: 17.60pt;\">\n<td class=\"et3\" style=\"height: 17.60pt;\" height=\"17\">MOQ<\/td>\n<td class=\"et3\">500 unidades<\/td>\n<\/tr>\n<tr style=\"height: 17.60pt;\">\n<td class=\"et3\" style=\"height: 17.60pt;\" height=\"17\">Personalizado<\/td>\n<td class=\"et3\">Cor\/tamanho\/log\u00f3tipo\/embalagem<\/td>\n<\/tr>\n<\/tbody>\n<\/table>","protected":false},"featured_media":3299,"comment_status":"closed","ping_status":"closed","template":"","meta":{"_acf_changed":false},"product_brand":[],"product_cat":[73,63],"product_tag":[96],"class_list":{"0":"post-3292","1":"product","2":"type-product","3":"status-publish","4":"has-post-thumbnail","6":"product_cat-bulk-soup-bowls","7":"product_cat-wholesale-bowls","8":"product_tag-black-white-dinnerware-wholesale","10":"first","11":"instock","12":"shipping-taxable","13":"product-type-simple"},"acf":[],"_links":{"self":[{"href":"https:\/\/www.yongjianceramic.com\/pt\/wp-json\/wp\/v2\/product\/3292","targetHints":{"allow":["GET"]}}],"collection":[{"href":"https:\/\/www.yongjianceramic.com\/pt\/wp-json\/wp\/v2\/product"}],"about":[{"href":"https:\/\/www.yongjianceramic.com\/pt\/wp-json\/wp\/v2\/types\/product"}],"replies":[{"embeddable":true,"href":"https:\/\/www.yongjianceramic.com\/pt\/wp-json\/wp\/v2\/comments?post=3292"}],"wp:featuredmedia":[{"embeddable":true,"href":"https:\/\/www.yongjianceramic.com\/pt\/wp-json\/wp\/v2\/media\/3299"}],"wp:attachment":[{"href":"https:\/\/www.yongjianceramic.com\/pt\/wp-json\/wp\/v2\/media?parent=3292"}],"wp:term":[{"taxonomy":"product_brand","embeddable":true,"href":"https:\/\/www.yongjianceramic.com\/pt\/wp-json\/wp\/v2\/product_brand?post=3292"},{"taxonomy":"product_cat","embeddable":true,"href":"https:\/\/www.yongjianceramic.com\/pt\/wp-json\/wp\/v2\/product_cat?post=3292"},{"taxonomy":"product_tag","embeddable":true,"href":"https:\/\/www.yongjianceramic.com\/pt\/wp-json\/wp\/v2\/product_tag?post=3292"}],"curies":[{"name":"wp","href":"https:\/\/api.w.org\/{rel}","templated":true}]}}