{"id":3300,"date":"2024-09-07T05:25:45","date_gmt":"2024-09-07T05:25:45","guid":{"rendered":"https:\/\/www.yongjianceramic.com\/?post_type=product&#038;p=3300"},"modified":"2025-11-04T18:01:49","modified_gmt":"2025-11-04T10:01:49","slug":"ceramic-ramen-bowls-wholesale-2","status":"publish","type":"product","link":"https:\/\/www.yongjianceramic.com\/pt\/produto\/ceramic-ramen-bowls-wholesale-2\/","title":{"rendered":"Tigelas de Ramen de Cer\u00e2mica de 9 polegadas por atacado para fornecimento de restaurante"},"content":{"rendered":"<div class=\"wp-block-columns is-layout-flex wp-container-core-columns-is-layout-9d6595d7 wp-block-columns-is-layout-flex\">\n<div class=\"wp-block-column is-layout-flow wp-block-column-is-layout-flow\">\n<h2 class=\"wp-block-heading\">Tigelas de Ramen em cer\u00e2mica Premium Carater\u00edsticas por atacado:<\/h2>\n\n\n\n<ul class=\"wp-block-list\">\n<li><strong>Desenho irregular do bordo da ta\u00e7a:<\/strong> Estas tigelas de ramen por atacado t\u00eam uma grande capacidade, perfeita para guardar v\u00e1rios ramen, sopa de massa e outros alimentos b\u00e1sicos para satisfazer as necessidades de uma refei\u00e7\u00e3o nutritiva.<\/li>\n\n\n\n<li><strong>Grande capacidade: <\/strong>Fabricadas em cer\u00e2mica de alta qualidade, as nossas ta\u00e7as para ramen em cer\u00e2mica a granel s\u00e3o resistentes ao desgaste e suportam calor elevado, pelo que se mant\u00eam em boa forma ap\u00f3s um longo per\u00edodo de utiliza\u00e7\u00e3o.<\/li>\n\n\n\n<li><strong>Materiais cer\u00e2micos de alta qualidade: <\/strong>Fabricadas em cer\u00e2mica de alta qualidade, as nossas tigelas de cer\u00e2mica para ramen por atacado s\u00e3o resistentes ao desgaste e suportam altas temperaturas, pelo que se mant\u00eam em boa forma ap\u00f3s um longo per\u00edodo de utiliza\u00e7\u00e3o.<\/li>\n\n\n\n<li><strong>Vantagens da compra a granel: <\/strong>Apoia compras por atacado para estas tigelas de ramen por atacado, adequadas para compras em grande escala em locais comerciais, como restaurantes e hot\u00e9is, e o pre\u00e7o \u00e9 mais favor\u00e1vel.<\/li>\n<\/ul>\n<\/div>\n\n\n\n<div class=\"wp-block-column is-vertically-aligned-center is-layout-flow wp-block-column-is-layout-flow\"><div class=\"wp-block-image\">\n<figure class=\"aligncenter size-full\"><img fetchpriority=\"high\" decoding=\"async\" width=\"750\" height=\"750\" src=\"https:\/\/www.yongjianceramic.com\/wp-content\/uploads\/2024\/09\/9-Inch-Ceramic-Ramen-Bowls-Wholesale-With-Wavy-Surface-Design-2.webp\" alt=\"Tigelas de Ramen em cer\u00e2mica de 9 polegadas com design de superf\u00edcie ondulada-2\" class=\"wp-image-3302\" srcset=\"https:\/\/www.yongjianceramic.com\/wp-content\/uploads\/2024\/09\/9-Inch-Ceramic-Ramen-Bowls-Wholesale-With-Wavy-Surface-Design-2.webp 750w, https:\/\/www.yongjianceramic.com\/wp-content\/uploads\/2024\/09\/9-Inch-Ceramic-Ramen-Bowls-Wholesale-With-Wavy-Surface-Design-2-300x300.webp 300w, https:\/\/www.yongjianceramic.com\/wp-content\/uploads\/2024\/09\/9-Inch-Ceramic-Ramen-Bowls-Wholesale-With-Wavy-Surface-Design-2-150x150.webp 150w, https:\/\/www.yongjianceramic.com\/wp-content\/uploads\/2024\/09\/9-Inch-Ceramic-Ramen-Bowls-Wholesale-With-Wavy-Surface-Design-2-12x12.webp 12w, https:\/\/www.yongjianceramic.com\/wp-content\/uploads\/2024\/09\/9-Inch-Ceramic-Ramen-Bowls-Wholesale-With-Wavy-Surface-Design-2-285x285.webp 285w, https:\/\/www.yongjianceramic.com\/wp-content\/uploads\/2024\/09\/9-Inch-Ceramic-Ramen-Bowls-Wholesale-With-Wavy-Surface-Design-2-270x270.webp 270w, https:\/\/www.yongjianceramic.com\/wp-content\/uploads\/2024\/09\/9-Inch-Ceramic-Ramen-Bowls-Wholesale-With-Wavy-Surface-Design-2-540x540.webp 540w, https:\/\/www.yongjianceramic.com\/wp-content\/uploads\/2024\/09\/9-Inch-Ceramic-Ramen-Bowls-Wholesale-With-Wavy-Surface-Design-2-660x660.webp 660w\" sizes=\"(max-width: 750px) 100vw, 750px\" \/><\/figure>\n<\/div><\/div>\n<\/div>","protected":false},"excerpt":{"rendered":"<p>Bem-vindo \u00e0 compra de tigelas de ramen de cer\u00e2mica a granel. Nossas tigelas de ramen de cer\u00e2mica de 9 polegadas por atacado apresentam um design de borda de tigela com padr\u00e3o de onda, junto com material de cer\u00e2mica premium, proporcionando beleza e durabilidade. A sua grande capacidade \u00e9 perfeita para conter v\u00e1rios tipos de macarr\u00e3o e \u00e9 uma op\u00e7\u00e3o muito boa para o neg\u00f3cio de catering e uso comercial.<\/p>\n<table style=\"border-collapse: collapse; width: 309.02pt;\" border=\"0\" width=\"309\" cellspacing=\"0\" cellpadding=\"0\">\n<tbody>\n<tr style=\"height: 17.60pt;\">\n<td class=\"et3\" style=\"height: 17.60pt; width: 120.25pt;\" width=\"120\" height=\"17\">Fabricante<\/td>\n<td class=\"et3\" style=\"width: 189.25pt;\" width=\"189\">Yongjian<\/td>\n<\/tr>\n<tr style=\"height: 18.00pt;\">\n<td class=\"et3\" style=\"height: 18.00pt;\" height=\"18\">Modelo n.<\/td>\n<td class=\"et4\" style=\"width: 189.25pt;\" width=\"189\">YJ-017<\/td>\n<\/tr>\n<tr style=\"height: 17.60pt;\">\n<td class=\"et3\" style=\"height: 17.60pt;\" height=\"17\">Tipo de produto<\/td>\n<td class=\"et3\">Tigelas para sopa e ramen<\/td>\n<\/tr>\n<tr style=\"height: 17.60pt;\">\n<td class=\"et3\" style=\"height: 17.60pt;\" height=\"17\">Material<\/td>\n<td class=\"et3\">Porcelana<\/td>\n<\/tr>\n<tr style=\"height: 17.60pt;\">\n<td class=\"et6\" style=\"height: 17.60pt;\" height=\"17\">Cor<\/td>\n<td class=\"et3\">Branco\/preto<\/td>\n<\/tr>\n<tr style=\"height: 18.00pt;\">\n<td class=\"et3\" style=\"height: 18.00pt;\" height=\"18\">Dimens\u00e3o<\/td>\n<td class=\"et7\" style=\"width: 189.25pt;\" width=\"189\">22,4*22,4*9, 1600ml<\/td>\n<\/tr>\n<tr style=\"height: 17.60pt;\">\n<td class=\"et3\" style=\"height: 17.60pt;\" height=\"17\">MOQ<\/td>\n<td class=\"et3\">500 unidades<\/td>\n<\/tr>\n<tr style=\"height: 17.60pt;\">\n<td class=\"et3\" style=\"height: 17.60pt;\" height=\"17\">Personalizado<\/td>\n<td class=\"et3\">Cor\/tamanho\/log\u00f3tipo\/embalagem<\/td>\n<\/tr>\n<\/tbody>\n<\/table>","protected":false},"featured_media":3305,"comment_status":"closed","ping_status":"closed","template":"","meta":{"_acf_changed":false},"product_brand":[],"product_cat":[73,63],"product_tag":[96],"class_list":{"0":"post-3300","1":"product","2":"type-product","3":"status-publish","4":"has-post-thumbnail","6":"product_cat-bulk-soup-bowls","7":"product_cat-wholesale-bowls","8":"product_tag-black-white-dinnerware-wholesale","10":"first","11":"instock","12":"shipping-taxable","13":"product-type-simple"},"acf":[],"_links":{"self":[{"href":"https:\/\/www.yongjianceramic.com\/pt\/wp-json\/wp\/v2\/product\/3300","targetHints":{"allow":["GET"]}}],"collection":[{"href":"https:\/\/www.yongjianceramic.com\/pt\/wp-json\/wp\/v2\/product"}],"about":[{"href":"https:\/\/www.yongjianceramic.com\/pt\/wp-json\/wp\/v2\/types\/product"}],"replies":[{"embeddable":true,"href":"https:\/\/www.yongjianceramic.com\/pt\/wp-json\/wp\/v2\/comments?post=3300"}],"wp:featuredmedia":[{"embeddable":true,"href":"https:\/\/www.yongjianceramic.com\/pt\/wp-json\/wp\/v2\/media\/3305"}],"wp:attachment":[{"href":"https:\/\/www.yongjianceramic.com\/pt\/wp-json\/wp\/v2\/media?parent=3300"}],"wp:term":[{"taxonomy":"product_brand","embeddable":true,"href":"https:\/\/www.yongjianceramic.com\/pt\/wp-json\/wp\/v2\/product_brand?post=3300"},{"taxonomy":"product_cat","embeddable":true,"href":"https:\/\/www.yongjianceramic.com\/pt\/wp-json\/wp\/v2\/product_cat?post=3300"},{"taxonomy":"product_tag","embeddable":true,"href":"https:\/\/www.yongjianceramic.com\/pt\/wp-json\/wp\/v2\/product_tag?post=3300"}],"curies":[{"name":"wp","href":"https:\/\/api.w.org\/{rel}","templated":true}]}}