{"id":3309,"date":"2024-09-07T05:47:32","date_gmt":"2024-09-07T05:47:32","guid":{"rendered":"https:\/\/www.yongjianceramic.com\/?post_type=product&#038;p=3309"},"modified":"2024-09-20T09:13:18","modified_gmt":"2024-09-20T09:13:18","slug":"white-ramen-bowls-bulk","status":"publish","type":"product","link":"https:\/\/www.yongjianceramic.com\/pt\/produto\/white-ramen-bowls-bulk\/","title":{"rendered":"Tigelas de Ramen Brancas Puras de 8 polegadas a granel com textura requintada"},"content":{"rendered":"<div class=\"wp-block-columns is-layout-flex wp-container-core-columns-is-layout-9d6595d7 wp-block-columns-is-layout-flex\">\n<div class=\"wp-block-column is-layout-flow wp-block-column-is-layout-flow\">\n<h2 class=\"wp-block-heading\">Tigelas de Ramen Brancas Premium Carater\u00edsticas a granel:<\/h2>\n\n\n\n<ul class=\"wp-block-list\">\n<li><strong>Design de textura requintado: <\/strong>As nossas ta\u00e7as de ramen branco puro a granel t\u00eam um design de textura requintado, simples e elegante, que real\u00e7a a beleza da mesa de jantar.<\/li>\n\n\n\n<li><strong>Tamanho moderado: <\/strong>Estas tigelas de ramen por atacado t\u00eam 8 polegadas de tamanho e s\u00e3o adequadas para conter v\u00e1rios ramen, sopa de macarr\u00e3o, saladas e outros alimentos b\u00e1sicos, adequados para ocasi\u00f5es de jantar em casa ou comerciais.<\/li>\n\n\n\n<li><strong>Cer\u00e2mica de alta qualidade: <\/strong>Fabricadas em cer\u00e2mica branca pura de alta qualidade, as nossas ta\u00e7as de ramen brancas a granel s\u00e3o resistentes a altas temperaturas, inodoras e f\u00e1ceis de limpar, garantindo que permanecem t\u00e3o brilhantes como novas ap\u00f3s uma utiliza\u00e7\u00e3o prolongada.<\/li>\n\n\n\n<li><strong>Desconto para compras em massa: <\/strong>Concebidas para venda por grosso, as nossas tigelas de ramen s\u00e3o adequadas para supermercados, restaurantes, hot\u00e9is e outras empresas que necessitam de grandes quantidades de loi\u00e7a de mesa, e o pre\u00e7o \u00e9 mais competitivo.<\/li>\n<\/ul>\n<\/div>\n\n\n\n<div class=\"wp-block-column is-vertically-aligned-center is-layout-flow wp-block-column-is-layout-flow\"><div class=\"wp-block-image\">\n<figure class=\"aligncenter size-full\"><img fetchpriority=\"high\" decoding=\"async\" width=\"624\" height=\"624\" src=\"https:\/\/www.yongjianceramic.com\/wp-content\/uploads\/2024\/09\/8-Inch-Pure-White-Ramen-Bowls-Bulk-With-Exquisite-Texture-4.webp\" alt=\"Tigelas de Ramen Brancas Puras de 8 polegadas a granel com textura requintada-4\" class=\"wp-image-3312\" srcset=\"https:\/\/www.yongjianceramic.com\/wp-content\/uploads\/2024\/09\/8-Inch-Pure-White-Ramen-Bowls-Bulk-With-Exquisite-Texture-4.webp 624w, https:\/\/www.yongjianceramic.com\/wp-content\/uploads\/2024\/09\/8-Inch-Pure-White-Ramen-Bowls-Bulk-With-Exquisite-Texture-4-300x300.webp 300w, https:\/\/www.yongjianceramic.com\/wp-content\/uploads\/2024\/09\/8-Inch-Pure-White-Ramen-Bowls-Bulk-With-Exquisite-Texture-4-150x150.webp 150w, https:\/\/www.yongjianceramic.com\/wp-content\/uploads\/2024\/09\/8-Inch-Pure-White-Ramen-Bowls-Bulk-With-Exquisite-Texture-4-12x12.webp 12w, https:\/\/www.yongjianceramic.com\/wp-content\/uploads\/2024\/09\/8-Inch-Pure-White-Ramen-Bowls-Bulk-With-Exquisite-Texture-4-285x285.webp 285w, https:\/\/www.yongjianceramic.com\/wp-content\/uploads\/2024\/09\/8-Inch-Pure-White-Ramen-Bowls-Bulk-With-Exquisite-Texture-4-270x270.webp 270w, https:\/\/www.yongjianceramic.com\/wp-content\/uploads\/2024\/09\/8-Inch-Pure-White-Ramen-Bowls-Bulk-With-Exquisite-Texture-4-540x540.webp 540w\" sizes=\"(max-width: 624px) 100vw, 624px\" \/><\/figure>\n<\/div><\/div>\n<\/div>","protected":false},"excerpt":{"rendered":"<p>Bem-vindo \u00e0 compra de ta\u00e7as de ramen comerciais a granel. Estas tigelas de ramen brancas puras de 8 polegadas a granel apresentam um design de textura requintada e material cer\u00e2mico de alta qualidade, combinado com capacidade moderada e apar\u00eancia elegante, adequado para ocasi\u00f5es de jantar di\u00e1rias e comerciais, e os pre\u00e7os de compra a granel s\u00e3o preferenciais.<\/p>\n<table style=\"border-collapse: collapse; width: 309.02pt;\" border=\"0\" width=\"309\" cellspacing=\"0\" cellpadding=\"0\">\n<tbody>\n<tr style=\"height: 17.60pt;\">\n<td class=\"et3\" style=\"height: 17.60pt; width: 120.25pt;\" width=\"120\" height=\"17\">Fabricante<\/td>\n<td class=\"et3\" style=\"width: 189.25pt;\" width=\"189\">Yongjian<\/td>\n<\/tr>\n<tr style=\"height: 18.00pt;\">\n<td class=\"et3\" style=\"height: 18.00pt;\" height=\"18\">Modelo n.<\/td>\n<td class=\"et4\" style=\"width: 189.25pt;\" width=\"189\">YJ-024<\/td>\n<\/tr>\n<tr style=\"height: 17.60pt;\">\n<td class=\"et3\" style=\"height: 17.60pt;\" height=\"17\">Tipo de produto<\/td>\n<td class=\"et3\">Tigelas para sopa e ramen<\/td>\n<\/tr>\n<tr style=\"height: 17.60pt;\">\n<td class=\"et3\" style=\"height: 17.60pt;\" height=\"17\">Material<\/td>\n<td class=\"et3\">Porcelana<\/td>\n<\/tr>\n<tr style=\"height: 17.60pt;\">\n<td class=\"et6\" style=\"height: 17.60pt;\" height=\"17\">Cor<\/td>\n<td class=\"et3\">Branco\/preto<\/td>\n<\/tr>\n<tr style=\"height: 18.00pt;\">\n<td class=\"et3\" style=\"height: 18.00pt;\" height=\"18\">Dimens\u00e3o<\/td>\n<td class=\"et7\" style=\"width: 189.25pt;\" width=\"189\">20*20*5,5, 600ml<\/td>\n<\/tr>\n<tr style=\"height: 17.60pt;\">\n<td class=\"et3\" style=\"height: 17.60pt;\" height=\"17\">MOQ<\/td>\n<td class=\"et3\">500 unidades<\/td>\n<\/tr>\n<tr style=\"height: 17.60pt;\">\n<td class=\"et3\" style=\"height: 17.60pt;\" height=\"17\">Personalizado<\/td>\n<td class=\"et3\">Cor\/tamanho\/log\u00f3tipo\/embalagem<\/td>\n<\/tr>\n<\/tbody>\n<\/table>","protected":false},"featured_media":3313,"comment_status":"closed","ping_status":"closed","template":"","meta":{"_acf_changed":false},"product_brand":[],"product_cat":[73,63],"product_tag":[96],"class_list":{"0":"post-3309","1":"product","2":"type-product","3":"status-publish","4":"has-post-thumbnail","6":"product_cat-bulk-soup-bowls","7":"product_cat-wholesale-bowls","8":"product_tag-black-white-dinnerware-wholesale","10":"first","11":"instock","12":"shipping-taxable","13":"product-type-simple"},"acf":[],"_links":{"self":[{"href":"https:\/\/www.yongjianceramic.com\/pt\/wp-json\/wp\/v2\/product\/3309","targetHints":{"allow":["GET"]}}],"collection":[{"href":"https:\/\/www.yongjianceramic.com\/pt\/wp-json\/wp\/v2\/product"}],"about":[{"href":"https:\/\/www.yongjianceramic.com\/pt\/wp-json\/wp\/v2\/types\/product"}],"replies":[{"embeddable":true,"href":"https:\/\/www.yongjianceramic.com\/pt\/wp-json\/wp\/v2\/comments?post=3309"}],"wp:featuredmedia":[{"embeddable":true,"href":"https:\/\/www.yongjianceramic.com\/pt\/wp-json\/wp\/v2\/media\/3313"}],"wp:attachment":[{"href":"https:\/\/www.yongjianceramic.com\/pt\/wp-json\/wp\/v2\/media?parent=3309"}],"wp:term":[{"taxonomy":"product_brand","embeddable":true,"href":"https:\/\/www.yongjianceramic.com\/pt\/wp-json\/wp\/v2\/product_brand?post=3309"},{"taxonomy":"product_cat","embeddable":true,"href":"https:\/\/www.yongjianceramic.com\/pt\/wp-json\/wp\/v2\/product_cat?post=3309"},{"taxonomy":"product_tag","embeddable":true,"href":"https:\/\/www.yongjianceramic.com\/pt\/wp-json\/wp\/v2\/product_tag?post=3309"}],"curies":[{"name":"wp","href":"https:\/\/api.w.org\/{rel}","templated":true}]}}