{"id":3329,"date":"2024-09-09T03:27:43","date_gmt":"2024-09-09T03:27:43","guid":{"rendered":"https:\/\/www.yongjianceramic.com\/?post_type=product&#038;p=3329"},"modified":"2025-11-05T17:28:14","modified_gmt":"2025-11-05T09:28:14","slug":"ceramic-dip-bowls-wholesale","status":"publish","type":"product","link":"https:\/\/www.yongjianceramic.com\/pt\/produto\/ceramic-dip-bowls-wholesale\/","title":{"rendered":"Tigelas de cer\u00e2mica para molhos por atacado, pratos pequenos a granel para molhos"},"content":{"rendered":"<div class=\"wp-block-columns is-layout-flex wp-container-core-columns-is-layout-9d6595d7 wp-block-columns-is-layout-flex\">\n<div class=\"wp-block-column is-layout-flow wp-block-column-is-layout-flow\">\n<h2 class=\"wp-block-heading\">Tigelas de imers\u00e3o em cer\u00e2mica Premium Carater\u00edsticas por atacado:<\/h2>\n\n\n\n<ul class=\"wp-block-list\">\n<li><strong>Design \u00fanico da superf\u00edcie ondulada: <\/strong>O design ondulado da superf\u00edcie destas ta\u00e7as de imers\u00e3o em cer\u00e2mica para venda por grosso cria uma textura especial e um efeito visual para o produto e melhora o sentido de moda da mesa de jantar.<\/li>\n\n\n\n<li><strong>Escolha cl\u00e1ssica de duas cores:<\/strong> Os nossos pratos pequenos a granel oferecem duas cores cl\u00e1ssicas, preto e branco, com um design minimalista e moderno, combinando com uma variedade de estilos de mesa de jantar e festividades, n\u00e3o s\u00f3 para mostrar o temperamento elegante, mas tamb\u00e9m para serem diversificados com uma variedade de combina\u00e7\u00f5es de utens\u00edlios de mesa.<\/li>\n\n\n\n<li><strong>Adequado para utiliza\u00e7\u00e3o polivalente:<\/strong> As nossas pequenas e delicadas tigelas de cer\u00e2mica s\u00e3o extremamente adequadas para guardar molhos, temperos, molhos ou pequenas por\u00e7\u00f5es de comida, adequadas para v\u00e1rias ocasi\u00f5es, como em casa, restaurantes e banquetes, \u00fateis e pr\u00e1ticas.<\/li>\n\n\n\n<li><strong>Material cer\u00e2mico de alta qualidade: <\/strong>Estes pequenos pratos a granel s\u00e3o feitos de cer\u00e2mica de alta qualidade, que \u00e9 forte, de superf\u00edcie lisa e f\u00e1cil de limpar, com boa resist\u00eancia ao calor, segura para micro-ondas e m\u00e1quina de lavar lou\u00e7a, e adequada para as necessidades da vida quotidiana.<\/li>\n<\/ul>\n<\/div>\n\n\n\n<div class=\"wp-block-column is-vertically-aligned-center is-layout-flow wp-block-column-is-layout-flow\"><div class=\"wp-block-image\">\n<figure class=\"aligncenter size-full\"><img fetchpriority=\"high\" decoding=\"async\" width=\"800\" height=\"800\" src=\"https:\/\/www.yongjianceramic.com\/wp-content\/uploads\/2024\/09\/Ceramic-Dip-Bowls-Wholesale-Small-Dishes-Bulk-For-Sauces-1.webp\" alt=\"Tigelas de cer\u00e2mica para molhos por atacado, pratos pequenos a granel para molhos-1\" class=\"wp-image-3330\" srcset=\"https:\/\/www.yongjianceramic.com\/wp-content\/uploads\/2024\/09\/Ceramic-Dip-Bowls-Wholesale-Small-Dishes-Bulk-For-Sauces-1.webp 800w, https:\/\/www.yongjianceramic.com\/wp-content\/uploads\/2024\/09\/Ceramic-Dip-Bowls-Wholesale-Small-Dishes-Bulk-For-Sauces-1-300x300.webp 300w, https:\/\/www.yongjianceramic.com\/wp-content\/uploads\/2024\/09\/Ceramic-Dip-Bowls-Wholesale-Small-Dishes-Bulk-For-Sauces-1-150x150.webp 150w, https:\/\/www.yongjianceramic.com\/wp-content\/uploads\/2024\/09\/Ceramic-Dip-Bowls-Wholesale-Small-Dishes-Bulk-For-Sauces-1-768x768.webp 768w, https:\/\/www.yongjianceramic.com\/wp-content\/uploads\/2024\/09\/Ceramic-Dip-Bowls-Wholesale-Small-Dishes-Bulk-For-Sauces-1-12x12.webp 12w, https:\/\/www.yongjianceramic.com\/wp-content\/uploads\/2024\/09\/Ceramic-Dip-Bowls-Wholesale-Small-Dishes-Bulk-For-Sauces-1-285x285.webp 285w, https:\/\/www.yongjianceramic.com\/wp-content\/uploads\/2024\/09\/Ceramic-Dip-Bowls-Wholesale-Small-Dishes-Bulk-For-Sauces-1-270x270.webp 270w, https:\/\/www.yongjianceramic.com\/wp-content\/uploads\/2024\/09\/Ceramic-Dip-Bowls-Wholesale-Small-Dishes-Bulk-For-Sauces-1-540x540.webp 540w, https:\/\/www.yongjianceramic.com\/wp-content\/uploads\/2024\/09\/Ceramic-Dip-Bowls-Wholesale-Small-Dishes-Bulk-For-Sauces-1-660x660.webp 660w\" sizes=\"(max-width: 800px) 100vw, 800px\" \/><\/figure>\n<\/div><\/div>\n<\/div>","protected":false},"excerpt":{"rendered":"<p>Bem-vindo \u00e0 compra de pequenos pratos de cer\u00e2mica a granel. As nossas ta\u00e7as de cer\u00e2mica por grosso apresentam um padr\u00e3o de design de superf\u00edcie ondulada e oferecem duas combina\u00e7\u00f5es de cores cl\u00e1ssicas, preto e branco, que s\u00e3o elegantes e funcionais. \u00c9 adequado para todos os tipos de temperos e molhos, antiderrapante e f\u00e1cil de limpar, e \u00e9 uma escolha ideal para restaurantes de catering e cozinhas familiares.<\/p>\n<table style=\"border-collapse: collapse; width: 309.02pt;\" border=\"0\" width=\"309\" cellspacing=\"0\" cellpadding=\"0\">\n<tbody>\n<tr style=\"height: 17.60pt;\">\n<td class=\"et3\" style=\"height: 17.60pt; width: 120.25pt;\" width=\"120\" height=\"17\">Fabricante<\/td>\n<td class=\"et3\" style=\"width: 189.25pt;\" width=\"189\">Yongjian<\/td>\n<\/tr>\n<tr style=\"height: 18.00pt;\">\n<td class=\"et3\" style=\"height: 18.00pt;\" height=\"18\">Modelo n.<\/td>\n<td class=\"et4\" style=\"width: 189.25pt;\" width=\"189\">YJ-027<\/td>\n<\/tr>\n<tr style=\"height: 17.60pt;\">\n<td class=\"et3\" style=\"height: 17.60pt;\" height=\"17\">Tipo de produto<\/td>\n<td class=\"et3\">Prato pequeno<\/td>\n<\/tr>\n<tr style=\"height: 17.60pt;\">\n<td class=\"et3\" style=\"height: 17.60pt;\" height=\"17\">Material<\/td>\n<td class=\"et3\">Porcelana<\/td>\n<\/tr>\n<tr style=\"height: 17.60pt;\">\n<td class=\"et5\" style=\"height: 17.60pt;\" height=\"17\">Cor<\/td>\n<td class=\"et3\">Branco\/preto<\/td>\n<\/tr>\n<tr style=\"height: 17.60pt;\">\n<td class=\"et3\" style=\"height: 17.60pt;\" height=\"17\">Dimens\u00e3o<\/td>\n<td class=\"et3\">9.5*9.5*3<\/td>\n<\/tr>\n<tr style=\"height: 17.60pt;\">\n<td class=\"et3\" style=\"height: 17.60pt;\" height=\"17\">MOQ<\/td>\n<td class=\"et3\">500 unidades<\/td>\n<\/tr>\n<tr style=\"height: 17.60pt;\">\n<td class=\"et3\" style=\"height: 17.60pt;\" height=\"17\">Personalizado<\/td>\n<td class=\"et3\">Cor\/tamanho\/log\u00f3tipo\/embalagem<\/td>\n<\/tr>\n<\/tbody>\n<\/table>","protected":false},"featured_media":3331,"comment_status":"closed","ping_status":"closed","template":"","meta":{"_acf_changed":false},"product_brand":[],"product_cat":[92,62],"product_tag":[96],"class_list":{"0":"post-3329","1":"product","2":"type-product","3":"status-publish","4":"has-post-thumbnail","6":"product_cat-small-dishes-wholesale","7":"product_cat-ceramic-plates-wholesale","8":"product_tag-black-white-dinnerware-wholesale","10":"first","11":"instock","12":"shipping-taxable","13":"product-type-simple"},"acf":[],"_links":{"self":[{"href":"https:\/\/www.yongjianceramic.com\/pt\/wp-json\/wp\/v2\/product\/3329","targetHints":{"allow":["GET"]}}],"collection":[{"href":"https:\/\/www.yongjianceramic.com\/pt\/wp-json\/wp\/v2\/product"}],"about":[{"href":"https:\/\/www.yongjianceramic.com\/pt\/wp-json\/wp\/v2\/types\/product"}],"replies":[{"embeddable":true,"href":"https:\/\/www.yongjianceramic.com\/pt\/wp-json\/wp\/v2\/comments?post=3329"}],"wp:featuredmedia":[{"embeddable":true,"href":"https:\/\/www.yongjianceramic.com\/pt\/wp-json\/wp\/v2\/media\/3331"}],"wp:attachment":[{"href":"https:\/\/www.yongjianceramic.com\/pt\/wp-json\/wp\/v2\/media?parent=3329"}],"wp:term":[{"taxonomy":"product_brand","embeddable":true,"href":"https:\/\/www.yongjianceramic.com\/pt\/wp-json\/wp\/v2\/product_brand?post=3329"},{"taxonomy":"product_cat","embeddable":true,"href":"https:\/\/www.yongjianceramic.com\/pt\/wp-json\/wp\/v2\/product_cat?post=3329"},{"taxonomy":"product_tag","embeddable":true,"href":"https:\/\/www.yongjianceramic.com\/pt\/wp-json\/wp\/v2\/product_tag?post=3329"}],"curies":[{"name":"wp","href":"https:\/\/api.w.org\/{rel}","templated":true}]}}