{"id":3335,"date":"2024-09-09T03:41:46","date_gmt":"2024-09-09T03:41:46","guid":{"rendered":"https:\/\/www.yongjianceramic.com\/?post_type=product&#038;p=3335"},"modified":"2025-11-19T11:53:56","modified_gmt":"2025-11-19T03:53:56","slug":"wholesale-small-plates","status":"publish","type":"product","link":"https:\/\/www.yongjianceramic.com\/pt\/produto\/wholesale-small-plates\/","title":{"rendered":"Pratos pequenos de 6 polegadas por atacado, Pratos redondos de cer\u00e2mica Fornecimento"},"content":{"rendered":"<div class=\"wp-block-columns is-layout-flex wp-container-core-columns-is-layout-9d6595d7 wp-block-columns-is-layout-flex\">\n<div class=\"wp-block-column is-layout-flow wp-block-column-is-layout-flow\">\n<h2 class=\"wp-block-heading\">Pratos pequenos Premium Wholesale Carater\u00edsticas:<\/h2>\n\n\n\n<ul class=\"wp-block-list\">\n<li><strong>Desenho com textura fosca:<\/strong> Estes pratos pequenos de 6 polegadas adoptam um design de superf\u00edcie texturizada fosca, que tem um toque \u00fanico e n\u00e3o \u00e9 f\u00e1cil de escorregar, melhorando a qualidade e o car\u00e1cter pr\u00e1tico do produto.<\/li>\n\n\n\n<li><strong>Utiliza\u00e7\u00e3o multifuncional: <\/strong>O prato pequeno a granel pode ser utilizado para cuspir ossos e colocar restos de comida. Tamb\u00e9m pode ser utilizado como acompanhamento, tempero ou por\u00e7\u00e3o de comida. Pode ser utilizado em v\u00e1rias ocasi\u00f5es, como em casas, restaurantes e banquetes.<\/li>\n\n\n\n<li><strong>Material cer\u00e2mico de alta qualidade: <\/strong>Fabricados em cer\u00e2mica dur\u00e1vel, os nossos pratos pequenos para venda por grosso s\u00e3o concebidos para uma longa durabilidade e calor, e podem ser utilizados no micro-ondas e na m\u00e1quina de lavar lou\u00e7a. S\u00e3o extremamente f\u00e1ceis de limpar e manter.<\/li>\n\n\n\n<li><strong>Tamanho e cor cl\u00e1ssicos: <\/strong>O tamanho pr\u00e1tico de 6 polegadas e o aspeto simples e elegante do nosso prato pequeno a granel tornam-no compat\u00edvel com conjuntos de utens\u00edlios de mesa, e est\u00e3o dispon\u00edveis diferentes cores, que podem ser aplicadas na vida quotidiana e em festivais.<\/li>\n<\/ul>\n<\/div>\n\n\n\n<div class=\"wp-block-column is-vertically-aligned-center is-layout-flow wp-block-column-is-layout-flow\"><div class=\"wp-block-image\">\n<figure class=\"aligncenter size-full\"><img fetchpriority=\"high\" decoding=\"async\" width=\"800\" height=\"800\" src=\"https:\/\/www.yongjianceramic.com\/wp-content\/uploads\/2024\/09\/Premium-6-Inch-Wholesale-Small-Plates-For-Discarding-Bones-4.webp\" alt=\"Pratos pequenos por atacado de 6 polegadas para descartar ossos - 4\" class=\"wp-image-3339\" srcset=\"https:\/\/www.yongjianceramic.com\/wp-content\/uploads\/2024\/09\/Premium-6-Inch-Wholesale-Small-Plates-For-Discarding-Bones-4.webp 800w, https:\/\/www.yongjianceramic.com\/wp-content\/uploads\/2024\/09\/Premium-6-Inch-Wholesale-Small-Plates-For-Discarding-Bones-4-300x300.webp 300w, https:\/\/www.yongjianceramic.com\/wp-content\/uploads\/2024\/09\/Premium-6-Inch-Wholesale-Small-Plates-For-Discarding-Bones-4-150x150.webp 150w, https:\/\/www.yongjianceramic.com\/wp-content\/uploads\/2024\/09\/Premium-6-Inch-Wholesale-Small-Plates-For-Discarding-Bones-4-768x768.webp 768w, https:\/\/www.yongjianceramic.com\/wp-content\/uploads\/2024\/09\/Premium-6-Inch-Wholesale-Small-Plates-For-Discarding-Bones-4-12x12.webp 12w, https:\/\/www.yongjianceramic.com\/wp-content\/uploads\/2024\/09\/Premium-6-Inch-Wholesale-Small-Plates-For-Discarding-Bones-4-285x285.webp 285w, https:\/\/www.yongjianceramic.com\/wp-content\/uploads\/2024\/09\/Premium-6-Inch-Wholesale-Small-Plates-For-Discarding-Bones-4-270x270.webp 270w, https:\/\/www.yongjianceramic.com\/wp-content\/uploads\/2024\/09\/Premium-6-Inch-Wholesale-Small-Plates-For-Discarding-Bones-4-540x540.webp 540w, https:\/\/www.yongjianceramic.com\/wp-content\/uploads\/2024\/09\/Premium-6-Inch-Wholesale-Small-Plates-For-Discarding-Bones-4-660x660.webp 660w\" sizes=\"(max-width: 800px) 100vw, 800px\" \/><\/figure>\n<\/div><\/div>\n<\/div>","protected":false},"excerpt":{"rendered":"<p>Bem-vindo \u00e0 compra do nosso prato pequeno de cer\u00e2mica a granel. Os nossos pratos pequenos de 15 cm t\u00eam um padr\u00e3o de superf\u00edcie texturizada fosca, aplic\u00e1vel para cuspir ossos ou restos de comida, e s\u00e3o vers\u00e1teis nas suas aplica\u00e7\u00f5es. S\u00e3o produzidos a partir de cer\u00e2mica de alta qualidade e s\u00e3o resistentes ao desgaste, al\u00e9m de f\u00e1ceis de limpar, podendo ser uma boa escolha para fam\u00edlias e unidades de catering.<\/p>\n<table style=\"border-collapse: collapse; width: 309.02pt;\" border=\"0\" width=\"309\" cellspacing=\"0\" cellpadding=\"0\">\n<tbody>\n<tr style=\"height: 17.60pt;\">\n<td class=\"et3\" style=\"height: 17.60pt; width: 120.25pt;\" width=\"120\" height=\"17\">Fabricante<\/td>\n<td class=\"et3\" style=\"width: 189.25pt;\" width=\"189\">Yongjian<\/td>\n<\/tr>\n<tr style=\"height: 18.00pt;\">\n<td class=\"et3\" style=\"height: 18.00pt;\" height=\"18\">Modelo n.<\/td>\n<td class=\"et4\" style=\"width: 189.25pt;\" width=\"189\">YJ-030<\/td>\n<\/tr>\n<tr style=\"height: 17.60pt;\">\n<td class=\"et3\" style=\"height: 17.60pt;\" height=\"17\">Tipo de produto<\/td>\n<td class=\"et3\">Prato pequeno<\/td>\n<\/tr>\n<tr style=\"height: 17.60pt;\">\n<td class=\"et3\" style=\"height: 17.60pt;\" height=\"17\">Material<\/td>\n<td class=\"et3\">Porcelana<\/td>\n<\/tr>\n<tr style=\"height: 17.60pt;\">\n<td class=\"et5\" style=\"height: 17.60pt;\" height=\"17\">Cor<\/td>\n<td class=\"et3\">Branco\/preto<\/td>\n<\/tr>\n<tr style=\"height: 17.60pt;\">\n<td class=\"et3\" style=\"height: 17.60pt;\" height=\"17\">Dimens\u00e3o<\/td>\n<td class=\"et3\">15.8*15.8*1.5<\/td>\n<\/tr>\n<tr style=\"height: 17.60pt;\">\n<td class=\"et3\" style=\"height: 17.60pt;\" height=\"17\">MOQ<\/td>\n<td class=\"et3\">500 unidades<\/td>\n<\/tr>\n<tr style=\"height: 17.60pt;\">\n<td class=\"et3\" style=\"height: 17.60pt;\" height=\"17\">Personalizado<\/td>\n<td class=\"et3\">Cor\/tamanho\/log\u00f3tipo\/embalagem<\/td>\n<\/tr>\n<\/tbody>\n<\/table>","protected":false},"featured_media":3337,"comment_status":"closed","ping_status":"closed","template":"","meta":{"_acf_changed":false},"product_brand":[],"product_cat":[92,93,62],"product_tag":[96],"class_list":{"0":"post-3335","1":"product","2":"type-product","3":"status-publish","4":"has-post-thumbnail","6":"product_cat-small-dishes-wholesale","7":"product_cat-bulk-dinner-plates","8":"product_cat-ceramic-plates-wholesale","9":"product_tag-black-white-dinnerware-wholesale","11":"first","12":"instock","13":"shipping-taxable","14":"product-type-simple"},"acf":[],"_links":{"self":[{"href":"https:\/\/www.yongjianceramic.com\/pt\/wp-json\/wp\/v2\/product\/3335","targetHints":{"allow":["GET"]}}],"collection":[{"href":"https:\/\/www.yongjianceramic.com\/pt\/wp-json\/wp\/v2\/product"}],"about":[{"href":"https:\/\/www.yongjianceramic.com\/pt\/wp-json\/wp\/v2\/types\/product"}],"replies":[{"embeddable":true,"href":"https:\/\/www.yongjianceramic.com\/pt\/wp-json\/wp\/v2\/comments?post=3335"}],"wp:featuredmedia":[{"embeddable":true,"href":"https:\/\/www.yongjianceramic.com\/pt\/wp-json\/wp\/v2\/media\/3337"}],"wp:attachment":[{"href":"https:\/\/www.yongjianceramic.com\/pt\/wp-json\/wp\/v2\/media?parent=3335"}],"wp:term":[{"taxonomy":"product_brand","embeddable":true,"href":"https:\/\/www.yongjianceramic.com\/pt\/wp-json\/wp\/v2\/product_brand?post=3335"},{"taxonomy":"product_cat","embeddable":true,"href":"https:\/\/www.yongjianceramic.com\/pt\/wp-json\/wp\/v2\/product_cat?post=3335"},{"taxonomy":"product_tag","embeddable":true,"href":"https:\/\/www.yongjianceramic.com\/pt\/wp-json\/wp\/v2\/product_tag?post=3335"}],"curies":[{"name":"wp","href":"https:\/\/api.w.org\/{rel}","templated":true}]}}