{"id":3382,"date":"2024-09-09T07:03:37","date_gmt":"2024-09-09T07:03:37","guid":{"rendered":"https:\/\/www.yongjianceramic.com\/?post_type=product&#038;p=3382"},"modified":"2025-11-19T16:09:27","modified_gmt":"2025-11-19T08:09:27","slug":"wholesale-serving-platters-bulk","status":"publish","type":"product","link":"https:\/\/www.yongjianceramic.com\/pt\/produto\/wholesale-serving-platters-bulk\/","title":{"rendered":"Fornecimento de travessas de servir a granel, travessas ovais de cer\u00e2mica"},"content":{"rendered":"<div class=\"wp-block-columns is-layout-flex wp-container-core-columns-is-layout-9d6595d7 wp-block-columns-is-layout-flex\">\n<div class=\"wp-block-column is-layout-flow wp-block-column-is-layout-flow\">\n<h2 class=\"wp-block-heading\">Pratos de servir Premium Wholesale Bulk Carater\u00edsticas:<\/h2>\n\n\n\n<ul class=\"wp-block-list\">\n<li><strong>Design cl\u00e1ssico a preto e branco: <\/strong>Estas travessas de servir por atacado, de forma oval, apresentam um design cl\u00e1ssico \u00e0s riscas que n\u00e3o s\u00f3 mostra um estilo elegante, como tamb\u00e9m pode ser facilmente combinado com v\u00e1rias decora\u00e7\u00f5es de banquetes para melhorar o efeito visual geral.<\/li>\n\n\n\n<li><strong>Fornecimento a granel: <\/strong>As nossas travessas de servir a granel s\u00e3o concebidas para eventos de grande escala. Estas travessas podem ser compradas a granel para satisfazer as necessidades de v\u00e1rias ocasi\u00f5es, como casamentos, banquetes e eventos empresariais.<\/li>\n\n\n\n<li><strong>Materiais de alta qualidade:<\/strong> Estas travessas de servir por atacado s\u00e3o feitas de materiais dur\u00e1veis e f\u00e1ceis de limpar. Estas travessas ovais para venda por grosso n\u00e3o s\u00f3 s\u00e3o resistentes e duradouras, como tamb\u00e9m suportam temperaturas elevadas e uma utiliza\u00e7\u00e3o frequente, garantindo uma longa vida \u00fatil.<\/li>\n\n\n\n<li><strong>Utiliza\u00e7\u00e3o vers\u00e1til: <\/strong>Quer sejam utilizadas para guardar alimentos ou como ornamento decorativo, estas travessas de servir a granel podem desempenhar uma variedade de fun\u00e7\u00f5es e s\u00e3o adequadas para v\u00e1rias apresenta\u00e7\u00f5es de alimentos e necessidades ocasionais.<\/li>\n<\/ul>\n<\/div>\n\n\n\n<div class=\"wp-block-column is-vertically-aligned-center is-layout-flow wp-block-column-is-layout-flow\"><div class=\"wp-block-image\">\n<figure class=\"aligncenter size-full\"><img fetchpriority=\"high\" decoding=\"async\" width=\"750\" height=\"750\" src=\"https:\/\/www.yongjianceramic.com\/wp-content\/uploads\/2024\/09\/Oval-Shaped-Wholesale-Serving-Platters-Bulk-For-Events-4.webp\" alt=\"Pratos de servir de forma oval por atacado a granel para eventos-4\" class=\"wp-image-3386\" srcset=\"https:\/\/www.yongjianceramic.com\/wp-content\/uploads\/2024\/09\/Oval-Shaped-Wholesale-Serving-Platters-Bulk-For-Events-4.webp 750w, https:\/\/www.yongjianceramic.com\/wp-content\/uploads\/2024\/09\/Oval-Shaped-Wholesale-Serving-Platters-Bulk-For-Events-4-300x300.webp 300w, https:\/\/www.yongjianceramic.com\/wp-content\/uploads\/2024\/09\/Oval-Shaped-Wholesale-Serving-Platters-Bulk-For-Events-4-150x150.webp 150w, https:\/\/www.yongjianceramic.com\/wp-content\/uploads\/2024\/09\/Oval-Shaped-Wholesale-Serving-Platters-Bulk-For-Events-4-12x12.webp 12w, https:\/\/www.yongjianceramic.com\/wp-content\/uploads\/2024\/09\/Oval-Shaped-Wholesale-Serving-Platters-Bulk-For-Events-4-285x285.webp 285w, https:\/\/www.yongjianceramic.com\/wp-content\/uploads\/2024\/09\/Oval-Shaped-Wholesale-Serving-Platters-Bulk-For-Events-4-270x270.webp 270w, https:\/\/www.yongjianceramic.com\/wp-content\/uploads\/2024\/09\/Oval-Shaped-Wholesale-Serving-Platters-Bulk-For-Events-4-540x540.webp 540w, https:\/\/www.yongjianceramic.com\/wp-content\/uploads\/2024\/09\/Oval-Shaped-Wholesale-Serving-Platters-Bulk-For-Events-4-660x660.webp 660w\" sizes=\"(max-width: 750px) 100vw, 750px\" \/><\/figure>\n<\/div><\/div>\n<\/div>","protected":false},"excerpt":{"rendered":"<p>Bem-vindo \u00e0 compra de travessas de servir a granel. Estas travessas de servir por atacado d\u00e3o um toque de eleg\u00e2ncia ao seu evento. Dispon\u00edveis em grandes quantidades para satisfazer v\u00e1rias necessidades de banquetes, combinadas com materiais dur\u00e1veis e design vers\u00e1til, quer sejam utilizadas para guardar alimentos ou como decora\u00e7\u00e3o, podem melhorar a qualidade do seu evento.<\/p>\n<table style=\"border-collapse: collapse; width: 309.02pt;\" border=\"0\" width=\"309\" cellspacing=\"0\" cellpadding=\"0\">\n<tbody>\n<tr style=\"height: 17.60pt;\">\n<td class=\"et3\" style=\"height: 17.60pt; width: 120.25pt;\" width=\"120\" height=\"17\">Fabricante<\/td>\n<td class=\"et3\" style=\"width: 189.25pt;\" width=\"189\">Yongjian<\/td>\n<\/tr>\n<tr style=\"height: 18.00pt;\">\n<td class=\"et3\" style=\"height: 18.00pt;\" height=\"18\">Modelo n.<\/td>\n<td class=\"et4\" style=\"width: 189.25pt;\" width=\"189\">YJ-014<\/td>\n<\/tr>\n<tr style=\"height: 17.60pt;\">\n<td class=\"et3\" style=\"height: 17.60pt;\" height=\"17\">Tipo de produto<\/td>\n<td class=\"et3\">Prato de servir<\/td>\n<\/tr>\n<tr style=\"height: 17.60pt;\">\n<td class=\"et3\" style=\"height: 17.60pt;\" height=\"17\">Material<\/td>\n<td class=\"et3\">Porcelana<\/td>\n<\/tr>\n<tr style=\"height: 17.60pt;\">\n<td class=\"et5\" style=\"height: 17.60pt;\" height=\"17\">Cor<\/td>\n<td class=\"et3\">Branco\/preto<\/td>\n<\/tr>\n<tr style=\"height: 18.00pt;\">\n<td class=\"et3\" style=\"height: 18.00pt;\" height=\"18\">Dimens\u00e3o<\/td>\n<td class=\"et6\" style=\"width: 189.25pt;\" width=\"189\">31*21.5*3.5<\/td>\n<\/tr>\n<tr style=\"height: 17.60pt;\">\n<td class=\"et3\" style=\"height: 17.60pt;\" height=\"17\">MOQ<\/td>\n<td class=\"et3\">500 unidades<\/td>\n<\/tr>\n<tr style=\"height: 17.60pt;\">\n<td class=\"et3\" style=\"height: 17.60pt;\" height=\"17\">Personalizado<\/td>\n<td class=\"et3\">Cor\/tamanho\/log\u00f3tipo\/embalagem<\/td>\n<\/tr>\n<\/tbody>\n<\/table>\n<p>&nbsp;<\/p>","protected":false},"featured_media":3384,"comment_status":"closed","ping_status":"closed","template":"","meta":{"_acf_changed":false},"product_brand":[],"product_cat":[62,76],"product_tag":[96],"class_list":{"0":"post-3382","1":"product","2":"type-product","3":"status-publish","4":"has-post-thumbnail","6":"product_cat-ceramic-plates-wholesale","7":"product_cat-wholesale-serving-platters","8":"product_tag-black-white-dinnerware-wholesale","10":"first","11":"instock","12":"shipping-taxable","13":"product-type-simple"},"acf":[],"_links":{"self":[{"href":"https:\/\/www.yongjianceramic.com\/pt\/wp-json\/wp\/v2\/product\/3382","targetHints":{"allow":["GET"]}}],"collection":[{"href":"https:\/\/www.yongjianceramic.com\/pt\/wp-json\/wp\/v2\/product"}],"about":[{"href":"https:\/\/www.yongjianceramic.com\/pt\/wp-json\/wp\/v2\/types\/product"}],"replies":[{"embeddable":true,"href":"https:\/\/www.yongjianceramic.com\/pt\/wp-json\/wp\/v2\/comments?post=3382"}],"wp:featuredmedia":[{"embeddable":true,"href":"https:\/\/www.yongjianceramic.com\/pt\/wp-json\/wp\/v2\/media\/3384"}],"wp:attachment":[{"href":"https:\/\/www.yongjianceramic.com\/pt\/wp-json\/wp\/v2\/media?parent=3382"}],"wp:term":[{"taxonomy":"product_brand","embeddable":true,"href":"https:\/\/www.yongjianceramic.com\/pt\/wp-json\/wp\/v2\/product_brand?post=3382"},{"taxonomy":"product_cat","embeddable":true,"href":"https:\/\/www.yongjianceramic.com\/pt\/wp-json\/wp\/v2\/product_cat?post=3382"},{"taxonomy":"product_tag","embeddable":true,"href":"https:\/\/www.yongjianceramic.com\/pt\/wp-json\/wp\/v2\/product_tag?post=3382"}],"curies":[{"name":"wp","href":"https:\/\/api.w.org\/{rel}","templated":true}]}}