{"id":3401,"date":"2024-09-09T07:48:44","date_gmt":"2024-09-09T07:48:44","guid":{"rendered":"https:\/\/www.yongjianceramic.com\/?post_type=product&#038;p=3401"},"modified":"2025-11-19T16:00:57","modified_gmt":"2025-11-19T08:00:57","slug":"white-serving-platters-wholesale","status":"publish","type":"product","link":"https:\/\/www.yongjianceramic.com\/pt\/produto\/white-serving-platters-wholesale\/","title":{"rendered":"Pratos de servir Premium preto e branco por atacado para catering"},"content":{"rendered":"<div class=\"wp-block-columns is-layout-flex wp-container-core-columns-is-layout-9d6595d7 wp-block-columns-is-layout-flex\">\n<div class=\"wp-block-column is-layout-flow wp-block-column-is-layout-flow\">\n<h2 class=\"wp-block-heading\">Pratos de servir brancos Premium Carater\u00edsticas por atacado:<\/h2>\n\n\n\n<ul class=\"wp-block-list\">\n<li><strong>Elegante cor preto e branco:<\/strong> As nossas travessas pretas e brancas por grosso s\u00e3o elegantes e modernas, conferindo um toque contempor\u00e2neo a qualquer evento com servi\u00e7o de catering, ao mesmo tempo que combinam facilmente com qualquer banquete ou mesa.<\/li>\n\n\n\n<li><strong>Tamanho ideal de 8 polegadas: <\/strong>O design destes pratos fundos de 8 polegadas \u00e9 adequado tanto para a exposi\u00e7\u00e3o de refei\u00e7\u00f5es individuais como para uma variedade de categorias de alimentos, assegurando que o espa\u00e7o de exposi\u00e7\u00e3o correto \u00e9 fornecido em banquetes ou servi\u00e7os de catering.<\/li>\n\n\n\n<li><strong>Vantagens da compra a granel: <\/strong>Os nossos pratos de servir a preto e branco s\u00e3o personalizados para servi\u00e7os de catering e eventos de grande escala, apoiando as compras por grosso, ajudando as empresas de catering a gerir eficazmente os custos.<\/li>\n\n\n\n<li><strong>Material duradouro: <\/strong>Estes pratos fundos a granel s\u00e3o feitos de materiais de alta qualidade. Os tabuleiros n\u00e3o s\u00e3o apenas duradouros, mas tamb\u00e9m f\u00e1ceis de limpar. Podem manter o seu aspeto elegante durante muito tempo e s\u00e3o adequados para ocasi\u00f5es profissionais frequentes.<\/li>\n<\/ul>\n<\/div>\n\n\n\n<div class=\"wp-block-column is-vertically-aligned-center is-layout-flow wp-block-column-is-layout-flow\"><div class=\"wp-block-image\">\n<figure class=\"aligncenter size-full\"><img fetchpriority=\"high\" decoding=\"async\" width=\"750\" height=\"750\" src=\"https:\/\/www.yongjianceramic.com\/wp-content\/uploads\/2024\/09\/8-Inch-Black-White-Serving-Platters-Wholesale-For-Catering-5.webp\" alt=\"Pratos de servir de 8 polegadas em preto e branco por atacado para catering-5\" class=\"wp-image-3406\" srcset=\"https:\/\/www.yongjianceramic.com\/wp-content\/uploads\/2024\/09\/8-Inch-Black-White-Serving-Platters-Wholesale-For-Catering-5.webp 750w, https:\/\/www.yongjianceramic.com\/wp-content\/uploads\/2024\/09\/8-Inch-Black-White-Serving-Platters-Wholesale-For-Catering-5-300x300.webp 300w, https:\/\/www.yongjianceramic.com\/wp-content\/uploads\/2024\/09\/8-Inch-Black-White-Serving-Platters-Wholesale-For-Catering-5-150x150.webp 150w, https:\/\/www.yongjianceramic.com\/wp-content\/uploads\/2024\/09\/8-Inch-Black-White-Serving-Platters-Wholesale-For-Catering-5-12x12.webp 12w, https:\/\/www.yongjianceramic.com\/wp-content\/uploads\/2024\/09\/8-Inch-Black-White-Serving-Platters-Wholesale-For-Catering-5-285x285.webp 285w, https:\/\/www.yongjianceramic.com\/wp-content\/uploads\/2024\/09\/8-Inch-Black-White-Serving-Platters-Wholesale-For-Catering-5-270x270.webp 270w, https:\/\/www.yongjianceramic.com\/wp-content\/uploads\/2024\/09\/8-Inch-Black-White-Serving-Platters-Wholesale-For-Catering-5-540x540.webp 540w, https:\/\/www.yongjianceramic.com\/wp-content\/uploads\/2024\/09\/8-Inch-Black-White-Serving-Platters-Wholesale-For-Catering-5-660x660.webp 660w\" sizes=\"(max-width: 750px) 100vw, 750px\" \/><\/figure>\n<\/div><\/div>\n<\/div>","protected":false},"excerpt":{"rendered":"<p>Bem-vindo \u00e0 compra de pratos fundos a granel, estas travessas de servir a preto e branco de 8 polegadas por atacado combinam formas simples e elegantes e texturas requintadas, tornando-as a escolha perfeita para servi\u00e7os de catering. O material dur\u00e1vel e f\u00e1cil de limpar garante que mant\u00eam um desempenho de alta qualidade durante muito tempo.<\/p>\n<table style=\"border-collapse: collapse; width: 309.02pt;\" border=\"0\" width=\"309\" cellspacing=\"0\" cellpadding=\"0\">\n<tbody>\n<tr style=\"height: 17.60pt;\">\n<td class=\"et3\" style=\"height: 17.60pt; width: 120.25pt;\" width=\"120\" height=\"17\">Fabricante<\/td>\n<td class=\"et3\" style=\"width: 189.25pt;\" width=\"189\">Yongjian<\/td>\n<\/tr>\n<tr style=\"height: 18.00pt;\">\n<td class=\"et3\" style=\"height: 18.00pt;\" height=\"18\">Modelo n.<\/td>\n<td class=\"et4\" style=\"width: 189.25pt;\" width=\"189\">YJ-020<\/td>\n<\/tr>\n<tr style=\"height: 17.60pt;\">\n<td class=\"et3\" style=\"height: 17.60pt;\" height=\"17\">Tipo de produto<\/td>\n<td class=\"et3\">Prato fundo, travessa de servir<\/td>\n<\/tr>\n<tr style=\"height: 17.60pt;\">\n<td class=\"et3\" style=\"height: 17.60pt;\" height=\"17\">Material<\/td>\n<td class=\"et3\">Porcelana<\/td>\n<\/tr>\n<tr style=\"height: 17.60pt;\">\n<td class=\"et5\" style=\"height: 17.60pt;\" height=\"17\">Cor<\/td>\n<td class=\"et3\">Branco\/preto<\/td>\n<\/tr>\n<tr style=\"height: 18.00pt;\">\n<td class=\"et3\" style=\"height: 18.00pt;\" height=\"18\">Dimens\u00e3o<\/td>\n<td class=\"et6\" style=\"width: 189.25pt;\" width=\"189\">20.5*20.5*4.2<\/td>\n<\/tr>\n<tr style=\"height: 17.60pt;\">\n<td class=\"et3\" style=\"height: 17.60pt;\" height=\"17\">MOQ<\/td>\n<td class=\"et3\">500 unidades<\/td>\n<\/tr>\n<tr style=\"height: 17.60pt;\">\n<td class=\"et3\" style=\"height: 17.60pt;\" height=\"17\">Personalizado<\/td>\n<td class=\"et3\">Cor\/tamanho\/log\u00f3tipo\/embalagem<\/td>\n<\/tr>\n<\/tbody>\n<\/table>\n<p>&nbsp;<\/p>","protected":false},"featured_media":3405,"comment_status":"closed","ping_status":"closed","template":"","meta":{"_acf_changed":false},"product_brand":[],"product_cat":[77,62,76],"product_tag":[96],"class_list":{"0":"post-3401","1":"product","2":"type-product","3":"status-publish","4":"has-post-thumbnail","6":"product_cat-deep-plates-wholesale","7":"product_cat-ceramic-plates-wholesale","8":"product_cat-wholesale-serving-platters","9":"product_tag-black-white-dinnerware-wholesale","11":"first","12":"instock","13":"shipping-taxable","14":"product-type-simple"},"acf":[],"_links":{"self":[{"href":"https:\/\/www.yongjianceramic.com\/pt\/wp-json\/wp\/v2\/product\/3401","targetHints":{"allow":["GET"]}}],"collection":[{"href":"https:\/\/www.yongjianceramic.com\/pt\/wp-json\/wp\/v2\/product"}],"about":[{"href":"https:\/\/www.yongjianceramic.com\/pt\/wp-json\/wp\/v2\/types\/product"}],"replies":[{"embeddable":true,"href":"https:\/\/www.yongjianceramic.com\/pt\/wp-json\/wp\/v2\/comments?post=3401"}],"wp:featuredmedia":[{"embeddable":true,"href":"https:\/\/www.yongjianceramic.com\/pt\/wp-json\/wp\/v2\/media\/3405"}],"wp:attachment":[{"href":"https:\/\/www.yongjianceramic.com\/pt\/wp-json\/wp\/v2\/media?parent=3401"}],"wp:term":[{"taxonomy":"product_brand","embeddable":true,"href":"https:\/\/www.yongjianceramic.com\/pt\/wp-json\/wp\/v2\/product_brand?post=3401"},{"taxonomy":"product_cat","embeddable":true,"href":"https:\/\/www.yongjianceramic.com\/pt\/wp-json\/wp\/v2\/product_cat?post=3401"},{"taxonomy":"product_tag","embeddable":true,"href":"https:\/\/www.yongjianceramic.com\/pt\/wp-json\/wp\/v2\/product_tag?post=3401"}],"curies":[{"name":"wp","href":"https:\/\/api.w.org\/{rel}","templated":true}]}}