{"id":3412,"date":"2024-09-09T09:42:51","date_gmt":"2024-09-09T09:42:51","guid":{"rendered":"https:\/\/www.yongjianceramic.com\/?post_type=product&#038;p=3412"},"modified":"2025-03-01T17:25:52","modified_gmt":"2025-03-01T09:25:52","slug":"plates-in-bulk","status":"publish","type":"product","link":"https:\/\/www.yongjianceramic.com\/pt\/produto\/plates-in-bulk\/","title":{"rendered":"Pratos de restaurante a granel, travessas de servi\u00e7o por grosso para catering"},"content":{"rendered":"<div class=\"wp-block-columns is-layout-flex wp-container-core-columns-is-layout-9d6595d7 wp-block-columns-is-layout-flex\">\n<div class=\"wp-block-column is-layout-flow wp-block-column-is-layout-flow\">\n<h2 class=\"wp-block-heading\">Pratos Premium a granel Carater\u00edsticas:<\/h2>\n\n\n\n<ul class=\"wp-block-list\">\n<li><strong>Design de borda ondulada: <\/strong>Os nossos pratos de cer\u00e2mica a granel apresentam um design \u00fanico de borda ondulada, com um toque contempor\u00e2neo e interesse visual, criando uma pe\u00e7a central dram\u00e1tica numa grande variedade de ambientes de restaura\u00e7\u00e3o.<\/li>\n\n\n\n<li><strong>Diversas op\u00e7\u00f5es de cores: <\/strong>Estas travessas de servir por atacado t\u00eam v\u00e1rias op\u00e7\u00f5es de cores, que s\u00e3o o cl\u00e1ssico preto e branco. Estas cores s\u00e3o facilmente combinadas com qualquer decora\u00e7\u00e3o de mesa para satisfazer um leque de clientes.<\/li>\n\n\n\n<li><strong>Adequado para micro-ondas e m\u00e1quina de lavar lou\u00e7a: <\/strong>Os nossos pratos de cer\u00e2mica a granel n\u00e3o s\u00f3 s\u00e3o perfeitos para o aquecimento no micro-ondas, como tamb\u00e9m s\u00e3o seguros para serem lavados na m\u00e1quina de lavar lou\u00e7a, o que \u00e9 pr\u00e1tico e r\u00e1pido para ambientes de restaura\u00e7\u00e3o movimentados.<\/li>\n\n\n\n<li><strong>Material duradouro: <\/strong>Estas travessas de servir por atacado s\u00e3o feitas de material cer\u00e2mico de alta qualidade, de modo a que as travessas tenham boas propriedades de resist\u00eancia a uma utiliza\u00e7\u00e3o intensiva, resist\u00eancia a riscos e n\u00e3o se deformem facilmente, podendo ser utilizadas em cen\u00e1rios de utiliza\u00e7\u00e3o de alta intensidade.<\/li>\n<\/ul>\n<\/div>\n\n\n\n<div class=\"wp-block-column is-vertically-aligned-center is-layout-flow wp-block-column-is-layout-flow\"><div class=\"wp-block-image\">\n<figure class=\"aligncenter size-full\"><img fetchpriority=\"high\" decoding=\"async\" width=\"750\" height=\"750\" src=\"https:\/\/www.yongjianceramic.com\/wp-content\/uploads\/2024\/09\/Restaurant-Plates-In-Bulk-Wholesale-Serving-Platters-For-Catering-3.webp\" alt=\"Pratos de restaurante a granel, travessas de servi\u00e7o por atacado para catering-3\" class=\"wp-image-3415\" srcset=\"https:\/\/www.yongjianceramic.com\/wp-content\/uploads\/2024\/09\/Restaurant-Plates-In-Bulk-Wholesale-Serving-Platters-For-Catering-3.webp 750w, https:\/\/www.yongjianceramic.com\/wp-content\/uploads\/2024\/09\/Restaurant-Plates-In-Bulk-Wholesale-Serving-Platters-For-Catering-3-300x300.webp 300w, https:\/\/www.yongjianceramic.com\/wp-content\/uploads\/2024\/09\/Restaurant-Plates-In-Bulk-Wholesale-Serving-Platters-For-Catering-3-150x150.webp 150w, https:\/\/www.yongjianceramic.com\/wp-content\/uploads\/2024\/09\/Restaurant-Plates-In-Bulk-Wholesale-Serving-Platters-For-Catering-3-12x12.webp 12w, https:\/\/www.yongjianceramic.com\/wp-content\/uploads\/2024\/09\/Restaurant-Plates-In-Bulk-Wholesale-Serving-Platters-For-Catering-3-285x285.webp 285w, https:\/\/www.yongjianceramic.com\/wp-content\/uploads\/2024\/09\/Restaurant-Plates-In-Bulk-Wholesale-Serving-Platters-For-Catering-3-270x270.webp 270w, https:\/\/www.yongjianceramic.com\/wp-content\/uploads\/2024\/09\/Restaurant-Plates-In-Bulk-Wholesale-Serving-Platters-For-Catering-3-540x540.webp 540w, https:\/\/www.yongjianceramic.com\/wp-content\/uploads\/2024\/09\/Restaurant-Plates-In-Bulk-Wholesale-Serving-Platters-For-Catering-3-660x660.webp 660w\" sizes=\"(max-width: 750px) 100vw, 750px\" \/><\/figure>\n<\/div><\/div>\n<\/div>","protected":false},"excerpt":{"rendered":"<p>Bem-vindo \u00e0 compra de pratos de servir por grosso. Os nossos pratos de borda ondulada a granel oferecem um design \u00fanico e uma vasta sele\u00e7\u00e3o para empresas de catering. Adequados para micro-ondas e m\u00e1quina de lavar lou\u00e7a, f\u00e1ceis de aquecer e lavar, satisfazem as necessidades de um servi\u00e7o de restaura\u00e7\u00e3o eficiente.<\/p>\n<table style=\"border-collapse: collapse; width: 309.02pt;\" border=\"0\" width=\"309\" cellspacing=\"0\" cellpadding=\"0\">\n<tbody>\n<tr style=\"height: 17.60pt;\">\n<td class=\"et3\" style=\"height: 17.60pt; width: 120.25pt;\" width=\"120\" height=\"17\">Fabricante<\/td>\n<td class=\"et3\" style=\"width: 189.25pt;\" width=\"189\">Yongjian<\/td>\n<\/tr>\n<tr style=\"height: 18.00pt;\">\n<td class=\"et3\" style=\"height: 18.00pt;\" height=\"18\">Modelo n.<\/td>\n<td class=\"et4\" style=\"width: 189.25pt;\" width=\"189\">YJ-021<\/td>\n<\/tr>\n<tr style=\"height: 17.60pt;\">\n<td class=\"et3\" style=\"height: 17.60pt;\" height=\"17\">Tipo de produto<\/td>\n<td class=\"et3\">Prato de servir<\/td>\n<\/tr>\n<tr style=\"height: 17.60pt;\">\n<td class=\"et3\" style=\"height: 17.60pt;\" height=\"17\">Material<\/td>\n<td class=\"et3\">Porcelana<\/td>\n<\/tr>\n<tr style=\"height: 17.60pt;\">\n<td class=\"et5\" style=\"height: 17.60pt;\" height=\"17\">Cor<\/td>\n<td class=\"et3\">Branco\/preto<\/td>\n<\/tr>\n<tr style=\"height: 18.00pt;\">\n<td class=\"et3\" style=\"height: 18.00pt;\" height=\"18\">Dimens\u00e3o<\/td>\n<td class=\"et6\" style=\"width: 189.25pt;\" width=\"189\">30.5*18*4<\/td>\n<\/tr>\n<tr style=\"height: 17.60pt;\">\n<td class=\"et3\" style=\"height: 17.60pt;\" height=\"17\">MOQ<\/td>\n<td class=\"et3\">500 unidades<\/td>\n<\/tr>\n<tr style=\"height: 17.60pt;\">\n<td class=\"et3\" style=\"height: 17.60pt;\" height=\"17\">Personalizado<\/td>\n<td class=\"et3\">Cor\/tamanho\/log\u00f3tipo\/embalagem<\/td>\n<\/tr>\n<\/tbody>\n<\/table>\n<p>&nbsp;<\/p>","protected":false},"featured_media":3413,"comment_status":"closed","ping_status":"closed","template":"","meta":{"_acf_changed":false},"product_brand":[],"product_cat":[62,76],"product_tag":[96],"class_list":{"0":"post-3412","1":"product","2":"type-product","3":"status-publish","4":"has-post-thumbnail","6":"product_cat-ceramic-plates-wholesale","7":"product_cat-wholesale-serving-platters","8":"product_tag-black-white-dinnerware-wholesale","10":"first","11":"instock","12":"shipping-taxable","13":"product-type-simple"},"acf":[],"_links":{"self":[{"href":"https:\/\/www.yongjianceramic.com\/pt\/wp-json\/wp\/v2\/product\/3412","targetHints":{"allow":["GET"]}}],"collection":[{"href":"https:\/\/www.yongjianceramic.com\/pt\/wp-json\/wp\/v2\/product"}],"about":[{"href":"https:\/\/www.yongjianceramic.com\/pt\/wp-json\/wp\/v2\/types\/product"}],"replies":[{"embeddable":true,"href":"https:\/\/www.yongjianceramic.com\/pt\/wp-json\/wp\/v2\/comments?post=3412"}],"wp:featuredmedia":[{"embeddable":true,"href":"https:\/\/www.yongjianceramic.com\/pt\/wp-json\/wp\/v2\/media\/3413"}],"wp:attachment":[{"href":"https:\/\/www.yongjianceramic.com\/pt\/wp-json\/wp\/v2\/media?parent=3412"}],"wp:term":[{"taxonomy":"product_brand","embeddable":true,"href":"https:\/\/www.yongjianceramic.com\/pt\/wp-json\/wp\/v2\/product_brand?post=3412"},{"taxonomy":"product_cat","embeddable":true,"href":"https:\/\/www.yongjianceramic.com\/pt\/wp-json\/wp\/v2\/product_cat?post=3412"},{"taxonomy":"product_tag","embeddable":true,"href":"https:\/\/www.yongjianceramic.com\/pt\/wp-json\/wp\/v2\/product_tag?post=3412"}],"curies":[{"name":"wp","href":"https:\/\/api.w.org\/{rel}","templated":true}]}}