{"id":3422,"date":"2024-09-12T01:29:43","date_gmt":"2024-09-12T01:29:43","guid":{"rendered":"https:\/\/www.yongjianceramic.com\/?post_type=product&#038;p=3422"},"modified":"2024-09-20T09:12:20","modified_gmt":"2024-09-20T09:12:20","slug":"bulk-ramen-bowls-and-dinner-plates","status":"publish","type":"product","link":"https:\/\/www.yongjianceramic.com\/pt\/produto\/bulk-ramen-bowls-and-dinner-plates\/","title":{"rendered":"Tigelas de Ramen e pratos de jantar a granel com estilo minimalista"},"content":{"rendered":"<div class=\"wp-block-columns is-layout-flex wp-container-core-columns-is-layout-9d6595d7 wp-block-columns-is-layout-flex\">\n<div class=\"wp-block-column is-layout-flow wp-block-column-is-layout-flow\">\n<h2 class=\"wp-block-heading\">Tigelas e pratos de jantar Ramen Premium Bulk Carater\u00edsticas:<\/h2>\n\n\n\n<ul class=\"wp-block-list\">\n<li><strong>Design minimalista<\/strong>: Este produto para tigelas de ramen e pratos de jantar a granel combina as carater\u00edsticas de design de uma tigela de ramen e de um prato de jantar. A profundidade da tigela \u00e9 adequada para alimentos l\u00edquidos, como sopa de macarr\u00e3o, enquanto a largura do prato \u00e9 adequada para pratos principais e acompanhamentos. O aspeto simples \u00e9 adequado para uma variedade de estilos de refei\u00e7\u00f5es, tornando cada refei\u00e7\u00e3o confort\u00e1vel e requintada.<\/li>\n\n\n\n<li><strong>Dispon\u00edvel em preto e branco:<\/strong> Estes pratos e ta\u00e7as para venda por grosso est\u00e3o dispon\u00edveis em duas cores cl\u00e1ssicas: preto e branco. A vers\u00e3o branca \u00e9 simples e brilhante, criando um ambiente de jantar fresco e elegante; a vers\u00e3o preta \u00e9 discreta e est\u00e1vel, acrescentando uma sensa\u00e7\u00e3o de modernidade e luxo.<\/li>\n\n\n\n<li><strong>Materiais de alta qualidade, simultaneamente bonitos e pr\u00e1ticos: <\/strong>A utiliza\u00e7\u00e3o de cer\u00e2mica de alta qualidade para as ta\u00e7as e pratos de ramen a granel garante a robustez e a resist\u00eancia aos riscos das ta\u00e7as e pratos, que s\u00e3o adequados para a utiliza\u00e7\u00e3o di\u00e1ria e podem tamb\u00e9m fazer face aos requisitos de utiliza\u00e7\u00e3o de equipamentos como fornos micro-ondas e m\u00e1quinas de lavar lou\u00e7a, apresentando beleza e funcionalidade a longo prazo.<\/li>\n\n\n\n<li><strong>F\u00e1cil de limpar e guardar:<\/strong> O design de esmalte suave dos pratos e ta\u00e7as para venda por grosso simplifica a limpeza, quer seja \u00e0 m\u00e3o ou na m\u00e1quina. Ao mesmo tempo, as ta\u00e7as e os pratos podem ser empilhados para arruma\u00e7\u00e3o, poupando espa\u00e7o na cozinha e sendo de f\u00e1cil arruma\u00e7\u00e3o.<\/li>\n<\/ul>\n<\/div>\n\n\n\n<div class=\"wp-block-column is-vertically-aligned-center is-layout-flow wp-block-column-is-layout-flow\"><div class=\"wp-block-image\">\n<figure class=\"aligncenter size-full\"><img fetchpriority=\"high\" decoding=\"async\" width=\"800\" height=\"800\" src=\"https:\/\/www.yongjianceramic.com\/wp-content\/uploads\/2024\/09\/Bulk-Ramen-Bowls-Dinner-Plates-With-Minimalist-Style-4.webp\" alt=\"Tigelas de Ramen a granel e pratos de jantar com estilo minimalista 4\" class=\"wp-image-3426\" srcset=\"https:\/\/www.yongjianceramic.com\/wp-content\/uploads\/2024\/09\/Bulk-Ramen-Bowls-Dinner-Plates-With-Minimalist-Style-4.webp 800w, https:\/\/www.yongjianceramic.com\/wp-content\/uploads\/2024\/09\/Bulk-Ramen-Bowls-Dinner-Plates-With-Minimalist-Style-4-300x300.webp 300w, https:\/\/www.yongjianceramic.com\/wp-content\/uploads\/2024\/09\/Bulk-Ramen-Bowls-Dinner-Plates-With-Minimalist-Style-4-150x150.webp 150w, https:\/\/www.yongjianceramic.com\/wp-content\/uploads\/2024\/09\/Bulk-Ramen-Bowls-Dinner-Plates-With-Minimalist-Style-4-768x768.webp 768w, https:\/\/www.yongjianceramic.com\/wp-content\/uploads\/2024\/09\/Bulk-Ramen-Bowls-Dinner-Plates-With-Minimalist-Style-4-12x12.webp 12w, https:\/\/www.yongjianceramic.com\/wp-content\/uploads\/2024\/09\/Bulk-Ramen-Bowls-Dinner-Plates-With-Minimalist-Style-4-285x285.webp 285w, https:\/\/www.yongjianceramic.com\/wp-content\/uploads\/2024\/09\/Bulk-Ramen-Bowls-Dinner-Plates-With-Minimalist-Style-4-270x270.webp 270w, https:\/\/www.yongjianceramic.com\/wp-content\/uploads\/2024\/09\/Bulk-Ramen-Bowls-Dinner-Plates-With-Minimalist-Style-4-540x540.webp 540w, https:\/\/www.yongjianceramic.com\/wp-content\/uploads\/2024\/09\/Bulk-Ramen-Bowls-Dinner-Plates-With-Minimalist-Style-4-660x660.webp 660w\" sizes=\"(max-width: 800px) 100vw, 800px\" \/><\/figure>\n<\/div><\/div>\n<\/div>","protected":false},"excerpt":{"rendered":"<p>Bem-vindo \u00e0 compra de pratos e tigelas por grosso. As nossas ta\u00e7as de ramen a granel e pratos de jantar permitem servir sopa de macarr\u00e3o ou desfrutar elegantemente do prato principal durante o jantar. A combina\u00e7\u00e3o de materiais de alta qualidade e estilo de design simples \u00e9 adequada para v\u00e1rias ocasi\u00f5es familiares ou banquetes formais. \u00c9 simultaneamente bonito e pr\u00e1tico, acrescentando um toque moderno e \u00fanico \u00e0 mesa de jantar.<\/p>\n<table style=\"border-collapse: collapse; width: 325.02pt;\" border=\"0\" width=\"325\" cellspacing=\"0\" cellpadding=\"0\">\n<tbody>\n<tr style=\"height: 17.60pt;\">\n<td class=\"et3\" style=\"height: 17.60pt; width: 120.25pt;\" width=\"120\" height=\"17\">Fabricante<\/td>\n<td class=\"et3\" style=\"width: 204.75pt;\" width=\"204\">Yongjian<\/td>\n<\/tr>\n<tr style=\"height: 18.00pt;\">\n<td class=\"et3\" style=\"height: 18.00pt;\" height=\"18\">Modelo n.<\/td>\n<td class=\"et4\" style=\"width: 204.75pt;\" width=\"204\">YJ-034<\/td>\n<\/tr>\n<tr style=\"height: 17.60pt;\">\n<td class=\"et3\" style=\"height: 17.60pt;\" height=\"17\">Tipo de produto<\/td>\n<td class=\"et3\">Tigelas para sopa e Ramen, Prato de jantar<\/td>\n<\/tr>\n<tr style=\"height: 17.60pt;\">\n<td class=\"et3\" style=\"height: 17.60pt;\" height=\"17\">Material<\/td>\n<td class=\"et3\">Porcelana<\/td>\n<\/tr>\n<tr style=\"height: 17.60pt;\">\n<td class=\"et5\" style=\"height: 17.60pt;\" height=\"17\">Cor<\/td>\n<td class=\"et3\">Branco\/preto<\/td>\n<\/tr>\n<tr style=\"height: 36.00pt;\">\n<td class=\"et3\" style=\"height: 36.00pt;\" height=\"36\">Dimens\u00e3o<\/td>\n<td class=\"et6\" style=\"width: 204.75pt;\" width=\"204\">ta\u00e7a: 16*16*6,5<br \/>prato: 16*16*2,5<\/td>\n<\/tr>\n<tr style=\"height: 17.60pt;\">\n<td class=\"et3\" style=\"height: 17.60pt;\" height=\"17\">MOQ<\/td>\n<td class=\"et3\">500 unidades<\/td>\n<\/tr>\n<tr style=\"height: 17.60pt;\">\n<td class=\"et3\" style=\"height: 17.60pt;\" height=\"17\">Personalizado<\/td>\n<td class=\"et3\">Cor\/tamanho\/log\u00f3tipo\/embalagem<\/td>\n<\/tr>\n<\/tbody>\n<\/table>","protected":false},"featured_media":3427,"comment_status":"closed","ping_status":"closed","template":"","meta":{"_acf_changed":false},"product_brand":[],"product_cat":[73,63,93,62],"product_tag":[96],"class_list":{"0":"post-3422","1":"product","2":"type-product","3":"status-publish","4":"has-post-thumbnail","6":"product_cat-bulk-soup-bowls","7":"product_cat-wholesale-bowls","8":"product_cat-bulk-dinner-plates","9":"product_cat-ceramic-plates-wholesale","10":"product_tag-black-white-dinnerware-wholesale","12":"first","13":"instock","14":"shipping-taxable","15":"product-type-simple"},"acf":[],"_links":{"self":[{"href":"https:\/\/www.yongjianceramic.com\/pt\/wp-json\/wp\/v2\/product\/3422","targetHints":{"allow":["GET"]}}],"collection":[{"href":"https:\/\/www.yongjianceramic.com\/pt\/wp-json\/wp\/v2\/product"}],"about":[{"href":"https:\/\/www.yongjianceramic.com\/pt\/wp-json\/wp\/v2\/types\/product"}],"replies":[{"embeddable":true,"href":"https:\/\/www.yongjianceramic.com\/pt\/wp-json\/wp\/v2\/comments?post=3422"}],"wp:featuredmedia":[{"embeddable":true,"href":"https:\/\/www.yongjianceramic.com\/pt\/wp-json\/wp\/v2\/media\/3427"}],"wp:attachment":[{"href":"https:\/\/www.yongjianceramic.com\/pt\/wp-json\/wp\/v2\/media?parent=3422"}],"wp:term":[{"taxonomy":"product_brand","embeddable":true,"href":"https:\/\/www.yongjianceramic.com\/pt\/wp-json\/wp\/v2\/product_brand?post=3422"},{"taxonomy":"product_cat","embeddable":true,"href":"https:\/\/www.yongjianceramic.com\/pt\/wp-json\/wp\/v2\/product_cat?post=3422"},{"taxonomy":"product_tag","embeddable":true,"href":"https:\/\/www.yongjianceramic.com\/pt\/wp-json\/wp\/v2\/product_tag?post=3422"}],"curies":[{"name":"wp","href":"https:\/\/api.w.org\/{rel}","templated":true}]}}