{"id":3430,"date":"2024-09-12T02:29:25","date_gmt":"2024-09-12T02:29:25","guid":{"rendered":"https:\/\/www.yongjianceramic.com\/?post_type=product&#038;p=3430"},"modified":"2024-12-05T11:46:35","modified_gmt":"2024-12-05T03:46:35","slug":"exquisite-steak-plates-wholesale","status":"publish","type":"product","link":"https:\/\/www.yongjianceramic.com\/pt\/produto\/exquisite-steak-plates-wholesale\/","title":{"rendered":"Pratos de bife requintados por atacado, pratos de jantar de 8 e 10 polegadas a granel"},"content":{"rendered":"<div class=\"wp-block-columns is-layout-flex wp-container-core-columns-is-layout-9d6595d7 wp-block-columns-is-layout-flex\">\n<div class=\"wp-block-column is-layout-flow wp-block-column-is-layout-flow\">\n<h2 class=\"wp-block-heading\">Pratos para bifes Premium Carater\u00edsticas por atacado:<\/h2>\n\n\n\n<ul class=\"wp-block-list\">\n<li><strong>O design requintado melhora a experi\u00eancia gastron\u00f3mica:<\/strong> Os nossos requintados pratos de bife por atacado t\u00eam um design requintado com linhas suaves, adequados para colocar bifes, massas ou outros pratos principais, o que n\u00e3o s\u00f3 melhora o efeito visual dos alimentos, mas tamb\u00e9m acrescenta uma atmosfera elegante \u00e0 mesa. Independentemente do tipo de banquete, tornar\u00e1 cada refei\u00e7\u00e3o mais requintada.<\/li>\n\n\n\n<li><strong>Op\u00e7\u00f5es de cor preto e branco:<\/strong> Fornecer op\u00e7\u00f5es cl\u00e1ssicas de cores preto e branco para pratos de bife a granel, o preto \u00e9 solene e elegante, e o branco \u00e9 puro e elegante, ambas as cores podem combinar perfeitamente com qualquer configura\u00e7\u00e3o de mesa, melhorar o efeito visual dos alimentos e melhorar a experi\u00eancia de jantar.<\/li>\n\n\n\n<li><strong>Uma variedade de tamanhos para satisfazer diferentes necessidades:<\/strong> Dispon\u00edvel em tamanhos de 8 e 10 polegadas para estes pratos de bife por atacado, adequados para todos os tipos de ocasi\u00f5es de jantar. O prato pequeno de 8 polegadas \u00e9 adequado para a apresenta\u00e7\u00e3o delicada de bifes, que pode destacar a beleza dos alimentos; enquanto o de 10 polegadas \u00e9 adequado para pratos de jantar saud\u00e1veis, atendendo \u00e0s necessidades de diferentes ocasi\u00f5es.<\/li>\n\n\n\n<li><strong>Compra a granel, econ\u00f3mica:<\/strong> Os nossos pratos de bife por atacado fornecem um plano de vendas a granel para garantir que a alta qualidade seja mantida, reduzindo o custo por unidade ao comprar em grandes quantidades. Quer se trate de um restaurante, de um hotel ou de um banquete de casamento, este prato de jantar \u00e9 uma \u00f3ptima escolha em termos de rela\u00e7\u00e3o qualidade\/pre\u00e7o<\/li>\n<\/ul>\n<\/div>\n\n\n\n<div class=\"wp-block-column is-vertically-aligned-center is-layout-flow wp-block-column-is-layout-flow\"><div class=\"wp-block-image\">\n<figure class=\"aligncenter size-full\"><img fetchpriority=\"high\" decoding=\"async\" width=\"750\" height=\"750\" src=\"https:\/\/www.yongjianceramic.com\/wp-content\/uploads\/2024\/09\/Exquisite-Steak-Plates-Wholesale-8-Inch-10-Inch-Dinner-Plates-In-Bulk-5.webp\" alt=\"Pratos de bife requintados por atacado, pratos de jantar de 8 e 10 polegadas a granel 5\" class=\"wp-image-3435\" srcset=\"https:\/\/www.yongjianceramic.com\/wp-content\/uploads\/2024\/09\/Exquisite-Steak-Plates-Wholesale-8-Inch-10-Inch-Dinner-Plates-In-Bulk-5.webp 750w, https:\/\/www.yongjianceramic.com\/wp-content\/uploads\/2024\/09\/Exquisite-Steak-Plates-Wholesale-8-Inch-10-Inch-Dinner-Plates-In-Bulk-5-300x300.webp 300w, https:\/\/www.yongjianceramic.com\/wp-content\/uploads\/2024\/09\/Exquisite-Steak-Plates-Wholesale-8-Inch-10-Inch-Dinner-Plates-In-Bulk-5-150x150.webp 150w, https:\/\/www.yongjianceramic.com\/wp-content\/uploads\/2024\/09\/Exquisite-Steak-Plates-Wholesale-8-Inch-10-Inch-Dinner-Plates-In-Bulk-5-12x12.webp 12w, https:\/\/www.yongjianceramic.com\/wp-content\/uploads\/2024\/09\/Exquisite-Steak-Plates-Wholesale-8-Inch-10-Inch-Dinner-Plates-In-Bulk-5-285x285.webp 285w, https:\/\/www.yongjianceramic.com\/wp-content\/uploads\/2024\/09\/Exquisite-Steak-Plates-Wholesale-8-Inch-10-Inch-Dinner-Plates-In-Bulk-5-270x270.webp 270w, https:\/\/www.yongjianceramic.com\/wp-content\/uploads\/2024\/09\/Exquisite-Steak-Plates-Wholesale-8-Inch-10-Inch-Dinner-Plates-In-Bulk-5-540x540.webp 540w, https:\/\/www.yongjianceramic.com\/wp-content\/uploads\/2024\/09\/Exquisite-Steak-Plates-Wholesale-8-Inch-10-Inch-Dinner-Plates-In-Bulk-5-660x660.webp 660w\" sizes=\"(max-width: 750px) 100vw, 750px\" \/><\/figure>\n<\/div><\/div>\n<\/div>","protected":false},"excerpt":{"rendered":"<p>Bem-vindo \u00e0 compra de pratos de jantar. Nossos requintados pratos de bife no atacado oferecem pratos de jantar de 8 e 10 polegadas, feitos de materiais de alta qualidade, dur\u00e1veis e bonitos. Uma variedade de tamanhos para atender a diferentes necessidades de jantar, cores preto e branco para combinar com qualquer configura\u00e7\u00e3o de mesa e descontos na compra em massa permitem que voc\u00ea obtenha produtos de alta qualidade a um custo baixo. O design razo\u00e1vel, f\u00e1cil de limpar e guardar, \u00e9 a escolha ideal para restaurantes, hot\u00e9is e sal\u00f5es de banquetes.<\/p>\n<table style=\"border-collapse: collapse; width: 325.02pt;\" border=\"0\" width=\"325\" cellspacing=\"0\" cellpadding=\"0\">\n<tbody>\n<tr style=\"height: 17.60pt;\">\n<td class=\"et3\" style=\"height: 17.60pt; width: 120.25pt;\" width=\"120\" height=\"17\">Fabricante<\/td>\n<td class=\"et3\" style=\"width: 204.75pt;\" width=\"204\">Yongjian<\/td>\n<\/tr>\n<tr style=\"height: 36.00pt;\">\n<td class=\"et3\" style=\"height: 36.00pt;\" height=\"36\">Modelo n.<\/td>\n<td class=\"et4\" style=\"width: 204.75pt;\" width=\"204\">YJ-035, 8 polegadas<br \/>YJ-036, 10 polegadas<\/td>\n<\/tr>\n<tr style=\"height: 17.60pt;\">\n<td class=\"et3\" style=\"height: 17.60pt;\" height=\"17\">Tipo de produto<\/td>\n<td class=\"et3\">Prato de jantar<\/td>\n<\/tr>\n<tr style=\"height: 17.60pt;\">\n<td class=\"et3\" style=\"height: 17.60pt;\" height=\"17\">Material<\/td>\n<td class=\"et3\">Porcelana<\/td>\n<\/tr>\n<tr style=\"height: 17.60pt;\">\n<td class=\"et5\" style=\"height: 17.60pt;\" height=\"17\">Cor<\/td>\n<td class=\"et3\">Branco\/preto<\/td>\n<\/tr>\n<tr style=\"height: 36.00pt;\">\n<td class=\"et3\" style=\"height: 36.00pt;\" height=\"36\">Dimens\u00e3o<\/td>\n<td class=\"et6\" style=\"width: 204.75pt;\" width=\"204\">20*20*2.3<br \/>25.3*25.3*2.4<\/td>\n<\/tr>\n<tr style=\"height: 17.60pt;\">\n<td class=\"et3\" style=\"height: 17.60pt;\" height=\"17\">MOQ<\/td>\n<td class=\"et3\">500 unidades<\/td>\n<\/tr>\n<tr style=\"height: 17.60pt;\">\n<td class=\"et3\" style=\"height: 17.60pt;\" height=\"17\">Personalizado<\/td>\n<td class=\"et3\">Cor\/tamanho\/log\u00f3tipo\/embalagem<\/td>\n<\/tr>\n<\/tbody>\n<\/table>","protected":false},"featured_media":3433,"comment_status":"closed","ping_status":"closed","template":"","meta":{"_acf_changed":false},"product_brand":[],"product_cat":[93,62],"product_tag":[96],"class_list":{"0":"post-3430","1":"product","2":"type-product","3":"status-publish","4":"has-post-thumbnail","6":"product_cat-bulk-dinner-plates","7":"product_cat-ceramic-plates-wholesale","8":"product_tag-black-white-dinnerware-wholesale","10":"first","11":"instock","12":"shipping-taxable","13":"product-type-simple"},"acf":[],"_links":{"self":[{"href":"https:\/\/www.yongjianceramic.com\/pt\/wp-json\/wp\/v2\/product\/3430","targetHints":{"allow":["GET"]}}],"collection":[{"href":"https:\/\/www.yongjianceramic.com\/pt\/wp-json\/wp\/v2\/product"}],"about":[{"href":"https:\/\/www.yongjianceramic.com\/pt\/wp-json\/wp\/v2\/types\/product"}],"replies":[{"embeddable":true,"href":"https:\/\/www.yongjianceramic.com\/pt\/wp-json\/wp\/v2\/comments?post=3430"}],"wp:featuredmedia":[{"embeddable":true,"href":"https:\/\/www.yongjianceramic.com\/pt\/wp-json\/wp\/v2\/media\/3433"}],"wp:attachment":[{"href":"https:\/\/www.yongjianceramic.com\/pt\/wp-json\/wp\/v2\/media?parent=3430"}],"wp:term":[{"taxonomy":"product_brand","embeddable":true,"href":"https:\/\/www.yongjianceramic.com\/pt\/wp-json\/wp\/v2\/product_brand?post=3430"},{"taxonomy":"product_cat","embeddable":true,"href":"https:\/\/www.yongjianceramic.com\/pt\/wp-json\/wp\/v2\/product_cat?post=3430"},{"taxonomy":"product_tag","embeddable":true,"href":"https:\/\/www.yongjianceramic.com\/pt\/wp-json\/wp\/v2\/product_tag?post=3430"}],"curies":[{"name":"wp","href":"https:\/\/api.w.org\/{rel}","templated":true}]}}