{"id":3451,"date":"2024-09-18T06:52:08","date_gmt":"2024-09-18T06:52:08","guid":{"rendered":"https:\/\/www.yongjianceramic.com\/?post_type=product&#038;p=3451"},"modified":"2025-11-19T15:28:07","modified_gmt":"2025-11-19T07:28:07","slug":"factory-supply-serving-platters","status":"publish","type":"product","link":"https:\/\/www.yongjianceramic.com\/pt\/produto\/factory-supply-serving-platters\/","title":{"rendered":"Pratos de servi\u00e7o de fornecimento da f\u00e1brica, pratos ovais de catering a granel"},"content":{"rendered":"<div class=\"wp-block-columns is-layout-flex wp-container-core-columns-is-layout-9d6595d7 wp-block-columns-is-layout-flex\">\n<div class=\"wp-block-column is-layout-flow wp-block-column-is-layout-flow\">\n<h2 class=\"wp-block-heading\">Pratos de servir Premium Factory Supply a granel Carater\u00edsticas:<\/h2>\n\n\n\n<ul class=\"wp-block-list\">\n<li><strong>Material cer\u00e2mico de alta qualidade: <\/strong>A f\u00e1brica fornece travessas de servir a granel que s\u00e3o feitas de cer\u00e2mica de alta qualidade com excelente durabilidade e resist\u00eancia ao calor, e podem ser usadas com seguran\u00e7a em condi\u00e7\u00f5es quentes. Este material cer\u00e2mico tem uma textura encantadora, suave e delicada, e n\u00e3o perde facilmente a cor ou o acabamento ao longo dos anos.<\/li>\n\n\n\n<li><strong>Bela forma oval cl\u00e1ssica: <\/strong>as travessas para catering a granel apresentam uma forma oval original que combina uma eleg\u00e2ncia intemporal com um estilo moderno para real\u00e7ar a beleza e a sofistica\u00e7\u00e3o da sua mesa. A sua atratividade e estilo real\u00e7am a comida servida, quer seja utilizada num banquete ou para uma ca\u00e7arola em casa. Oferece uma est\u00e9tica visual que durar\u00e1 muito tempo.<\/li>\n\n\n\n<li><strong>Duas cores cl\u00e1ssicas e tamanhos moderados: <\/strong>Nosso fornecimento de f\u00e1brica servindo pratos a granel est\u00e3o dispon\u00edveis em duas cores cl\u00e1ssicas de preto e branco, eles podem se adaptar a diferentes estilos e ocasi\u00f5es de mesa de jantar. O design de tamanho de 12 polegadas \u00e9 adequado para segurar v\u00e1rios pratos.<\/li>\n\n\n\n<li><strong>Resist\u00eancia aos riscos e forte durabilidade:<\/strong> A superf\u00edcie das nossas travessas de servir a granel \u00e9 especialmente tratada com uma elevada resist\u00eancia aos riscos e ao desgaste. A travessa pode manter-se brilhante e nova mesmo em ocasi\u00f5es de refei\u00e7\u00e3o frequentemente utilizadas.<\/li>\n<\/ul>\n<\/div>\n\n\n\n<div class=\"wp-block-column is-vertically-aligned-center is-layout-flow wp-block-column-is-layout-flow\"><div class=\"wp-block-image\">\n<figure class=\"aligncenter size-full is-resized\"><img fetchpriority=\"high\" decoding=\"async\" width=\"800\" height=\"800\" src=\"https:\/\/www.yongjianceramic.com\/wp-content\/uploads\/2024\/09\/Factory-Supply-Serving-Platter-For-Catering-With-Oval-Shape-2.webp\" alt=\"Pratos de servir para catering, com forma oval 2\" class=\"wp-image-3453\" style=\"width:404px;height:auto\" srcset=\"https:\/\/www.yongjianceramic.com\/wp-content\/uploads\/2024\/09\/Factory-Supply-Serving-Platter-For-Catering-With-Oval-Shape-2.webp 800w, https:\/\/www.yongjianceramic.com\/wp-content\/uploads\/2024\/09\/Factory-Supply-Serving-Platter-For-Catering-With-Oval-Shape-2-300x300.webp 300w, https:\/\/www.yongjianceramic.com\/wp-content\/uploads\/2024\/09\/Factory-Supply-Serving-Platter-For-Catering-With-Oval-Shape-2-150x150.webp 150w, https:\/\/www.yongjianceramic.com\/wp-content\/uploads\/2024\/09\/Factory-Supply-Serving-Platter-For-Catering-With-Oval-Shape-2-768x768.webp 768w, https:\/\/www.yongjianceramic.com\/wp-content\/uploads\/2024\/09\/Factory-Supply-Serving-Platter-For-Catering-With-Oval-Shape-2-12x12.webp 12w, https:\/\/www.yongjianceramic.com\/wp-content\/uploads\/2024\/09\/Factory-Supply-Serving-Platter-For-Catering-With-Oval-Shape-2-285x285.webp 285w, https:\/\/www.yongjianceramic.com\/wp-content\/uploads\/2024\/09\/Factory-Supply-Serving-Platter-For-Catering-With-Oval-Shape-2-270x270.webp 270w, https:\/\/www.yongjianceramic.com\/wp-content\/uploads\/2024\/09\/Factory-Supply-Serving-Platter-For-Catering-With-Oval-Shape-2-540x540.webp 540w, https:\/\/www.yongjianceramic.com\/wp-content\/uploads\/2024\/09\/Factory-Supply-Serving-Platter-For-Catering-With-Oval-Shape-2-660x660.webp 660w\" sizes=\"(max-width: 800px) 100vw, 800px\" \/><\/figure>\n<\/div><\/div>\n<\/div>\n\n\n\n<p><\/p>","protected":false},"excerpt":{"rendered":"<p>Bem-vindo \u00e0 compra de travessas de servir a granel. As nossas travessas de servir, fornecidas pela f\u00e1brica, foram concebidas para jantares de alta qualidade e est\u00e3o dispon\u00edveis em duas cores cl\u00e1ssicas: preto e branco, para se adequarem a uma variedade de ocasi\u00f5es e estilos de decora\u00e7\u00e3o. O material cer\u00e2mico de alta qualidade n\u00e3o \u00e9 apenas resistente ao calor e dur\u00e1vel, mas tamb\u00e9m perfeito para qualquer ocasi\u00e3o.<\/p>\n<table style=\"border-collapse: collapse; width: 325.02pt;\" border=\"0\" width=\"325\" cellspacing=\"0\" cellpadding=\"0\">\n<tbody>\n<tr style=\"height: 17.60pt;\">\n<td class=\"et3\" style=\"height: 17.60pt; width: 120.25pt;\" width=\"120\" height=\"17\">Fabricante<\/td>\n<td class=\"et3\" style=\"width: 204.75pt;\" width=\"204\">Yongjian<\/td>\n<\/tr>\n<tr style=\"height: 18.00pt;\">\n<td class=\"et3\" style=\"height: 18.00pt;\" height=\"18\">Modelo n.<\/td>\n<td class=\"et4\" style=\"width: 204.75pt;\" width=\"204\">YJ-039<\/td>\n<\/tr>\n<tr style=\"height: 17.60pt;\">\n<td class=\"et3\" style=\"height: 17.60pt;\" height=\"17\">Tipo de produto<\/td>\n<td class=\"et3\">Prato de servir<\/td>\n<\/tr>\n<tr style=\"height: 17.60pt;\">\n<td class=\"et3\" style=\"height: 17.60pt;\" height=\"17\">Material<\/td>\n<td class=\"et3\">Porcelana<\/td>\n<\/tr>\n<tr style=\"height: 17.60pt;\">\n<td class=\"et5\" style=\"height: 17.60pt;\" height=\"17\">Cor<\/td>\n<td class=\"et3\">Branco\/preto<\/td>\n<\/tr>\n<tr style=\"height: 18.00pt;\">\n<td class=\"et3\" style=\"height: 18.00pt;\" height=\"18\">Dimens\u00e3o<\/td>\n<td class=\"et6\" style=\"width: 204.75pt;\" width=\"204\">30.5*16.5*2.8<\/td>\n<\/tr>\n<tr style=\"height: 17.60pt;\">\n<td class=\"et3\" style=\"height: 17.60pt;\" height=\"17\">MOQ<\/td>\n<td class=\"et3\">500 unidades<\/td>\n<\/tr>\n<tr style=\"height: 17.60pt;\">\n<td class=\"et3\" style=\"height: 17.60pt;\" height=\"17\">Personalizado<\/td>\n<td class=\"et3\">Cor\/tamanho\/log\u00f3tipo\/embalagem<\/td>\n<\/tr>\n<\/tbody>\n<\/table>","protected":false},"featured_media":3455,"comment_status":"closed","ping_status":"closed","template":"","meta":{"_acf_changed":false},"product_brand":[],"product_cat":[76,62],"product_tag":[96],"class_list":{"0":"post-3451","1":"product","2":"type-product","3":"status-publish","4":"has-post-thumbnail","6":"product_cat-wholesale-serving-platters","7":"product_cat-ceramic-plates-wholesale","8":"product_tag-black-white-dinnerware-wholesale","10":"first","11":"instock","12":"shipping-taxable","13":"product-type-simple"},"acf":[],"_links":{"self":[{"href":"https:\/\/www.yongjianceramic.com\/pt\/wp-json\/wp\/v2\/product\/3451","targetHints":{"allow":["GET"]}}],"collection":[{"href":"https:\/\/www.yongjianceramic.com\/pt\/wp-json\/wp\/v2\/product"}],"about":[{"href":"https:\/\/www.yongjianceramic.com\/pt\/wp-json\/wp\/v2\/types\/product"}],"replies":[{"embeddable":true,"href":"https:\/\/www.yongjianceramic.com\/pt\/wp-json\/wp\/v2\/comments?post=3451"}],"wp:featuredmedia":[{"embeddable":true,"href":"https:\/\/www.yongjianceramic.com\/pt\/wp-json\/wp\/v2\/media\/3455"}],"wp:attachment":[{"href":"https:\/\/www.yongjianceramic.com\/pt\/wp-json\/wp\/v2\/media?parent=3451"}],"wp:term":[{"taxonomy":"product_brand","embeddable":true,"href":"https:\/\/www.yongjianceramic.com\/pt\/wp-json\/wp\/v2\/product_brand?post=3451"},{"taxonomy":"product_cat","embeddable":true,"href":"https:\/\/www.yongjianceramic.com\/pt\/wp-json\/wp\/v2\/product_cat?post=3451"},{"taxonomy":"product_tag","embeddable":true,"href":"https:\/\/www.yongjianceramic.com\/pt\/wp-json\/wp\/v2\/product_tag?post=3451"}],"curies":[{"name":"wp","href":"https:\/\/api.w.org\/{rel}","templated":true}]}}