{"id":3458,"date":"2024-09-18T07:41:35","date_gmt":"2024-09-18T07:41:35","guid":{"rendered":"https:\/\/www.yongjianceramic.com\/?post_type=product&#038;p=3458"},"modified":"2025-11-19T15:10:29","modified_gmt":"2025-11-19T07:10:29","slug":"porcelain-plates-wholesale","status":"publish","type":"product","link":"https:\/\/www.yongjianceramic.com\/pt\/produto\/porcelain-plates-wholesale\/","title":{"rendered":"Pratos de porcelana preta por atacado, pratos de jantar quadrados a granel"},"content":{"rendered":"<div class=\"wp-block-columns is-layout-flex wp-container-core-columns-is-layout-9d6595d7 wp-block-columns-is-layout-flex\">\n<div class=\"wp-block-column is-layout-flow wp-block-column-is-layout-flow\">\n<h2 class=\"wp-block-heading\">Pratos de porcelana Premium por atacado Carater\u00edsticas:<\/h2>\n\n\n\n<ul class=\"wp-block-list\">\n<li><strong>Material de porcelana de alta qualidade: <\/strong>Os nossos pratos de porcelana preta por grosso s\u00e3o fabricados em porcelana de alta qualidade, estes pratos pretos e brancos a granel s\u00e3o resistentes a temperaturas extremamente elevadas e a riscos, de longa dura\u00e7\u00e3o. O material \u00e9 seguro, n\u00e3o t\u00f3xico e seguro para tocar com alimentos.<\/li>\n\n\n\n<li><strong>Design quadrado moderno: <\/strong>Estes pratos de porcelana a granel t\u00eam um aspeto quadrado \u00fanico, juntamente com linhas m\u00ednimas que conferem \u00e0 mesa um aspeto moderno e sofisticado. Os desenhos quadrados n\u00e3o s\u00f3 melhoram a apresenta\u00e7\u00e3o visual dos pratos, como tamb\u00e9m criam uma impress\u00e3o individual e cativante na mesa e s\u00e3o adequados para ocasi\u00f5es de jantar de luxo.<\/li>\n\n\n\n<li><strong>V\u00e1rias op\u00e7\u00f5es de tamanho para satisfazer diferentes necessidades: <\/strong>Os nossos pratos de porcelana por grosso s\u00e3o fornecidos em tamanhos de 9 e 11 polegadas. A sua versatilidade de ter op\u00e7\u00f5es de tamanho vari\u00e1vel torna-o adequado para servir refei\u00e7\u00f5es em ocasi\u00f5es e exig\u00eancias variadas para satisfazer diferentes exig\u00eancias de pratos de comida diversificados.<\/li>\n\n\n\n<li><strong>Esquemas de cores a preto e branco: <\/strong>Os nossos pratos de cer\u00e2mica preta por atacado est\u00e3o dispon\u00edveis nas cores cl\u00e1ssicas preto e branco, que podem ser combinadas com v\u00e1rios designs de decora\u00e7\u00e3o de mesa. De um simples moderno a uma ocasi\u00e3o luxuosa e elegante, estas duas cores podem ser facilmente utilizadas para decorar ainda mais a mesa.<\/li>\n<\/ul>\n<\/div>\n\n\n\n<div class=\"wp-block-column is-vertically-aligned-center is-layout-flow wp-block-column-is-layout-flow\"><div class=\"wp-block-image\">\n<figure class=\"aligncenter size-full\"><img fetchpriority=\"high\" decoding=\"async\" width=\"750\" height=\"750\" src=\"https:\/\/www.yongjianceramic.com\/wp-content\/uploads\/2024\/09\/Square-Shaped-Porcelain-Plates-Wholesale-9-Inch-11-Inch-Dinner-Plates-Bulk-3.webp\" alt=\"Pratos de porcelana de forma quadrada por atacado, pratos de jantar de 9 e 11 polegadas a granel 3 lou\u00e7a preta mate\" class=\"wp-image-3461\" srcset=\"https:\/\/www.yongjianceramic.com\/wp-content\/uploads\/2024\/09\/Square-Shaped-Porcelain-Plates-Wholesale-9-Inch-11-Inch-Dinner-Plates-Bulk-3.webp 750w, https:\/\/www.yongjianceramic.com\/wp-content\/uploads\/2024\/09\/Square-Shaped-Porcelain-Plates-Wholesale-9-Inch-11-Inch-Dinner-Plates-Bulk-3-300x300.webp 300w, https:\/\/www.yongjianceramic.com\/wp-content\/uploads\/2024\/09\/Square-Shaped-Porcelain-Plates-Wholesale-9-Inch-11-Inch-Dinner-Plates-Bulk-3-150x150.webp 150w, https:\/\/www.yongjianceramic.com\/wp-content\/uploads\/2024\/09\/Square-Shaped-Porcelain-Plates-Wholesale-9-Inch-11-Inch-Dinner-Plates-Bulk-3-12x12.webp 12w, https:\/\/www.yongjianceramic.com\/wp-content\/uploads\/2024\/09\/Square-Shaped-Porcelain-Plates-Wholesale-9-Inch-11-Inch-Dinner-Plates-Bulk-3-285x285.webp 285w, https:\/\/www.yongjianceramic.com\/wp-content\/uploads\/2024\/09\/Square-Shaped-Porcelain-Plates-Wholesale-9-Inch-11-Inch-Dinner-Plates-Bulk-3-270x270.webp 270w, https:\/\/www.yongjianceramic.com\/wp-content\/uploads\/2024\/09\/Square-Shaped-Porcelain-Plates-Wholesale-9-Inch-11-Inch-Dinner-Plates-Bulk-3-540x540.webp 540w, https:\/\/www.yongjianceramic.com\/wp-content\/uploads\/2024\/09\/Square-Shaped-Porcelain-Plates-Wholesale-9-Inch-11-Inch-Dinner-Plates-Bulk-3-660x660.webp 660w\" sizes=\"(max-width: 750px) 100vw, 750px\" \/><\/figure>\n<\/div><\/div>\n<\/div>","protected":false},"excerpt":{"rendered":"<p>Bem-vindo \u00e0 compra de pratos de jantar a granel. Os nossos pratos quadrados de porcelana por atacado adoptam um design elegante e est\u00e3o dispon\u00edveis em preto e branco e nos tamanhos de 9 e 11 polegadas. \u00c9 bonito e pr\u00e1tico, adequado para uma variedade de ocasi\u00f5es.<\/p>\n<table style=\"border-collapse: collapse; width: 325.02pt;\" border=\"0\" width=\"325\" cellspacing=\"0\" cellpadding=\"0\">\n<tbody>\n<tr style=\"height: 17.60pt;\">\n<td class=\"et3\" style=\"height: 17.60pt; width: 120.25pt;\" width=\"120\" height=\"17\">Fabricante<\/td>\n<td class=\"et3\" style=\"width: 204.75pt;\" width=\"204\">Yongjian<\/td>\n<\/tr>\n<tr style=\"height: 36.00pt;\">\n<td class=\"et3\" style=\"height: 36.00pt;\" height=\"36\">Modelo n.<\/td>\n<td class=\"et4\" style=\"width: 204.75pt;\" width=\"204\">YJ-040, 9 polegadas<br \/>YJ-041, 11 polegadas<\/td>\n<\/tr>\n<tr style=\"height: 17.60pt;\">\n<td class=\"et3\" style=\"height: 17.60pt;\" height=\"17\">Tipo de produto<\/td>\n<td class=\"et3\">Prato de jantar<\/td>\n<\/tr>\n<tr style=\"height: 17.60pt;\">\n<td class=\"et3\" style=\"height: 17.60pt;\" height=\"17\">Material<\/td>\n<td class=\"et3\">Porcelana<\/td>\n<\/tr>\n<tr style=\"height: 17.60pt;\">\n<td class=\"et5\" style=\"height: 17.60pt;\" height=\"17\">Cor<\/td>\n<td class=\"et3\">Branco\/preto<\/td>\n<\/tr>\n<tr style=\"height: 36.00pt;\">\n<td class=\"et3\" style=\"height: 36.00pt;\" height=\"36\">Dimens\u00e3o<\/td>\n<td class=\"et6\" style=\"width: 204.75pt;\" width=\"204\">23*23*2.3<br \/>28*28*2.3<\/td>\n<\/tr>\n<tr style=\"height: 17.60pt;\">\n<td class=\"et3\" style=\"height: 17.60pt;\" height=\"17\">MOQ<\/td>\n<td class=\"et3\">500 unidades<\/td>\n<\/tr>\n<tr style=\"height: 17.60pt;\">\n<td class=\"et3\" style=\"height: 17.60pt;\" height=\"17\">Personalizado<\/td>\n<td class=\"et3\">Cor\/tamanho\/log\u00f3tipo\/embalagem<\/td>\n<\/tr>\n<\/tbody>\n<\/table>","protected":false},"featured_media":3463,"comment_status":"closed","ping_status":"closed","template":"","meta":{"_acf_changed":false},"product_brand":[],"product_cat":[93,62],"product_tag":[96],"class_list":{"0":"post-3458","1":"product","2":"type-product","3":"status-publish","4":"has-post-thumbnail","6":"product_cat-bulk-dinner-plates","7":"product_cat-ceramic-plates-wholesale","8":"product_tag-black-white-dinnerware-wholesale","10":"first","11":"instock","12":"shipping-taxable","13":"product-type-simple"},"acf":[],"_links":{"self":[{"href":"https:\/\/www.yongjianceramic.com\/pt\/wp-json\/wp\/v2\/product\/3458","targetHints":{"allow":["GET"]}}],"collection":[{"href":"https:\/\/www.yongjianceramic.com\/pt\/wp-json\/wp\/v2\/product"}],"about":[{"href":"https:\/\/www.yongjianceramic.com\/pt\/wp-json\/wp\/v2\/types\/product"}],"replies":[{"embeddable":true,"href":"https:\/\/www.yongjianceramic.com\/pt\/wp-json\/wp\/v2\/comments?post=3458"}],"wp:featuredmedia":[{"embeddable":true,"href":"https:\/\/www.yongjianceramic.com\/pt\/wp-json\/wp\/v2\/media\/3463"}],"wp:attachment":[{"href":"https:\/\/www.yongjianceramic.com\/pt\/wp-json\/wp\/v2\/media?parent=3458"}],"wp:term":[{"taxonomy":"product_brand","embeddable":true,"href":"https:\/\/www.yongjianceramic.com\/pt\/wp-json\/wp\/v2\/product_brand?post=3458"},{"taxonomy":"product_cat","embeddable":true,"href":"https:\/\/www.yongjianceramic.com\/pt\/wp-json\/wp\/v2\/product_cat?post=3458"},{"taxonomy":"product_tag","embeddable":true,"href":"https:\/\/www.yongjianceramic.com\/pt\/wp-json\/wp\/v2\/product_tag?post=3458"}],"curies":[{"name":"wp","href":"https:\/\/api.w.org\/{rel}","templated":true}]}}