{"id":3467,"date":"2024-09-18T08:40:13","date_gmt":"2024-09-18T08:40:13","guid":{"rendered":"https:\/\/www.yongjianceramic.com\/?post_type=product&#038;p=3467"},"modified":"2024-09-20T09:11:24","modified_gmt":"2024-09-20T09:11:24","slug":"bulk-serving-bowls","status":"publish","type":"product","link":"https:\/\/www.yongjianceramic.com\/pt\/produto\/bulk-serving-bowls\/","title":{"rendered":"Tigelas de servir a granel de 10 polegadas para guisado, tigelas de sopa de cer\u00e2mica por atacado"},"content":{"rendered":"<div class=\"wp-block-columns is-layout-flex wp-container-core-columns-is-layout-9d6595d7 wp-block-columns-is-layout-flex\">\n<div class=\"wp-block-column is-layout-flow wp-block-column-is-layout-flow\">\n<h2 class=\"wp-block-heading\">Ta\u00e7as de servir a granel Premium Carater\u00edsticas:<\/h2>\n\n\n\n<ul class=\"wp-block-list\">\n<li><strong>Adequado para uma grande variedade de pratos:<\/strong> O design das nossas ta\u00e7as de servir a granel proporciona espa\u00e7o suficiente para uma variedade de pratos de sopa, como sopa de peixe com couve em conserva, etc., para satisfazer as diversas necessidades dos restaurantes e das refei\u00e7\u00f5es em casa.<\/li>\n\n\n\n<li><strong>Op\u00e7\u00f5es de duas cores para satisfazer diversas necessidades:<\/strong> As nossas tigelas de sopa de cer\u00e2mica por grosso est\u00e3o dispon\u00edveis em duas cores cl\u00e1ssicas: branco e preto. As tigelas brancas a granel s\u00e3o simples e elegantes, destacando a cor e a textura dos pr\u00f3prios alimentos, e os pratos pretos a granel d\u00e3o aos utens\u00edlios de mesa um toque moderno e sofisticado, o que \u00e9 particularmente adequado para ocasi\u00f5es de jantar sofisticadas ou para a apresenta\u00e7\u00e3o de cozinha criativa.<\/li>\n\n\n\n<li><strong>F\u00e1cil de limpar e manter:<\/strong> Estas ta\u00e7as de servir a granel t\u00eam uma superf\u00edcie lisa e plana, n\u00e3o se mancham facilmente e s\u00e3o muito pr\u00e1ticas de limpar, o que melhora consideravelmente a efici\u00eancia do trabalho e reduz o tempo e a energia necess\u00e1rios para a limpeza manual.<\/li>\n\n\n\n<li><strong>Materiais de alta qualidade, duradouros:<\/strong> As nossas tigelas de sopa de cer\u00e2mica por atacado s\u00e3o cuidadosamente feitas de argila de porcelana selecionada de alta qualidade. Este material n\u00e3o s\u00f3 garante a resist\u00eancia da placa, como tamb\u00e9m lhe confere uma boa estabilidade t\u00e9rmica, n\u00e3o se deformando nem produzindo odores, mesmo quando utilizado a altas temperaturas durante muito tempo.<\/li>\n<\/ul>\n<\/div>\n\n\n\n<div class=\"wp-block-column is-vertically-aligned-center is-layout-flow wp-block-column-is-layout-flow\"><div class=\"wp-block-image\">\n<figure class=\"aligncenter size-full\"><img fetchpriority=\"high\" decoding=\"async\" width=\"750\" height=\"750\" src=\"https:\/\/www.yongjianceramic.com\/wp-content\/uploads\/2024\/09\/10-Inch-Bulk-Serving-Bowls-For-Stew-Ceramic-Soup-Bowls-wholesale-2.webp\" alt=\"Ta\u00e7as de servir a granel de 10 polegadas para guisado, ta\u00e7as de sopa em cer\u00e2mica grossista-2\" class=\"wp-image-3502\" srcset=\"https:\/\/www.yongjianceramic.com\/wp-content\/uploads\/2024\/09\/10-Inch-Bulk-Serving-Bowls-For-Stew-Ceramic-Soup-Bowls-wholesale-2.webp 750w, https:\/\/www.yongjianceramic.com\/wp-content\/uploads\/2024\/09\/10-Inch-Bulk-Serving-Bowls-For-Stew-Ceramic-Soup-Bowls-wholesale-2-300x300.webp 300w, https:\/\/www.yongjianceramic.com\/wp-content\/uploads\/2024\/09\/10-Inch-Bulk-Serving-Bowls-For-Stew-Ceramic-Soup-Bowls-wholesale-2-150x150.webp 150w, https:\/\/www.yongjianceramic.com\/wp-content\/uploads\/2024\/09\/10-Inch-Bulk-Serving-Bowls-For-Stew-Ceramic-Soup-Bowls-wholesale-2-12x12.webp 12w, https:\/\/www.yongjianceramic.com\/wp-content\/uploads\/2024\/09\/10-Inch-Bulk-Serving-Bowls-For-Stew-Ceramic-Soup-Bowls-wholesale-2-285x285.webp 285w, https:\/\/www.yongjianceramic.com\/wp-content\/uploads\/2024\/09\/10-Inch-Bulk-Serving-Bowls-For-Stew-Ceramic-Soup-Bowls-wholesale-2-270x270.webp 270w, https:\/\/www.yongjianceramic.com\/wp-content\/uploads\/2024\/09\/10-Inch-Bulk-Serving-Bowls-For-Stew-Ceramic-Soup-Bowls-wholesale-2-540x540.webp 540w, https:\/\/www.yongjianceramic.com\/wp-content\/uploads\/2024\/09\/10-Inch-Bulk-Serving-Bowls-For-Stew-Ceramic-Soup-Bowls-wholesale-2-660x660.webp 660w\" sizes=\"(max-width: 750px) 100vw, 750px\" \/><\/figure>\n<\/div><\/div>\n<\/div>","protected":false},"excerpt":{"rendered":"<p>Bem-vindo ao comprar tigelas de sopa de cer\u00e2mica por atacado. As nossas ta\u00e7as de servir a granel s\u00e3o ideais para todos os tipos de restaurantes e podem satisfazer as necessidades de servir v\u00e1rios pratos de sopa. O seu design f\u00e1cil de limpar e de alta qualidade garante praticidade e beleza. Bem-vindo ao inqu\u00e9rito!<\/p>\n<table style=\"border-collapse: collapse; width: 325.02pt;\" border=\"0\" width=\"325\" cellspacing=\"0\" cellpadding=\"0\">\n<tbody>\n<tr style=\"height: 17.60pt;\">\n<td class=\"et3\" style=\"height: 17.60pt; width: 120.25pt;\" width=\"120\" height=\"17\">Fabricante<\/td>\n<td class=\"et3\" style=\"width: 204.75pt;\" width=\"204\">Yongjian<\/td>\n<\/tr>\n<tr style=\"height: 18.00pt;\">\n<td class=\"et3\" style=\"height: 18.00pt;\" height=\"18\">Modelo n.<\/td>\n<td class=\"et4\" style=\"width: 204.75pt;\" width=\"204\">YJ-042<\/td>\n<\/tr>\n<tr style=\"height: 17.60pt;\">\n<td class=\"et3\" style=\"height: 17.60pt;\" height=\"17\">Tipo de produto<\/td>\n<td class=\"et3\">Prato fundo, travessa de servir<\/td>\n<\/tr>\n<tr style=\"height: 17.60pt;\">\n<td class=\"et3\" style=\"height: 17.60pt;\" height=\"17\">Material<\/td>\n<td class=\"et3\">Porcelana<\/td>\n<\/tr>\n<tr style=\"height: 17.60pt;\">\n<td class=\"et5\" style=\"height: 17.60pt;\" height=\"17\">Cor<\/td>\n<td class=\"et3\">Branco\/preto<\/td>\n<\/tr>\n<tr style=\"height: 18.00pt;\">\n<td class=\"et3\" style=\"height: 18.00pt;\" height=\"18\">Dimens\u00e3o<\/td>\n<td class=\"et6\" style=\"width: 204.75pt;\" width=\"204\">25.5*25.5*7<\/td>\n<\/tr>\n<tr style=\"height: 17.60pt;\">\n<td class=\"et3\" style=\"height: 17.60pt;\" height=\"17\">MOQ<\/td>\n<td class=\"et3\">500 unidades<\/td>\n<\/tr>\n<tr style=\"height: 17.60pt;\">\n<td class=\"et3\" style=\"height: 17.60pt;\" height=\"17\">Personalizado<\/td>\n<td class=\"et3\">Cor\/tamanho\/log\u00f3tipo\/embalagem<\/td>\n<\/tr>\n<\/tbody>\n<\/table>","protected":false},"featured_media":3505,"comment_status":"closed","ping_status":"closed","template":"","meta":{"_acf_changed":false},"product_brand":[],"product_cat":[74,63],"product_tag":[96],"class_list":{"0":"post-3467","1":"product","2":"type-product","3":"status-publish","4":"has-post-thumbnail","6":"product_cat-bulk-serving-bowls","7":"product_cat-wholesale-bowls","8":"product_tag-black-white-dinnerware-wholesale","10":"first","11":"instock","12":"shipping-taxable","13":"product-type-simple"},"acf":[],"_links":{"self":[{"href":"https:\/\/www.yongjianceramic.com\/pt\/wp-json\/wp\/v2\/product\/3467","targetHints":{"allow":["GET"]}}],"collection":[{"href":"https:\/\/www.yongjianceramic.com\/pt\/wp-json\/wp\/v2\/product"}],"about":[{"href":"https:\/\/www.yongjianceramic.com\/pt\/wp-json\/wp\/v2\/types\/product"}],"replies":[{"embeddable":true,"href":"https:\/\/www.yongjianceramic.com\/pt\/wp-json\/wp\/v2\/comments?post=3467"}],"wp:featuredmedia":[{"embeddable":true,"href":"https:\/\/www.yongjianceramic.com\/pt\/wp-json\/wp\/v2\/media\/3505"}],"wp:attachment":[{"href":"https:\/\/www.yongjianceramic.com\/pt\/wp-json\/wp\/v2\/media?parent=3467"}],"wp:term":[{"taxonomy":"product_brand","embeddable":true,"href":"https:\/\/www.yongjianceramic.com\/pt\/wp-json\/wp\/v2\/product_brand?post=3467"},{"taxonomy":"product_cat","embeddable":true,"href":"https:\/\/www.yongjianceramic.com\/pt\/wp-json\/wp\/v2\/product_cat?post=3467"},{"taxonomy":"product_tag","embeddable":true,"href":"https:\/\/www.yongjianceramic.com\/pt\/wp-json\/wp\/v2\/product_tag?post=3467"}],"curies":[{"name":"wp","href":"https:\/\/api.w.org\/{rel}","templated":true}]}}