{"id":3519,"date":"2024-09-20T09:09:53","date_gmt":"2024-09-20T09:09:53","guid":{"rendered":"https:\/\/www.yongjianceramic.com\/?post_type=product&#038;p=3519"},"modified":"2025-11-19T14:53:34","modified_gmt":"2025-11-19T06:53:34","slug":"bulk-dinnerware-red","status":"publish","type":"product","link":"https:\/\/www.yongjianceramic.com\/pt\/produto\/bulk-dinnerware-red\/","title":{"rendered":"Loi\u00e7a de jantar a granel de estilo retro, pratos e ta\u00e7as de cer\u00e2mica vermelha por grosso"},"content":{"rendered":"<div class=\"wp-block-columns is-layout-flex wp-container-core-columns-is-layout-9d6595d7 wp-block-columns-is-layout-flex\">\n<div class=\"wp-block-column is-layout-flow wp-block-column-is-layout-flow\">\n<h2 class=\"wp-block-heading\">Servi\u00e7o de jantar Premium Bulk Carater\u00edsticas:<\/h2>\n\n\n\n<ul class=\"wp-block-list\">\n<li><strong>Design cl\u00e1ssico retro: <\/strong>O conjunto de lou\u00e7a de cer\u00e2mica vermelha a granel foi concebido num estilo retro cl\u00e1ssico. A cor vermelha viva e a forma \u00fanica d\u00e3o um toque de cor viva \u00e0 mesa de jantar, cheia de nostalgia.<\/li>\n\n\n\n<li><strong>Material cer\u00e2mico de alta qualidade:<\/strong> Cada um dos nossos pratos e tigelas por grosso \u00e9 fabricado em cer\u00e2mica de alta qualidade e cozido a alta temperatura, o que resulta num produto resistente e duradouro, facilmente resistente ao calor e aos riscos para uso di\u00e1rio.<\/li>\n\n\n\n<li><strong>Sele\u00e7\u00e3o diversificada de utens\u00edlios de mesa: <\/strong>O conjunto de lou\u00e7a de mesa a granel inclui, em m\u00e9dia, uma variedade de pratos e tigelas em tamanhos que satisfazem v\u00e1rias necessidades gastron\u00f3micas, seja para reuni\u00f5es familiares ou para uso em restaurantes, sendo capaz de criar uma experi\u00eancia completa \u00e0 mesa de jantar.<\/li>\n\n\n\n<li><strong>Servi\u00e7os por grosso e personalizados: <\/strong>Para satisfazer as necessidades de diferentes clientes, fornecemos solu\u00e7\u00f5es flex\u00edveis de venda por grosso para pratos e ta\u00e7as por grosso e apoiamos servi\u00e7os personalizados para garantir que cada projeto possa criar um estilo \u00fanico de loi\u00e7a de mesa.<\/li>\n<\/ul>\n<\/div>\n\n\n\n<div class=\"wp-block-column is-vertically-aligned-center is-layout-flow wp-block-column-is-layout-flow\"><div class=\"wp-block-image\">\n<figure class=\"aligncenter size-full\"><img fetchpriority=\"high\" decoding=\"async\" width=\"800\" height=\"800\" src=\"https:\/\/www.yongjianceramic.com\/wp-content\/uploads\/2024\/09\/Retro-Style-Bulk-Dinnerware-Red-Ceramic-Plates-Bowls-Set-1.webp\" alt=\"Servi\u00e7o de jantar a granel de estilo retro, Conjunto de pratos e ta\u00e7as de cer\u00e2mica vermelha-1\" class=\"wp-image-3520\" srcset=\"https:\/\/www.yongjianceramic.com\/wp-content\/uploads\/2024\/09\/Retro-Style-Bulk-Dinnerware-Red-Ceramic-Plates-Bowls-Set-1.webp 800w, https:\/\/www.yongjianceramic.com\/wp-content\/uploads\/2024\/09\/Retro-Style-Bulk-Dinnerware-Red-Ceramic-Plates-Bowls-Set-1-300x300.webp 300w, https:\/\/www.yongjianceramic.com\/wp-content\/uploads\/2024\/09\/Retro-Style-Bulk-Dinnerware-Red-Ceramic-Plates-Bowls-Set-1-150x150.webp 150w, https:\/\/www.yongjianceramic.com\/wp-content\/uploads\/2024\/09\/Retro-Style-Bulk-Dinnerware-Red-Ceramic-Plates-Bowls-Set-1-768x768.webp 768w, https:\/\/www.yongjianceramic.com\/wp-content\/uploads\/2024\/09\/Retro-Style-Bulk-Dinnerware-Red-Ceramic-Plates-Bowls-Set-1-12x12.webp 12w, https:\/\/www.yongjianceramic.com\/wp-content\/uploads\/2024\/09\/Retro-Style-Bulk-Dinnerware-Red-Ceramic-Plates-Bowls-Set-1-285x285.webp 285w, https:\/\/www.yongjianceramic.com\/wp-content\/uploads\/2024\/09\/Retro-Style-Bulk-Dinnerware-Red-Ceramic-Plates-Bowls-Set-1-270x270.webp 270w, https:\/\/www.yongjianceramic.com\/wp-content\/uploads\/2024\/09\/Retro-Style-Bulk-Dinnerware-Red-Ceramic-Plates-Bowls-Set-1-540x540.webp 540w, https:\/\/www.yongjianceramic.com\/wp-content\/uploads\/2024\/09\/Retro-Style-Bulk-Dinnerware-Red-Ceramic-Plates-Bowls-Set-1-660x660.webp 660w\" sizes=\"(max-width: 800px) 100vw, 800px\" \/><\/figure>\n<\/div><\/div>\n<\/div>","protected":false},"excerpt":{"rendered":"<p>Bem-vindo \u00e0 compra de pratos e tigelas por grosso. Este conjunto de lou\u00e7a de mesa vermelha em estilo retro \u00e9 proveniente de um per\u00edodo cl\u00e1ssico retro, apresentando materiais cer\u00e2micos de alta qualidade, um belo acabamento e qualidade. Pode ser utilizado em muitos cen\u00e1rios diferentes \u00e0 mesa de jantar. As op\u00e7\u00f5es \u00e0 escolha e os servi\u00e7os por grosso ajust\u00e1veis tornam-no ainda mais desej\u00e1vel para restaurantes de estilo retro e uso dom\u00e9stico.<\/p>\n<table style=\"border-collapse: collapse; width: 309.02pt;\" border=\"0\" width=\"309\" cellspacing=\"0\" cellpadding=\"0\">\n<tbody>\n<tr style=\"height: 17.60pt;\">\n<td class=\"et3\" style=\"height: 17.60pt; width: 120.25pt;\" width=\"120\" height=\"17\">Fabricante<\/td>\n<td class=\"et3\" style=\"width: 189.25pt;\" width=\"189\">Yongjian<\/td>\n<\/tr>\n<tr style=\"height: 18.00pt;\">\n<td class=\"et3\" style=\"height: 18.00pt;\" height=\"18\">Modelo n.<\/td>\n<td class=\"et4\" style=\"width: 189.25pt;\" width=\"189\">YJ-058<\/td>\n<\/tr>\n<tr style=\"height: 18.00pt;\">\n<td class=\"et5\" style=\"height: 18.00pt; width: 120.25pt;\" width=\"120\" height=\"18\">Tipo de lou\u00e7a<\/td>\n<td class=\"et5\" style=\"width: 189.25pt;\" width=\"189\">Pratos, travessas, ta\u00e7as<\/td>\n<\/tr>\n<tr style=\"height: 17.60pt;\">\n<td class=\"et3\" style=\"height: 17.60pt;\" height=\"17\">T\u00e9cnica<\/td>\n<td class=\"et3\">Efeito de esmalte de forno<\/td>\n<\/tr>\n<tr style=\"height: 17.60pt;\">\n<td class=\"et3\" style=\"height: 17.60pt;\" height=\"17\">Material<\/td>\n<td class=\"et3\">Porcelana<\/td>\n<\/tr>\n<tr style=\"height: 36.00pt;\">\n<td class=\"et6\" style=\"height: 36.00pt;\" height=\"36\">Aplic\u00e1vel<\/td>\n<td class=\"et5\" style=\"width: 189.25pt;\" width=\"189\">Esterilizador, M\u00e1quina de lavar loi\u00e7a, Forno, Micro-ondas<\/td>\n<\/tr>\n<tr style=\"height: 17.60pt;\">\n<td class=\"et3\" style=\"height: 17.60pt;\" height=\"17\">Dimens\u00e3o<\/td>\n<td class=\"et3\">Como imagem<\/td>\n<\/tr>\n<tr style=\"height: 17.60pt;\">\n<td class=\"et3\" style=\"height: 17.60pt;\" height=\"17\">MOQ<\/td>\n<td class=\"et3\">500 unidades<\/td>\n<\/tr>\n<tr style=\"height: 17.60pt;\">\n<td class=\"et3\" style=\"height: 17.60pt;\" height=\"17\">Personalizado<\/td>\n<td class=\"et3\">Cor\/tamanho\/log\u00f3tipo\/embalagem<\/td>\n<\/tr>\n<\/tbody>\n<\/table>","protected":false},"featured_media":3527,"comment_status":"closed","ping_status":"closed","template":"","meta":{"_acf_changed":false},"product_brand":[],"product_cat":[64,83],"product_tag":[84],"class_list":{"0":"post-3519","1":"product","2":"type-product","3":"status-publish","4":"has-post-thumbnail","6":"product_cat-dinnerware-sets","7":"product_cat-dinner-sets-wholesale","8":"product_tag-retro-design-dinnerware-wholesale","10":"first","11":"instock","12":"shipping-taxable","13":"product-type-simple"},"acf":[],"_links":{"self":[{"href":"https:\/\/www.yongjianceramic.com\/pt\/wp-json\/wp\/v2\/product\/3519","targetHints":{"allow":["GET"]}}],"collection":[{"href":"https:\/\/www.yongjianceramic.com\/pt\/wp-json\/wp\/v2\/product"}],"about":[{"href":"https:\/\/www.yongjianceramic.com\/pt\/wp-json\/wp\/v2\/types\/product"}],"replies":[{"embeddable":true,"href":"https:\/\/www.yongjianceramic.com\/pt\/wp-json\/wp\/v2\/comments?post=3519"}],"wp:featuredmedia":[{"embeddable":true,"href":"https:\/\/www.yongjianceramic.com\/pt\/wp-json\/wp\/v2\/media\/3527"}],"wp:attachment":[{"href":"https:\/\/www.yongjianceramic.com\/pt\/wp-json\/wp\/v2\/media?parent=3519"}],"wp:term":[{"taxonomy":"product_brand","embeddable":true,"href":"https:\/\/www.yongjianceramic.com\/pt\/wp-json\/wp\/v2\/product_brand?post=3519"},{"taxonomy":"product_cat","embeddable":true,"href":"https:\/\/www.yongjianceramic.com\/pt\/wp-json\/wp\/v2\/product_cat?post=3519"},{"taxonomy":"product_tag","embeddable":true,"href":"https:\/\/www.yongjianceramic.com\/pt\/wp-json\/wp\/v2\/product_tag?post=3519"}],"curies":[{"name":"wp","href":"https:\/\/api.w.org\/{rel}","templated":true}]}}