{"id":3533,"date":"2024-09-20T09:54:55","date_gmt":"2024-09-20T09:54:55","guid":{"rendered":"https:\/\/www.yongjianceramic.com\/?post_type=product&#038;p=3533"},"modified":"2024-09-20T10:06:41","modified_gmt":"2024-09-20T10:06:41","slug":"blue-bulk-crockery","status":"publish","type":"product","link":"https:\/\/www.yongjianceramic.com\/pt\/produto\/blue-bulk-crockery\/","title":{"rendered":"Conjunto de lou\u00e7a azul de estilo retro, lou\u00e7a de mesa de porcelana por atacado"},"content":{"rendered":"<div class=\"wp-block-columns is-layout-flex wp-container-core-columns-is-layout-9d6595d7 wp-block-columns-is-layout-flex\">\n<div class=\"wp-block-column is-layout-flow wp-block-column-is-layout-flow\">\n<h2 class=\"wp-block-heading\">Lou\u00e7a Premium a granel Carater\u00edsticas:<\/h2>\n\n\n\n<ul class=\"wp-block-list\">\n<li><strong>Elegante azul retro:<\/strong> Este conjunto de loi\u00e7a azul a granel foi concebido num estilo retro cl\u00e1ssico. A elegante combina\u00e7\u00e3o de tons azuis faz com que os utens\u00edlios de mesa exalem um encanto retro \u00fanico, que \u00e9 adequado para restaurantes de luxo e fam\u00edlias para real\u00e7ar o sabor da mesa.<\/li>\n\n\n\n<li><strong>Material de porcelana de alta qualidade: <\/strong>Cada pe\u00e7a de lou\u00e7a de porcelana por atacado utiliza porcelana de alta qualidade cozida a alta temperatura para garantir a sua superf\u00edcie lisa e excelente durabilidade. \u00c9 tamb\u00e9m resistente ao calor e aos riscos, adequada para uma utiliza\u00e7\u00e3o a longo prazo.<\/li>\n\n\n\n<li><strong>Diversas combina\u00e7\u00f5es de conjuntos: <\/strong>Os nossos conjuntos de loi\u00e7a a granel incluem tigelas, pratos, copos, etc. de v\u00e1rios tamanhos para satisfazer as necessidades de v\u00e1rias ocasi\u00f5es de refei\u00e7\u00e3o. \u00c9 adequado tanto para uso familiar quotidiano como para grandes espa\u00e7os de restaura\u00e7\u00e3o.<\/li>\n\n\n\n<li><strong>Op\u00e7\u00f5es por grosso e personalizadas:<\/strong> Fornecemos servi\u00e7os por atacado para lou\u00e7a de mesa de porcelana por atacado para garantir o fornecimento da demanda de grande volume, enquanto apoiamos a personaliza\u00e7\u00e3o personalizada para tornar o design de lou\u00e7a de mesa do cliente mais distinto e atender aos requisitos de diferentes projetos.<\/li>\n<\/ul>\n<\/div>\n\n\n\n<div class=\"wp-block-column is-vertically-aligned-center is-layout-flow wp-block-column-is-layout-flow\"><div class=\"wp-block-image\">\n<figure class=\"aligncenter size-full\"><img fetchpriority=\"high\" decoding=\"async\" width=\"800\" height=\"800\" src=\"https:\/\/www.yongjianceramic.com\/wp-content\/uploads\/2024\/09\/Retro-Style-Blue-Bulk-Crockery-Set-Porcelain-Tableware-Wholesale4.webp\" alt=\"Conjunto de lou\u00e7a azul estilo retro, lou\u00e7a de mesa de porcelana por atacado(4)\" class=\"wp-image-3537\" srcset=\"https:\/\/www.yongjianceramic.com\/wp-content\/uploads\/2024\/09\/Retro-Style-Blue-Bulk-Crockery-Set-Porcelain-Tableware-Wholesale4.webp 800w, https:\/\/www.yongjianceramic.com\/wp-content\/uploads\/2024\/09\/Retro-Style-Blue-Bulk-Crockery-Set-Porcelain-Tableware-Wholesale4-300x300.webp 300w, https:\/\/www.yongjianceramic.com\/wp-content\/uploads\/2024\/09\/Retro-Style-Blue-Bulk-Crockery-Set-Porcelain-Tableware-Wholesale4-150x150.webp 150w, https:\/\/www.yongjianceramic.com\/wp-content\/uploads\/2024\/09\/Retro-Style-Blue-Bulk-Crockery-Set-Porcelain-Tableware-Wholesale4-768x768.webp 768w, https:\/\/www.yongjianceramic.com\/wp-content\/uploads\/2024\/09\/Retro-Style-Blue-Bulk-Crockery-Set-Porcelain-Tableware-Wholesale4-12x12.webp 12w, https:\/\/www.yongjianceramic.com\/wp-content\/uploads\/2024\/09\/Retro-Style-Blue-Bulk-Crockery-Set-Porcelain-Tableware-Wholesale4-285x285.webp 285w, https:\/\/www.yongjianceramic.com\/wp-content\/uploads\/2024\/09\/Retro-Style-Blue-Bulk-Crockery-Set-Porcelain-Tableware-Wholesale4-270x270.webp 270w, https:\/\/www.yongjianceramic.com\/wp-content\/uploads\/2024\/09\/Retro-Style-Blue-Bulk-Crockery-Set-Porcelain-Tableware-Wholesale4-540x540.webp 540w, https:\/\/www.yongjianceramic.com\/wp-content\/uploads\/2024\/09\/Retro-Style-Blue-Bulk-Crockery-Set-Porcelain-Tableware-Wholesale4-660x660.webp 660w\" sizes=\"(max-width: 800px) 100vw, 800px\" \/><\/figure>\n<\/div><\/div>\n<\/div>","protected":false},"excerpt":{"rendered":"<p>Bem-vindo \u00e0 compra de lou\u00e7a de porcelana por atacado, o nosso conjunto de lou\u00e7a azul retro a granel combina um design retro cl\u00e1ssico e materiais de porcelana de alta qualidade, que \u00e9 dur\u00e1vel e bonito, adequado para v\u00e1rias cenas de mesa de jantar. A sele\u00e7\u00e3o diversificada de utens\u00edlios de mesa e os servi\u00e7os de personaliza\u00e7\u00e3o por atacado tornam-no a escolha ideal para restaurantes e fam\u00edlias sofisticados.<\/p>\n<table style=\"border-collapse: collapse; width: 309.02pt;\" border=\"0\" width=\"309\" cellspacing=\"0\" cellpadding=\"0\">\n<tbody>\n<tr style=\"height: 17.60pt;\">\n<td class=\"et3\" style=\"height: 17.60pt; width: 120.25pt;\" width=\"120\" height=\"17\">Fabricante<\/td>\n<td class=\"et3\" style=\"width: 189.25pt;\" width=\"189\">Yongjian<\/td>\n<\/tr>\n<tr style=\"height: 18.00pt;\">\n<td class=\"et3\" style=\"height: 18.00pt;\" height=\"18\">Modelo n.<\/td>\n<td class=\"et4\" style=\"width: 189.25pt;\" width=\"189\">YJ-059<\/td>\n<\/tr>\n<tr style=\"height: 18.00pt;\">\n<td class=\"et5\" style=\"height: 18.00pt; width: 120.25pt;\" width=\"120\" height=\"18\">Tipo de lou\u00e7a<\/td>\n<td class=\"et5\" style=\"width: 189.25pt;\" width=\"189\">Pratos, travessas, ta\u00e7as<\/td>\n<\/tr>\n<tr style=\"height: 17.60pt;\">\n<td class=\"et3\" style=\"height: 17.60pt;\" height=\"17\">T\u00e9cnica<\/td>\n<td class=\"et3\">Efeito de esmalte de forno<\/td>\n<\/tr>\n<tr style=\"height: 17.60pt;\">\n<td class=\"et3\" style=\"height: 17.60pt;\" height=\"17\">Material<\/td>\n<td class=\"et3\">Porcelana<\/td>\n<\/tr>\n<tr style=\"height: 36.00pt;\">\n<td class=\"et6\" style=\"height: 36.00pt;\" height=\"36\">Aplic\u00e1vel<\/td>\n<td class=\"et5\" style=\"width: 189.25pt;\" width=\"189\">Esterilizador, M\u00e1quina de lavar loi\u00e7a, Forno, Micro-ondas<\/td>\n<\/tr>\n<tr style=\"height: 17.60pt;\">\n<td class=\"et3\" style=\"height: 17.60pt;\" height=\"17\">Dimens\u00e3o<\/td>\n<td class=\"et3\">Como imagem<\/td>\n<\/tr>\n<tr style=\"height: 17.60pt;\">\n<td class=\"et3\" style=\"height: 17.60pt;\" height=\"17\">MOQ<\/td>\n<td class=\"et3\">500 unidades<\/td>\n<\/tr>\n<tr style=\"height: 17.60pt;\">\n<td class=\"et3\" style=\"height: 17.60pt;\" height=\"17\">Personalizado<\/td>\n<td class=\"et3\">Cor\/tamanho\/log\u00f3tipo\/embalagem<\/td>\n<\/tr>\n<\/tbody>\n<\/table>","protected":false},"featured_media":3540,"comment_status":"closed","ping_status":"closed","template":"","meta":{"_acf_changed":false},"product_brand":[],"product_cat":[64,83],"product_tag":[84],"class_list":{"0":"post-3533","1":"product","2":"type-product","3":"status-publish","4":"has-post-thumbnail","6":"product_cat-dinnerware-sets","7":"product_cat-dinner-sets-wholesale","8":"product_tag-retro-design-dinnerware-wholesale","10":"first","11":"instock","12":"shipping-taxable","13":"product-type-simple"},"acf":[],"_links":{"self":[{"href":"https:\/\/www.yongjianceramic.com\/pt\/wp-json\/wp\/v2\/product\/3533","targetHints":{"allow":["GET"]}}],"collection":[{"href":"https:\/\/www.yongjianceramic.com\/pt\/wp-json\/wp\/v2\/product"}],"about":[{"href":"https:\/\/www.yongjianceramic.com\/pt\/wp-json\/wp\/v2\/types\/product"}],"replies":[{"embeddable":true,"href":"https:\/\/www.yongjianceramic.com\/pt\/wp-json\/wp\/v2\/comments?post=3533"}],"wp:featuredmedia":[{"embeddable":true,"href":"https:\/\/www.yongjianceramic.com\/pt\/wp-json\/wp\/v2\/media\/3540"}],"wp:attachment":[{"href":"https:\/\/www.yongjianceramic.com\/pt\/wp-json\/wp\/v2\/media?parent=3533"}],"wp:term":[{"taxonomy":"product_brand","embeddable":true,"href":"https:\/\/www.yongjianceramic.com\/pt\/wp-json\/wp\/v2\/product_brand?post=3533"},{"taxonomy":"product_cat","embeddable":true,"href":"https:\/\/www.yongjianceramic.com\/pt\/wp-json\/wp\/v2\/product_cat?post=3533"},{"taxonomy":"product_tag","embeddable":true,"href":"https:\/\/www.yongjianceramic.com\/pt\/wp-json\/wp\/v2\/product_tag?post=3533"}],"curies":[{"name":"wp","href":"https:\/\/api.w.org\/{rel}","templated":true}]}}