{"id":3543,"date":"2024-09-20T10:07:11","date_gmt":"2024-09-20T10:07:11","guid":{"rendered":"https:\/\/www.yongjianceramic.com\/?post_type=product&#038;p=3543"},"modified":"2024-09-20T10:17:28","modified_gmt":"2024-09-20T10:17:28","slug":"green-custom-dinnerware-sets","status":"publish","type":"product","link":"https:\/\/www.yongjianceramic.com\/pt\/produto\/green-custom-dinnerware-sets\/","title":{"rendered":"Conjuntos de loi\u00e7a personalizada verde retro, loi\u00e7a de cer\u00e2mica a granel"},"content":{"rendered":"<div class=\"wp-block-columns is-layout-flex wp-container-core-columns-is-layout-9d6595d7 wp-block-columns-is-layout-flex\">\n<div class=\"wp-block-column is-layout-flow wp-block-column-is-layout-flow\">\n<h2 class=\"wp-block-heading\">Conjuntos de lou\u00e7a personalizados Premium Carater\u00edsticas:<\/h2>\n\n\n\n<ul class=\"wp-block-list\">\n<li><strong>Design retro \u00fanico: <\/strong>Este conjunto de loi\u00e7a personalizada verde retro apresenta um design retro cl\u00e1ssico. A tonalidade verde suave confere aos utens\u00edlios de mesa um toque nost\u00e1lgico \u00fanico, adequado para uma variedade de estilos de mesa, especialmente ocasi\u00f5es com temas retro e da natureza.<\/li>\n\n\n\n<li><strong>Cer\u00e2mica artesanal de alta qualidade: <\/strong>Os nossos utens\u00edlios de mesa de cer\u00e2mica a granel s\u00e3o fabricados com materiais cer\u00e2micos de alta qualidade e cozidos a altas temperaturas para garantir que os utens\u00edlios de mesa sejam dur\u00e1veis e resistentes a riscos, ao mesmo tempo que t\u00eam um esmalte suave que \u00e9 f\u00e1cil de limpar e dur\u00e1vel.<\/li>\n\n\n\n<li><strong>Servi\u00e7o de personaliza\u00e7\u00e3o flex\u00edvel: <\/strong>Esta s\u00e9rie de conjuntos de lou\u00e7a personalizada por atacado suporta design personalizado. Os clientes podem escolher o tamanho, a forma e o padr\u00e3o dos utens\u00edlios de mesa de acordo com as suas necessidades para criar utens\u00edlios de mesa personalizados.<\/li>\n\n\n\n<li><strong>Fornecimento a granel e qualidade est\u00e1vel: <\/strong>Oferecemos op\u00e7\u00f5es flex\u00edveis de venda por grosso de lou\u00e7a de cer\u00e2mica a granel para garantir a entrega r\u00e1pida de grandes encomendas, e cada lote de produtos \u00e9 submetido a rigorosas inspec\u00e7\u00f5es de qualidade para garantir uma qualidade elevada e consistente.<\/li>\n<\/ul>\n<\/div>\n\n\n\n<div class=\"wp-block-column is-vertically-aligned-center is-layout-flow wp-block-column-is-layout-flow\"><div class=\"wp-block-image\">\n<figure class=\"aligncenter size-full\"><img fetchpriority=\"high\" decoding=\"async\" width=\"800\" height=\"800\" src=\"https:\/\/www.yongjianceramic.com\/wp-content\/uploads\/2024\/09\/Retro-Green-Custom-Dinnerware-Sets-Bulk-Ceramic-Tableware-5.webp\" alt=\"Conjuntos de loi\u00e7a personalizada verde retro, loi\u00e7a de cer\u00e2mica a granel-5\" class=\"wp-image-3548\" srcset=\"https:\/\/www.yongjianceramic.com\/wp-content\/uploads\/2024\/09\/Retro-Green-Custom-Dinnerware-Sets-Bulk-Ceramic-Tableware-5.webp 800w, https:\/\/www.yongjianceramic.com\/wp-content\/uploads\/2024\/09\/Retro-Green-Custom-Dinnerware-Sets-Bulk-Ceramic-Tableware-5-300x300.webp 300w, https:\/\/www.yongjianceramic.com\/wp-content\/uploads\/2024\/09\/Retro-Green-Custom-Dinnerware-Sets-Bulk-Ceramic-Tableware-5-150x150.webp 150w, https:\/\/www.yongjianceramic.com\/wp-content\/uploads\/2024\/09\/Retro-Green-Custom-Dinnerware-Sets-Bulk-Ceramic-Tableware-5-768x768.webp 768w, https:\/\/www.yongjianceramic.com\/wp-content\/uploads\/2024\/09\/Retro-Green-Custom-Dinnerware-Sets-Bulk-Ceramic-Tableware-5-12x12.webp 12w, https:\/\/www.yongjianceramic.com\/wp-content\/uploads\/2024\/09\/Retro-Green-Custom-Dinnerware-Sets-Bulk-Ceramic-Tableware-5-285x285.webp 285w, https:\/\/www.yongjianceramic.com\/wp-content\/uploads\/2024\/09\/Retro-Green-Custom-Dinnerware-Sets-Bulk-Ceramic-Tableware-5-270x270.webp 270w, https:\/\/www.yongjianceramic.com\/wp-content\/uploads\/2024\/09\/Retro-Green-Custom-Dinnerware-Sets-Bulk-Ceramic-Tableware-5-540x540.webp 540w, https:\/\/www.yongjianceramic.com\/wp-content\/uploads\/2024\/09\/Retro-Green-Custom-Dinnerware-Sets-Bulk-Ceramic-Tableware-5-660x660.webp 660w\" sizes=\"(max-width: 800px) 100vw, 800px\" \/><\/figure>\n<\/div><\/div>\n<\/div>","protected":false},"excerpt":{"rendered":"<p>Os nossos conjuntos de lou\u00e7a personalizados por atacado em verde retro s\u00e3o feitos de materiais cer\u00e2micos de alta qualidade e designs retro cl\u00e1ssicos, adequados para uma variedade de estilos de mesa. Apoiando a personaliza\u00e7\u00e3o personalizada, as op\u00e7\u00f5es flex\u00edveis de atacado tornam-no uma escolha ideal para restaurantes, hot\u00e9is e projetos de marca, adicionando um charme \u00fanico \u00e0 experi\u00eancia gastron\u00f4mica. Bem-vindo \u00e0 compra de loi\u00e7a de cer\u00e2mica a granel.\u00a0<\/p>\n<table style=\"border-collapse: collapse; width: 309.02pt;\" border=\"0\" width=\"309\" cellspacing=\"0\" cellpadding=\"0\">\n<tbody>\n<tr style=\"height: 17.60pt;\">\n<td class=\"et3\" style=\"height: 17.60pt; width: 120.25pt;\" width=\"120\" height=\"17\">Fabricante<\/td>\n<td class=\"et3\" style=\"width: 189.25pt;\" width=\"189\">Yongjian<\/td>\n<\/tr>\n<tr style=\"height: 18.00pt;\">\n<td class=\"et3\" style=\"height: 18.00pt;\" height=\"18\">Modelo n.<\/td>\n<td class=\"et4\" style=\"width: 189.25pt;\" width=\"189\">YJ-060<\/td>\n<\/tr>\n<tr style=\"height: 18.00pt;\">\n<td class=\"et5\" style=\"height: 18.00pt; width: 120.25pt;\" width=\"120\" height=\"18\">Tipo de lou\u00e7a<\/td>\n<td class=\"et5\" style=\"width: 189.25pt;\" width=\"189\">Pratos, travessas, ta\u00e7as<\/td>\n<\/tr>\n<tr style=\"height: 17.60pt;\">\n<td class=\"et3\" style=\"height: 17.60pt;\" height=\"17\">T\u00e9cnica<\/td>\n<td class=\"et3\">Efeito de esmalte de forno<\/td>\n<\/tr>\n<tr style=\"height: 17.60pt;\">\n<td class=\"et3\" style=\"height: 17.60pt;\" height=\"17\">Material<\/td>\n<td class=\"et3\">Porcelana<\/td>\n<\/tr>\n<tr style=\"height: 36.00pt;\">\n<td class=\"et6\" style=\"height: 36.00pt;\" height=\"36\">Aplic\u00e1vel<\/td>\n<td class=\"et5\" style=\"width: 189.25pt;\" width=\"189\">Esterilizador, M\u00e1quina de lavar loi\u00e7a, Forno, Micro-ondas<\/td>\n<\/tr>\n<tr style=\"height: 17.60pt;\">\n<td class=\"et3\" style=\"height: 17.60pt;\" height=\"17\">Dimens\u00e3o<\/td>\n<td class=\"et3\">Como imagem<\/td>\n<\/tr>\n<tr style=\"height: 17.60pt;\">\n<td class=\"et3\" style=\"height: 17.60pt;\" height=\"17\">MOQ<\/td>\n<td class=\"et3\">500 unidades<\/td>\n<\/tr>\n<tr style=\"height: 17.60pt;\">\n<td class=\"et3\" style=\"height: 17.60pt;\" height=\"17\">Personalizado<\/td>\n<td class=\"et3\">Cor\/tamanho\/log\u00f3tipo\/embalagem<\/td>\n<\/tr>\n<\/tbody>\n<\/table>","protected":false},"featured_media":3544,"comment_status":"closed","ping_status":"closed","template":"","meta":{"_acf_changed":false},"product_brand":[],"product_cat":[64,83],"product_tag":[84],"class_list":{"0":"post-3543","1":"product","2":"type-product","3":"status-publish","4":"has-post-thumbnail","6":"product_cat-dinnerware-sets","7":"product_cat-dinner-sets-wholesale","8":"product_tag-retro-design-dinnerware-wholesale","10":"first","11":"instock","12":"shipping-taxable","13":"product-type-simple"},"acf":[],"_links":{"self":[{"href":"https:\/\/www.yongjianceramic.com\/pt\/wp-json\/wp\/v2\/product\/3543","targetHints":{"allow":["GET"]}}],"collection":[{"href":"https:\/\/www.yongjianceramic.com\/pt\/wp-json\/wp\/v2\/product"}],"about":[{"href":"https:\/\/www.yongjianceramic.com\/pt\/wp-json\/wp\/v2\/types\/product"}],"replies":[{"embeddable":true,"href":"https:\/\/www.yongjianceramic.com\/pt\/wp-json\/wp\/v2\/comments?post=3543"}],"wp:featuredmedia":[{"embeddable":true,"href":"https:\/\/www.yongjianceramic.com\/pt\/wp-json\/wp\/v2\/media\/3544"}],"wp:attachment":[{"href":"https:\/\/www.yongjianceramic.com\/pt\/wp-json\/wp\/v2\/media?parent=3543"}],"wp:term":[{"taxonomy":"product_brand","embeddable":true,"href":"https:\/\/www.yongjianceramic.com\/pt\/wp-json\/wp\/v2\/product_brand?post=3543"},{"taxonomy":"product_cat","embeddable":true,"href":"https:\/\/www.yongjianceramic.com\/pt\/wp-json\/wp\/v2\/product_cat?post=3543"},{"taxonomy":"product_tag","embeddable":true,"href":"https:\/\/www.yongjianceramic.com\/pt\/wp-json\/wp\/v2\/product_tag?post=3543"}],"curies":[{"name":"wp","href":"https:\/\/api.w.org\/{rel}","templated":true}]}}