{"id":3561,"date":"2024-09-23T02:34:21","date_gmt":"2024-09-23T02:34:21","guid":{"rendered":"https:\/\/www.yongjianceramic.com\/?post_type=product&#038;p=3561"},"modified":"2024-09-23T03:25:15","modified_gmt":"2024-09-23T03:25:15","slug":"oriental-tableware-wholesale","status":"publish","type":"product","link":"https:\/\/www.yongjianceramic.com\/pt\/produto\/oriental-tableware-wholesale\/","title":{"rendered":"Servi\u00e7o de mesa oriental por atacado, ta\u00e7as, pratos e copos de esmalte reativo a granel"},"content":{"rendered":"<div class=\"wp-block-columns is-layout-flex wp-container-core-columns-is-layout-9d6595d7 wp-block-columns-is-layout-flex\">\n<div class=\"wp-block-column is-layout-flow wp-block-column-is-layout-flow\">\n<h2 class=\"wp-block-heading\">Artigos de mesa orientais de qualidade por atacado Carater\u00edsticas:<\/h2>\n\n\n\n<ul class=\"wp-block-list\">\n<li><strong>Design est\u00e9tico oriental: <\/strong>A nossa s\u00e9rie de artigos de mesa orientais por atacado incorpora elementos est\u00e9ticos orientais tradicionais e combina um estilo moderno e minimalista para criar uma obra de arte que \u00e9 simultaneamente elegante e pr\u00e1tica.<\/li>\n\n\n\n<li><strong>Tecnologia de esmalte de rea\u00e7\u00e3o: <\/strong>Estas ta\u00e7as, pratos e copos para venda por grosso utilizam um processo de esmalte de rea\u00e7\u00e3o \u00fanico, que permite que cada loi\u00e7a apresente um fluxo natural de altera\u00e7\u00f5es de cor do esmalte durante o processo de cozedura, formando uma textura e um efeito de cor \u00fanicos.<\/li>\n\n\n\n<li><strong>Diversas op\u00e7\u00f5es de tamanho: <\/strong>A nossa s\u00e9rie de artigos de mesa orientais por atacado oferece uma variedade de tigelas, pratos, ch\u00e1venas e outras especifica\u00e7\u00f5es, adequadas para diferentes tipos de pratos e ocasi\u00f5es de jantar. Desde a utiliza\u00e7\u00e3o di\u00e1ria em casa at\u00e9 aos espa\u00e7os de refei\u00e7\u00f5es de alta qualidade, pode satisfazer as necessidades de refei\u00e7\u00f5es.<\/li>\n\n\n\n<li><strong>Materiais duradouros e amigos do ambiente: <\/strong>Estas ta\u00e7as, pratos e copos por atacado s\u00e3o feitos de mat\u00e9rias-primas cer\u00e2micas de alta qualidade, extremamente dur\u00e1veis, resistentes a altas temperaturas, resistentes a riscos e f\u00e1ceis de limpar, garantindo uma utiliza\u00e7\u00e3o a longo prazo sem perder o brilho. O material \u00e9 seguro e amigo do ambiente e cumpre as normas de seguran\u00e7a de qualidade alimentar.<\/li>\n<\/ul>\n<\/div>\n\n\n\n<div class=\"wp-block-column is-vertically-aligned-center is-layout-flow wp-block-column-is-layout-flow\">\n<figure class=\"wp-block-image size-full\"><img fetchpriority=\"high\" decoding=\"async\" width=\"800\" height=\"800\" src=\"https:\/\/www.yongjianceramic.com\/wp-content\/uploads\/2024\/09\/Oriental-Tableware-Wholesale-Reactive-Glaze-Bulk-Bowls-Plates-Cups-01.jpg\" alt=\"Artigos de mesa orientais por atacado, ta\u00e7as, pratos e copos a granel com esmalte reativo-01\" class=\"wp-image-3565\" srcset=\"https:\/\/www.yongjianceramic.com\/wp-content\/uploads\/2024\/09\/Oriental-Tableware-Wholesale-Reactive-Glaze-Bulk-Bowls-Plates-Cups-01.jpg 800w, https:\/\/www.yongjianceramic.com\/wp-content\/uploads\/2024\/09\/Oriental-Tableware-Wholesale-Reactive-Glaze-Bulk-Bowls-Plates-Cups-01-300x300.jpg 300w, https:\/\/www.yongjianceramic.com\/wp-content\/uploads\/2024\/09\/Oriental-Tableware-Wholesale-Reactive-Glaze-Bulk-Bowls-Plates-Cups-01-150x150.jpg 150w, https:\/\/www.yongjianceramic.com\/wp-content\/uploads\/2024\/09\/Oriental-Tableware-Wholesale-Reactive-Glaze-Bulk-Bowls-Plates-Cups-01-768x768.jpg 768w, https:\/\/www.yongjianceramic.com\/wp-content\/uploads\/2024\/09\/Oriental-Tableware-Wholesale-Reactive-Glaze-Bulk-Bowls-Plates-Cups-01-12x12.jpg 12w, https:\/\/www.yongjianceramic.com\/wp-content\/uploads\/2024\/09\/Oriental-Tableware-Wholesale-Reactive-Glaze-Bulk-Bowls-Plates-Cups-01-285x285.jpg 285w, https:\/\/www.yongjianceramic.com\/wp-content\/uploads\/2024\/09\/Oriental-Tableware-Wholesale-Reactive-Glaze-Bulk-Bowls-Plates-Cups-01-270x270.jpg 270w, https:\/\/www.yongjianceramic.com\/wp-content\/uploads\/2024\/09\/Oriental-Tableware-Wholesale-Reactive-Glaze-Bulk-Bowls-Plates-Cups-01-540x540.jpg 540w, https:\/\/www.yongjianceramic.com\/wp-content\/uploads\/2024\/09\/Oriental-Tableware-Wholesale-Reactive-Glaze-Bulk-Bowls-Plates-Cups-01-660x660.jpg 660w\" sizes=\"(max-width: 800px) 100vw, 800px\" \/><\/figure>\n<\/div>\n<\/div>","protected":false},"excerpt":{"rendered":"<p>Bem-vindo a comprar ta\u00e7as, pratos e copos por grosso. A nossa s\u00e9rie de lou\u00e7a de mesa oriental por atacado combina perfeitamente a est\u00e9tica oriental tradicional com o design moderno atrav\u00e9s de uma tecnologia de rea\u00e7\u00e3o de esmalte requintada. Cada pe\u00e7a de lou\u00e7a de mesa \u00e9 distinta devido \u00e0 sua cor e textura \u00fanicas, o que \u00e9 adequado para refei\u00e7\u00f5es em fam\u00edlia e tamb\u00e9m acrescenta um toque de charme cultural a espa\u00e7os de refei\u00e7\u00f5es de alta qualidade.<\/p>\n<table style=\"border-collapse: collapse; width: 309.02pt;\" border=\"0\" width=\"309\" cellspacing=\"0\" cellpadding=\"0\">\n<tbody>\n<tr style=\"height: 17.60pt;\">\n<td class=\"et3\" style=\"height: 17.60pt; width: 120.25pt;\" width=\"120\" height=\"17\">Fabricante<\/td>\n<td class=\"et3\" style=\"width: 189.25pt;\" width=\"189\">Yongjian<\/td>\n<\/tr>\n<tr style=\"height: 18.00pt;\">\n<td class=\"et3\" style=\"height: 18.00pt;\" height=\"18\">Modelo n.<\/td>\n<td class=\"et4\" style=\"width: 189.25pt;\" width=\"189\">YJ-062<\/td>\n<\/tr>\n<tr style=\"height: 18.00pt;\">\n<td class=\"et5\" style=\"height: 18.00pt; width: 120.25pt;\" width=\"120\" height=\"18\">Tipo de lou\u00e7a<\/td>\n<td class=\"et5\" style=\"width: 189.25pt;\" width=\"189\">Pratos, travessas, ta\u00e7as, copos<\/td>\n<\/tr>\n<tr style=\"height: 17.60pt;\">\n<td class=\"et3\" style=\"height: 17.60pt;\" height=\"17\">T\u00e9cnica<\/td>\n<td class=\"et3\">Efeito de esmalte de forno<\/td>\n<\/tr>\n<tr style=\"height: 17.60pt;\">\n<td class=\"et3\" style=\"height: 17.60pt;\" height=\"17\">Material<\/td>\n<td class=\"et3\">Porcelana<\/td>\n<\/tr>\n<tr style=\"height: 36.00pt;\">\n<td class=\"et6\" style=\"height: 36.00pt;\" height=\"36\">Aplic\u00e1vel<\/td>\n<td class=\"et5\" style=\"width: 189.25pt;\" width=\"189\">Esterilizador, M\u00e1quina de lavar loi\u00e7a, Forno, Micro-ondas<\/td>\n<\/tr>\n<tr style=\"height: 17.60pt;\">\n<td class=\"et3\" style=\"height: 17.60pt;\" height=\"17\">Dimens\u00e3o<\/td>\n<td class=\"et3\">Como imagem<\/td>\n<\/tr>\n<tr style=\"height: 17.60pt;\">\n<td class=\"et3\" style=\"height: 17.60pt;\" height=\"17\">MOQ<\/td>\n<td class=\"et3\">500 unidades<\/td>\n<\/tr>\n<tr style=\"height: 17.60pt;\">\n<td class=\"et3\" style=\"height: 17.60pt;\" height=\"17\">Personalizado<\/td>\n<td class=\"et3\">Cor\/tamanho\/log\u00f3tipo\/embalagem<\/td>\n<\/tr>\n<\/tbody>\n<\/table>","protected":false},"featured_media":3566,"comment_status":"closed","ping_status":"closed","template":"","meta":{"_acf_changed":false},"product_brand":[],"product_cat":[64,85],"product_tag":[86],"class_list":{"0":"post-3561","1":"product","2":"type-product","3":"status-publish","4":"has-post-thumbnail","6":"product_cat-dinnerware-sets","7":"product_cat-wholesale-dinnerware-sets","8":"product_tag-oriental-style-dinnerware-wholesale","10":"first","11":"instock","12":"shipping-taxable","13":"product-type-simple"},"acf":[],"_links":{"self":[{"href":"https:\/\/www.yongjianceramic.com\/pt\/wp-json\/wp\/v2\/product\/3561","targetHints":{"allow":["GET"]}}],"collection":[{"href":"https:\/\/www.yongjianceramic.com\/pt\/wp-json\/wp\/v2\/product"}],"about":[{"href":"https:\/\/www.yongjianceramic.com\/pt\/wp-json\/wp\/v2\/types\/product"}],"replies":[{"embeddable":true,"href":"https:\/\/www.yongjianceramic.com\/pt\/wp-json\/wp\/v2\/comments?post=3561"}],"wp:featuredmedia":[{"embeddable":true,"href":"https:\/\/www.yongjianceramic.com\/pt\/wp-json\/wp\/v2\/media\/3566"}],"wp:attachment":[{"href":"https:\/\/www.yongjianceramic.com\/pt\/wp-json\/wp\/v2\/media?parent=3561"}],"wp:term":[{"taxonomy":"product_brand","embeddable":true,"href":"https:\/\/www.yongjianceramic.com\/pt\/wp-json\/wp\/v2\/product_brand?post=3561"},{"taxonomy":"product_cat","embeddable":true,"href":"https:\/\/www.yongjianceramic.com\/pt\/wp-json\/wp\/v2\/product_cat?post=3561"},{"taxonomy":"product_tag","embeddable":true,"href":"https:\/\/www.yongjianceramic.com\/pt\/wp-json\/wp\/v2\/product_tag?post=3561"}],"curies":[{"name":"wp","href":"https:\/\/api.w.org\/{rel}","templated":true}]}}