{"id":3572,"date":"2024-09-23T03:35:03","date_gmt":"2024-09-23T03:35:03","guid":{"rendered":"https:\/\/www.yongjianceramic.com\/?post_type=product&#038;p=3572"},"modified":"2025-03-01T17:20:33","modified_gmt":"2025-03-01T09:20:33","slug":"oriental-wholesale-crockery","status":"publish","type":"product","link":"https:\/\/www.yongjianceramic.com\/pt\/produto\/oriental-wholesale-crockery\/","title":{"rendered":"Lou\u00e7a de mesa oriental por atacado, cinza e verde para restaurante"},"content":{"rendered":"<div class=\"wp-block-columns is-layout-flex wp-container-core-columns-is-layout-9d6595d7 wp-block-columns-is-layout-flex\">\n<div class=\"wp-block-column is-layout-flow wp-block-column-is-layout-flow\">\n<h2 class=\"wp-block-heading\">Lou\u00e7a oriental de qualidade por atacado Carater\u00edsticas:<\/h2>\n\n\n\n<ul class=\"wp-block-list\">\n<li><strong>Design de estilo oriental: <\/strong>O nosso conjunto de lou\u00e7a oriental por atacado adopta a combina\u00e7\u00e3o de cores comum de cinza e verde para criar um efeito visual natural e refrescante, que pode ser usado em qualquer tipo de mesa de jantar para criar uma atmosfera elegante para o restaurante.<\/li>\n\n\n\n<li><strong>Artesanato personalizado de alta qualidade:<\/strong> Esta s\u00e9rie de loi\u00e7a de mesa a granel \u00e9 fabricada em cer\u00e2mica de alta tecnologia e o esmalte \u00e9 fino e macio, o que n\u00e3o s\u00f3 confere ao produto uma maior durabilidade, como tamb\u00e9m confere a cada loi\u00e7a uma textura \u00fanica e um aspeto luxuoso.<\/li>\n\n\n\n<li><strong>V\u00e1rias especifica\u00e7\u00f5es \u00e0 escolha:<\/strong> A nossa s\u00e9rie de lou\u00e7a oriental por atacado oferece uma variedade de tigelas, pratos e colheres, adequados para diferentes tipos de pratos, quer se trate de cozinha ocidental, oriental ou de fus\u00e3o, que podem ser facilmente combinados.<\/li>\n\n\n\n<li><strong>Alta durabilidade e f\u00e1cil de limpar: <\/strong>Esta loi\u00e7a de mesa da s\u00e9rie bulk dinnerware n\u00e3o s\u00f3 \u00e9 resistente a altas temperaturas, riscos e desgaste, como tamb\u00e9m \u00e9 f\u00e1cil de limpar. O seu material cer\u00e2mico de alta resist\u00eancia garante seguran\u00e7a e fiabilidade para uma utiliza\u00e7\u00e3o a longo prazo.<\/li>\n<\/ul>\n<\/div>\n\n\n\n<div class=\"wp-block-column is-vertically-aligned-center is-layout-flow wp-block-column-is-layout-flow\">\n<figure class=\"wp-block-image size-full\"><img fetchpriority=\"high\" decoding=\"async\" width=\"800\" height=\"800\" src=\"https:\/\/www.yongjianceramic.com\/wp-content\/uploads\/2024\/09\/Oriental-Wholesale-Crockery-Bulk-Dinnerware-For-Restaurant-04.webp\" alt=\"Lou\u00e7a Oriental por Atacado, Lou\u00e7a de Jantar a Granel para Restaurante-04\" class=\"wp-image-3578\" srcset=\"https:\/\/www.yongjianceramic.com\/wp-content\/uploads\/2024\/09\/Oriental-Wholesale-Crockery-Bulk-Dinnerware-For-Restaurant-04.webp 800w, https:\/\/www.yongjianceramic.com\/wp-content\/uploads\/2024\/09\/Oriental-Wholesale-Crockery-Bulk-Dinnerware-For-Restaurant-04-300x300.webp 300w, https:\/\/www.yongjianceramic.com\/wp-content\/uploads\/2024\/09\/Oriental-Wholesale-Crockery-Bulk-Dinnerware-For-Restaurant-04-150x150.webp 150w, https:\/\/www.yongjianceramic.com\/wp-content\/uploads\/2024\/09\/Oriental-Wholesale-Crockery-Bulk-Dinnerware-For-Restaurant-04-768x768.webp 768w, https:\/\/www.yongjianceramic.com\/wp-content\/uploads\/2024\/09\/Oriental-Wholesale-Crockery-Bulk-Dinnerware-For-Restaurant-04-12x12.webp 12w, https:\/\/www.yongjianceramic.com\/wp-content\/uploads\/2024\/09\/Oriental-Wholesale-Crockery-Bulk-Dinnerware-For-Restaurant-04-285x285.webp 285w, https:\/\/www.yongjianceramic.com\/wp-content\/uploads\/2024\/09\/Oriental-Wholesale-Crockery-Bulk-Dinnerware-For-Restaurant-04-270x270.webp 270w, https:\/\/www.yongjianceramic.com\/wp-content\/uploads\/2024\/09\/Oriental-Wholesale-Crockery-Bulk-Dinnerware-For-Restaurant-04-540x540.webp 540w, https:\/\/www.yongjianceramic.com\/wp-content\/uploads\/2024\/09\/Oriental-Wholesale-Crockery-Bulk-Dinnerware-For-Restaurant-04-660x660.webp 660w\" sizes=\"(max-width: 800px) 100vw, 800px\" \/><\/figure>\n<\/div>\n<\/div>","protected":false},"excerpt":{"rendered":"<p>Bem-vindo \u00e0 compra de lou\u00e7a de jantar a granel. A nossa s\u00e9rie de lou\u00e7a oriental por atacado adopta um design de estilo oriental simples. A combina\u00e7\u00e3o de cores cinza e verde \u00e9 uma beleza natural e eleg\u00e2ncia, que \u00e9 especialmente adequada para locais de refei\u00e7\u00f5es sofisticados, como restaurantes. Os produtos s\u00e3o fabricados com alta tecnologia, esmalte suave e delicado, dur\u00e1vel e f\u00e1cil de limpar, o que \u00e9 conveniente e dur\u00e1vel em uso a longo prazo.<\/p>\n<table style=\"border-collapse: collapse; width: 309.02pt;\" border=\"0\" width=\"309\" cellspacing=\"0\" cellpadding=\"0\">\n<tbody>\n<tr style=\"height: 17.60pt;\">\n<td class=\"et3\" style=\"height: 17.60pt; width: 120.25pt;\" width=\"120\" height=\"17\">Fabricante<\/td>\n<td class=\"et3\" style=\"width: 189.25pt;\" width=\"189\">Yongjian<\/td>\n<\/tr>\n<tr style=\"height: 18.00pt;\">\n<td class=\"et3\" style=\"height: 18.00pt;\" height=\"18\">Modelo n.<\/td>\n<td class=\"et4\" style=\"width: 189.25pt;\" width=\"189\">YJ-063<\/td>\n<\/tr>\n<tr style=\"height: 18.00pt;\">\n<td class=\"et5\" style=\"height: 18.00pt; width: 120.25pt;\" width=\"120\" height=\"18\">Tipo de lou\u00e7a<\/td>\n<td class=\"et5\" style=\"width: 189.25pt;\" width=\"189\">Pratos, travessas, ta\u00e7as, colheres<\/td>\n<\/tr>\n<tr style=\"height: 17.60pt;\">\n<td class=\"et3\" style=\"height: 17.60pt;\" height=\"17\">T\u00e9cnica<\/td>\n<td class=\"et3\">Efeito de esmalte de forno<\/td>\n<\/tr>\n<tr style=\"height: 17.60pt;\">\n<td class=\"et3\" style=\"height: 17.60pt;\" height=\"17\">Material<\/td>\n<td class=\"et3\">Porcelana<\/td>\n<\/tr>\n<tr style=\"height: 36.00pt;\">\n<td class=\"et6\" style=\"height: 36.00pt;\" height=\"36\">Aplic\u00e1vel<\/td>\n<td class=\"et5\" style=\"width: 189.25pt;\" width=\"189\">Esterilizador, M\u00e1quina de lavar loi\u00e7a, Forno, Micro-ondas<\/td>\n<\/tr>\n<tr style=\"height: 17.60pt;\">\n<td class=\"et3\" style=\"height: 17.60pt;\" height=\"17\">Dimens\u00e3o<\/td>\n<td class=\"et3\">Como imagem<\/td>\n<\/tr>\n<tr style=\"height: 17.60pt;\">\n<td class=\"et3\" style=\"height: 17.60pt;\" height=\"17\">MOQ<\/td>\n<td class=\"et3\">500 unidades<\/td>\n<\/tr>\n<tr style=\"height: 17.60pt;\">\n<td class=\"et3\" style=\"height: 17.60pt;\" height=\"17\">Personalizado<\/td>\n<td class=\"et3\">Cor\/tamanho\/log\u00f3tipo\/embalagem<\/td>\n<\/tr>\n<\/tbody>\n<\/table>","protected":false},"featured_media":3575,"comment_status":"closed","ping_status":"closed","template":"","meta":{"_acf_changed":false},"product_brand":[],"product_cat":[64,85],"product_tag":[86],"class_list":{"0":"post-3572","1":"product","2":"type-product","3":"status-publish","4":"has-post-thumbnail","6":"product_cat-dinnerware-sets","7":"product_cat-wholesale-dinnerware-sets","8":"product_tag-oriental-style-dinnerware-wholesale","10":"first","11":"instock","12":"shipping-taxable","13":"product-type-simple"},"acf":[],"_links":{"self":[{"href":"https:\/\/www.yongjianceramic.com\/pt\/wp-json\/wp\/v2\/product\/3572","targetHints":{"allow":["GET"]}}],"collection":[{"href":"https:\/\/www.yongjianceramic.com\/pt\/wp-json\/wp\/v2\/product"}],"about":[{"href":"https:\/\/www.yongjianceramic.com\/pt\/wp-json\/wp\/v2\/types\/product"}],"replies":[{"embeddable":true,"href":"https:\/\/www.yongjianceramic.com\/pt\/wp-json\/wp\/v2\/comments?post=3572"}],"wp:featuredmedia":[{"embeddable":true,"href":"https:\/\/www.yongjianceramic.com\/pt\/wp-json\/wp\/v2\/media\/3575"}],"wp:attachment":[{"href":"https:\/\/www.yongjianceramic.com\/pt\/wp-json\/wp\/v2\/media?parent=3572"}],"wp:term":[{"taxonomy":"product_brand","embeddable":true,"href":"https:\/\/www.yongjianceramic.com\/pt\/wp-json\/wp\/v2\/product_brand?post=3572"},{"taxonomy":"product_cat","embeddable":true,"href":"https:\/\/www.yongjianceramic.com\/pt\/wp-json\/wp\/v2\/product_cat?post=3572"},{"taxonomy":"product_tag","embeddable":true,"href":"https:\/\/www.yongjianceramic.com\/pt\/wp-json\/wp\/v2\/product_tag?post=3572"}],"curies":[{"name":"wp","href":"https:\/\/api.w.org\/{rel}","templated":true}]}}