{"id":3635,"date":"2024-10-28T08:56:34","date_gmt":"2024-10-28T08:56:34","guid":{"rendered":"https:\/\/www.yongjianceramic.com\/?post_type=product&#038;p=3635"},"modified":"2024-10-28T09:20:14","modified_gmt":"2024-10-28T09:20:14","slug":"bulk-ceramic-plates","status":"publish","type":"product","link":"https:\/\/www.yongjianceramic.com\/pt\/produto\/bulk-ceramic-plates\/","title":{"rendered":"Pratos de cer\u00e2mica azuis a granel, pratos de cer\u00e2mica para jantar por atacado"},"content":{"rendered":"<div class=\"wp-block-columns is-layout-flex wp-container-core-columns-is-layout-9d6595d7 wp-block-columns-is-layout-flex\">\n<div class=\"wp-block-column is-layout-flow wp-block-column-is-layout-flow\">\n<h2 class=\"wp-block-heading\">Placas de cer\u00e2mica premium a granel Carater\u00edsticas:<\/h2>\n\n\n\n<ul class=\"wp-block-list\">\n<li><strong>Elegante azul-marinho:<\/strong> Estes pratos de jantar de cer\u00e2mica por atacado s\u00e3o em azul-marinho profundo, adequados para uma variedade de cen\u00e1rios, como restaurantes, hot\u00e9is ou refei\u00e7\u00f5es em casa, acrescentando eleg\u00e2ncia \u00e0 mesa e melhorando a experi\u00eancia de jantar.<\/li>\n\n\n\n<li><strong>V\u00e1rias op\u00e7\u00f5es de tamanho: <\/strong>Os nossos pratos de cer\u00e2mica a granel est\u00e3o dispon\u00edveis em 4 tamanhos (6 polegadas, 8 polegadas, 10 polegadas, 12 polegadas), desde pratos pequenos a pratos principais grandes, para satisfazer as necessidades de revestimento de diferentes pratos, adequados para os diversos menus de restaurantes.<\/li>\n\n\n\n<li><strong>Elevada durabilidade: <\/strong>Os nossos pratos de cer\u00e2mica para venda por grosso s\u00e3o feitos de material cer\u00e2mico de alta qualidade, cozido a alta temperatura, com elevada resist\u00eancia ao impacto e aos riscos, garantindo que os pratos permanecem em perfeitas condi\u00e7\u00f5es durante muito tempo num ambiente de refei\u00e7\u00f5es movimentado.<\/li>\n\n\n\n<li><strong>F\u00e1cil de limpar:<\/strong> As nossas placas de cer\u00e2mica a granel t\u00eam um esmalte suave e delicado, s\u00e3o resistentes a manchas e a \u00f3leos, f\u00e1ceis de limpar e suportam a limpeza na m\u00e1quina de lavar lou\u00e7a, adequadas para a utiliza\u00e7\u00e3o di\u00e1ria na ind\u00fastria da restaura\u00e7\u00e3o, reduzindo a dificuldade de limpeza e manuten\u00e7\u00e3o.<\/li>\n<\/ul>\n<\/div>\n\n\n\n<div class=\"wp-block-column is-vertically-aligned-center is-layout-flow wp-block-column-is-layout-flow\"><div class=\"wp-block-image\">\n<figure class=\"aligncenter size-full is-resized\"><img fetchpriority=\"high\" decoding=\"async\" width=\"800\" height=\"800\" src=\"https:\/\/www.yongjianceramic.com\/wp-content\/uploads\/2024\/10\/Blue-Bulk-Ceramic-Plates-Wholesale-Ceramic-Dinner-Plates-03.webp\" alt=\"Pratos de cer\u00e2mica azuis a granel, Pratos de jantar de cer\u00e2mica por atacado-03\" class=\"wp-image-3638\" style=\"width:404px;height:auto\" srcset=\"https:\/\/www.yongjianceramic.com\/wp-content\/uploads\/2024\/10\/Blue-Bulk-Ceramic-Plates-Wholesale-Ceramic-Dinner-Plates-03.webp 800w, https:\/\/www.yongjianceramic.com\/wp-content\/uploads\/2024\/10\/Blue-Bulk-Ceramic-Plates-Wholesale-Ceramic-Dinner-Plates-03-300x300.webp 300w, https:\/\/www.yongjianceramic.com\/wp-content\/uploads\/2024\/10\/Blue-Bulk-Ceramic-Plates-Wholesale-Ceramic-Dinner-Plates-03-150x150.webp 150w, https:\/\/www.yongjianceramic.com\/wp-content\/uploads\/2024\/10\/Blue-Bulk-Ceramic-Plates-Wholesale-Ceramic-Dinner-Plates-03-768x768.webp 768w, https:\/\/www.yongjianceramic.com\/wp-content\/uploads\/2024\/10\/Blue-Bulk-Ceramic-Plates-Wholesale-Ceramic-Dinner-Plates-03-12x12.webp 12w, https:\/\/www.yongjianceramic.com\/wp-content\/uploads\/2024\/10\/Blue-Bulk-Ceramic-Plates-Wholesale-Ceramic-Dinner-Plates-03-285x285.webp 285w, https:\/\/www.yongjianceramic.com\/wp-content\/uploads\/2024\/10\/Blue-Bulk-Ceramic-Plates-Wholesale-Ceramic-Dinner-Plates-03-270x270.webp 270w, https:\/\/www.yongjianceramic.com\/wp-content\/uploads\/2024\/10\/Blue-Bulk-Ceramic-Plates-Wholesale-Ceramic-Dinner-Plates-03-540x540.webp 540w, https:\/\/www.yongjianceramic.com\/wp-content\/uploads\/2024\/10\/Blue-Bulk-Ceramic-Plates-Wholesale-Ceramic-Dinner-Plates-03-660x660.webp 660w\" sizes=\"(max-width: 800px) 100vw, 800px\" \/><\/figure>\n<\/div><\/div>\n<\/div>","protected":false},"excerpt":{"rendered":"<p>Bem-vindo \u00e0 compra de pratos de cer\u00e2mica por atacado. Os nossos pratos de cer\u00e2mica azul-marinho a granel s\u00e3o adequados para restaurantes, hot\u00e9is e uso dom\u00e9stico com os seus tons elegantes e 4 op\u00e7\u00f5es de tamanho. O material cer\u00e2mico de alta qualidade e o design f\u00e1cil de limpar garantem que permane\u00e7a t\u00e3o brilhante e limpo como novo, mesmo com uso frequente, tornando-o uma escolha ideal para configura\u00e7\u00f5es de mesa de jantar.<\/p>\n<table style=\"border-collapse: collapse; width: 309.02pt;\" border=\"0\" width=\"309\" cellspacing=\"0\" cellpadding=\"0\">\n<tbody>\n<tr style=\"height: 17.60pt;\">\n<td class=\"et3\" style=\"height: 17.60pt; width: 120.25pt;\" width=\"120\" height=\"17\">Fabricante<\/td>\n<td class=\"et3\" style=\"width: 189.25pt;\" width=\"189\">Yongjian<\/td>\n<\/tr>\n<tr style=\"height: 18.00pt;\">\n<td class=\"et3\" style=\"height: 18.00pt;\" height=\"18\">Modelo n.<\/td>\n<td class=\"et4\" style=\"width: 189.25pt;\" width=\"189\">YJ-064<\/td>\n<\/tr>\n<tr style=\"height: 17.60pt;\">\n<td class=\"et3\" style=\"height: 17.60pt;\" height=\"17\">Tipo de produto<\/td>\n<td class=\"et3\">Prato de servir, Prato de jantar<\/td>\n<\/tr>\n<tr style=\"height: 17.60pt;\">\n<td class=\"et3\" style=\"height: 17.60pt;\" height=\"17\">Material<\/td>\n<td class=\"et3\">Porcelana<\/td>\n<\/tr>\n<tr style=\"height: 17.60pt;\">\n<td class=\"et5\" style=\"height: 17.60pt;\" height=\"17\">Cor<\/td>\n<td class=\"et3\">Azul<\/td>\n<\/tr>\n<tr style=\"height: 71.00pt;\">\n<td class=\"et3\" style=\"height: 71.00pt;\" height=\"71\">Dimens\u00e3o<\/td>\n<td class=\"et6\" style=\"width: 189.25pt;\" width=\"189\">6'polegadas: 15,2*15,2*2,5<br \/>8'polegadas: 20,3*20,3*2,7<br \/>10'polegadas: 25,2*25,2*2,7<br \/>12'polegadas: 30.5*30.5*3.0<\/td>\n<\/tr>\n<tr style=\"height: 17.60pt;\">\n<td class=\"et3\" style=\"height: 17.60pt;\" height=\"17\">MOQ<\/td>\n<td class=\"et3\">500 unidades<\/td>\n<\/tr>\n<tr style=\"height: 17.60pt;\">\n<td class=\"et3\" style=\"height: 17.60pt;\" height=\"17\">Personalizado<\/td>\n<td class=\"et3\">Cor\/tamanho\/log\u00f3tipo\/embalagem<\/td>\n<\/tr>\n<\/tbody>\n<\/table>","protected":false},"featured_media":3639,"comment_status":"closed","ping_status":"closed","template":"","meta":{"_acf_changed":false},"product_brand":[],"product_cat":[93,62],"product_tag":[84],"class_list":{"0":"post-3635","1":"product","2":"type-product","3":"status-publish","4":"has-post-thumbnail","6":"product_cat-bulk-dinner-plates","7":"product_cat-ceramic-plates-wholesale","8":"product_tag-retro-design-dinnerware-wholesale","10":"first","11":"instock","12":"shipping-taxable","13":"product-type-simple"},"acf":[],"_links":{"self":[{"href":"https:\/\/www.yongjianceramic.com\/pt\/wp-json\/wp\/v2\/product\/3635","targetHints":{"allow":["GET"]}}],"collection":[{"href":"https:\/\/www.yongjianceramic.com\/pt\/wp-json\/wp\/v2\/product"}],"about":[{"href":"https:\/\/www.yongjianceramic.com\/pt\/wp-json\/wp\/v2\/types\/product"}],"replies":[{"embeddable":true,"href":"https:\/\/www.yongjianceramic.com\/pt\/wp-json\/wp\/v2\/comments?post=3635"}],"wp:featuredmedia":[{"embeddable":true,"href":"https:\/\/www.yongjianceramic.com\/pt\/wp-json\/wp\/v2\/media\/3639"}],"wp:attachment":[{"href":"https:\/\/www.yongjianceramic.com\/pt\/wp-json\/wp\/v2\/media?parent=3635"}],"wp:term":[{"taxonomy":"product_brand","embeddable":true,"href":"https:\/\/www.yongjianceramic.com\/pt\/wp-json\/wp\/v2\/product_brand?post=3635"},{"taxonomy":"product_cat","embeddable":true,"href":"https:\/\/www.yongjianceramic.com\/pt\/wp-json\/wp\/v2\/product_cat?post=3635"},{"taxonomy":"product_tag","embeddable":true,"href":"https:\/\/www.yongjianceramic.com\/pt\/wp-json\/wp\/v2\/product_tag?post=3635"}],"curies":[{"name":"wp","href":"https:\/\/api.w.org\/{rel}","templated":true}]}}