{"id":3664,"date":"2024-10-28T09:45:37","date_gmt":"2024-10-28T09:45:37","guid":{"rendered":"https:\/\/www.yongjianceramic.com\/?post_type=product&#038;p=3664"},"modified":"2024-10-28T10:16:54","modified_gmt":"2024-10-28T10:16:54","slug":"bulk-catering-plates","status":"publish","type":"product","link":"https:\/\/www.yongjianceramic.com\/pt\/produto\/bulk-catering-plates\/","title":{"rendered":"Pratos de catering a granel com esmalte brilhante, prato de jantar branco por atacado"},"content":{"rendered":"<div class=\"wp-block-columns is-layout-flex wp-container-core-columns-is-layout-9d6595d7 wp-block-columns-is-layout-flex\">\n<div class=\"wp-block-column is-layout-flow wp-block-column-is-layout-flow\">\n<h2 class=\"wp-block-heading\">Pratos de catering a granel Premium Carater\u00edsticas:<\/h2>\n\n\n\n<ul class=\"wp-block-list\">\n<li><strong>Esmalte de alto brilho: <\/strong>A superf\u00edcie dos nossos pratos de catering a granel \u00e9 tratada com esmalte de alto brilho, que \u00e9 suave e delicado ao toque, exalando um brilho deslumbrante, tornando os pratos mais requintados contra o fundo branco puro, melhorando a experi\u00eancia de jantar e adicionando um efeito visual luxuoso \u00e0 mesa.<\/li>\n\n\n\n<li><strong>Design simples em branco: <\/strong>A apar\u00eancia cl\u00e1ssica de branco puro deste prato de jantar por atacado \u00e9 adequada para v\u00e1rios estilos de configura\u00e7\u00e3o de mesa, adequados para restaurantes, hot\u00e9is, banquetes e outras ocasi\u00f5es, criando uma atmosfera de jantar elegante e profissional, mostrando o estilo \u00fanico da marca e temperamento elegante.<\/li>\n\n\n\n<li><strong>Diversas op\u00e7\u00f5es de tamanho: <\/strong>Os nossos pratos de catering a granel est\u00e3o dispon\u00edveis em dois tamanhos de 8 polegadas e 10 polegadas, que s\u00e3o flex\u00edveis para satisfazer as necessidades de aperitivos, pratos principais e sobremesas, tornando os servi\u00e7os de catering mais diversificados e satisfazendo melhor as necessidades \u00fanicas de v\u00e1rios pratos.<\/li>\n\n\n\n<li><strong>F\u00e1cil de limpar e duradouro:<\/strong> A superf\u00edcie de esmalte brilhante deste prato de jantar por atacado n\u00e3o \u00e9 apenas resistente a arranh\u00f5es, mas tamb\u00e9m mais dur\u00e1vel, conveniente para a limpeza di\u00e1ria e suporta a limpeza da m\u00e1quina de lavar lou\u00e7a, reduzindo efetivamente o tempo e o custo de limpeza e manuten\u00e7\u00e3o, especialmente adequado para uso de alta frequ\u00eancia em locais de restaura\u00e7\u00e3o movimentados.<\/li>\n<\/ul>\n<\/div>\n\n\n\n<div class=\"wp-block-column is-vertically-aligned-center is-layout-flow wp-block-column-is-layout-flow\"><div class=\"wp-block-image\">\n<figure class=\"aligncenter size-full\"><img fetchpriority=\"high\" decoding=\"async\" width=\"750\" height=\"750\" src=\"https:\/\/www.yongjianceramic.com\/wp-content\/uploads\/2024\/10\/Bright-Glaze-Bulk-Catering-plates-White-Dinner-Plate-Wholesale-4.webp\" alt=\"Pratos de catering a granel de esmalte brilhante, prato de jantar branco por atacado-4\" class=\"wp-image-3668\" srcset=\"https:\/\/www.yongjianceramic.com\/wp-content\/uploads\/2024\/10\/Bright-Glaze-Bulk-Catering-plates-White-Dinner-Plate-Wholesale-4.webp 750w, https:\/\/www.yongjianceramic.com\/wp-content\/uploads\/2024\/10\/Bright-Glaze-Bulk-Catering-plates-White-Dinner-Plate-Wholesale-4-300x300.webp 300w, https:\/\/www.yongjianceramic.com\/wp-content\/uploads\/2024\/10\/Bright-Glaze-Bulk-Catering-plates-White-Dinner-Plate-Wholesale-4-150x150.webp 150w, https:\/\/www.yongjianceramic.com\/wp-content\/uploads\/2024\/10\/Bright-Glaze-Bulk-Catering-plates-White-Dinner-Plate-Wholesale-4-12x12.webp 12w, https:\/\/www.yongjianceramic.com\/wp-content\/uploads\/2024\/10\/Bright-Glaze-Bulk-Catering-plates-White-Dinner-Plate-Wholesale-4-285x285.webp 285w, https:\/\/www.yongjianceramic.com\/wp-content\/uploads\/2024\/10\/Bright-Glaze-Bulk-Catering-plates-White-Dinner-Plate-Wholesale-4-270x270.webp 270w, https:\/\/www.yongjianceramic.com\/wp-content\/uploads\/2024\/10\/Bright-Glaze-Bulk-Catering-plates-White-Dinner-Plate-Wholesale-4-540x540.webp 540w, https:\/\/www.yongjianceramic.com\/wp-content\/uploads\/2024\/10\/Bright-Glaze-Bulk-Catering-plates-White-Dinner-Plate-Wholesale-4-660x660.webp 660w\" sizes=\"(max-width: 750px) 100vw, 750px\" \/><\/figure>\n<\/div><\/div>\n<\/div>\n\n\n\n<p><\/p>","protected":false},"excerpt":{"rendered":"<p>Bem-vindo ao comprar o prato de jantar por atacado. Os nossos pratos de catering a granel brancos brilhantes est\u00e3o dispon\u00edveis em dois tamanhos: 8 polegadas e 10 polegadas. O cl\u00e1ssico branco puro com design de esmalte de alto brilho pode tornar os pratos mais requintados e atraentes. A sua eleg\u00e2ncia simples, durabilidade e facilidade de limpeza tornam-no a escolha ideal para servi\u00e7os de restaura\u00e7\u00e3o.<\/p>\n<table style=\"border-collapse: collapse; width: 309.02pt;\" border=\"0\" width=\"309\" cellspacing=\"0\" cellpadding=\"0\">\n<tbody>\n<tr style=\"height: 17.60pt;\">\n<td class=\"et3\" style=\"height: 17.60pt; width: 120.25pt;\" width=\"120\" height=\"17\">Fabricante<\/td>\n<td class=\"et3\" style=\"width: 189.25pt;\" width=\"189\">Yongjian<\/td>\n<\/tr>\n<tr style=\"height: 36.00pt;\">\n<td class=\"et3\" style=\"height: 36.00pt;\" height=\"36\">Modelo n.<\/td>\n<td class=\"et4\" style=\"width: 189.25pt;\" width=\"189\">YJ-069\/YJ-070<\/td>\n<\/tr>\n<tr style=\"height: 17.60pt;\">\n<td class=\"et3\" style=\"height: 17.60pt;\" height=\"17\">Tipo de produto<\/td>\n<td class=\"et3\">Prato de servir, Prato de jantar<\/td>\n<\/tr>\n<tr style=\"height: 17.60pt;\">\n<td class=\"et3\" style=\"height: 17.60pt;\" height=\"17\">Material<\/td>\n<td class=\"et3\">Porcelana<\/td>\n<\/tr>\n<tr style=\"height: 17.60pt;\">\n<td class=\"et5\" style=\"height: 17.60pt;\" height=\"17\">Cor<\/td>\n<td class=\"et3\">Branco<\/td>\n<\/tr>\n<tr style=\"height: 36.00pt;\">\n<td class=\"et3\" style=\"height: 36.00pt;\" height=\"36\">Dimens\u00e3o<\/td>\n<td class=\"et6\" style=\"width: 189.25pt;\" width=\"189\">8'polegadas: 18*20*2,2<br \/>10'polegadas: 24*25,5*5,5<\/td>\n<\/tr>\n<tr style=\"height: 17.60pt;\">\n<td class=\"et3\" style=\"height: 17.60pt;\" height=\"17\">MOQ<\/td>\n<td class=\"et3\">500 unidades<\/td>\n<\/tr>\n<tr style=\"height: 17.60pt;\">\n<td class=\"et3\" style=\"height: 17.60pt;\" height=\"17\">Personalizado<\/td>\n<td class=\"et3\">Cor\/tamanho\/log\u00f3tipo\/embalagem<\/td>\n<\/tr>\n<\/tbody>\n<\/table>","protected":false},"featured_media":3669,"comment_status":"closed","ping_status":"closed","template":"","meta":{"_acf_changed":false},"product_brand":[],"product_cat":[93,62],"product_tag":[96],"class_list":{"0":"post-3664","1":"product","2":"type-product","3":"status-publish","4":"has-post-thumbnail","6":"product_cat-bulk-dinner-plates","7":"product_cat-ceramic-plates-wholesale","8":"product_tag-black-white-dinnerware-wholesale","10":"first","11":"instock","12":"shipping-taxable","13":"product-type-simple"},"acf":[],"_links":{"self":[{"href":"https:\/\/www.yongjianceramic.com\/pt\/wp-json\/wp\/v2\/product\/3664","targetHints":{"allow":["GET"]}}],"collection":[{"href":"https:\/\/www.yongjianceramic.com\/pt\/wp-json\/wp\/v2\/product"}],"about":[{"href":"https:\/\/www.yongjianceramic.com\/pt\/wp-json\/wp\/v2\/types\/product"}],"replies":[{"embeddable":true,"href":"https:\/\/www.yongjianceramic.com\/pt\/wp-json\/wp\/v2\/comments?post=3664"}],"wp:featuredmedia":[{"embeddable":true,"href":"https:\/\/www.yongjianceramic.com\/pt\/wp-json\/wp\/v2\/media\/3669"}],"wp:attachment":[{"href":"https:\/\/www.yongjianceramic.com\/pt\/wp-json\/wp\/v2\/media?parent=3664"}],"wp:term":[{"taxonomy":"product_brand","embeddable":true,"href":"https:\/\/www.yongjianceramic.com\/pt\/wp-json\/wp\/v2\/product_brand?post=3664"},{"taxonomy":"product_cat","embeddable":true,"href":"https:\/\/www.yongjianceramic.com\/pt\/wp-json\/wp\/v2\/product_cat?post=3664"},{"taxonomy":"product_tag","embeddable":true,"href":"https:\/\/www.yongjianceramic.com\/pt\/wp-json\/wp\/v2\/product_tag?post=3664"}],"curies":[{"name":"wp","href":"https:\/\/api.w.org\/{rel}","templated":true}]}}