{"id":3688,"date":"2024-10-29T01:26:28","date_gmt":"2024-10-29T01:26:28","guid":{"rendered":"https:\/\/www.yongjianceramic.com\/?post_type=product&#038;p=3688"},"modified":"2024-12-05T11:10:45","modified_gmt":"2024-12-05T03:10:45","slug":"catering-plates-wholesale","status":"publish","type":"product","link":"https:\/\/www.yongjianceramic.com\/pt\/produto\/catering-plates-wholesale\/","title":{"rendered":"Pratos de catering de forma oval de 10,5 polegadas por atacado, pratos de porcelana branca a granel"},"content":{"rendered":"<div class=\"wp-block-columns is-layout-flex wp-container-core-columns-is-layout-9d6595d7 wp-block-columns-is-layout-flex\">\n<div class=\"wp-block-column is-layout-flow wp-block-column-is-layout-flow\">\n<h2 class=\"wp-block-heading\">Pratos de catering Premium Carater\u00edsticas por atacado:<\/h2>\n\n\n\n<ul class=\"wp-block-list\">\n<li><strong>Design oval elegante: <\/strong>Estes pratos de catering por atacado adoptam um design oval suave, que \u00e9 simples e elegante, e pode acrescentar beleza a v\u00e1rios pratos. \u00c9 muito adequado para melhorar a experi\u00eancia gastron\u00f3mica geral de banquetes, restaurantes e hot\u00e9is.<\/li>\n\n\n\n<li><strong>Decora\u00e7\u00e3o com textura mercerizada: <\/strong>Os nossos pratos de porcelana a granel t\u00eam uma textura mercerizada no prato, com uma superf\u00edcie lisa e delicada. O brilho suave faz com que o prato pare\u00e7a mais sofisticado, adicionando um toque de luxo \u00e0 configura\u00e7\u00e3o da mesa, que \u00e9 uma escolha ideal para todos os tipos de ocasi\u00f5es sofisticadas.<\/li>\n\n\n\n<li><strong>Sele\u00e7\u00e3o pr\u00e1tica do tamanho: <\/strong>Os nossos pratos de catering por atacado est\u00e3o dispon\u00edveis em dois tamanhos de 8,5 polegadas e 10,5 polegadas, que s\u00e3o adequados para uma variedade de necessidades, desde aperitivos a pratos principais, acrescentando flexibilidade aos servi\u00e7os de catering, para que diferentes pratos possam ser perfeitamente apresentados.<\/li>\n\n\n\n<li><strong>Material de porcelana branca de alta qualidade: <\/strong>Estes pratos de porcelana a granel s\u00e3o feitos de porcelana branca de alta qualidade, dur\u00e1vel e resistente a riscos, f\u00e1cil de limpar e de lavar na m\u00e1quina de lavar lou\u00e7a, adequada para utiliza\u00e7\u00e3o frequente em locais de restaura\u00e7\u00e3o movimentados e de f\u00e1cil manuten\u00e7\u00e3o di\u00e1ria.<\/li>\n<\/ul>\n<\/div>\n\n\n\n<div class=\"wp-block-column is-vertically-aligned-center is-layout-flow wp-block-column-is-layout-flow\"><div class=\"wp-block-image\">\n<figure class=\"aligncenter size-full is-resized\"><img fetchpriority=\"high\" decoding=\"async\" width=\"750\" height=\"750\" src=\"https:\/\/www.yongjianceramic.com\/wp-content\/uploads\/2024\/10\/Oval-Shape-Catering-Plates-Wholesale-White-Porcelain-Plates-Bulk-2.webp\" alt=\"Pratos de catering de forma oval por atacado, pratos de porcelana branca a granel-2\" class=\"wp-image-3690\" style=\"width:404px;height:auto\" srcset=\"https:\/\/www.yongjianceramic.com\/wp-content\/uploads\/2024\/10\/Oval-Shape-Catering-Plates-Wholesale-White-Porcelain-Plates-Bulk-2.webp 750w, https:\/\/www.yongjianceramic.com\/wp-content\/uploads\/2024\/10\/Oval-Shape-Catering-Plates-Wholesale-White-Porcelain-Plates-Bulk-2-300x300.webp 300w, https:\/\/www.yongjianceramic.com\/wp-content\/uploads\/2024\/10\/Oval-Shape-Catering-Plates-Wholesale-White-Porcelain-Plates-Bulk-2-150x150.webp 150w, https:\/\/www.yongjianceramic.com\/wp-content\/uploads\/2024\/10\/Oval-Shape-Catering-Plates-Wholesale-White-Porcelain-Plates-Bulk-2-12x12.webp 12w, https:\/\/www.yongjianceramic.com\/wp-content\/uploads\/2024\/10\/Oval-Shape-Catering-Plates-Wholesale-White-Porcelain-Plates-Bulk-2-285x285.webp 285w, https:\/\/www.yongjianceramic.com\/wp-content\/uploads\/2024\/10\/Oval-Shape-Catering-Plates-Wholesale-White-Porcelain-Plates-Bulk-2-270x270.webp 270w, https:\/\/www.yongjianceramic.com\/wp-content\/uploads\/2024\/10\/Oval-Shape-Catering-Plates-Wholesale-White-Porcelain-Plates-Bulk-2-540x540.webp 540w, https:\/\/www.yongjianceramic.com\/wp-content\/uploads\/2024\/10\/Oval-Shape-Catering-Plates-Wholesale-White-Porcelain-Plates-Bulk-2-660x660.webp 660w\" sizes=\"(max-width: 750px) 100vw, 750px\" \/><\/figure>\n<\/div><\/div>\n<\/div>","protected":false},"excerpt":{"rendered":"<p>Bem-vindo \u00e0 compra de pratos de porcelana a granel. Estes pratos de catering por atacado combinam uma elegante textura de seda com um design oval cl\u00e1ssico, acrescentando efeitos visuais requintados \u00e0 mesa de jantar. \u00c9 ideal para ocasi\u00f5es de alto n\u00edvel, como banquetes, restaurantes e hot\u00e9is.<\/p>\n<table style=\"border-collapse: collapse; width: 322.02pt;\" border=\"0\" width=\"322\" cellspacing=\"0\" cellpadding=\"0\">\n<tbody>\n<tr style=\"height: 17.60pt;\">\n<td class=\"et3\" style=\"height: 17.60pt; width: 120.25pt;\" width=\"120\" height=\"17\">Fabricante<\/td>\n<td class=\"et3\" style=\"width: 202.30pt;\" width=\"202\">Yongjian<\/td>\n<\/tr>\n<tr style=\"height: 18.00pt;\">\n<td class=\"et3\" style=\"height: 18.00pt;\" height=\"18\">Modelo n.<\/td>\n<td class=\"et4\" style=\"width: 202.30pt;\" width=\"202\">YJ-076<\/td>\n<\/tr>\n<tr style=\"height: 18.00pt;\">\n<td class=\"et3\" style=\"height: 18.00pt;\" height=\"18\">Tipo de produto<\/td>\n<td class=\"et4\" style=\"width: 202.30pt;\" width=\"202\">Prato de servir, Prato fundo<\/td>\n<\/tr>\n<tr style=\"height: 17.60pt;\">\n<td class=\"et3\" style=\"height: 17.60pt;\" height=\"17\">Material<\/td>\n<td class=\"et3\">Porcelana<\/td>\n<\/tr>\n<tr style=\"height: 17.60pt;\">\n<td class=\"et5\" style=\"height: 17.60pt;\" height=\"17\">Cor<\/td>\n<td class=\"et3\">Branco\/preto<\/td>\n<\/tr>\n<tr style=\"height: 18.00pt;\">\n<td class=\"et3\" style=\"height: 18.00pt;\" height=\"18\">Dimens\u00e3o<\/td>\n<td class=\"et4\" style=\"width: 202.30pt;\" width=\"202\">20*26.5*2.8<\/td>\n<\/tr>\n<tr style=\"height: 17.60pt;\">\n<td class=\"et3\" style=\"height: 17.60pt;\" height=\"17\">MOQ<\/td>\n<td class=\"et3\">500 unidades<\/td>\n<\/tr>\n<tr style=\"height: 17.60pt;\">\n<td class=\"et3\" style=\"height: 17.60pt;\" height=\"17\">Personalizado<\/td>\n<td class=\"et3\">Cor\/tamanho\/log\u00f3tipo\/embalagem<\/td>\n<\/tr>\n<\/tbody>\n<\/table>","protected":false},"featured_media":3691,"comment_status":"closed","ping_status":"closed","template":"","meta":{"_acf_changed":false},"product_brand":[],"product_cat":[76,77,62],"product_tag":[96],"class_list":{"0":"post-3688","1":"product","2":"type-product","3":"status-publish","4":"has-post-thumbnail","6":"product_cat-wholesale-serving-platters","7":"product_cat-deep-plates-wholesale","8":"product_cat-ceramic-plates-wholesale","9":"product_tag-black-white-dinnerware-wholesale","11":"first","12":"instock","13":"shipping-taxable","14":"product-type-simple"},"acf":[],"_links":{"self":[{"href":"https:\/\/www.yongjianceramic.com\/pt\/wp-json\/wp\/v2\/product\/3688","targetHints":{"allow":["GET"]}}],"collection":[{"href":"https:\/\/www.yongjianceramic.com\/pt\/wp-json\/wp\/v2\/product"}],"about":[{"href":"https:\/\/www.yongjianceramic.com\/pt\/wp-json\/wp\/v2\/types\/product"}],"replies":[{"embeddable":true,"href":"https:\/\/www.yongjianceramic.com\/pt\/wp-json\/wp\/v2\/comments?post=3688"}],"wp:featuredmedia":[{"embeddable":true,"href":"https:\/\/www.yongjianceramic.com\/pt\/wp-json\/wp\/v2\/media\/3691"}],"wp:attachment":[{"href":"https:\/\/www.yongjianceramic.com\/pt\/wp-json\/wp\/v2\/media?parent=3688"}],"wp:term":[{"taxonomy":"product_brand","embeddable":true,"href":"https:\/\/www.yongjianceramic.com\/pt\/wp-json\/wp\/v2\/product_brand?post=3688"},{"taxonomy":"product_cat","embeddable":true,"href":"https:\/\/www.yongjianceramic.com\/pt\/wp-json\/wp\/v2\/product_cat?post=3688"},{"taxonomy":"product_tag","embeddable":true,"href":"https:\/\/www.yongjianceramic.com\/pt\/wp-json\/wp\/v2\/product_tag?post=3688"}],"curies":[{"name":"wp","href":"https:\/\/api.w.org\/{rel}","templated":true}]}}