{"id":3702,"date":"2024-10-29T01:52:20","date_gmt":"2024-10-29T01:52:20","guid":{"rendered":"https:\/\/www.yongjianceramic.com\/?post_type=product&#038;p=3702"},"modified":"2024-10-29T02:00:19","modified_gmt":"2024-10-29T02:00:19","slug":"wholesale-dinner-plates","status":"publish","type":"product","link":"https:\/\/www.yongjianceramic.com\/pt\/produto\/wholesale-dinner-plates\/","title":{"rendered":"Pratos de jantar de 9 polegadas por atacado, pratos redondos de porcelana a granel"},"content":{"rendered":"<div class=\"wp-block-columns is-layout-flex wp-container-core-columns-is-layout-9d6595d7 wp-block-columns-is-layout-flex\">\n<div class=\"wp-block-column is-layout-flow wp-block-column-is-layout-flow\">\n<h2 class=\"wp-block-heading\">Pratos de jantar Premium por atacado Carater\u00edsticas:<\/h2>\n\n\n\n<ul class=\"wp-block-list\">\n<li><strong>Design oval elegante:<\/strong> Os nossos pratos por atacado para restaura\u00e7\u00e3o adoptam um design oval elegante, que proporciona um espa\u00e7o de exposi\u00e7\u00e3o mais espa\u00e7oso para v\u00e1rios pratos. \u00c9 uma escolha ideal para locais de luxo, como restaurantes, banquetes e hot\u00e9is.<\/li>\n\n\n\n<li><strong>Pegas c\u00f3modas e pr\u00e1ticas: <\/strong>Os nossos pratos de porcelana a granel s\u00e3o concebidos com pegas, que s\u00e3o f\u00e1ceis de pegar e mover, o que n\u00e3o s\u00f3 melhora a efici\u00eancia de servir os pratos, mas tamb\u00e9m real\u00e7a a beleza da exposi\u00e7\u00e3o dos pratos. Trata-se de uma escolha inteligente para servi\u00e7os de catering.<\/li>\n\n\n\n<li><strong>Cl\u00e1ssico a preto e branco: <\/strong>Estes pratos por atacado para catering est\u00e3o dispon\u00edveis em preto e branco, o que pode satisfazer as necessidades de ambientes de mesa modernos e minimalistas e ambientes de jantar cl\u00e1ssicos e elegantes, e podem ser facilmente combinados com uma variedade de ocasi\u00f5es e estilos de decora\u00e7\u00e3o.<\/li>\n\n\n\n<li><strong>Tamanho grande e polivalente: <\/strong>Os nossos pratos de porcelana a granel t\u00eam um tamanho grande de 13,5 polegadas, que \u00e9 adequado para servir uma variedade de pratos, tais como pratos principais, travessas e aperitivos. \u00c9 uma escolha de prato vers\u00e1til em servi\u00e7os de catering.<\/li>\n<\/ul>\n<\/div>\n\n\n\n<div class=\"wp-block-column is-vertically-aligned-center is-layout-flow wp-block-column-is-layout-flow\"><div class=\"wp-block-image\">\n<figure class=\"aligncenter size-full is-resized\"><img fetchpriority=\"high\" decoding=\"async\" width=\"740\" height=\"740\" src=\"https:\/\/www.yongjianceramic.com\/wp-content\/uploads\/2024\/10\/9-Inch-Wholesale-Dinner-Plates-Round-Porcelain-Plates-Bulk-1.webp\" alt=\"Pratos de jantar de 9 polegadas por atacado, pratos redondos de porcelana a granel-1\" class=\"wp-image-3703\" style=\"width:404px;height:auto\" srcset=\"https:\/\/www.yongjianceramic.com\/wp-content\/uploads\/2024\/10\/9-Inch-Wholesale-Dinner-Plates-Round-Porcelain-Plates-Bulk-1.webp 740w, https:\/\/www.yongjianceramic.com\/wp-content\/uploads\/2024\/10\/9-Inch-Wholesale-Dinner-Plates-Round-Porcelain-Plates-Bulk-1-300x300.webp 300w, https:\/\/www.yongjianceramic.com\/wp-content\/uploads\/2024\/10\/9-Inch-Wholesale-Dinner-Plates-Round-Porcelain-Plates-Bulk-1-150x150.webp 150w, https:\/\/www.yongjianceramic.com\/wp-content\/uploads\/2024\/10\/9-Inch-Wholesale-Dinner-Plates-Round-Porcelain-Plates-Bulk-1-12x12.webp 12w, https:\/\/www.yongjianceramic.com\/wp-content\/uploads\/2024\/10\/9-Inch-Wholesale-Dinner-Plates-Round-Porcelain-Plates-Bulk-1-285x285.webp 285w, https:\/\/www.yongjianceramic.com\/wp-content\/uploads\/2024\/10\/9-Inch-Wholesale-Dinner-Plates-Round-Porcelain-Plates-Bulk-1-270x270.webp 270w, https:\/\/www.yongjianceramic.com\/wp-content\/uploads\/2024\/10\/9-Inch-Wholesale-Dinner-Plates-Round-Porcelain-Plates-Bulk-1-540x540.webp 540w, https:\/\/www.yongjianceramic.com\/wp-content\/uploads\/2024\/10\/9-Inch-Wholesale-Dinner-Plates-Round-Porcelain-Plates-Bulk-1-660x660.webp 660w\" sizes=\"(max-width: 740px) 100vw, 740px\" \/><\/figure>\n<\/div><\/div>\n<\/div>\n\n\n\n<p><\/p>","protected":false},"excerpt":{"rendered":"<p>Bem-vindo \u00e0 compra de pratos de porcelana a granel. Os nossos pratos ovais de 13,5 polegadas para catering v\u00eam com um design de pega conveniente e est\u00e3o dispon\u00edveis em duas cores cl\u00e1ssicas, preto e branco, tornando-os adequados para uma variedade de ocasi\u00f5es de jantar. O design de tamanho grande oferece mais espa\u00e7o de exibi\u00e7\u00e3o para o revestimento, tornando-o uma escolha de alta qualidade para melhorar a experi\u00eancia do servi\u00e7o de catering.<\/p>\n<table style=\"border-collapse: collapse; width: 309.02pt;\" border=\"0\" width=\"309\" cellspacing=\"0\" cellpadding=\"0\">\n<tbody>\n<tr style=\"height: 17.60pt;\">\n<td class=\"et3\" style=\"height: 17.60pt; width: 120.25pt;\" width=\"120\" height=\"17\">Fabricante<\/td>\n<td class=\"et3\" style=\"width: 189.25pt;\" width=\"189\">Yongjian<\/td>\n<\/tr>\n<tr style=\"height: 18.00pt;\">\n<td class=\"et3\" style=\"height: 18.00pt;\" height=\"18\">Modelo n.<\/td>\n<td class=\"et4\" style=\"width: 189.25pt;\" width=\"189\">YJ-078<\/td>\n<\/tr>\n<tr style=\"height: 17.60pt;\">\n<td class=\"et3\" style=\"height: 17.60pt;\" height=\"17\">Tipo de produto<\/td>\n<td class=\"et3\">Prato de servir, Prato de jantar<\/td>\n<\/tr>\n<tr style=\"height: 17.60pt;\">\n<td class=\"et3\" style=\"height: 17.60pt;\" height=\"17\">Material<\/td>\n<td class=\"et3\">Porcelana<\/td>\n<\/tr>\n<tr style=\"height: 17.60pt;\">\n<td class=\"et5\" style=\"height: 17.60pt;\" height=\"17\">Cor<\/td>\n<td class=\"et3\">Branco\/preto<\/td>\n<\/tr>\n<tr style=\"height: 18.00pt;\">\n<td class=\"et3\" style=\"height: 18.00pt;\" height=\"18\">Dimens\u00e3o<\/td>\n<td class=\"et4\" style=\"width: 189.25pt;\" width=\"189\">20.4*23.8*3.4<\/td>\n<\/tr>\n<tr style=\"height: 17.60pt;\">\n<td class=\"et3\" style=\"height: 17.60pt;\" height=\"17\">MOQ<\/td>\n<td class=\"et3\">500 unidades<\/td>\n<\/tr>\n<tr style=\"height: 17.60pt;\">\n<td class=\"et3\" style=\"height: 17.60pt;\" height=\"17\">Personalizado<\/td>\n<td class=\"et3\">Cor\/tamanho\/log\u00f3tipo\/embalagem<\/td>\n<\/tr>\n<\/tbody>\n<\/table>","protected":false},"featured_media":3704,"comment_status":"closed","ping_status":"closed","template":"","meta":{"_acf_changed":false},"product_brand":[],"product_cat":[76,93,62],"product_tag":[96],"class_list":{"0":"post-3702","1":"product","2":"type-product","3":"status-publish","4":"has-post-thumbnail","6":"product_cat-wholesale-serving-platters","7":"product_cat-bulk-dinner-plates","8":"product_cat-ceramic-plates-wholesale","9":"product_tag-black-white-dinnerware-wholesale","11":"first","12":"instock","13":"shipping-taxable","14":"product-type-simple"},"acf":[],"_links":{"self":[{"href":"https:\/\/www.yongjianceramic.com\/pt\/wp-json\/wp\/v2\/product\/3702","targetHints":{"allow":["GET"]}}],"collection":[{"href":"https:\/\/www.yongjianceramic.com\/pt\/wp-json\/wp\/v2\/product"}],"about":[{"href":"https:\/\/www.yongjianceramic.com\/pt\/wp-json\/wp\/v2\/types\/product"}],"replies":[{"embeddable":true,"href":"https:\/\/www.yongjianceramic.com\/pt\/wp-json\/wp\/v2\/comments?post=3702"}],"wp:featuredmedia":[{"embeddable":true,"href":"https:\/\/www.yongjianceramic.com\/pt\/wp-json\/wp\/v2\/media\/3704"}],"wp:attachment":[{"href":"https:\/\/www.yongjianceramic.com\/pt\/wp-json\/wp\/v2\/media?parent=3702"}],"wp:term":[{"taxonomy":"product_brand","embeddable":true,"href":"https:\/\/www.yongjianceramic.com\/pt\/wp-json\/wp\/v2\/product_brand?post=3702"},{"taxonomy":"product_cat","embeddable":true,"href":"https:\/\/www.yongjianceramic.com\/pt\/wp-json\/wp\/v2\/product_cat?post=3702"},{"taxonomy":"product_tag","embeddable":true,"href":"https:\/\/www.yongjianceramic.com\/pt\/wp-json\/wp\/v2\/product_tag?post=3702"}],"curies":[{"name":"wp","href":"https:\/\/api.w.org\/{rel}","templated":true}]}}