{"id":3707,"date":"2024-10-29T02:03:04","date_gmt":"2024-10-29T02:03:04","guid":{"rendered":"https:\/\/www.yongjianceramic.com\/?post_type=product&#038;p=3707"},"modified":"2024-10-29T02:14:58","modified_gmt":"2024-10-29T02:14:58","slug":"wholesale-dishware","status":"publish","type":"product","link":"https:\/\/www.yongjianceramic.com\/pt\/produto\/wholesale-dishware\/","title":{"rendered":"Lou\u00e7a azul oriental por atacado, pratos de jantar a granel para catering"},"content":{"rendered":"<div class=\"wp-block-columns is-layout-flex wp-container-core-columns-is-layout-9d6595d7 wp-block-columns-is-layout-flex\">\n<div class=\"wp-block-column is-layout-flow wp-block-column-is-layout-flow\">\n<h2 class=\"wp-block-heading\">Lou\u00e7a Premium Wholesale Carater\u00edsticas:<\/h2>\n\n\n\n<ul class=\"wp-block-list\">\n<li><strong>Design est\u00e9tico oriental \u00fanico: <\/strong>Esta s\u00e9rie de loi\u00e7a por grosso \u00e9 dominada pelo azul-marinho profundo, com uma textura \u00fanica de gelo, transmitindo a simplicidade e a eleg\u00e2ncia da est\u00e9tica oriental, adequada para real\u00e7ar a atmosfera art\u00edstica da mesa de jantar.<\/li>\n\n\n\n<li><strong>Uma variedade de formas e tamanhos: <\/strong>Os nossos pratos de jantar a granel est\u00e3o dispon\u00edveis em duas formas cl\u00e1ssicas, oval e retangular, com uma variedade de tamanhos para satisfazer as diversas necessidades das ocasi\u00f5es de restaura\u00e7\u00e3o, adequados para empratar uma variedade de pratos, como aperitivos e pratos principais.<\/li>\n\n\n\n<li><strong>Detalhes de textura de fendas de gelo: <\/strong>Esta s\u00e9rie de loi\u00e7a para venda por grosso est\u00e1 coberta com uma delicada textura de gelo, acrescentando uma sensa\u00e7\u00e3o de artesanato e real\u00e7ando o sabor \u00fanico da loi\u00e7a de alta qualidade. \u00c9 uma escolha ideal para restaurantes, hot\u00e9is e banquetes.<\/li>\n\n\n\n<li><strong>Material cer\u00e2mico de alta qualidade: <\/strong>Estes pratos de jantar a granel s\u00e3o feitos de cer\u00e2mica de alta qualidade, lisos e resistentes, dur\u00e1veis e f\u00e1ceis de limpar, adequados para utiliza\u00e7\u00e3o frequente em ambientes de restaura\u00e7\u00e3o, e suportam a limpeza na m\u00e1quina de lavar lou\u00e7a, de f\u00e1cil manuten\u00e7\u00e3o.<\/li>\n<\/ul>\n<\/div>\n\n\n\n<div class=\"wp-block-column is-vertically-aligned-center is-layout-flow wp-block-column-is-layout-flow\">\n<figure class=\"wp-block-image size-full\"><img fetchpriority=\"high\" decoding=\"async\" width=\"800\" height=\"800\" src=\"https:\/\/www.yongjianceramic.com\/wp-content\/uploads\/2024\/10\/Oriental-Blue-Wholesale-Dishware-Bulk-Dinner-Plates-For-Catering-03.webp\" alt=\"Lou\u00e7a azul oriental por atacado, pratos de jantar a granel para catering-03\" class=\"wp-image-3710\" srcset=\"https:\/\/www.yongjianceramic.com\/wp-content\/uploads\/2024\/10\/Oriental-Blue-Wholesale-Dishware-Bulk-Dinner-Plates-For-Catering-03.webp 800w, https:\/\/www.yongjianceramic.com\/wp-content\/uploads\/2024\/10\/Oriental-Blue-Wholesale-Dishware-Bulk-Dinner-Plates-For-Catering-03-300x300.webp 300w, https:\/\/www.yongjianceramic.com\/wp-content\/uploads\/2024\/10\/Oriental-Blue-Wholesale-Dishware-Bulk-Dinner-Plates-For-Catering-03-150x150.webp 150w, https:\/\/www.yongjianceramic.com\/wp-content\/uploads\/2024\/10\/Oriental-Blue-Wholesale-Dishware-Bulk-Dinner-Plates-For-Catering-03-768x768.webp 768w, https:\/\/www.yongjianceramic.com\/wp-content\/uploads\/2024\/10\/Oriental-Blue-Wholesale-Dishware-Bulk-Dinner-Plates-For-Catering-03-12x12.webp 12w, https:\/\/www.yongjianceramic.com\/wp-content\/uploads\/2024\/10\/Oriental-Blue-Wholesale-Dishware-Bulk-Dinner-Plates-For-Catering-03-285x285.webp 285w, https:\/\/www.yongjianceramic.com\/wp-content\/uploads\/2024\/10\/Oriental-Blue-Wholesale-Dishware-Bulk-Dinner-Plates-For-Catering-03-270x270.webp 270w, https:\/\/www.yongjianceramic.com\/wp-content\/uploads\/2024\/10\/Oriental-Blue-Wholesale-Dishware-Bulk-Dinner-Plates-For-Catering-03-540x540.webp 540w, https:\/\/www.yongjianceramic.com\/wp-content\/uploads\/2024\/10\/Oriental-Blue-Wholesale-Dishware-Bulk-Dinner-Plates-For-Catering-03-660x660.webp 660w\" sizes=\"(max-width: 800px) 100vw, 800px\" \/><\/figure>\n<\/div>\n<\/div>","protected":false},"excerpt":{"rendered":"<p>Bem-vindo \u00e0 compra de pratos de jantar a granel. Esta s\u00e9rie de lou\u00e7a oriental azul-marinho para venda por grosso tem duas formas, oval e retangular, decorada com uma requintada textura de gelo e dispon\u00edvel numa variedade de tamanhos. O seu design cl\u00e1ssico e moderno combina praticidade e arte, e \u00e9 adequado para locais de refei\u00e7\u00f5es de alta qualidade, como restaurantes e hot\u00e9is, acrescentando um charme oriental \u00fanico.<\/p>\n<table style=\"border-collapse: collapse; width: 309.02pt;\" border=\"0\" width=\"309\" cellspacing=\"0\" cellpadding=\"0\">\n<tbody>\n<tr style=\"height: 17.60pt;\">\n<td class=\"et3\" style=\"height: 17.60pt; width: 120.25pt;\" width=\"120\" height=\"17\">Fabricante<\/td>\n<td class=\"et3\" style=\"width: 189.25pt;\" width=\"189\">Yongjian<\/td>\n<\/tr>\n<tr style=\"height: 18.00pt;\">\n<td class=\"et3\" style=\"height: 18.00pt;\" height=\"18\">Modelo n.<\/td>\n<td class=\"et4\" style=\"width: 189.25pt;\" width=\"189\">YJ-075<\/td>\n<\/tr>\n<tr style=\"height: 18.00pt;\">\n<td class=\"et5\" style=\"height: 18.00pt; width: 120.25pt;\" width=\"120\" height=\"18\">Tipo de lou\u00e7a<\/td>\n<td class=\"et5\" style=\"width: 189.25pt;\" width=\"189\">Pratos, Pratos<\/td>\n<\/tr>\n<tr style=\"height: 17.60pt;\">\n<td class=\"et3\" style=\"height: 17.60pt;\" height=\"17\">T\u00e9cnica<\/td>\n<td class=\"et3\">Efeito de esmalte de forno<\/td>\n<\/tr>\n<tr style=\"height: 17.60pt;\">\n<td class=\"et3\" style=\"height: 17.60pt;\" height=\"17\">Material<\/td>\n<td class=\"et3\">Porcelana<\/td>\n<\/tr>\n<tr style=\"height: 36.00pt;\">\n<td class=\"et6\" style=\"height: 36.00pt;\" height=\"36\">Aplic\u00e1vel<\/td>\n<td class=\"et5\" style=\"width: 189.25pt;\" width=\"189\">Esterilizador, M\u00e1quina de lavar loi\u00e7a, Forno, Micro-ondas<\/td>\n<\/tr>\n<tr style=\"height: 17.60pt;\">\n<td class=\"et3\" style=\"height: 17.60pt;\" height=\"17\">Dimens\u00e3o<\/td>\n<td class=\"et3\">Como imagem<\/td>\n<\/tr>\n<tr style=\"height: 17.60pt;\">\n<td class=\"et3\" style=\"height: 17.60pt;\" height=\"17\">MOQ<\/td>\n<td class=\"et3\">500 unidades<\/td>\n<\/tr>\n<tr style=\"height: 17.60pt;\">\n<td class=\"et3\" style=\"height: 17.60pt;\" height=\"17\">Personalizado<\/td>\n<td class=\"et3\">Cor\/tamanho\/log\u00f3tipo\/embalagem<\/td>\n<\/tr>\n<\/tbody>\n<\/table>","protected":false},"featured_media":3708,"comment_status":"closed","ping_status":"closed","template":"","meta":{"_acf_changed":false},"product_brand":[],"product_cat":[64,85],"product_tag":[86],"class_list":{"0":"post-3707","1":"product","2":"type-product","3":"status-publish","4":"has-post-thumbnail","6":"product_cat-dinnerware-sets","7":"product_cat-wholesale-dinnerware-sets","8":"product_tag-oriental-style-dinnerware-wholesale","10":"first","11":"instock","12":"shipping-taxable","13":"product-type-simple"},"acf":[],"_links":{"self":[{"href":"https:\/\/www.yongjianceramic.com\/pt\/wp-json\/wp\/v2\/product\/3707","targetHints":{"allow":["GET"]}}],"collection":[{"href":"https:\/\/www.yongjianceramic.com\/pt\/wp-json\/wp\/v2\/product"}],"about":[{"href":"https:\/\/www.yongjianceramic.com\/pt\/wp-json\/wp\/v2\/types\/product"}],"replies":[{"embeddable":true,"href":"https:\/\/www.yongjianceramic.com\/pt\/wp-json\/wp\/v2\/comments?post=3707"}],"wp:featuredmedia":[{"embeddable":true,"href":"https:\/\/www.yongjianceramic.com\/pt\/wp-json\/wp\/v2\/media\/3708"}],"wp:attachment":[{"href":"https:\/\/www.yongjianceramic.com\/pt\/wp-json\/wp\/v2\/media?parent=3707"}],"wp:term":[{"taxonomy":"product_brand","embeddable":true,"href":"https:\/\/www.yongjianceramic.com\/pt\/wp-json\/wp\/v2\/product_brand?post=3707"},{"taxonomy":"product_cat","embeddable":true,"href":"https:\/\/www.yongjianceramic.com\/pt\/wp-json\/wp\/v2\/product_cat?post=3707"},{"taxonomy":"product_tag","embeddable":true,"href":"https:\/\/www.yongjianceramic.com\/pt\/wp-json\/wp\/v2\/product_tag?post=3707"}],"curies":[{"name":"wp","href":"https:\/\/api.w.org\/{rel}","templated":true}]}}