{"id":3724,"date":"2024-10-29T06:10:32","date_gmt":"2024-10-29T06:10:32","guid":{"rendered":"https:\/\/www.yongjianceramic.com\/?post_type=product&#038;p=3724"},"modified":"2025-03-20T12:07:22","modified_gmt":"2025-03-20T04:07:22","slug":"ceramic-dishes-wholesale","status":"publish","type":"product","link":"https:\/\/www.yongjianceramic.com\/pt\/produto\/ceramic-dishes-wholesale\/","title":{"rendered":"Pratos de cer\u00e2mica por atacado com al\u00e7as, pratos de ca\u00e7arola a granel"},"content":{"rendered":"<div class=\"wp-block-columns is-layout-flex wp-container-core-columns-is-layout-9d6595d7 wp-block-columns-is-layout-flex\">\n<div class=\"wp-block-column is-layout-flow wp-block-column-is-layout-flow\">\n<h2 class=\"wp-block-heading\">Pratos de cer\u00e2mica Premium Carater\u00edsticas por atacado:<\/h2>\n\n\n\n<ul class=\"wp-block-list\">\n<li><strong>Adequado para uma variedade de pratos:<\/strong> Os nossos pratos de cer\u00e2mica por atacado est\u00e3o dispon\u00edveis em dois tamanhos, 8,8 polegadas e 10 polegadas, que s\u00e3o de tamanho moderado e adequados para uma variedade de necessidades culin\u00e1rias, tais como cozer, fritar, estufar, etc., quer se trate de refei\u00e7\u00f5es familiares di\u00e1rias ou locais de restaura\u00e7\u00e3o.<\/li>\n\n\n\n<li><strong>Design confort\u00e1vel da pega: <\/strong>Estes pratos para ca\u00e7arolas a granel est\u00e3o equipados com um design de pega para garantir mais estabilidade e conforto quando se deslocam entre o forno e a mesa de jantar, evitando o risco de escorregar e melhorando a seguran\u00e7a e a comodidade de utiliza\u00e7\u00e3o.<\/li>\n\n\n\n<li><strong>Elegante a preto e branco: <\/strong>Estes pratos de cer\u00e2mica por atacado est\u00e3o dispon\u00edveis em preto e branco, que s\u00e3o simples e elegantes, adequados para todos os tipos de configura\u00e7\u00f5es de mesa e estilos de cozinha, acrescentando beleza visual sem perder a praticidade.<\/li>\n\n\n\n<li><strong>Resistente a altas temperaturas e f\u00e1cil de limpar: <\/strong>Os nossos pratos para ca\u00e7arolas a granel s\u00e3o resistentes a temperaturas elevadas e podem ser utilizados diretamente no forno ou no micro-ondas. A superf\u00edcie \u00e9 lisa e f\u00e1cil de limpar, e permite a limpeza na m\u00e1quina de lavar loi\u00e7a, o que \u00e9 adequado para uma utiliza\u00e7\u00e3o di\u00e1ria frequente e poupa tempo de limpeza.<\/li>\n<\/ul>\n<\/div>\n\n\n\n<div class=\"wp-block-column is-vertically-aligned-center is-layout-flow wp-block-column-is-layout-flow\"><div class=\"wp-block-image\">\n<figure class=\"aligncenter size-full\"><img fetchpriority=\"high\" decoding=\"async\" width=\"750\" height=\"750\" src=\"https:\/\/www.yongjianceramic.com\/wp-content\/uploads\/2024\/10\/Ceramic-Dishes-Wholesale-With-Handles-Bulk-Casserole-Dishes-2.png\" alt=\"Pratos de cer\u00e2mica por atacado com pegas, Pratos de ca\u00e7arola a granel-2\" class=\"wp-image-3726\" srcset=\"https:\/\/www.yongjianceramic.com\/wp-content\/uploads\/2024\/10\/Ceramic-Dishes-Wholesale-With-Handles-Bulk-Casserole-Dishes-2.png 750w, https:\/\/www.yongjianceramic.com\/wp-content\/uploads\/2024\/10\/Ceramic-Dishes-Wholesale-With-Handles-Bulk-Casserole-Dishes-2-300x300.png 300w, https:\/\/www.yongjianceramic.com\/wp-content\/uploads\/2024\/10\/Ceramic-Dishes-Wholesale-With-Handles-Bulk-Casserole-Dishes-2-150x150.png 150w, https:\/\/www.yongjianceramic.com\/wp-content\/uploads\/2024\/10\/Ceramic-Dishes-Wholesale-With-Handles-Bulk-Casserole-Dishes-2-12x12.png 12w, https:\/\/www.yongjianceramic.com\/wp-content\/uploads\/2024\/10\/Ceramic-Dishes-Wholesale-With-Handles-Bulk-Casserole-Dishes-2-285x285.png 285w, https:\/\/www.yongjianceramic.com\/wp-content\/uploads\/2024\/10\/Ceramic-Dishes-Wholesale-With-Handles-Bulk-Casserole-Dishes-2-270x270.png 270w, https:\/\/www.yongjianceramic.com\/wp-content\/uploads\/2024\/10\/Ceramic-Dishes-Wholesale-With-Handles-Bulk-Casserole-Dishes-2-540x540.png 540w, https:\/\/www.yongjianceramic.com\/wp-content\/uploads\/2024\/10\/Ceramic-Dishes-Wholesale-With-Handles-Bulk-Casserole-Dishes-2-660x660.png 660w\" sizes=\"(max-width: 750px) 100vw, 750px\" \/><\/figure>\n<\/div><\/div>\n<\/div>","protected":false},"excerpt":{"rendered":"<p>Bem-vindo ao comprar pratos de cer\u00e2mica por grosso. Os nossos pratos de ca\u00e7arola a granel com pegas t\u00eam cores cl\u00e1ssicas a preto e branco e est\u00e3o dispon\u00edveis nos tamanhos de 8,8 e 10 polegadas. S\u00e3o adequados para uma variedade de fins culin\u00e1rios e s\u00e3o simultaneamente bonitos e pr\u00e1ticos. O material cer\u00e2mico de alta qualidade \u00e9 resistente ao calor e f\u00e1cil de limpar, tornando-o um utens\u00edlio ideal para casas e restaurantes.<\/p>\n<table style=\"border-collapse: collapse; width: 309.02pt;\" border=\"0\" width=\"309\" cellspacing=\"0\" cellpadding=\"0\">\n<tbody>\n<tr style=\"height: 17.60pt;\">\n<td class=\"et3\" style=\"height: 17.60pt; width: 120.25pt;\" width=\"120\" height=\"17\">Fabricante<\/td>\n<td class=\"et3\" style=\"width: 189.25pt;\" width=\"189\">Yongjian<\/td>\n<\/tr>\n<tr style=\"height: 18.00pt;\">\n<td class=\"et3\" style=\"height: 18.00pt;\" height=\"18\">Modelo n.<\/td>\n<td class=\"et4\" style=\"width: 189.25pt;\" width=\"189\">YJ-079\/YJ-080<\/td>\n<\/tr>\n<tr style=\"height: 17.60pt;\">\n<td class=\"et3\" style=\"height: 17.60pt;\" height=\"17\">Tipo de produto<\/td>\n<td class=\"et3\">Prato de servir, Prato fundo<\/td>\n<\/tr>\n<tr style=\"height: 17.60pt;\">\n<td class=\"et3\" style=\"height: 17.60pt;\" height=\"17\">Material<\/td>\n<td class=\"et3\">Porcelana<\/td>\n<\/tr>\n<tr style=\"height: 17.60pt;\">\n<td class=\"et5\" style=\"height: 17.60pt;\" height=\"17\">Cor<\/td>\n<td class=\"et3\">Branco\/preto<\/td>\n<\/tr>\n<tr style=\"height: 36.00pt;\">\n<td class=\"et3\" style=\"height: 36.00pt;\" height=\"36\">Dimens\u00e3o<\/td>\n<td class=\"et4\" style=\"width: 189.25pt;\" width=\"189\">8,8 polegadas: 13,5*22*4,2<br \/>10 polegadas: 14,5*25*4,5<\/td>\n<\/tr>\n<tr style=\"height: 17.60pt;\">\n<td class=\"et3\" style=\"height: 17.60pt;\" height=\"17\">MOQ<\/td>\n<td class=\"et3\">500 unidades<\/td>\n<\/tr>\n<tr style=\"height: 17.60pt;\">\n<td class=\"et3\" style=\"height: 17.60pt;\" height=\"17\">Personalizado<\/td>\n<td class=\"et3\">Cor\/tamanho\/log\u00f3tipo\/embalagem<\/td>\n<\/tr>\n<\/tbody>\n<\/table>\n<p>&nbsp;<\/p>","protected":false},"featured_media":3727,"comment_status":"closed","ping_status":"closed","template":"","meta":{"_acf_changed":false},"product_brand":[],"product_cat":[99,62],"product_tag":[96],"class_list":{"0":"post-3724","1":"product","2":"type-product","3":"status-publish","4":"has-post-thumbnail","6":"product_cat-baking-dishes-wholesale","7":"product_cat-ceramic-plates-wholesale","8":"product_tag-black-white-dinnerware-wholesale","10":"first","11":"instock","12":"shipping-taxable","13":"product-type-simple"},"acf":[],"_links":{"self":[{"href":"https:\/\/www.yongjianceramic.com\/pt\/wp-json\/wp\/v2\/product\/3724","targetHints":{"allow":["GET"]}}],"collection":[{"href":"https:\/\/www.yongjianceramic.com\/pt\/wp-json\/wp\/v2\/product"}],"about":[{"href":"https:\/\/www.yongjianceramic.com\/pt\/wp-json\/wp\/v2\/types\/product"}],"replies":[{"embeddable":true,"href":"https:\/\/www.yongjianceramic.com\/pt\/wp-json\/wp\/v2\/comments?post=3724"}],"wp:featuredmedia":[{"embeddable":true,"href":"https:\/\/www.yongjianceramic.com\/pt\/wp-json\/wp\/v2\/media\/3727"}],"wp:attachment":[{"href":"https:\/\/www.yongjianceramic.com\/pt\/wp-json\/wp\/v2\/media?parent=3724"}],"wp:term":[{"taxonomy":"product_brand","embeddable":true,"href":"https:\/\/www.yongjianceramic.com\/pt\/wp-json\/wp\/v2\/product_brand?post=3724"},{"taxonomy":"product_cat","embeddable":true,"href":"https:\/\/www.yongjianceramic.com\/pt\/wp-json\/wp\/v2\/product_cat?post=3724"},{"taxonomy":"product_tag","embeddable":true,"href":"https:\/\/www.yongjianceramic.com\/pt\/wp-json\/wp\/v2\/product_tag?post=3724"}],"curies":[{"name":"wp","href":"https:\/\/api.w.org\/{rel}","templated":true}]}}