{"id":3744,"date":"2024-10-31T17:22:29","date_gmt":"2024-10-31T09:22:29","guid":{"rendered":"https:\/\/www.yongjianceramic.com\/?post_type=product&#038;p=3744"},"modified":"2024-10-31T17:49:03","modified_gmt":"2024-10-31T09:49:03","slug":"dinnerware-plates-wholesale","status":"publish","type":"product","link":"https:\/\/www.yongjianceramic.com\/pt\/produto\/dinnerware-plates-wholesale\/","title":{"rendered":"Pratos de jantar profundos de 8 polegadas por atacado, lou\u00e7a de catering por atacado"},"content":{"rendered":"<div class=\"wp-block-columns is-layout-flex wp-container-core-columns-is-layout-9d6595d7 wp-block-columns-is-layout-flex\">\n<div class=\"wp-block-column is-layout-flow wp-block-column-is-layout-flow\">\n<h2 class=\"wp-block-heading\">Pratos de lou\u00e7a Premium por atacado Carater\u00edsticas:<\/h2>\n\n\n\n<ul class=\"wp-block-list\">\n<li><strong>Design cl\u00e1ssico polivalente: <\/strong>Este prato de lou\u00e7a com 8 polegadas de profundidade \u00e9 perfeito para sopas, saladas, massas e outros pratos, quer seja um buffet, banquete ou jantar di\u00e1rio, pode satisfazer diferentes necessidades.<\/li>\n\n\n\n<li><strong>Material duradouro e de alta qualidade: <\/strong>A nossa loi\u00e7a de catering por atacado \u00e9 feita de cer\u00e2mica de alta qualidade, o prato \u00e9 resistente e dur\u00e1vel, n\u00e3o \u00e9 f\u00e1cil de rachar ou riscar e pode suportar uma utiliza\u00e7\u00e3o frequente a longo prazo.<\/li>\n\n\n\n<li><strong>Desenho de esmalte brilhante: <\/strong>O esmalte branco suave e brilhante dos nossos pratos de lou\u00e7a por atacado n\u00e3o \u00e9 apenas elegante, mas tamb\u00e9m tem um excelente desempenho anti-incrustante e anti-riscos, f\u00e1cil de limpar e manter, e o brilho pode durar como novo, mesmo com uso frequente. O esmalte sem chumbo, n\u00e3o t\u00f3xico e ecol\u00f3gico garante a seguran\u00e7a e a sa\u00fade dos utens\u00edlios de mesa, adequados para todos os tipos de ocasi\u00f5es de restaura\u00e7\u00e3o.<\/li>\n\n\n\n<li><strong>Suporte a compras em massa e servi\u00e7os personalizados: <\/strong>Fornecemos servi\u00e7os por atacado e personalizados para catering por atacado de lou\u00e7a, e podemos ajustar o tamanho, impress\u00e3o do log\u00f3tipo, etc. de acordo com as necessidades do cliente, o que \u00e9 adequado para as necessidades de compra em grande escala de catering, banquetes, organizadores de eventos, etc.<\/li>\n<\/ul>\n<\/div>\n\n\n\n<div class=\"wp-block-column is-vertically-aligned-center is-layout-flow wp-block-column-is-layout-flow\"><div class=\"wp-block-image\">\n<figure class=\"aligncenter size-full\"><img fetchpriority=\"high\" decoding=\"async\" width=\"750\" height=\"750\" src=\"https:\/\/www.yongjianceramic.com\/wp-content\/uploads\/2024\/10\/8-inch-Deep-Dinnerware-Plates-Wholesale-Catering-Wholesale-Crockery-5.webp\" alt=\"Pratos de jantar profundos de 8 polegadas por atacado, lou\u00e7a de catering por atacado-5\" class=\"wp-image-3749\" srcset=\"https:\/\/www.yongjianceramic.com\/wp-content\/uploads\/2024\/10\/8-inch-Deep-Dinnerware-Plates-Wholesale-Catering-Wholesale-Crockery-5.webp 750w, https:\/\/www.yongjianceramic.com\/wp-content\/uploads\/2024\/10\/8-inch-Deep-Dinnerware-Plates-Wholesale-Catering-Wholesale-Crockery-5-300x300.webp 300w, https:\/\/www.yongjianceramic.com\/wp-content\/uploads\/2024\/10\/8-inch-Deep-Dinnerware-Plates-Wholesale-Catering-Wholesale-Crockery-5-150x150.webp 150w, https:\/\/www.yongjianceramic.com\/wp-content\/uploads\/2024\/10\/8-inch-Deep-Dinnerware-Plates-Wholesale-Catering-Wholesale-Crockery-5-12x12.webp 12w, https:\/\/www.yongjianceramic.com\/wp-content\/uploads\/2024\/10\/8-inch-Deep-Dinnerware-Plates-Wholesale-Catering-Wholesale-Crockery-5-285x285.webp 285w, https:\/\/www.yongjianceramic.com\/wp-content\/uploads\/2024\/10\/8-inch-Deep-Dinnerware-Plates-Wholesale-Catering-Wholesale-Crockery-5-270x270.webp 270w, https:\/\/www.yongjianceramic.com\/wp-content\/uploads\/2024\/10\/8-inch-Deep-Dinnerware-Plates-Wholesale-Catering-Wholesale-Crockery-5-540x540.webp 540w, https:\/\/www.yongjianceramic.com\/wp-content\/uploads\/2024\/10\/8-inch-Deep-Dinnerware-Plates-Wholesale-Catering-Wholesale-Crockery-5-660x660.webp 660w\" sizes=\"(max-width: 750px) 100vw, 750px\" \/><\/figure>\n<\/div><\/div>\n<\/div>","protected":false},"excerpt":{"rendered":"<p>Bem-vindo \u00e0 compra de lou\u00e7a de catering por grosso. Este prato de jantar de 8 polegadas de profundidade, com o seu design cl\u00e1ssico e esmalte branco brilhante, \u00e9 uma escolha pr\u00e1tica e de alta qualidade para a ind\u00fastria da restaura\u00e7\u00e3o. O material cer\u00e2mico de alta qualidade garante durabilidade, e a superf\u00edcie lisa \u00e9 f\u00e1cil de limpar, satisfazendo as diversas necessidades de restaurantes, hot\u00e9is e banquetes.<\/p>\n<table style=\"border-collapse: collapse; width: 309.02pt;\" border=\"0\" width=\"309\" cellspacing=\"0\" cellpadding=\"0\">\n<tbody>\n<tr style=\"height: 17.60pt;\">\n<td class=\"et3\" style=\"height: 17.60pt; width: 120.25pt;\" width=\"120\" height=\"17\">Fabricante<\/td>\n<td class=\"et3\" style=\"width: 189.25pt;\" width=\"189\">Yongjian<\/td>\n<\/tr>\n<tr style=\"height: 18.00pt;\">\n<td class=\"et3\" style=\"height: 18.00pt;\" height=\"18\">Modelo n.<\/td>\n<td class=\"et4\" style=\"width: 189.25pt;\" width=\"189\">YJ-080<\/td>\n<\/tr>\n<tr style=\"height: 17.60pt;\">\n<td class=\"et3\" style=\"height: 17.60pt;\" height=\"17\">Tipo de produto<\/td>\n<td class=\"et3\">Prato de servir, Prato fundo<\/td>\n<\/tr>\n<tr style=\"height: 17.60pt;\">\n<td class=\"et3\" style=\"height: 17.60pt;\" height=\"17\">Material<\/td>\n<td class=\"et3\">Porcelana<\/td>\n<\/tr>\n<tr style=\"height: 17.60pt;\">\n<td class=\"et5\" style=\"height: 17.60pt;\" height=\"17\">Cor<\/td>\n<td class=\"et3\">Branco<\/td>\n<\/tr>\n<tr style=\"height: 18.00pt;\">\n<td class=\"et3\" style=\"height: 18.00pt;\" height=\"18\">Dimens\u00e3o<\/td>\n<td class=\"et4\" style=\"width: 189.25pt;\" width=\"189\">20.5*20.5*4<\/td>\n<\/tr>\n<tr style=\"height: 17.60pt;\">\n<td class=\"et3\" style=\"height: 17.60pt;\" height=\"17\">MOQ<\/td>\n<td class=\"et3\">500 unidades<\/td>\n<\/tr>\n<tr style=\"height: 17.60pt;\">\n<td class=\"et3\" style=\"height: 17.60pt;\" height=\"17\">Personalizado<\/td>\n<td class=\"et3\">Cor\/tamanho\/log\u00f3tipo\/embalagem<\/td>\n<\/tr>\n<\/tbody>\n<\/table>","protected":false},"featured_media":3746,"comment_status":"closed","ping_status":"closed","template":"","meta":{"_acf_changed":false},"product_brand":[],"product_cat":[77,62,76],"product_tag":[96],"class_list":{"0":"post-3744","1":"product","2":"type-product","3":"status-publish","4":"has-post-thumbnail","6":"product_cat-deep-plates-wholesale","7":"product_cat-ceramic-plates-wholesale","8":"product_cat-wholesale-serving-platters","9":"product_tag-black-white-dinnerware-wholesale","11":"first","12":"instock","13":"shipping-taxable","14":"product-type-simple"},"acf":[],"_links":{"self":[{"href":"https:\/\/www.yongjianceramic.com\/pt\/wp-json\/wp\/v2\/product\/3744","targetHints":{"allow":["GET"]}}],"collection":[{"href":"https:\/\/www.yongjianceramic.com\/pt\/wp-json\/wp\/v2\/product"}],"about":[{"href":"https:\/\/www.yongjianceramic.com\/pt\/wp-json\/wp\/v2\/types\/product"}],"replies":[{"embeddable":true,"href":"https:\/\/www.yongjianceramic.com\/pt\/wp-json\/wp\/v2\/comments?post=3744"}],"wp:featuredmedia":[{"embeddable":true,"href":"https:\/\/www.yongjianceramic.com\/pt\/wp-json\/wp\/v2\/media\/3746"}],"wp:attachment":[{"href":"https:\/\/www.yongjianceramic.com\/pt\/wp-json\/wp\/v2\/media?parent=3744"}],"wp:term":[{"taxonomy":"product_brand","embeddable":true,"href":"https:\/\/www.yongjianceramic.com\/pt\/wp-json\/wp\/v2\/product_brand?post=3744"},{"taxonomy":"product_cat","embeddable":true,"href":"https:\/\/www.yongjianceramic.com\/pt\/wp-json\/wp\/v2\/product_cat?post=3744"},{"taxonomy":"product_tag","embeddable":true,"href":"https:\/\/www.yongjianceramic.com\/pt\/wp-json\/wp\/v2\/product_tag?post=3744"}],"curies":[{"name":"wp","href":"https:\/\/api.w.org\/{rel}","templated":true}]}}