{"id":3751,"date":"2024-10-31T17:54:51","date_gmt":"2024-10-31T09:54:51","guid":{"rendered":"https:\/\/www.yongjianceramic.com\/?post_type=product&#038;p=3751"},"modified":"2024-10-31T18:07:11","modified_gmt":"2024-10-31T10:07:11","slug":"wholesale-ceramic-plates","status":"publish","type":"product","link":"https:\/\/www.yongjianceramic.com\/pt\/produto\/wholesale-ceramic-plates\/","title":{"rendered":"Pratos de cer\u00e2mica por atacado, Prato de jantar profundo em forma de flor a granel"},"content":{"rendered":"<div class=\"wp-block-columns is-layout-flex wp-container-core-columns-is-layout-9d6595d7 wp-block-columns-is-layout-flex\">\n<div class=\"wp-block-column is-layout-flow wp-block-column-is-layout-flow\">\n<h2 class=\"wp-block-heading\">Placas de cer\u00e2mica Premium Wholesale Carater\u00edsticas:<\/h2>\n\n\n\n<ul class=\"wp-block-list\">\n<li><strong>Forma elegante de flor: <\/strong>Estes pratos de cer\u00e2mica para venda por grosso s\u00e3o concebidos numa forma de flor \u00fanica com um rebordo ligeiramente ondulado, acrescentando um toque de arte \u00e0 mesa de jantar. A forma requintada n\u00e3o s\u00f3 torna a comida mais atractiva, mas tamb\u00e9m acrescenta cor \u00e0 configura\u00e7\u00e3o geral da mesa, tornando-a uma boa escolha para melhorar a experi\u00eancia de jantar.<\/li>\n\n\n\n<li><strong>V\u00e1rias op\u00e7\u00f5es de tamanho: <\/strong>Este prato de jantar fundo est\u00e1 dispon\u00edvel em tr\u00eas tamanhos diferentes para satisfazer diversas necessidades gastron\u00f3micas. Pode ser utilizado para servir uma variedade de pratos, tais como aperitivos, pratos principais e sobremesas. Os diferentes tamanhos s\u00e3o adequados para diferentes pratos e cen\u00e1rios de refei\u00e7\u00f5es e podem ser combinados de forma flex\u00edvel para satisfazer todas as necessidades de restaurantes, hot\u00e9is e banquetes.<\/li>\n\n\n\n<li><strong>Cer\u00e2mica de alta qualidade e esmalte requintado: <\/strong>As nossas placas de cer\u00e2mica por atacado s\u00e3o feitas de mat\u00e9rias-primas cer\u00e2micas de alta qualidade, e o corpo da placa \u00e9 robusto e dur\u00e1vel, e pode suportar o uso frequente. O tratamento de esmalte suave na superf\u00edcie n\u00e3o \u00e9 apenas sofisticado e elegante, mas tamb\u00e9m f\u00e1cil de limpar e manter, mantendo-o t\u00e3o brilhante como novo por um longo tempo e melhorando a beleza geral da ocasi\u00e3o de jantar.<\/li>\n\n\n\n<li><strong>Compras a granel e servi\u00e7os personalizados: <\/strong>Nosso prato de jantar de cer\u00e2mica a granel suporta compras por atacado e servi\u00e7os personalizados, que s\u00e3o adequados para empresas de catering em grande escala ou necessidades de fornecimento de eventos. Fornecer servi\u00e7os personalizados, como tamanho e impress\u00e3o de logotipo de acordo com as necessidades do cliente.<\/li>\n<\/ul>\n<\/div>\n\n\n\n<div class=\"wp-block-column is-vertically-aligned-center is-layout-flow wp-block-column-is-layout-flow\"><div class=\"wp-block-image\">\n<figure class=\"aligncenter size-full\"><img fetchpriority=\"high\" decoding=\"async\" width=\"750\" height=\"750\" src=\"https:\/\/www.yongjianceramic.com\/wp-content\/uploads\/2024\/10\/Wholesale-Ceramic-Plates-Flower-Shape-Deep-Dinner-Plate-Bulk-4.webp\" alt=\"Pratos de cer\u00e2mica por atacado, Prato de jantar profundo em forma de flor Bulk-4\" class=\"wp-image-3755\" srcset=\"https:\/\/www.yongjianceramic.com\/wp-content\/uploads\/2024\/10\/Wholesale-Ceramic-Plates-Flower-Shape-Deep-Dinner-Plate-Bulk-4.webp 750w, https:\/\/www.yongjianceramic.com\/wp-content\/uploads\/2024\/10\/Wholesale-Ceramic-Plates-Flower-Shape-Deep-Dinner-Plate-Bulk-4-300x300.webp 300w, https:\/\/www.yongjianceramic.com\/wp-content\/uploads\/2024\/10\/Wholesale-Ceramic-Plates-Flower-Shape-Deep-Dinner-Plate-Bulk-4-150x150.webp 150w, https:\/\/www.yongjianceramic.com\/wp-content\/uploads\/2024\/10\/Wholesale-Ceramic-Plates-Flower-Shape-Deep-Dinner-Plate-Bulk-4-12x12.webp 12w, https:\/\/www.yongjianceramic.com\/wp-content\/uploads\/2024\/10\/Wholesale-Ceramic-Plates-Flower-Shape-Deep-Dinner-Plate-Bulk-4-285x285.webp 285w, https:\/\/www.yongjianceramic.com\/wp-content\/uploads\/2024\/10\/Wholesale-Ceramic-Plates-Flower-Shape-Deep-Dinner-Plate-Bulk-4-270x270.webp 270w, https:\/\/www.yongjianceramic.com\/wp-content\/uploads\/2024\/10\/Wholesale-Ceramic-Plates-Flower-Shape-Deep-Dinner-Plate-Bulk-4-540x540.webp 540w, https:\/\/www.yongjianceramic.com\/wp-content\/uploads\/2024\/10\/Wholesale-Ceramic-Plates-Flower-Shape-Deep-Dinner-Plate-Bulk-4-660x660.webp 660w\" sizes=\"(max-width: 750px) 100vw, 750px\" \/><\/figure>\n<\/div><\/div>\n<\/div>","protected":false},"excerpt":{"rendered":"<p>Bem-vindo \u00e0 compra de pratos de cer\u00e2mica por grosso. Este prato fundo em forma de flor est\u00e1 dispon\u00edvel em tr\u00eas tamanhos. A forma elegante da flor e o esmalte brilhante tornam-no pr\u00e1tico e bonito. O material cer\u00e2mico de alta qualidade garante durabilidade e \u00e9 adequado para todos os tipos de cenas de jantar. Suporta servi\u00e7os por grosso e personalizados e \u00e9 a escolha ideal para restaurantes, hot\u00e9is e banquetes, tornando a experi\u00eancia gastron\u00f3mica mais qualitativa.<\/p>\n<table style=\"border-collapse: collapse; width: 309.02pt;\" border=\"0\" width=\"309\" cellspacing=\"0\" cellpadding=\"0\">\n<tbody>\n<tr style=\"height: 17.60pt;\">\n<td class=\"et3\" style=\"height: 17.60pt; width: 120.25pt;\" width=\"120\" height=\"17\">Fabricante<\/td>\n<td class=\"et3\" style=\"width: 189.25pt;\" width=\"189\">Yongjian<\/td>\n<\/tr>\n<tr style=\"height: 18.00pt;\">\n<td class=\"et3\" style=\"height: 18.00pt;\" height=\"18\">Modelo n.<\/td>\n<td class=\"et4\" style=\"width: 189.25pt;\" width=\"189\">YJ-081\/YJ-082\/YJ-083<\/td>\n<\/tr>\n<tr style=\"height: 17.60pt;\">\n<td class=\"et3\" style=\"height: 17.60pt;\" height=\"17\">Tipo de produto<\/td>\n<td class=\"et3\">Prato de servir, Prato fundo<\/td>\n<\/tr>\n<tr style=\"height: 17.60pt;\">\n<td class=\"et3\" style=\"height: 17.60pt;\" height=\"17\">Material<\/td>\n<td class=\"et3\">Porcelana<\/td>\n<\/tr>\n<tr style=\"height: 17.60pt;\">\n<td class=\"et5\" style=\"height: 17.60pt;\" height=\"17\">Cor<\/td>\n<td class=\"et3\">Branco<\/td>\n<\/tr>\n<tr style=\"height: 53.00pt;\">\n<td class=\"et3\" style=\"height: 53.00pt;\" height=\"53\">Dimens\u00e3o<\/td>\n<td class=\"et4\" style=\"width: 189.25pt;\" width=\"189\">7,5 polegadas:18*18*5,5<br \/>9,5 polegadas:23*23*6<br \/>11,5 polegadas:28,5*28,5*6,5<\/td>\n<\/tr>\n<tr style=\"height: 17.60pt;\">\n<td class=\"et3\" style=\"height: 17.60pt;\" height=\"17\">MOQ<\/td>\n<td class=\"et3\">500 unidades<\/td>\n<\/tr>\n<tr style=\"height: 17.60pt;\">\n<td class=\"et3\" style=\"height: 17.60pt;\" height=\"17\">Personalizado<\/td>\n<td class=\"et3\">Cor\/tamanho\/log\u00f3tipo\/embalagem<\/td>\n<\/tr>\n<\/tbody>\n<\/table>","protected":false},"featured_media":3756,"comment_status":"closed","ping_status":"closed","template":"","meta":{"_acf_changed":false},"product_brand":[],"product_cat":[77,62,76],"product_tag":[96],"class_list":{"0":"post-3751","1":"product","2":"type-product","3":"status-publish","4":"has-post-thumbnail","6":"product_cat-deep-plates-wholesale","7":"product_cat-ceramic-plates-wholesale","8":"product_cat-wholesale-serving-platters","9":"product_tag-black-white-dinnerware-wholesale","11":"first","12":"instock","13":"shipping-taxable","14":"product-type-simple"},"acf":[],"_links":{"self":[{"href":"https:\/\/www.yongjianceramic.com\/pt\/wp-json\/wp\/v2\/product\/3751","targetHints":{"allow":["GET"]}}],"collection":[{"href":"https:\/\/www.yongjianceramic.com\/pt\/wp-json\/wp\/v2\/product"}],"about":[{"href":"https:\/\/www.yongjianceramic.com\/pt\/wp-json\/wp\/v2\/types\/product"}],"replies":[{"embeddable":true,"href":"https:\/\/www.yongjianceramic.com\/pt\/wp-json\/wp\/v2\/comments?post=3751"}],"wp:featuredmedia":[{"embeddable":true,"href":"https:\/\/www.yongjianceramic.com\/pt\/wp-json\/wp\/v2\/media\/3756"}],"wp:attachment":[{"href":"https:\/\/www.yongjianceramic.com\/pt\/wp-json\/wp\/v2\/media?parent=3751"}],"wp:term":[{"taxonomy":"product_brand","embeddable":true,"href":"https:\/\/www.yongjianceramic.com\/pt\/wp-json\/wp\/v2\/product_brand?post=3751"},{"taxonomy":"product_cat","embeddable":true,"href":"https:\/\/www.yongjianceramic.com\/pt\/wp-json\/wp\/v2\/product_cat?post=3751"},{"taxonomy":"product_tag","embeddable":true,"href":"https:\/\/www.yongjianceramic.com\/pt\/wp-json\/wp\/v2\/product_tag?post=3751"}],"curies":[{"name":"wp","href":"https:\/\/api.w.org\/{rel}","templated":true}]}}