{"id":3760,"date":"2024-10-31T18:07:25","date_gmt":"2024-10-31T10:07:25","guid":{"rendered":"https:\/\/www.yongjianceramic.com\/?post_type=product&#038;p=3760"},"modified":"2025-03-01T17:09:38","modified_gmt":"2025-03-01T09:09:38","slug":"wholesale-dinner-plates-for-restaurants","status":"publish","type":"product","link":"https:\/\/www.yongjianceramic.com\/pt\/produto\/wholesale-dinner-plates-for-restaurants\/","title":{"rendered":"Pratos de jantar por atacado para restaurantes, pratos de cer\u00e2mica a granel"},"content":{"rendered":"<div class=\"wp-block-columns is-layout-flex wp-container-core-columns-is-layout-9d6595d7 wp-block-columns-is-layout-flex\">\n<div class=\"wp-block-column is-layout-flow wp-block-column-is-layout-flow\">\n<h2 class=\"wp-block-heading\">Pratos de jantar Premium por atacado para restaurantes Carater\u00edsticas:<\/h2>\n\n\n\n<ul class=\"wp-block-list\">\n<li><strong>Dois tamanhos para satisfazer diversas necessidades:<\/strong> Os nossos pratos de jantar por atacado para restaurantes t\u00eam tamanhos de 6 e 8 polegadas e podem ser utilizados para servir todos os tipos de pratos, desde aperitivos a pratos principais. A escolha de tamanho flex\u00edvel \u00e9 um parceiro ideal para os v\u00e1rios pratos dos restaurantes e um parceiro de classe para todos os tipos de ocasi\u00f5es de jantar.<\/li>\n\n\n\n<li><strong>Tons cl\u00e1ssicos a preto e branco:<\/strong> Os nossos pratos de cer\u00e2mica a granel v\u00eam em duas cores cl\u00e1ssicas, preto e branco, que n\u00e3o s\u00f3 s\u00e3o universais como tamb\u00e9m est\u00e3o na moda, e podem ser combinados de acordo com o estilo do restaurante ou as carater\u00edsticas dos pratos. O padr\u00e3o simples a preto e branco n\u00e3o s\u00f3 torna o efeito visual geral da mesa de jantar mais bonito, como tamb\u00e9m reflecte a eleg\u00e2ncia do restaurante.<\/li>\n\n\n\n<li><strong>Material cer\u00e2mico de alta qualidade: <\/strong>Estes pratos de jantar por atacado para restaurantes s\u00e3o feitos de materiais cer\u00e2micos de alta qualidade, e os pratos de jantar s\u00e3o resistentes e dur\u00e1veis, al\u00e9m de terem a capacidade de serem utilizados em condi\u00e7\u00f5es normais de uso, especialmente mais adequados para condi\u00e7\u00f5es de uso duro em empresas de catering. O material cer\u00e2mico \u00e9 bem isolado para o calor.<\/li>\n\n\n\n<li><strong>Esmalte brilhante f\u00e1cil de limpar: <\/strong>O esmalte das nossas placas de cer\u00e2mica a granel \u00e9 liso, resistente ao desgaste e dur\u00e1vel, tem uma excelente resist\u00eancia \u00e0s manchas, \u00e9 f\u00e1cil de limpar e pode ser mantido com um brilho duradouro como novo, garantindo que a loi\u00e7a ter\u00e1 sempre um aspeto de alta qualidade.<\/li>\n<\/ul>\n<\/div>\n\n\n\n<div class=\"wp-block-column is-vertically-aligned-center is-layout-flow wp-block-column-is-layout-flow\"><div class=\"wp-block-image\">\n<figure class=\"aligncenter size-full\"><img fetchpriority=\"high\" decoding=\"async\" width=\"750\" height=\"750\" src=\"https:\/\/www.yongjianceramic.com\/wp-content\/uploads\/2024\/10\/Wholesale-Dinner-Plates-For-Restaurants-Ceramic-Plates-Bulk-3.webp\" alt=\"Pratos de jantar por atacado para restaurantes, pratos de cer\u00e2mica a granel-3\" class=\"wp-image-3763\" srcset=\"https:\/\/www.yongjianceramic.com\/wp-content\/uploads\/2024\/10\/Wholesale-Dinner-Plates-For-Restaurants-Ceramic-Plates-Bulk-3.webp 750w, https:\/\/www.yongjianceramic.com\/wp-content\/uploads\/2024\/10\/Wholesale-Dinner-Plates-For-Restaurants-Ceramic-Plates-Bulk-3-300x300.webp 300w, https:\/\/www.yongjianceramic.com\/wp-content\/uploads\/2024\/10\/Wholesale-Dinner-Plates-For-Restaurants-Ceramic-Plates-Bulk-3-150x150.webp 150w, https:\/\/www.yongjianceramic.com\/wp-content\/uploads\/2024\/10\/Wholesale-Dinner-Plates-For-Restaurants-Ceramic-Plates-Bulk-3-12x12.webp 12w, https:\/\/www.yongjianceramic.com\/wp-content\/uploads\/2024\/10\/Wholesale-Dinner-Plates-For-Restaurants-Ceramic-Plates-Bulk-3-285x285.webp 285w, https:\/\/www.yongjianceramic.com\/wp-content\/uploads\/2024\/10\/Wholesale-Dinner-Plates-For-Restaurants-Ceramic-Plates-Bulk-3-270x270.webp 270w, https:\/\/www.yongjianceramic.com\/wp-content\/uploads\/2024\/10\/Wholesale-Dinner-Plates-For-Restaurants-Ceramic-Plates-Bulk-3-540x540.webp 540w, https:\/\/www.yongjianceramic.com\/wp-content\/uploads\/2024\/10\/Wholesale-Dinner-Plates-For-Restaurants-Ceramic-Plates-Bulk-3-660x660.webp 660w\" sizes=\"(max-width: 750px) 100vw, 750px\" \/><\/figure>\n<\/div><\/div>\n<\/div>","protected":false},"excerpt":{"rendered":"<p>Bem-vindo ao comprar pratos de jantar por atacado para restaurantes. Este volume de pratos de cer\u00e2mica \u00e9 oferecido em dois tamanhos, 6 polegadas e 8 polegadas, em preto e branco. O estilo minimalista e tradicional com material de alta qualidade \u00e9 ideal para qualquer refei\u00e7\u00e3o ocasional. Duradouro e f\u00e1cil de limpar, \u00e9 uma excelente op\u00e7\u00e3o para os restaurantes comprarem a granel, acrescentando sofistica\u00e7\u00e3o e qualidade \u00e0 sua mesa de jantar.<\/p>\n<table style=\"border-collapse: collapse; width: 309.02pt;\" border=\"0\" width=\"309\" cellspacing=\"0\" cellpadding=\"0\">\n<tbody>\n<tr style=\"height: 17.60pt;\">\n<td class=\"et3\" style=\"height: 17.60pt; width: 120.25pt;\" width=\"120\" height=\"17\">Fabricante<\/td>\n<td class=\"et3\" style=\"width: 189.25pt;\" width=\"189\">Yongjian<\/td>\n<\/tr>\n<tr style=\"height: 18.00pt;\">\n<td class=\"et3\" style=\"height: 18.00pt;\" height=\"18\">Modelo n.<\/td>\n<td class=\"et4\" style=\"width: 189.25pt;\" width=\"189\">YJ-082\/YJ-083<\/td>\n<\/tr>\n<tr style=\"height: 17.60pt;\">\n<td class=\"et3\" style=\"height: 17.60pt;\" height=\"17\">Tipo de produto<\/td>\n<td class=\"et3\">Prato de servir, Prato fundo<\/td>\n<\/tr>\n<tr style=\"height: 17.60pt;\">\n<td class=\"et3\" style=\"height: 17.60pt;\" height=\"17\">Material<\/td>\n<td class=\"et3\">Porcelana<\/td>\n<\/tr>\n<tr style=\"height: 17.60pt;\">\n<td class=\"et5\" style=\"height: 17.60pt;\" height=\"17\">Cor<\/td>\n<td class=\"et3\">Branco\/preto<\/td>\n<\/tr>\n<tr style=\"height: 36.00pt;\">\n<td class=\"et3\" style=\"height: 36.00pt;\" height=\"36\">Dimens\u00e3o<\/td>\n<td class=\"et4\" style=\"width: 189.25pt;\" width=\"189\">6 polegadas:15,5*15,5*3,8<br \/>8 polegadas:20*20*4<\/td>\n<\/tr>\n<tr style=\"height: 17.60pt;\">\n<td class=\"et3\" style=\"height: 17.60pt;\" height=\"17\">MOQ<\/td>\n<td class=\"et3\">500 unidades<\/td>\n<\/tr>\n<tr style=\"height: 17.60pt;\">\n<td class=\"et3\" style=\"height: 17.60pt;\" height=\"17\">Personalizado<\/td>\n<td class=\"et3\">Cor\/tamanho\/log\u00f3tipo\/embalagem<\/td>\n<\/tr>\n<\/tbody>\n<\/table>","protected":false},"featured_media":3762,"comment_status":"closed","ping_status":"closed","template":"","meta":{"_acf_changed":false},"product_brand":[],"product_cat":[77,93,62,76],"product_tag":[96],"class_list":{"0":"post-3760","1":"product","2":"type-product","3":"status-publish","4":"has-post-thumbnail","6":"product_cat-deep-plates-wholesale","7":"product_cat-bulk-dinner-plates","8":"product_cat-ceramic-plates-wholesale","9":"product_cat-wholesale-serving-platters","10":"product_tag-black-white-dinnerware-wholesale","12":"first","13":"instock","14":"shipping-taxable","15":"product-type-simple"},"acf":[],"_links":{"self":[{"href":"https:\/\/www.yongjianceramic.com\/pt\/wp-json\/wp\/v2\/product\/3760","targetHints":{"allow":["GET"]}}],"collection":[{"href":"https:\/\/www.yongjianceramic.com\/pt\/wp-json\/wp\/v2\/product"}],"about":[{"href":"https:\/\/www.yongjianceramic.com\/pt\/wp-json\/wp\/v2\/types\/product"}],"replies":[{"embeddable":true,"href":"https:\/\/www.yongjianceramic.com\/pt\/wp-json\/wp\/v2\/comments?post=3760"}],"wp:featuredmedia":[{"embeddable":true,"href":"https:\/\/www.yongjianceramic.com\/pt\/wp-json\/wp\/v2\/media\/3762"}],"wp:attachment":[{"href":"https:\/\/www.yongjianceramic.com\/pt\/wp-json\/wp\/v2\/media?parent=3760"}],"wp:term":[{"taxonomy":"product_brand","embeddable":true,"href":"https:\/\/www.yongjianceramic.com\/pt\/wp-json\/wp\/v2\/product_brand?post=3760"},{"taxonomy":"product_cat","embeddable":true,"href":"https:\/\/www.yongjianceramic.com\/pt\/wp-json\/wp\/v2\/product_cat?post=3760"},{"taxonomy":"product_tag","embeddable":true,"href":"https:\/\/www.yongjianceramic.com\/pt\/wp-json\/wp\/v2\/product_tag?post=3760"}],"curies":[{"name":"wp","href":"https:\/\/api.w.org\/{rel}","templated":true}]}}