{"id":3772,"date":"2024-11-01T09:19:01","date_gmt":"2024-11-01T01:19:01","guid":{"rendered":"https:\/\/www.yongjianceramic.com\/?post_type=product&#038;p=3772"},"modified":"2025-03-01T16:22:53","modified_gmt":"2025-03-01T08:22:53","slug":"serving-bowls-wholesale","status":"publish","type":"product","link":"https:\/\/www.yongjianceramic.com\/pt\/produto\/serving-bowls-wholesale\/","title":{"rendered":"China Ta\u00e7as de servir por atacado, ta\u00e7as de sopa de fornecimento de restaurante"},"content":{"rendered":"<div class=\"wp-block-columns is-layout-flex wp-container-core-columns-is-layout-9d6595d7 wp-block-columns-is-layout-flex\">\n<div class=\"wp-block-column is-layout-flow wp-block-column-is-layout-flow\">\n<h2 class=\"wp-block-heading\">Ta\u00e7as de servir Premium Carater\u00edsticas por atacado:<\/h2>\n\n\n\n<ul class=\"wp-block-list\">\n<li><strong>Material cer\u00e2mico de alta qualidade: <\/strong>Estas ta\u00e7as de servir por atacado s\u00e3o feitas de cer\u00e2mica de boa qualidade, que \u00e9 ainda mais resistente a riscos e ao calor, e mant\u00eam o seu aspeto mesmo em empresas de catering movimentadas.<\/li>\n\n\n\n<li><strong>Sele\u00e7\u00e3o de tamanho e capacidade:<\/strong> Para satisfazer as diferentes necessidades de servi\u00e7o, oferecemos tigelas de sopa para restaurantes em v\u00e1rios tamanhos e capacidades, desde pequenas sopas a grandes pratos principais. Pode ter um recipiente adequado. O design de especifica\u00e7\u00e3o ajust\u00e1vel \u00e9 adequado para uma vasta gama de situa\u00e7\u00f5es, como banquetes familiares, banquetes de hotel e buffets de restaurante.<\/li>\n\n\n\n<li><strong>Design cl\u00e1ssico simples e elegante: <\/strong>Estas ta\u00e7as de servir por atacado t\u00eam uma forma simples e abundante e um contorno suave. Podem adequar-se exatamente a mesas de jantar de estilo moderno e podem ser utilizadas em arranjos de mesas de jantar tradicionais chinesas, o que pode proporcionar uma beleza geral e um ambiente de alta qualidade ao restaurante.<\/li>\n\n\n\n<li><strong>Limpeza eficiente e manuten\u00e7\u00e3o f\u00e1cil: <\/strong>Estas tigelas de sopa para restaurantes s\u00e3o concebidas com uma superf\u00edcie suave e lisa, que \u00e9 muito f\u00e1cil de limpar e reduz os res\u00edduos de manchas dif\u00edceis. O design compat\u00edvel com m\u00e1quinas de lavar lou\u00e7a comerciais pode melhorar a efici\u00eancia da opera\u00e7\u00e3o do restaurante, o que \u00e9 particularmente adequado para aplica\u00e7\u00f5es de restaura\u00e7\u00e3o de rota\u00e7\u00e3o lenta.<\/li>\n<\/ul>\n<\/div>\n\n\n\n<div class=\"wp-block-column is-vertically-aligned-center is-layout-flow wp-block-column-is-layout-flow\"><div class=\"wp-block-image\">\n<figure class=\"aligncenter size-full\"><img fetchpriority=\"high\" decoding=\"async\" width=\"750\" height=\"750\" src=\"https:\/\/www.yongjianceramic.com\/wp-content\/uploads\/2024\/11\/China-Serving-Bowls-Wholesale-Restaurant-Supply-Soup-Bowls-5.webp\" alt=\"China Ta\u00e7as de servir por atacado, ta\u00e7as de sopa de fornecimento de restaurante-5\" class=\"wp-image-3778\" srcset=\"https:\/\/www.yongjianceramic.com\/wp-content\/uploads\/2024\/11\/China-Serving-Bowls-Wholesale-Restaurant-Supply-Soup-Bowls-5.webp 750w, https:\/\/www.yongjianceramic.com\/wp-content\/uploads\/2024\/11\/China-Serving-Bowls-Wholesale-Restaurant-Supply-Soup-Bowls-5-300x300.webp 300w, https:\/\/www.yongjianceramic.com\/wp-content\/uploads\/2024\/11\/China-Serving-Bowls-Wholesale-Restaurant-Supply-Soup-Bowls-5-150x150.webp 150w, https:\/\/www.yongjianceramic.com\/wp-content\/uploads\/2024\/11\/China-Serving-Bowls-Wholesale-Restaurant-Supply-Soup-Bowls-5-12x12.webp 12w, https:\/\/www.yongjianceramic.com\/wp-content\/uploads\/2024\/11\/China-Serving-Bowls-Wholesale-Restaurant-Supply-Soup-Bowls-5-285x285.webp 285w, https:\/\/www.yongjianceramic.com\/wp-content\/uploads\/2024\/11\/China-Serving-Bowls-Wholesale-Restaurant-Supply-Soup-Bowls-5-270x270.webp 270w, https:\/\/www.yongjianceramic.com\/wp-content\/uploads\/2024\/11\/China-Serving-Bowls-Wholesale-Restaurant-Supply-Soup-Bowls-5-540x540.webp 540w, https:\/\/www.yongjianceramic.com\/wp-content\/uploads\/2024\/11\/China-Serving-Bowls-Wholesale-Restaurant-Supply-Soup-Bowls-5-660x660.webp 660w\" sizes=\"(max-width: 750px) 100vw, 750px\" \/><\/figure>\n<\/div><\/div>\n<\/div>\n\n\n\n<p><\/p>","protected":false},"excerpt":{"rendered":"<p>Bem-vindo \u00e0 compra de tigelas de sopa para restaurantes. As nossas ta\u00e7as de servir por atacado s\u00e3o concebidas em cer\u00e2mica de alta qualidade com um aspeto minimalista e moderno. S\u00e3o de v\u00e1rios tamanhos e capacidades para sopas pequenas e grandes por\u00e7\u00f5es. S\u00e3o resistentes e tamb\u00e9m simples de lavar, constituindo assim uma escolha ideal para restaurantes.<\/p>\n<table style=\"border-collapse: collapse; width: 309.02pt;\" border=\"0\" width=\"309\" cellspacing=\"0\" cellpadding=\"0\">\n<tbody>\n<tr style=\"height: 17.60pt;\">\n<td class=\"et3\" style=\"height: 17.60pt; width: 120.25pt;\" width=\"120\" height=\"17\">Fabricante<\/td>\n<td class=\"et3\" style=\"width: 189.25pt;\" width=\"189\">Yongjian<\/td>\n<\/tr>\n<tr style=\"height: 18.00pt;\">\n<td class=\"et3\" style=\"height: 18.00pt;\" height=\"18\">Modelo n.<\/td>\n<td class=\"et4\" style=\"width: 189.25pt;\" width=\"189\">YJ-084\/YJ-085<\/td>\n<\/tr>\n<tr style=\"height: 17.60pt;\">\n<td class=\"et3\" style=\"height: 17.60pt;\" height=\"17\">Tipo de produto<\/td>\n<td class=\"et3\">Tigelas para sopa e Ramen, tigelas para servir e para salada<\/td>\n<\/tr>\n<tr style=\"height: 17.60pt;\">\n<td class=\"et3\" style=\"height: 17.60pt;\" height=\"17\">Material<\/td>\n<td class=\"et3\">Porcelana<\/td>\n<\/tr>\n<tr style=\"height: 17.60pt;\">\n<td class=\"et5\" style=\"height: 17.60pt;\" height=\"17\">Cor<\/td>\n<td class=\"et3\">Branco\/preto<\/td>\n<\/tr>\n<tr style=\"height: 36.00pt;\">\n<td class=\"et3\" style=\"height: 36.00pt;\" height=\"36\">Dimens\u00e3o<\/td>\n<td class=\"et4\" style=\"width: 189.25pt;\" width=\"189\">7,75 polegadas:19,3*19,3*5,5<br \/>8,75 polegadas:21,8*21,8*6<\/td>\n<\/tr>\n<tr style=\"height: 17.60pt;\">\n<td class=\"et3\" style=\"height: 17.60pt;\" height=\"17\">MOQ<\/td>\n<td class=\"et3\">500 unidades<\/td>\n<\/tr>\n<tr style=\"height: 17.60pt;\">\n<td class=\"et3\" style=\"height: 17.60pt;\" height=\"17\">Personalizado<\/td>\n<td class=\"et3\">Cor\/tamanho\/log\u00f3tipo\/embalagem<\/td>\n<\/tr>\n<\/tbody>\n<\/table>","protected":false},"featured_media":3774,"comment_status":"closed","ping_status":"closed","template":"","meta":{"_acf_changed":false},"product_brand":[],"product_cat":[74,63,73],"product_tag":[96],"class_list":{"0":"post-3772","1":"product","2":"type-product","3":"status-publish","4":"has-post-thumbnail","6":"product_cat-bulk-serving-bowls","7":"product_cat-wholesale-bowls","8":"product_cat-bulk-soup-bowls","9":"product_tag-black-white-dinnerware-wholesale","11":"first","12":"instock","13":"shipping-taxable","14":"product-type-simple"},"acf":[],"_links":{"self":[{"href":"https:\/\/www.yongjianceramic.com\/pt\/wp-json\/wp\/v2\/product\/3772","targetHints":{"allow":["GET"]}}],"collection":[{"href":"https:\/\/www.yongjianceramic.com\/pt\/wp-json\/wp\/v2\/product"}],"about":[{"href":"https:\/\/www.yongjianceramic.com\/pt\/wp-json\/wp\/v2\/types\/product"}],"replies":[{"embeddable":true,"href":"https:\/\/www.yongjianceramic.com\/pt\/wp-json\/wp\/v2\/comments?post=3772"}],"wp:featuredmedia":[{"embeddable":true,"href":"https:\/\/www.yongjianceramic.com\/pt\/wp-json\/wp\/v2\/media\/3774"}],"wp:attachment":[{"href":"https:\/\/www.yongjianceramic.com\/pt\/wp-json\/wp\/v2\/media?parent=3772"}],"wp:term":[{"taxonomy":"product_brand","embeddable":true,"href":"https:\/\/www.yongjianceramic.com\/pt\/wp-json\/wp\/v2\/product_brand?post=3772"},{"taxonomy":"product_cat","embeddable":true,"href":"https:\/\/www.yongjianceramic.com\/pt\/wp-json\/wp\/v2\/product_cat?post=3772"},{"taxonomy":"product_tag","embeddable":true,"href":"https:\/\/www.yongjianceramic.com\/pt\/wp-json\/wp\/v2\/product_tag?post=3772"}],"curies":[{"name":"wp","href":"https:\/\/api.w.org\/{rel}","templated":true}]}}