{"id":3783,"date":"2024-11-01T10:06:46","date_gmt":"2024-11-01T02:06:46","guid":{"rendered":"https:\/\/www.yongjianceramic.com\/?post_type=product&#038;p=3783"},"modified":"2024-11-01T10:30:54","modified_gmt":"2024-11-01T02:30:54","slug":"restaurant-soup-bowls-wholesale","status":"publish","type":"product","link":"https:\/\/www.yongjianceramic.com\/pt\/produto\/restaurant-soup-bowls-wholesale\/","title":{"rendered":"Tigelas de sopa de restaurante de 10 polegadas por atacado, tigelas de gumbo a granel"},"content":{"rendered":"<div class=\"wp-block-columns is-layout-flex wp-container-core-columns-is-layout-9d6595d7 wp-block-columns-is-layout-flex\">\n<div class=\"wp-block-column is-layout-flow wp-block-column-is-layout-flow\">\n<h2 class=\"wp-block-heading\">Tigelas de sopa para restaurante Premium Carater\u00edsticas por atacado:<\/h2>\n\n\n\n<ul class=\"wp-block-list\">\n<li><strong>Dur\u00e1vel e resistente a fissuras: <\/strong>As nossas tigelas de sopa de restaurante por atacado s\u00e3o feitas de material cer\u00e2mico espesso, que tem excelente resist\u00eancia ao calor e resist\u00eancia a rachaduras, adequado para sopas quentes de longo prazo, ensopados e outros alimentos de alta temperatura.<\/li>\n\n\n\n<li><strong>Tigela cl\u00e1ssica de tamanho grande:<\/strong> Estas ta\u00e7as de gumbo a granel s\u00e3o concebidas com uma grande capacidade de 10 polegadas, o que \u00e9 muito adequado para conter v\u00e1rias sopas, guisados e sopas especiais, proporcionando aos h\u00f3spedes op\u00e7\u00f5es de refei\u00e7\u00e3o suficientes.<\/li>\n\n\n\n<li><strong>Com design de pega, \u00e9 conveniente para servir e comer: <\/strong>Estas tigelas de sopa para restaurantes s\u00e3o concebidas com pegas confort\u00e1veis na lateral, o que \u00e9 conveniente para os empregados de mesa servirem os pratos e os clientes utilizarem, e evita que as tigelas de sopa escorreguem.<\/li>\n\n\n\n<li><strong>Sele\u00e7\u00e3o multicolorida para real\u00e7ar a beleza da mesa<\/strong>: Fornecemos op\u00e7\u00f5es a preto e branco para ta\u00e7as de gumbo a granel, que podem ser combinadas de acordo com o estilo tem\u00e1tico do restaurante para real\u00e7ar a beleza geral da mesa e tornar a disposi\u00e7\u00e3o da mesa do restaurante mais diversificada e atractiva.<\/li>\n<\/ul>\n<\/div>\n\n\n\n<div class=\"wp-block-column is-vertically-aligned-center is-layout-flow wp-block-column-is-layout-flow\"><div class=\"wp-block-image\">\n<figure class=\"aligncenter size-full\"><img fetchpriority=\"high\" decoding=\"async\" width=\"790\" height=\"790\" src=\"https:\/\/www.yongjianceramic.com\/wp-content\/uploads\/2024\/11\/Large-Restaurant-Soup-Bowls-Wholesale-Bulk-Gumbo-Bowls-3.webp\" alt=\"Tigelas de sopa grandes para restaurante por atacado, tigelas de gumbo a granel-3\" class=\"wp-image-3786\" srcset=\"https:\/\/www.yongjianceramic.com\/wp-content\/uploads\/2024\/11\/Large-Restaurant-Soup-Bowls-Wholesale-Bulk-Gumbo-Bowls-3.webp 790w, https:\/\/www.yongjianceramic.com\/wp-content\/uploads\/2024\/11\/Large-Restaurant-Soup-Bowls-Wholesale-Bulk-Gumbo-Bowls-3-300x300.webp 300w, https:\/\/www.yongjianceramic.com\/wp-content\/uploads\/2024\/11\/Large-Restaurant-Soup-Bowls-Wholesale-Bulk-Gumbo-Bowls-3-150x150.webp 150w, https:\/\/www.yongjianceramic.com\/wp-content\/uploads\/2024\/11\/Large-Restaurant-Soup-Bowls-Wholesale-Bulk-Gumbo-Bowls-3-768x768.webp 768w, https:\/\/www.yongjianceramic.com\/wp-content\/uploads\/2024\/11\/Large-Restaurant-Soup-Bowls-Wholesale-Bulk-Gumbo-Bowls-3-12x12.webp 12w, https:\/\/www.yongjianceramic.com\/wp-content\/uploads\/2024\/11\/Large-Restaurant-Soup-Bowls-Wholesale-Bulk-Gumbo-Bowls-3-285x285.webp 285w, https:\/\/www.yongjianceramic.com\/wp-content\/uploads\/2024\/11\/Large-Restaurant-Soup-Bowls-Wholesale-Bulk-Gumbo-Bowls-3-270x270.webp 270w, https:\/\/www.yongjianceramic.com\/wp-content\/uploads\/2024\/11\/Large-Restaurant-Soup-Bowls-Wholesale-Bulk-Gumbo-Bowls-3-540x540.webp 540w, https:\/\/www.yongjianceramic.com\/wp-content\/uploads\/2024\/11\/Large-Restaurant-Soup-Bowls-Wholesale-Bulk-Gumbo-Bowls-3-660x660.webp 660w\" sizes=\"(max-width: 790px) 100vw, 790px\" \/><\/figure>\n<\/div><\/div>\n<\/div>\n\n\n\n<p><\/p>","protected":false},"excerpt":{"rendered":"<p>Bem-vindo ao comprar tigelas de sopa para restaurante por atacado. Nossas tigelas de gumbo a granel de 10 polegadas s\u00e3o feitas de cer\u00e2mica dur\u00e1vel e t\u00eam um design de al\u00e7a, que \u00e9 adequado para uma variedade de ocasi\u00f5es de jantar, como sopa quente e sopa grossa. Dispon\u00edvel em duas cores, \u00e9 um utens\u00edlio de mesa de alta qualidade para banquetes de restaurantes e hot\u00e9is.<\/p>\n<table style=\"border-collapse: collapse; width: 309.02pt;\" border=\"0\" width=\"309\" cellspacing=\"0\" cellpadding=\"0\">\n<tbody>\n<tr style=\"height: 17.60pt;\">\n<td class=\"et3\" style=\"height: 17.60pt; width: 120.25pt;\" width=\"120\" height=\"17\">Fabricante<\/td>\n<td class=\"et3\" style=\"width: 189.25pt;\" width=\"189\">Yongjian<\/td>\n<\/tr>\n<tr style=\"height: 18.00pt;\">\n<td class=\"et3\" style=\"height: 18.00pt;\" height=\"18\">Modelo n.<\/td>\n<td class=\"et4\" style=\"width: 189.25pt;\" width=\"189\">YJ-086<\/td>\n<\/tr>\n<tr style=\"height: 17.60pt;\">\n<td class=\"et3\" style=\"height: 17.60pt;\" height=\"17\">Tipo de produto<\/td>\n<td class=\"et3\">Ta\u00e7as com cabo, ta\u00e7as para servir e ta\u00e7as para salada<\/td>\n<\/tr>\n<tr style=\"height: 17.60pt;\">\n<td class=\"et3\" style=\"height: 17.60pt;\" height=\"17\">Material<\/td>\n<td class=\"et3\">Porcelana<\/td>\n<\/tr>\n<tr style=\"height: 17.60pt;\">\n<td class=\"et5\" style=\"height: 17.60pt;\" height=\"17\">Cor<\/td>\n<td class=\"et3\">Branco\/preto<\/td>\n<\/tr>\n<tr style=\"height: 18.00pt;\">\n<td class=\"et3\" style=\"height: 18.00pt;\" height=\"18\">Dimens\u00e3o<\/td>\n<td class=\"et4\" style=\"width: 189.25pt;\" width=\"189\">21.5*25.5*5.5<\/td>\n<\/tr>\n<tr style=\"height: 17.60pt;\">\n<td class=\"et3\" style=\"height: 17.60pt;\" height=\"17\">MOQ<\/td>\n<td class=\"et3\">500 unidades<\/td>\n<\/tr>\n<tr style=\"height: 17.60pt;\">\n<td class=\"et3\" style=\"height: 17.60pt;\" height=\"17\">Personalizado<\/td>\n<td class=\"et3\">Cor\/tamanho\/log\u00f3tipo\/embalagem<\/td>\n<\/tr>\n<\/tbody>\n<\/table>","protected":false},"featured_media":3787,"comment_status":"closed","ping_status":"closed","template":"","meta":{"_acf_changed":false},"product_brand":[],"product_cat":[63,75,74],"product_tag":[96],"class_list":{"0":"post-3783","1":"product","2":"type-product","3":"status-publish","4":"has-post-thumbnail","6":"product_cat-wholesale-bowls","7":"product_cat-handled-bowls-wholesale","8":"product_cat-bulk-serving-bowls","9":"product_tag-black-white-dinnerware-wholesale","11":"first","12":"instock","13":"shipping-taxable","14":"product-type-simple"},"acf":[],"_links":{"self":[{"href":"https:\/\/www.yongjianceramic.com\/pt\/wp-json\/wp\/v2\/product\/3783","targetHints":{"allow":["GET"]}}],"collection":[{"href":"https:\/\/www.yongjianceramic.com\/pt\/wp-json\/wp\/v2\/product"}],"about":[{"href":"https:\/\/www.yongjianceramic.com\/pt\/wp-json\/wp\/v2\/types\/product"}],"replies":[{"embeddable":true,"href":"https:\/\/www.yongjianceramic.com\/pt\/wp-json\/wp\/v2\/comments?post=3783"}],"wp:featuredmedia":[{"embeddable":true,"href":"https:\/\/www.yongjianceramic.com\/pt\/wp-json\/wp\/v2\/media\/3787"}],"wp:attachment":[{"href":"https:\/\/www.yongjianceramic.com\/pt\/wp-json\/wp\/v2\/media?parent=3783"}],"wp:term":[{"taxonomy":"product_brand","embeddable":true,"href":"https:\/\/www.yongjianceramic.com\/pt\/wp-json\/wp\/v2\/product_brand?post=3783"},{"taxonomy":"product_cat","embeddable":true,"href":"https:\/\/www.yongjianceramic.com\/pt\/wp-json\/wp\/v2\/product_cat?post=3783"},{"taxonomy":"product_tag","embeddable":true,"href":"https:\/\/www.yongjianceramic.com\/pt\/wp-json\/wp\/v2\/product_tag?post=3783"}],"curies":[{"name":"wp","href":"https:\/\/api.w.org\/{rel}","templated":true}]}}