{"id":3801,"date":"2024-11-01T10:46:33","date_gmt":"2024-11-01T02:46:33","guid":{"rendered":"https:\/\/www.yongjianceramic.com\/?post_type=product&#038;p=3801"},"modified":"2024-11-01T11:02:20","modified_gmt":"2024-11-01T03:02:20","slug":"bulk-ramen-bowls","status":"publish","type":"product","link":"https:\/\/www.yongjianceramic.com\/pt\/produto\/bulk-ramen-bowls\/","title":{"rendered":"Tigelas de Ramen a granel com pegas, tigelas de cer\u00e2mica por atacado"},"content":{"rendered":"<div class=\"wp-block-columns is-layout-flex wp-container-core-columns-is-layout-9d6595d7 wp-block-columns-is-layout-flex\">\n<div class=\"wp-block-column is-layout-flow wp-block-column-is-layout-flow\">\n<h2 class=\"wp-block-heading\">Tigelas de Ramen Premium a granel Carater\u00edsticas:<\/h2>\n\n\n\n<ul class=\"wp-block-list\">\n<li><strong>Dur\u00e1vel e resistente a fissuras: <\/strong>As nossas ta\u00e7as de ramen a granel s\u00e3o feitas de cer\u00e2mica de alta qualidade com excelente durabilidade e resist\u00eancia a fissuras. Suportam temperaturas elevadas e uma utiliza\u00e7\u00e3o frequente, sendo adequadas para uma utiliza\u00e7\u00e3o intensiva em restaurantes comerciais.<\/li>\n\n\n\n<li><strong>Design de grande capacidade: <\/strong>O design de grande capacidade destas tigelas de cer\u00e2mica por grosso \u00e9 muito adequado para ramen, udon e v\u00e1rios tipos de sopa de massa. Pode mostrar totalmente os ingredientes e proporcionar aos comensais uma sensa\u00e7\u00e3o mais rica de por\u00e7\u00e3o. Tamb\u00e9m \u00e9 adequado para uma variedade de estilos de refei\u00e7\u00f5es japoneses, chineses e outros.<\/li>\n\n\n\n<li><strong>Design de pega \u00fanica:<\/strong> O design de pega \u00fanica torna estas tigelas de ramen a granel mais f\u00e1ceis de segurar quando se serve sopa de massa quente, o que \u00e9 conveniente para servir e para os clientes comerem, evita escorregar e melhora a experi\u00eancia gastron\u00f3mica.<\/li>\n\n\n\n<li><strong>Combina\u00e7\u00e3o cl\u00e1ssica de cores preto e branco: <\/strong>As nossas ta\u00e7as de cer\u00e2mica por atacado est\u00e3o dispon\u00edveis em preto e branco, adequadas para diferentes estilos de decora\u00e7\u00e3o de restaurantes. O preto tem estilo e o branco \u00e9 fresco e elegante, trazendo um efeito visual simples e avan\u00e7ado \u00e0 mesa de jantar.<\/li>\n<\/ul>\n<\/div>\n\n\n\n<div class=\"wp-block-column is-vertically-aligned-center is-layout-flow wp-block-column-is-layout-flow\"><div class=\"wp-block-image\">\n<figure class=\"aligncenter size-full\"><img fetchpriority=\"high\" decoding=\"async\" width=\"750\" height=\"750\" src=\"https:\/\/www.yongjianceramic.com\/wp-content\/uploads\/2024\/11\/Bulk-Ramen-Bowls-With-Handles-Wholesale-Ceramic-Bowls-1.webp\" alt=\"Tigelas de Ramen a granel com pegas, tigelas de cer\u00e2mica por atacado-1\" class=\"wp-image-3802\" srcset=\"https:\/\/www.yongjianceramic.com\/wp-content\/uploads\/2024\/11\/Bulk-Ramen-Bowls-With-Handles-Wholesale-Ceramic-Bowls-1.webp 750w, https:\/\/www.yongjianceramic.com\/wp-content\/uploads\/2024\/11\/Bulk-Ramen-Bowls-With-Handles-Wholesale-Ceramic-Bowls-1-300x300.webp 300w, https:\/\/www.yongjianceramic.com\/wp-content\/uploads\/2024\/11\/Bulk-Ramen-Bowls-With-Handles-Wholesale-Ceramic-Bowls-1-150x150.webp 150w, https:\/\/www.yongjianceramic.com\/wp-content\/uploads\/2024\/11\/Bulk-Ramen-Bowls-With-Handles-Wholesale-Ceramic-Bowls-1-12x12.webp 12w, https:\/\/www.yongjianceramic.com\/wp-content\/uploads\/2024\/11\/Bulk-Ramen-Bowls-With-Handles-Wholesale-Ceramic-Bowls-1-285x285.webp 285w, https:\/\/www.yongjianceramic.com\/wp-content\/uploads\/2024\/11\/Bulk-Ramen-Bowls-With-Handles-Wholesale-Ceramic-Bowls-1-270x270.webp 270w, https:\/\/www.yongjianceramic.com\/wp-content\/uploads\/2024\/11\/Bulk-Ramen-Bowls-With-Handles-Wholesale-Ceramic-Bowls-1-540x540.webp 540w, https:\/\/www.yongjianceramic.com\/wp-content\/uploads\/2024\/11\/Bulk-Ramen-Bowls-With-Handles-Wholesale-Ceramic-Bowls-1-660x660.webp 660w\" sizes=\"(max-width: 750px) 100vw, 750px\" \/><\/figure>\n<\/div><\/div>\n<\/div>\n\n\n\n<p><\/p>","protected":false},"excerpt":{"rendered":"<p>Bem-vindo ao comprar ta\u00e7as de cer\u00e2mica por grosso. Estas ta\u00e7as de ramen de grande capacidade com pegas s\u00e3o feitas de cer\u00e2mica de alta qualidade e est\u00e3o dispon\u00edveis em preto e branco. O design cl\u00e1ssico \u00e9 adequado para todos os tipos de sopas de massa e pratos de ramen. A pega \u00fanica torna-a f\u00e1cil de servir e segurar, tornando-a uma boa escolha para os restaurantes melhorarem a experi\u00eancia gastron\u00f3mica.<\/p>\n<table style=\"border-collapse: collapse; width: 309.02pt;\" border=\"0\" width=\"309\" cellspacing=\"0\" cellpadding=\"0\">\n<tbody>\n<tr style=\"height: 17.60pt;\">\n<td class=\"et3\" style=\"height: 17.60pt; width: 120.25pt;\" width=\"120\" height=\"17\">Fabricante<\/td>\n<td class=\"et3\" style=\"width: 189.25pt;\" width=\"189\">Yongjian<\/td>\n<\/tr>\n<tr style=\"height: 18.00pt;\">\n<td class=\"et3\" style=\"height: 18.00pt;\" height=\"18\">Modelo n.<\/td>\n<td class=\"et4\" style=\"width: 189.25pt;\" width=\"189\">YJ-089<\/td>\n<\/tr>\n<tr style=\"height: 17.60pt;\">\n<td class=\"et3\" style=\"height: 17.60pt;\" height=\"17\">Tipo de produto<\/td>\n<td class=\"et3\">Tigelas com cabo, Tigelas para sopa e Ramen<\/td>\n<\/tr>\n<tr style=\"height: 17.60pt;\">\n<td class=\"et3\" style=\"height: 17.60pt;\" height=\"17\">Material<\/td>\n<td class=\"et3\">Porcelana<\/td>\n<\/tr>\n<tr style=\"height: 17.60pt;\">\n<td class=\"et5\" style=\"height: 17.60pt;\" height=\"17\">Cor<\/td>\n<td class=\"et3\">Branco\/preto<\/td>\n<\/tr>\n<tr style=\"height: 18.00pt;\">\n<td class=\"et3\" style=\"height: 18.00pt;\" height=\"18\">Dimens\u00e3o<\/td>\n<td class=\"et4\" style=\"width: 189.25pt;\" width=\"189\">15.5*15.5*6<\/td>\n<\/tr>\n<tr style=\"height: 17.60pt;\">\n<td class=\"et3\" style=\"height: 17.60pt;\" height=\"17\">MOQ<\/td>\n<td class=\"et3\">500 unidades<\/td>\n<\/tr>\n<tr style=\"height: 17.60pt;\">\n<td class=\"et3\" style=\"height: 17.60pt;\" height=\"17\">Personalizado<\/td>\n<td class=\"et3\">Cor\/tamanho\/log\u00f3tipo\/embalagem<\/td>\n<\/tr>\n<\/tbody>\n<\/table>","protected":false},"featured_media":3803,"comment_status":"closed","ping_status":"closed","template":"","meta":{"_acf_changed":false},"product_brand":[],"product_cat":[63,75,73],"product_tag":[96],"class_list":{"0":"post-3801","1":"product","2":"type-product","3":"status-publish","4":"has-post-thumbnail","6":"product_cat-wholesale-bowls","7":"product_cat-handled-bowls-wholesale","8":"product_cat-bulk-soup-bowls","9":"product_tag-black-white-dinnerware-wholesale","11":"first","12":"instock","13":"shipping-taxable","14":"product-type-simple"},"acf":[],"_links":{"self":[{"href":"https:\/\/www.yongjianceramic.com\/pt\/wp-json\/wp\/v2\/product\/3801","targetHints":{"allow":["GET"]}}],"collection":[{"href":"https:\/\/www.yongjianceramic.com\/pt\/wp-json\/wp\/v2\/product"}],"about":[{"href":"https:\/\/www.yongjianceramic.com\/pt\/wp-json\/wp\/v2\/types\/product"}],"replies":[{"embeddable":true,"href":"https:\/\/www.yongjianceramic.com\/pt\/wp-json\/wp\/v2\/comments?post=3801"}],"wp:featuredmedia":[{"embeddable":true,"href":"https:\/\/www.yongjianceramic.com\/pt\/wp-json\/wp\/v2\/media\/3803"}],"wp:attachment":[{"href":"https:\/\/www.yongjianceramic.com\/pt\/wp-json\/wp\/v2\/media?parent=3801"}],"wp:term":[{"taxonomy":"product_brand","embeddable":true,"href":"https:\/\/www.yongjianceramic.com\/pt\/wp-json\/wp\/v2\/product_brand?post=3801"},{"taxonomy":"product_cat","embeddable":true,"href":"https:\/\/www.yongjianceramic.com\/pt\/wp-json\/wp\/v2\/product_cat?post=3801"},{"taxonomy":"product_tag","embeddable":true,"href":"https:\/\/www.yongjianceramic.com\/pt\/wp-json\/wp\/v2\/product_tag?post=3801"}],"curies":[{"name":"wp","href":"https:\/\/api.w.org\/{rel}","templated":true}]}}