{"id":3815,"date":"2024-11-01T11:16:33","date_gmt":"2024-11-01T03:16:33","guid":{"rendered":"https:\/\/www.yongjianceramic.com\/?post_type=product&#038;p=3815"},"modified":"2024-11-01T11:34:44","modified_gmt":"2024-11-01T03:34:44","slug":"wholesale-serving-bowls","status":"publish","type":"product","link":"https:\/\/www.yongjianceramic.com\/pt\/produto\/wholesale-serving-bowls\/","title":{"rendered":"Ta\u00e7as de servir com pegas por atacado, ta\u00e7as de cer\u00e2mica a granel"},"content":{"rendered":"<div class=\"wp-block-columns is-layout-flex wp-container-core-columns-is-layout-9d6595d7 wp-block-columns-is-layout-flex\">\n<div class=\"wp-block-column is-layout-flow wp-block-column-is-layout-flow\">\n<h2 class=\"wp-block-heading\">Ta\u00e7as de servir Premium Wholesale Carater\u00edsticas:<\/h2>\n\n\n\n<ul class=\"wp-block-list\">\n<li><strong>Dur\u00e1vel e resistente a riscos: <\/strong>As nossas ta\u00e7as de servir por atacado s\u00e3o feitas de cer\u00e2mica de alta qualidade com excelente resist\u00eancia ao calor e aos riscos. Suportam as necessidades frequentes de servir e garantem que permanecem t\u00e3o brilhantes e limpas como novas ap\u00f3s uma utiliza\u00e7\u00e3o prolongada. S\u00e3o utens\u00edlios ideais para restaurantes e banquetes.<\/li>\n\n\n\n<li><strong>Dispon\u00edvel em v\u00e1rios tamanhos: <\/strong>Estas ta\u00e7as de cer\u00e2mica a granel est\u00e3o dispon\u00edveis em dois tamanhos, 6,5 polegadas e 8,5 polegadas, adequadas para servir pequenos pratos de acompanhamento a pratos principais, satisfazendo as diferentes necessidades de v\u00e1rios cen\u00e1rios de refei\u00e7\u00f5es. O design de tamanho adequado pode adaptar-se de forma flex\u00edvel \u00e0s diversas necessidades de refei\u00e7\u00f5es em reuni\u00f5es familiares, restaurantes e banquetes.<\/li>\n\n\n\n<li><strong>Design da pega: <\/strong>O design da pega torna estas ta\u00e7as de servir por atacado mais f\u00e1ceis para os empregados de mesa servirem os pratos e para os clientes os levarem. Mesmo que estejam cheias de sopa quente, podem garantir a seguran\u00e7a e n\u00e3o s\u00e3o f\u00e1ceis de escorregar, o que aumenta a seguran\u00e7a e a efici\u00eancia dos servi\u00e7os de catering e proporciona aos clientes uma experi\u00eancia gastron\u00f3mica mais confort\u00e1vel.<\/li>\n\n\n\n<li><strong>Estilos de restaurante vers\u00e1teis: <\/strong>As nossas ta\u00e7as de cer\u00e2mica para venda a granel est\u00e3o dispon\u00edveis em duas cores cl\u00e1ssicas, preto e branco, que s\u00e3o elegantes e simples e podem ser perfeitamente integradas em ambientes de mesa modernos e tradicionais. O preto \u00e9 elegante e o branco \u00e9 fresco e vers\u00e1til, adequado para diferentes temas de restaurantes e melhora o ambiente geral das refei\u00e7\u00f5es.<\/li>\n<\/ul>\n<\/div>\n\n\n\n<div class=\"wp-block-column is-vertically-aligned-center is-layout-flow wp-block-column-is-layout-flow\"><div class=\"wp-block-image\">\n<figure class=\"aligncenter size-full\"><img fetchpriority=\"high\" decoding=\"async\" width=\"750\" height=\"750\" src=\"https:\/\/www.yongjianceramic.com\/wp-content\/uploads\/2024\/11\/Wholesale-Serving-Bowls-With-Handles-Bulk-Ceramic-Bowls-7.webp\" alt=\"Ta\u00e7as de servir por atacado com pegas, ta\u00e7as de cer\u00e2mica a granel-7\" class=\"wp-image-3822\" srcset=\"https:\/\/www.yongjianceramic.com\/wp-content\/uploads\/2024\/11\/Wholesale-Serving-Bowls-With-Handles-Bulk-Ceramic-Bowls-7.webp 750w, https:\/\/www.yongjianceramic.com\/wp-content\/uploads\/2024\/11\/Wholesale-Serving-Bowls-With-Handles-Bulk-Ceramic-Bowls-7-300x300.webp 300w, https:\/\/www.yongjianceramic.com\/wp-content\/uploads\/2024\/11\/Wholesale-Serving-Bowls-With-Handles-Bulk-Ceramic-Bowls-7-150x150.webp 150w, https:\/\/www.yongjianceramic.com\/wp-content\/uploads\/2024\/11\/Wholesale-Serving-Bowls-With-Handles-Bulk-Ceramic-Bowls-7-12x12.webp 12w, https:\/\/www.yongjianceramic.com\/wp-content\/uploads\/2024\/11\/Wholesale-Serving-Bowls-With-Handles-Bulk-Ceramic-Bowls-7-285x285.webp 285w, https:\/\/www.yongjianceramic.com\/wp-content\/uploads\/2024\/11\/Wholesale-Serving-Bowls-With-Handles-Bulk-Ceramic-Bowls-7-270x270.webp 270w, https:\/\/www.yongjianceramic.com\/wp-content\/uploads\/2024\/11\/Wholesale-Serving-Bowls-With-Handles-Bulk-Ceramic-Bowls-7-540x540.webp 540w, https:\/\/www.yongjianceramic.com\/wp-content\/uploads\/2024\/11\/Wholesale-Serving-Bowls-With-Handles-Bulk-Ceramic-Bowls-7-660x660.webp 660w\" sizes=\"(max-width: 750px) 100vw, 750px\" \/><\/figure>\n<\/div><\/div>\n<\/div>\n\n\n\n<p><\/p>","protected":false},"excerpt":{"rendered":"<p>Bem-vindo ao comprar ta\u00e7as de cer\u00e2mica a granel. As nossas ta\u00e7as de servir por atacado est\u00e3o dispon\u00edveis em 6,5 e 8,5 polegadas, e est\u00e3o dispon\u00edveis nas cores cl\u00e1ssicas preto e branco. Adequado para todos os tipos de sopas e pratos principais. O material cer\u00e2mico de alta qualidade e o design humanizado do cabo s\u00e3o bonitos e pr\u00e1ticos, tornando-o uma boa escolha para restaurantes e banquetes.<\/p>\n<table style=\"border-collapse: collapse; width: 309.02pt;\" border=\"0\" width=\"309\" cellspacing=\"0\" cellpadding=\"0\">\n<tbody>\n<tr style=\"height: 17.60pt;\">\n<td class=\"et3\" style=\"height: 17.60pt; width: 120.25pt;\" width=\"120\" height=\"17\">Fabricante<\/td>\n<td class=\"et3\" style=\"width: 189.25pt;\" width=\"189\">Yongjian<\/td>\n<\/tr>\n<tr style=\"height: 18.00pt;\">\n<td class=\"et3\" style=\"height: 18.00pt;\" height=\"18\">Modelo n.<\/td>\n<td class=\"et4\" style=\"width: 189.25pt;\" width=\"189\">YJ-093\/YJ-094<\/td>\n<\/tr>\n<tr style=\"height: 17.60pt;\">\n<td class=\"et3\" style=\"height: 17.60pt;\" height=\"17\">Tipo de produto<\/td>\n<td class=\"et3\">Ta\u00e7as com cabo, ta\u00e7as para servir e ta\u00e7as para salada<\/td>\n<\/tr>\n<tr style=\"height: 17.60pt;\">\n<td class=\"et3\" style=\"height: 17.60pt;\" height=\"17\">Material<\/td>\n<td class=\"et3\">Porcelana<\/td>\n<\/tr>\n<tr style=\"height: 17.60pt;\">\n<td class=\"et5\" style=\"height: 17.60pt;\" height=\"17\">Cor<\/td>\n<td class=\"et3\">Branco\/preto<\/td>\n<\/tr>\n<tr style=\"height: 36.00pt;\">\n<td class=\"et3\" style=\"height: 36.00pt;\" height=\"36\">Dimens\u00e3o<\/td>\n<td class=\"et4\" style=\"width: 189.25pt;\" width=\"189\">6,5 polegadas:17*17*8<br \/>12 polegadas:23*23*8,5<\/td>\n<\/tr>\n<tr style=\"height: 17.60pt;\">\n<td class=\"et3\" style=\"height: 17.60pt;\" height=\"17\">MOQ<\/td>\n<td class=\"et3\">500 unidades<\/td>\n<\/tr>\n<tr style=\"height: 17.60pt;\">\n<td class=\"et3\" style=\"height: 17.60pt;\" height=\"17\">Personalizado<\/td>\n<td class=\"et3\">Cor\/tamanho\/log\u00f3tipo\/embalagem<\/td>\n<\/tr>\n<\/tbody>\n<\/table>","protected":false},"featured_media":3824,"comment_status":"closed","ping_status":"closed","template":"","meta":{"_acf_changed":false},"product_brand":[],"product_cat":[63,75,74],"product_tag":[96],"class_list":{"0":"post-3815","1":"product","2":"type-product","3":"status-publish","4":"has-post-thumbnail","6":"product_cat-wholesale-bowls","7":"product_cat-handled-bowls-wholesale","8":"product_cat-bulk-serving-bowls","9":"product_tag-black-white-dinnerware-wholesale","11":"first","12":"instock","13":"shipping-taxable","14":"product-type-simple"},"acf":[],"_links":{"self":[{"href":"https:\/\/www.yongjianceramic.com\/pt\/wp-json\/wp\/v2\/product\/3815","targetHints":{"allow":["GET"]}}],"collection":[{"href":"https:\/\/www.yongjianceramic.com\/pt\/wp-json\/wp\/v2\/product"}],"about":[{"href":"https:\/\/www.yongjianceramic.com\/pt\/wp-json\/wp\/v2\/types\/product"}],"replies":[{"embeddable":true,"href":"https:\/\/www.yongjianceramic.com\/pt\/wp-json\/wp\/v2\/comments?post=3815"}],"wp:featuredmedia":[{"embeddable":true,"href":"https:\/\/www.yongjianceramic.com\/pt\/wp-json\/wp\/v2\/media\/3824"}],"wp:attachment":[{"href":"https:\/\/www.yongjianceramic.com\/pt\/wp-json\/wp\/v2\/media?parent=3815"}],"wp:term":[{"taxonomy":"product_brand","embeddable":true,"href":"https:\/\/www.yongjianceramic.com\/pt\/wp-json\/wp\/v2\/product_brand?post=3815"},{"taxonomy":"product_cat","embeddable":true,"href":"https:\/\/www.yongjianceramic.com\/pt\/wp-json\/wp\/v2\/product_cat?post=3815"},{"taxonomy":"product_tag","embeddable":true,"href":"https:\/\/www.yongjianceramic.com\/pt\/wp-json\/wp\/v2\/product_tag?post=3815"}],"curies":[{"name":"wp","href":"https:\/\/api.w.org\/{rel}","templated":true}]}}