{"id":3864,"date":"2024-12-04T11:19:35","date_gmt":"2024-12-04T03:19:35","guid":{"rendered":"https:\/\/www.yongjianceramic.com\/?post_type=product&#038;p=3864"},"modified":"2024-12-04T11:33:40","modified_gmt":"2024-12-04T03:33:40","slug":"wholesale-ceramic-bowls","status":"publish","type":"product","link":"https:\/\/www.yongjianceramic.com\/pt\/produto\/wholesale-ceramic-bowls\/","title":{"rendered":"Ta\u00e7as de cer\u00e2mica de 12 polegadas com pegas, ta\u00e7as de servir a granel para guisados"},"content":{"rendered":"<div class=\"wp-block-columns is-layout-flex wp-container-core-columns-is-layout-9d6595d7 wp-block-columns-is-layout-flex\">\n<div class=\"wp-block-column is-layout-flow wp-block-column-is-layout-flow\">\n<h2 class=\"wp-block-heading\">Ta\u00e7as de cer\u00e2mica Premium Wholesale Carater\u00edsticas:<\/h2>\n\n\n\n<ul class=\"wp-block-list\">\n<li><strong>Grande capacidade e design pr\u00e1tico: <\/strong>As nossas tigelas de cer\u00e2mica de 12 polegadas t\u00eam capacidade suficiente para servir guisados, sopas e pratos de grandes por\u00e7\u00f5es em banquetes familiares. Equipado com o design est\u00e1vel e f\u00e1cil de agarrar de uma pega dupla na natureza.<\/li>\n\n\n\n<li><strong>Materiais cer\u00e2micos selecionados de alta qualidade:<\/strong> Estas ta\u00e7as para servir a granel t\u00eam uma excelente resist\u00eancia ao calor, podem ser utilizadas diretamente para aquecimento no forno e no micro-ondas e permitem a limpeza na m\u00e1quina de lavar lou\u00e7a para satisfazer as necessidades de efici\u00eancia das cozinhas modernas.<\/li>\n\n\n\n<li><strong>Aspeto simples e vers\u00e1til: <\/strong>As nossas ta\u00e7as de cer\u00e2mica para venda por grosso t\u00eam um design simples mas elegante. A delicada superf\u00edcie de cer\u00e2mica combinada com a forma cl\u00e1ssica combina na perfei\u00e7\u00e3o, sendo adequada para v\u00e1rios estilos de mesa que podem ser utilizados no dia a dia ou acrescentar eleg\u00e2ncia a banquetes formais.<\/li>\n\n\n\n<li><strong>Fornecimento a granel e apoio \u00e0 personaliza\u00e7\u00e3o: <\/strong>As nossas ta\u00e7as de servir a granel s\u00e3o concebidas para restaurantes, hot\u00e9is e grossistas. Prestamos servi\u00e7os de fornecimento a granel e apoiamos cores, padr\u00f5es e log\u00f3tipos de marca personalizados para satisfazer diferentes cen\u00e1rios e necessidades comerciais.<\/li>\n<\/ul>\n<\/div>\n\n\n\n<div class=\"wp-block-column is-vertically-aligned-center is-layout-flow wp-block-column-is-layout-flow\"><div class=\"wp-block-image\">\n<figure class=\"aligncenter size-full\"><img fetchpriority=\"high\" decoding=\"async\" width=\"694\" height=\"694\" src=\"https:\/\/www.yongjianceramic.com\/wp-content\/uploads\/2024\/12\/12-Inch-Wholesale-Ceramic-Bowls-With-Handles-Bulk-Serving-Bowls-For-Stews-3.webp\" alt=\"Ta\u00e7as de cer\u00e2mica de 12 polegadas com pegas, ta\u00e7as de servir a granel para guisados-3\" class=\"wp-image-3867\" srcset=\"https:\/\/www.yongjianceramic.com\/wp-content\/uploads\/2024\/12\/12-Inch-Wholesale-Ceramic-Bowls-With-Handles-Bulk-Serving-Bowls-For-Stews-3.webp 694w, https:\/\/www.yongjianceramic.com\/wp-content\/uploads\/2024\/12\/12-Inch-Wholesale-Ceramic-Bowls-With-Handles-Bulk-Serving-Bowls-For-Stews-3-300x300.webp 300w, https:\/\/www.yongjianceramic.com\/wp-content\/uploads\/2024\/12\/12-Inch-Wholesale-Ceramic-Bowls-With-Handles-Bulk-Serving-Bowls-For-Stews-3-150x150.webp 150w, https:\/\/www.yongjianceramic.com\/wp-content\/uploads\/2024\/12\/12-Inch-Wholesale-Ceramic-Bowls-With-Handles-Bulk-Serving-Bowls-For-Stews-3-12x12.webp 12w, https:\/\/www.yongjianceramic.com\/wp-content\/uploads\/2024\/12\/12-Inch-Wholesale-Ceramic-Bowls-With-Handles-Bulk-Serving-Bowls-For-Stews-3-285x285.webp 285w, https:\/\/www.yongjianceramic.com\/wp-content\/uploads\/2024\/12\/12-Inch-Wholesale-Ceramic-Bowls-With-Handles-Bulk-Serving-Bowls-For-Stews-3-270x270.webp 270w, https:\/\/www.yongjianceramic.com\/wp-content\/uploads\/2024\/12\/12-Inch-Wholesale-Ceramic-Bowls-With-Handles-Bulk-Serving-Bowls-For-Stews-3-540x540.webp 540w, https:\/\/www.yongjianceramic.com\/wp-content\/uploads\/2024\/12\/12-Inch-Wholesale-Ceramic-Bowls-With-Handles-Bulk-Serving-Bowls-For-Stews-3-660x660.webp 660w\" sizes=\"(max-width: 694px) 100vw, 694px\" \/><\/figure>\n<\/div><\/div>\n<\/div>","protected":false},"excerpt":{"rendered":"<p>Bem-vindo \u00e0 compra de ta\u00e7as para servir a granel. As nossas ta\u00e7as de cer\u00e2mica de 12 polegadas com pegas s\u00e3o espa\u00e7osas, feitas de cer\u00e2mica resistente ao calor, adequadas para uso no forno e no micro-ondas, e o seu design simples \u00e9 adequado para v\u00e1rios estilos de mesa. Suporta compra a granel e personaliza\u00e7\u00e3o, e \u00e9 uma escolha ideal para a ind\u00fastria de catering e banquetes familiares.<\/p>\n<table style=\"border-collapse: collapse; width: 365.02pt;\" border=\"0\" width=\"365\" cellspacing=\"0\" cellpadding=\"0\">\n<tbody>\n<tr style=\"height: 17.60pt;\">\n<td class=\"et3\" style=\"height: 17.60pt; width: 120.25pt;\" width=\"120\" height=\"17\">Fabricante<\/td>\n<td class=\"et3\" style=\"width: 245.25pt;\" width=\"245\">Yongjian<\/td>\n<\/tr>\n<tr style=\"height: 18.00pt;\">\n<td class=\"et3\" style=\"height: 18.00pt;\" height=\"18\">Modelo n.<\/td>\n<td class=\"et4\" style=\"width: 245.25pt;\" width=\"245\">YJ-003<\/td>\n<\/tr>\n<tr style=\"height: 18.00pt;\">\n<td class=\"et3\" style=\"height: 18.00pt;\" height=\"18\">Tipo de produto<\/td>\n<td class=\"et4\" style=\"width: 245.25pt;\" width=\"245\">Ta\u00e7as com cabo, ta\u00e7as para servir e ta\u00e7as para salada<\/td>\n<\/tr>\n<tr style=\"height: 17.60pt;\">\n<td class=\"et3\" style=\"height: 17.60pt;\" height=\"17\">Material<\/td>\n<td class=\"et3\">Porcelana<\/td>\n<\/tr>\n<tr style=\"height: 17.60pt;\">\n<td class=\"et5\" style=\"height: 17.60pt;\" height=\"17\">Cor<\/td>\n<td class=\"et3\">Branco\/preto<\/td>\n<\/tr>\n<tr style=\"height: 18.00pt;\">\n<td class=\"et3\" style=\"height: 18.00pt;\" height=\"18\">Dimens\u00e3o<\/td>\n<td class=\"et4\" style=\"width: 245.25pt;\" width=\"245\">30*25.5*6.8<\/td>\n<\/tr>\n<tr style=\"height: 17.60pt;\">\n<td class=\"et3\" style=\"height: 17.60pt;\" height=\"17\">MOQ<\/td>\n<td class=\"et3\">500 unidades<\/td>\n<\/tr>\n<tr style=\"height: 17.60pt;\">\n<td class=\"et3\" style=\"height: 17.60pt;\" height=\"17\">Personalizado<\/td>\n<td class=\"et3\">Cor\/tamanho\/log\u00f3tipo\/embalagem<\/td>\n<\/tr>\n<\/tbody>\n<\/table>","protected":false},"featured_media":3865,"comment_status":"closed","ping_status":"closed","template":"","meta":{"_acf_changed":false},"product_brand":[],"product_cat":[75,63,74],"product_tag":[96],"class_list":{"0":"post-3864","1":"product","2":"type-product","3":"status-publish","4":"has-post-thumbnail","6":"product_cat-handled-bowls-wholesale","7":"product_cat-wholesale-bowls","8":"product_cat-bulk-serving-bowls","9":"product_tag-black-white-dinnerware-wholesale","11":"first","12":"instock","13":"shipping-taxable","14":"product-type-simple"},"acf":[],"_links":{"self":[{"href":"https:\/\/www.yongjianceramic.com\/pt\/wp-json\/wp\/v2\/product\/3864","targetHints":{"allow":["GET"]}}],"collection":[{"href":"https:\/\/www.yongjianceramic.com\/pt\/wp-json\/wp\/v2\/product"}],"about":[{"href":"https:\/\/www.yongjianceramic.com\/pt\/wp-json\/wp\/v2\/types\/product"}],"replies":[{"embeddable":true,"href":"https:\/\/www.yongjianceramic.com\/pt\/wp-json\/wp\/v2\/comments?post=3864"}],"wp:featuredmedia":[{"embeddable":true,"href":"https:\/\/www.yongjianceramic.com\/pt\/wp-json\/wp\/v2\/media\/3865"}],"wp:attachment":[{"href":"https:\/\/www.yongjianceramic.com\/pt\/wp-json\/wp\/v2\/media?parent=3864"}],"wp:term":[{"taxonomy":"product_brand","embeddable":true,"href":"https:\/\/www.yongjianceramic.com\/pt\/wp-json\/wp\/v2\/product_brand?post=3864"},{"taxonomy":"product_cat","embeddable":true,"href":"https:\/\/www.yongjianceramic.com\/pt\/wp-json\/wp\/v2\/product_cat?post=3864"},{"taxonomy":"product_tag","embeddable":true,"href":"https:\/\/www.yongjianceramic.com\/pt\/wp-json\/wp\/v2\/product_tag?post=3864"}],"curies":[{"name":"wp","href":"https:\/\/api.w.org\/{rel}","templated":true}]}}