{"id":3872,"date":"2024-12-04T11:39:41","date_gmt":"2024-12-04T03:39:41","guid":{"rendered":"https:\/\/www.yongjianceramic.com\/?post_type=product&#038;p=3872"},"modified":"2024-12-04T11:48:39","modified_gmt":"2024-12-04T03:48:39","slug":"porcelain-plates-bulk","status":"publish","type":"product","link":"https:\/\/www.yongjianceramic.com\/pt\/produto\/porcelain-plates-bulk\/","title":{"rendered":"Pratos de porcelana de 10 polegadas a granel, pratos de jantar de cer\u00e2mica profunda por atacado"},"content":{"rendered":"<div class=\"wp-block-columns is-layout-flex wp-container-core-columns-is-layout-9d6595d7 wp-block-columns-is-layout-flex\">\n<div class=\"wp-block-column is-layout-flow wp-block-column-is-layout-flow\">\n<h2 class=\"wp-block-heading\">Pratos de porcelana Premium Carater\u00edsticas a granel:<\/h2>\n\n\n\n<ul class=\"wp-block-list\">\n<li><strong>Tamanho pr\u00e1tico e design de placa profunda: <\/strong>Os nossos pratos de porcelana de 10 polegadas t\u00eam um tamanho moderado e foram concebidos para serem ligeiramente profundos, adequados para todos os tipos de pratos, como massas, saladas, guisados, etc., que n\u00e3o s\u00e3o f\u00e1ceis de entornar e s\u00e3o mais convenientes de utilizar.<\/li>\n\n\n\n<li><strong>Textura mate de qualidade superior:<\/strong> A superf\u00edcie destes pratos de cer\u00e2mica para venda por grosso tem um tratamento mate especial, que \u00e9 muito suave ao toque, mas apresenta uma textura elevada para proporcionar uma beleza moderna e elegante \u00e0 sua mesa de jantar.<\/li>\n\n\n\n<li><strong>Op\u00e7\u00f5es cl\u00e1ssicas de cor preta e branca: <\/strong>Oferecemos uma gama de op\u00e7\u00f5es de cores simples e cl\u00e1ssicas, a preto e branco, para pratos de porcelana a granel, que s\u00e3o muito f\u00e1ceis de combinar com o estilo de v\u00e1rias configura\u00e7\u00f5es de mesa para refei\u00e7\u00f5es quotidianas e situa\u00e7\u00f5es de luxo.<\/li>\n\n\n\n<li><strong>Fornecimento a granel e servi\u00e7os personalizados: <\/strong>Estes pratos de jantar de cer\u00e2mica por atacado s\u00e3o concebidos para restaurantes, hot\u00e9is e grossistas, suportam compras a granel e fornecem servi\u00e7os personalizados. Os log\u00f3tipos das marcas ou padr\u00f5es personalizados podem ser impressos de acordo com as necessidades.<\/li>\n<\/ul>\n<\/div>\n\n\n\n<div class=\"wp-block-column is-vertically-aligned-center is-layout-flow wp-block-column-is-layout-flow\"><div class=\"wp-block-image\">\n<figure class=\"aligncenter size-full\"><img fetchpriority=\"high\" decoding=\"async\" width=\"750\" height=\"750\" src=\"https:\/\/www.yongjianceramic.com\/wp-content\/uploads\/2024\/12\/10-Inch-Porcelain-Plates-Bulk-Deep-Ceramic-Dinner-Plates-Wholesale-2.webp\" alt=\"Pratos de porcelana de 10 polegadas a granel, pratos de jantar de cer\u00e2mica profunda por atacado-2\" class=\"wp-image-3874\" srcset=\"https:\/\/www.yongjianceramic.com\/wp-content\/uploads\/2024\/12\/10-Inch-Porcelain-Plates-Bulk-Deep-Ceramic-Dinner-Plates-Wholesale-2.webp 750w, https:\/\/www.yongjianceramic.com\/wp-content\/uploads\/2024\/12\/10-Inch-Porcelain-Plates-Bulk-Deep-Ceramic-Dinner-Plates-Wholesale-2-300x300.webp 300w, https:\/\/www.yongjianceramic.com\/wp-content\/uploads\/2024\/12\/10-Inch-Porcelain-Plates-Bulk-Deep-Ceramic-Dinner-Plates-Wholesale-2-150x150.webp 150w, https:\/\/www.yongjianceramic.com\/wp-content\/uploads\/2024\/12\/10-Inch-Porcelain-Plates-Bulk-Deep-Ceramic-Dinner-Plates-Wholesale-2-12x12.webp 12w, https:\/\/www.yongjianceramic.com\/wp-content\/uploads\/2024\/12\/10-Inch-Porcelain-Plates-Bulk-Deep-Ceramic-Dinner-Plates-Wholesale-2-285x285.webp 285w, https:\/\/www.yongjianceramic.com\/wp-content\/uploads\/2024\/12\/10-Inch-Porcelain-Plates-Bulk-Deep-Ceramic-Dinner-Plates-Wholesale-2-270x270.webp 270w, https:\/\/www.yongjianceramic.com\/wp-content\/uploads\/2024\/12\/10-Inch-Porcelain-Plates-Bulk-Deep-Ceramic-Dinner-Plates-Wholesale-2-540x540.webp 540w, https:\/\/www.yongjianceramic.com\/wp-content\/uploads\/2024\/12\/10-Inch-Porcelain-Plates-Bulk-Deep-Ceramic-Dinner-Plates-Wholesale-2-660x660.webp 660w\" sizes=\"(max-width: 750px) 100vw, 750px\" \/><\/figure>\n<\/div><\/div>\n<\/div>","protected":false},"excerpt":{"rendered":"<p>Bem-vindo ao comprar pratos de jantar de cer\u00e2mica por atacado. Nosso volume de pratos de porcelana de textura fosca de 10 polegadas tem op\u00e7\u00f5es cl\u00e1ssicas de cores preto e branco, design elegante e fun\u00e7\u00f5es pr\u00e1ticas, adequadas para uma variedade de iguarias, como massas e saladas. Suporta compras a granel e personaliza\u00e7\u00e3o, \u00e9 a escolha perfeita para catering e jantares em fam\u00edlia.<\/p>\n<table style=\"border-collapse: collapse; width: 365.02pt;\" border=\"0\" width=\"365\" cellspacing=\"0\" cellpadding=\"0\">\n<tbody>\n<tr style=\"height: 17.60pt;\">\n<td class=\"et3\" style=\"height: 17.60pt; width: 120.25pt;\" width=\"120\" height=\"17\">Fabricante<\/td>\n<td class=\"et3\" style=\"width: 245.25pt;\" width=\"245\">Yongjian<\/td>\n<\/tr>\n<tr style=\"height: 18.00pt;\">\n<td class=\"et3\" style=\"height: 18.00pt;\" height=\"18\">Modelo n.<\/td>\n<td class=\"et4\" style=\"width: 245.25pt;\" width=\"245\">YJ-006<\/td>\n<\/tr>\n<tr style=\"height: 18.00pt;\">\n<td class=\"et3\" style=\"height: 18.00pt;\" height=\"18\">Tipo de produto<\/td>\n<td class=\"et4\" style=\"width: 245.25pt;\" width=\"245\">Prato de servir, Prato fundo<\/td>\n<\/tr>\n<tr style=\"height: 17.60pt;\">\n<td class=\"et3\" style=\"height: 17.60pt;\" height=\"17\">Material<\/td>\n<td class=\"et3\">Porcelana<\/td>\n<\/tr>\n<tr style=\"height: 17.60pt;\">\n<td class=\"et5\" style=\"height: 17.60pt;\" height=\"17\">Cor<\/td>\n<td class=\"et3\">Branco\/preto<\/td>\n<\/tr>\n<tr style=\"height: 18.00pt;\">\n<td class=\"et3\" style=\"height: 18.00pt;\" height=\"18\">Dimens\u00e3o<\/td>\n<td class=\"et4\" style=\"width: 245.25pt;\" width=\"245\">25*25*4.7<\/td>\n<\/tr>\n<tr style=\"height: 17.60pt;\">\n<td class=\"et3\" style=\"height: 17.60pt;\" height=\"17\">MOQ<\/td>\n<td class=\"et3\">500 unidades<\/td>\n<\/tr>\n<tr style=\"height: 17.60pt;\">\n<td class=\"et3\" style=\"height: 17.60pt;\" height=\"17\">Personalizado<\/td>\n<td class=\"et3\">Cor\/tamanho\/log\u00f3tipo\/embalagem<\/td>\n<\/tr>\n<\/tbody>\n<\/table>","protected":false},"featured_media":3873,"comment_status":"closed","ping_status":"closed","template":"","meta":{"_acf_changed":false},"product_brand":[],"product_cat":[77,62,76],"product_tag":[96],"class_list":{"0":"post-3872","1":"product","2":"type-product","3":"status-publish","4":"has-post-thumbnail","6":"product_cat-deep-plates-wholesale","7":"product_cat-ceramic-plates-wholesale","8":"product_cat-wholesale-serving-platters","9":"product_tag-black-white-dinnerware-wholesale","11":"first","12":"instock","13":"shipping-taxable","14":"product-type-simple"},"acf":[],"_links":{"self":[{"href":"https:\/\/www.yongjianceramic.com\/pt\/wp-json\/wp\/v2\/product\/3872","targetHints":{"allow":["GET"]}}],"collection":[{"href":"https:\/\/www.yongjianceramic.com\/pt\/wp-json\/wp\/v2\/product"}],"about":[{"href":"https:\/\/www.yongjianceramic.com\/pt\/wp-json\/wp\/v2\/types\/product"}],"replies":[{"embeddable":true,"href":"https:\/\/www.yongjianceramic.com\/pt\/wp-json\/wp\/v2\/comments?post=3872"}],"wp:featuredmedia":[{"embeddable":true,"href":"https:\/\/www.yongjianceramic.com\/pt\/wp-json\/wp\/v2\/media\/3873"}],"wp:attachment":[{"href":"https:\/\/www.yongjianceramic.com\/pt\/wp-json\/wp\/v2\/media?parent=3872"}],"wp:term":[{"taxonomy":"product_brand","embeddable":true,"href":"https:\/\/www.yongjianceramic.com\/pt\/wp-json\/wp\/v2\/product_brand?post=3872"},{"taxonomy":"product_cat","embeddable":true,"href":"https:\/\/www.yongjianceramic.com\/pt\/wp-json\/wp\/v2\/product_cat?post=3872"},{"taxonomy":"product_tag","embeddable":true,"href":"https:\/\/www.yongjianceramic.com\/pt\/wp-json\/wp\/v2\/product_tag?post=3872"}],"curies":[{"name":"wp","href":"https:\/\/api.w.org\/{rel}","templated":true}]}}