{"id":3879,"date":"2024-12-04T11:59:30","date_gmt":"2024-12-04T03:59:30","guid":{"rendered":"https:\/\/www.yongjianceramic.com\/?post_type=product&#038;p=3879"},"modified":"2024-12-04T12:09:23","modified_gmt":"2024-12-04T04:09:23","slug":"bulk-porcelain-plates","status":"publish","type":"product","link":"https:\/\/www.yongjianceramic.com\/pt\/produto\/bulk-porcelain-plates\/","title":{"rendered":"Pratos de porcelana de 10 polegadas a granel, pratos de jantar de catering em forma de flor por atacado"},"content":{"rendered":"<div class=\"wp-block-columns is-layout-flex wp-container-core-columns-is-layout-9d6595d7 wp-block-columns-is-layout-flex\">\n<div class=\"wp-block-column is-layout-flow wp-block-column-is-layout-flow\">\n<h2 class=\"wp-block-heading\">Pratos de porcelana Premium a granel Carater\u00edsticas:<\/h2>\n\n\n\n<ul class=\"wp-block-list\">\n<li><strong>Design \u00fanico em forma de flor: <\/strong>Estes pratos de porcelana de 10 polegadas adoptam uma forma elegante de flor, que n\u00e3o s\u00f3 \u00e9 pr\u00e1tica, como tamb\u00e9m confere um efeito decorativo chique \u00e0 mesa. \u00c9 a escolha ideal para banquetes e ocasi\u00f5es gastron\u00f3micas de alto n\u00edvel.<\/li>\n\n\n\n<li><strong>Material de porcelana de alta qualidade: <\/strong>Estes pratos de catering t\u00eam uma excelente durabilidade e resist\u00eancia aos riscos. Podem ser utilizados na vida quotidiana ou em locais comerciais. Podem ser utilizados no micro-ondas e na m\u00e1quina de lavar loi\u00e7a.<\/li>\n\n\n\n<li><strong>Vasta gama de tamanhos: <\/strong>Estes pratos de porcelana a granel s\u00e3o perfeitos para serem utilizados como pratos de entrada ou de partilha, servindo saladas, massas, sobremesas e outras iguarias que tornam a mesa mais abundante.<\/li>\n\n\n\n<li><strong>Fornecimento a granel e servi\u00e7o personalizado: <\/strong>Os nossos pratos de catering a granel s\u00e3o concebidos para a ind\u00fastria de catering e planeamento de eventos, apoiam compras em grande escala e podem fornecer servi\u00e7os personalizados, incluindo log\u00f3tipos de marcas ou designs especiais, para satisfazer as necessidades de diferentes clientes.<\/li>\n<\/ul>\n<\/div>\n\n\n\n<div class=\"wp-block-column is-vertically-aligned-center is-layout-flow wp-block-column-is-layout-flow\"><div class=\"wp-block-image\">\n<figure class=\"aligncenter size-full\"><img fetchpriority=\"high\" decoding=\"async\" width=\"800\" height=\"800\" src=\"https:\/\/www.yongjianceramic.com\/wp-content\/uploads\/2024\/12\/10-Inch-Bulk-Porcelain-Plates-Flower-Shaped-Catering-Dinner-Plates-Bulk-2.webp\" alt=\"Pratos de porcelana de 10 polegadas a granel, pratos de jantar de catering em forma de flor a granel-2\" class=\"wp-image-3881\" srcset=\"https:\/\/www.yongjianceramic.com\/wp-content\/uploads\/2024\/12\/10-Inch-Bulk-Porcelain-Plates-Flower-Shaped-Catering-Dinner-Plates-Bulk-2.webp 800w, https:\/\/www.yongjianceramic.com\/wp-content\/uploads\/2024\/12\/10-Inch-Bulk-Porcelain-Plates-Flower-Shaped-Catering-Dinner-Plates-Bulk-2-300x300.webp 300w, https:\/\/www.yongjianceramic.com\/wp-content\/uploads\/2024\/12\/10-Inch-Bulk-Porcelain-Plates-Flower-Shaped-Catering-Dinner-Plates-Bulk-2-150x150.webp 150w, https:\/\/www.yongjianceramic.com\/wp-content\/uploads\/2024\/12\/10-Inch-Bulk-Porcelain-Plates-Flower-Shaped-Catering-Dinner-Plates-Bulk-2-768x768.webp 768w, https:\/\/www.yongjianceramic.com\/wp-content\/uploads\/2024\/12\/10-Inch-Bulk-Porcelain-Plates-Flower-Shaped-Catering-Dinner-Plates-Bulk-2-12x12.webp 12w, https:\/\/www.yongjianceramic.com\/wp-content\/uploads\/2024\/12\/10-Inch-Bulk-Porcelain-Plates-Flower-Shaped-Catering-Dinner-Plates-Bulk-2-285x285.webp 285w, https:\/\/www.yongjianceramic.com\/wp-content\/uploads\/2024\/12\/10-Inch-Bulk-Porcelain-Plates-Flower-Shaped-Catering-Dinner-Plates-Bulk-2-270x270.webp 270w, https:\/\/www.yongjianceramic.com\/wp-content\/uploads\/2024\/12\/10-Inch-Bulk-Porcelain-Plates-Flower-Shaped-Catering-Dinner-Plates-Bulk-2-540x540.webp 540w, https:\/\/www.yongjianceramic.com\/wp-content\/uploads\/2024\/12\/10-Inch-Bulk-Porcelain-Plates-Flower-Shaped-Catering-Dinner-Plates-Bulk-2-660x660.webp 660w\" sizes=\"(max-width: 800px) 100vw, 800px\" \/><\/figure>\n<\/div><\/div>\n<\/div>","protected":false},"excerpt":{"rendered":"<p>Bem-vindo \u00e0 compra de pratos de jantar para catering a granel. Este prato de porcelana de 10 polegadas, em forma de flor, \u00e9 pr\u00e1tico e decorativo, adequado para saladas, sobremesas e outras iguarias. Os materiais de alta qualidade e os servi\u00e7os de personaliza\u00e7\u00e3o a granel tornam-no a melhor escolha para banquetes e catering.<\/p>\n<table style=\"border-collapse: collapse; width: 365.02pt;\" border=\"0\" width=\"365\" cellspacing=\"0\" cellpadding=\"0\">\n<tbody>\n<tr style=\"height: 17.60pt;\">\n<td class=\"et3\" style=\"height: 17.60pt; width: 120.25pt;\" width=\"120\" height=\"17\">Fabricante<\/td>\n<td class=\"et3\" style=\"width: 245.25pt;\" width=\"245\">Yongjian<\/td>\n<\/tr>\n<tr style=\"height: 18.00pt;\">\n<td class=\"et3\" style=\"height: 18.00pt;\" height=\"18\">Modelo n.<\/td>\n<td class=\"et4\" style=\"width: 245.25pt;\" width=\"245\">YJ-010<\/td>\n<\/tr>\n<tr style=\"height: 18.00pt;\">\n<td class=\"et3\" style=\"height: 18.00pt;\" height=\"18\">Tipo de produto<\/td>\n<td class=\"et4\" style=\"width: 245.25pt;\" width=\"245\">Pratos de jantar, travessas de servir<\/td>\n<\/tr>\n<tr style=\"height: 17.60pt;\">\n<td class=\"et3\" style=\"height: 17.60pt;\" height=\"17\">Material<\/td>\n<td class=\"et3\">Porcelana<\/td>\n<\/tr>\n<tr style=\"height: 17.60pt;\">\n<td class=\"et5\" style=\"height: 17.60pt;\" height=\"17\">Cor<\/td>\n<td class=\"et3\">Branco\/preto<\/td>\n<\/tr>\n<tr style=\"height: 18.00pt;\">\n<td class=\"et3\" style=\"height: 18.00pt;\" height=\"18\">Dimens\u00e3o<\/td>\n<td class=\"et4\" style=\"width: 245.25pt;\" width=\"245\">25.2*25.2*2.5<\/td>\n<\/tr>\n<tr style=\"height: 17.60pt;\">\n<td class=\"et3\" style=\"height: 17.60pt;\" height=\"17\">MOQ<\/td>\n<td class=\"et3\">500 unidades<\/td>\n<\/tr>\n<tr style=\"height: 17.60pt;\">\n<td class=\"et3\" style=\"height: 17.60pt;\" height=\"17\">Personalizado<\/td>\n<td class=\"et3\">Cor\/tamanho\/log\u00f3tipo\/embalagem<\/td>\n<\/tr>\n<\/tbody>\n<\/table>","protected":false},"featured_media":3880,"comment_status":"closed","ping_status":"closed","template":"","meta":{"_acf_changed":false},"product_brand":[],"product_cat":[93,62,76],"product_tag":[96],"class_list":{"0":"post-3879","1":"product","2":"type-product","3":"status-publish","4":"has-post-thumbnail","6":"product_cat-bulk-dinner-plates","7":"product_cat-ceramic-plates-wholesale","8":"product_cat-wholesale-serving-platters","9":"product_tag-black-white-dinnerware-wholesale","11":"first","12":"instock","13":"shipping-taxable","14":"product-type-simple"},"acf":[],"_links":{"self":[{"href":"https:\/\/www.yongjianceramic.com\/pt\/wp-json\/wp\/v2\/product\/3879","targetHints":{"allow":["GET"]}}],"collection":[{"href":"https:\/\/www.yongjianceramic.com\/pt\/wp-json\/wp\/v2\/product"}],"about":[{"href":"https:\/\/www.yongjianceramic.com\/pt\/wp-json\/wp\/v2\/types\/product"}],"replies":[{"embeddable":true,"href":"https:\/\/www.yongjianceramic.com\/pt\/wp-json\/wp\/v2\/comments?post=3879"}],"wp:featuredmedia":[{"embeddable":true,"href":"https:\/\/www.yongjianceramic.com\/pt\/wp-json\/wp\/v2\/media\/3880"}],"wp:attachment":[{"href":"https:\/\/www.yongjianceramic.com\/pt\/wp-json\/wp\/v2\/media?parent=3879"}],"wp:term":[{"taxonomy":"product_brand","embeddable":true,"href":"https:\/\/www.yongjianceramic.com\/pt\/wp-json\/wp\/v2\/product_brand?post=3879"},{"taxonomy":"product_cat","embeddable":true,"href":"https:\/\/www.yongjianceramic.com\/pt\/wp-json\/wp\/v2\/product_cat?post=3879"},{"taxonomy":"product_tag","embeddable":true,"href":"https:\/\/www.yongjianceramic.com\/pt\/wp-json\/wp\/v2\/product_tag?post=3879"}],"curies":[{"name":"wp","href":"https:\/\/api.w.org\/{rel}","templated":true}]}}