{"id":3886,"date":"2024-12-04T14:17:18","date_gmt":"2024-12-04T06:17:18","guid":{"rendered":"https:\/\/www.yongjianceramic.com\/?post_type=product&#038;p=3886"},"modified":"2024-12-04T14:31:39","modified_gmt":"2024-12-04T06:31:39","slug":"catering-dinner-plates-bulk","status":"publish","type":"product","link":"https:\/\/www.yongjianceramic.com\/pt\/produto\/catering-dinner-plates-bulk\/","title":{"rendered":"Pratos de jantar para restaura\u00e7\u00e3o mate de 10 polegadas a granel, pratos de porcelana por atacado"},"content":{"rendered":"<div class=\"wp-block-columns is-layout-flex wp-container-core-columns-is-layout-9d6595d7 wp-block-columns-is-layout-flex\">\n<div class=\"wp-block-column is-layout-flow wp-block-column-is-layout-flow\">\n<h2 class=\"wp-block-heading\">Pratos de jantar para catering Premium Carater\u00edsticas a granel:<\/h2>\n\n\n\n<ul class=\"wp-block-list\">\n<li><strong>Design vers\u00e1til de tamanho grande: <\/strong>Os pratos de porcelana de 10 polegadas para venda por grosso s\u00e3o espa\u00e7osos. O design do rebordo ligeiramente curvo \u00e9 mais adequado para colocar v\u00e1rios pratos principais, travessas e especialidades, satisfazendo plenamente as necessidades das refei\u00e7\u00f5es di\u00e1rias, banquetes e servi\u00e7os de catering.<\/li>\n\n\n\n<li><strong>Textura de superf\u00edcie mate \u00fanica: <\/strong>Os nossos pratos de catering a granel adoptam um tratamento mate fosco, e a superf\u00edcie discreta, mas de alta qualidade, apresenta uma simplicidade moderna. N\u00e3o \u00e9 f\u00e1cil deixar impress\u00f5es digitais ou arranh\u00f5es, o que real\u00e7a a beleza do ambiente de jantar.<\/li>\n\n\n\n<li><strong>Estrutura de porcelana fi\u00e1vel e duradoura: <\/strong>Fabricados em cer\u00e2mica selecionada de alta qualidade, os nossos pratos de porcelana para venda por grosso s\u00e3o simultaneamente leves e fortes, com resist\u00eancia a altas temperaturas e f\u00e1ceis de limpar. Podem ser utilizados com seguran\u00e7a em fornos de micro-ondas e m\u00e1quinas de lavar lou\u00e7a, proporcionando aos utilizadores uma experi\u00eancia de utiliza\u00e7\u00e3o duradoura.<\/li>\n\n\n\n<li><strong>Op\u00e7\u00f5es flex\u00edveis de venda por grosso e personalizadas:<\/strong> Estes pratos de catering a granel s\u00e3o adequados para compras em grande escala e permitem o ajuste da cor, textura ou log\u00f3tipo da marca de acordo com as necessidades, o que permitir\u00e1 facilmente aos clientes criar as suas linhas de produtos exclusivas e satisfazer as necessidades de diferentes mercados e actividades.<\/li>\n<\/ul>\n<\/div>\n\n\n\n<div class=\"wp-block-column is-vertically-aligned-center is-layout-flow wp-block-column-is-layout-flow\"><div class=\"wp-block-image\">\n<figure class=\"aligncenter size-full\"><img fetchpriority=\"high\" decoding=\"async\" width=\"750\" height=\"750\" src=\"https:\/\/www.yongjianceramic.com\/wp-content\/uploads\/2024\/12\/Wholesale-Porcelain-Plates-10-Inch-Matte-Catering-Dinner-Plates-Bulk-1.webp\" alt=\"Pratos de porcelana por atacado, pratos de jantar foscos de 10 polegadas para catering a granel-1\" class=\"wp-image-3887\" srcset=\"https:\/\/www.yongjianceramic.com\/wp-content\/uploads\/2024\/12\/Wholesale-Porcelain-Plates-10-Inch-Matte-Catering-Dinner-Plates-Bulk-1.webp 750w, https:\/\/www.yongjianceramic.com\/wp-content\/uploads\/2024\/12\/Wholesale-Porcelain-Plates-10-Inch-Matte-Catering-Dinner-Plates-Bulk-1-300x300.webp 300w, https:\/\/www.yongjianceramic.com\/wp-content\/uploads\/2024\/12\/Wholesale-Porcelain-Plates-10-Inch-Matte-Catering-Dinner-Plates-Bulk-1-150x150.webp 150w, https:\/\/www.yongjianceramic.com\/wp-content\/uploads\/2024\/12\/Wholesale-Porcelain-Plates-10-Inch-Matte-Catering-Dinner-Plates-Bulk-1-12x12.webp 12w, https:\/\/www.yongjianceramic.com\/wp-content\/uploads\/2024\/12\/Wholesale-Porcelain-Plates-10-Inch-Matte-Catering-Dinner-Plates-Bulk-1-285x285.webp 285w, https:\/\/www.yongjianceramic.com\/wp-content\/uploads\/2024\/12\/Wholesale-Porcelain-Plates-10-Inch-Matte-Catering-Dinner-Plates-Bulk-1-270x270.webp 270w, https:\/\/www.yongjianceramic.com\/wp-content\/uploads\/2024\/12\/Wholesale-Porcelain-Plates-10-Inch-Matte-Catering-Dinner-Plates-Bulk-1-540x540.webp 540w, https:\/\/www.yongjianceramic.com\/wp-content\/uploads\/2024\/12\/Wholesale-Porcelain-Plates-10-Inch-Matte-Catering-Dinner-Plates-Bulk-1-660x660.webp 660w\" sizes=\"(max-width: 750px) 100vw, 750px\" \/><\/figure>\n<\/div><\/div>\n<\/div>","protected":false},"excerpt":{"rendered":"<p>Bem-vindo \u00e0 compra de pratos de porcelana por atacado. Nossos pratos de jantar de cer\u00e2mica de 10 polegadas para catering a granel s\u00e3o adequados para uma variedade de cen\u00e1rios com seu design cl\u00e1ssico e textura de alta qualidade. Materiais de alta qualidade e servi\u00e7os de personaliza\u00e7\u00e3o em massa tornam-no a melhor escolha para catering e banquetes.<\/p>\n<table style=\"border-collapse: collapse; width: 365.02pt;\" border=\"0\" width=\"365\" cellspacing=\"0\" cellpadding=\"0\">\n<tbody>\n<tr style=\"height: 17.60pt;\">\n<td class=\"et3\" style=\"height: 17.60pt; width: 120.25pt;\" width=\"120\" height=\"17\">Fabricante<\/td>\n<td class=\"et3\" style=\"width: 245.25pt;\" width=\"245\">Yongjian<\/td>\n<\/tr>\n<tr style=\"height: 18.00pt;\">\n<td class=\"et3\" style=\"height: 18.00pt;\" height=\"18\">Modelo n.<\/td>\n<td class=\"et4\" style=\"width: 245.25pt;\" width=\"245\">YJ-019<\/td>\n<\/tr>\n<tr style=\"height: 18.00pt;\">\n<td class=\"et3\" style=\"height: 18.00pt;\" height=\"18\">Tipo de produto<\/td>\n<td class=\"et4\" style=\"width: 245.25pt;\" width=\"245\">Pratos de jantar<\/td>\n<\/tr>\n<tr style=\"height: 17.60pt;\">\n<td class=\"et3\" style=\"height: 17.60pt;\" height=\"17\">Material<\/td>\n<td class=\"et3\">Porcelana<\/td>\n<\/tr>\n<tr style=\"height: 17.60pt;\">\n<td class=\"et5\" style=\"height: 17.60pt;\" height=\"17\">Cor<\/td>\n<td class=\"et3\">Branco\/preto<\/td>\n<\/tr>\n<tr style=\"height: 18.00pt;\">\n<td class=\"et3\" style=\"height: 18.00pt;\" height=\"18\">Dimens\u00e3o<\/td>\n<td class=\"et4\" style=\"width: 245.25pt;\" width=\"245\">26*26*3<\/td>\n<\/tr>\n<tr style=\"height: 17.60pt;\">\n<td class=\"et3\" style=\"height: 17.60pt;\" height=\"17\">MOQ<\/td>\n<td class=\"et3\">500 unidades<\/td>\n<\/tr>\n<tr style=\"height: 17.60pt;\">\n<td class=\"et3\" style=\"height: 17.60pt;\" height=\"17\">Personalizado<\/td>\n<td class=\"et3\">Cor\/tamanho\/log\u00f3tipo\/embalagem<\/td>\n<\/tr>\n<\/tbody>\n<\/table>","protected":false},"featured_media":3888,"comment_status":"closed","ping_status":"closed","template":"","meta":{"_acf_changed":false},"product_brand":[],"product_cat":[93,62],"product_tag":[96],"class_list":{"0":"post-3886","1":"product","2":"type-product","3":"status-publish","4":"has-post-thumbnail","6":"product_cat-bulk-dinner-plates","7":"product_cat-ceramic-plates-wholesale","8":"product_tag-black-white-dinnerware-wholesale","10":"first","11":"instock","12":"shipping-taxable","13":"product-type-simple"},"acf":[],"_links":{"self":[{"href":"https:\/\/www.yongjianceramic.com\/pt\/wp-json\/wp\/v2\/product\/3886","targetHints":{"allow":["GET"]}}],"collection":[{"href":"https:\/\/www.yongjianceramic.com\/pt\/wp-json\/wp\/v2\/product"}],"about":[{"href":"https:\/\/www.yongjianceramic.com\/pt\/wp-json\/wp\/v2\/types\/product"}],"replies":[{"embeddable":true,"href":"https:\/\/www.yongjianceramic.com\/pt\/wp-json\/wp\/v2\/comments?post=3886"}],"wp:featuredmedia":[{"embeddable":true,"href":"https:\/\/www.yongjianceramic.com\/pt\/wp-json\/wp\/v2\/media\/3888"}],"wp:attachment":[{"href":"https:\/\/www.yongjianceramic.com\/pt\/wp-json\/wp\/v2\/media?parent=3886"}],"wp:term":[{"taxonomy":"product_brand","embeddable":true,"href":"https:\/\/www.yongjianceramic.com\/pt\/wp-json\/wp\/v2\/product_brand?post=3886"},{"taxonomy":"product_cat","embeddable":true,"href":"https:\/\/www.yongjianceramic.com\/pt\/wp-json\/wp\/v2\/product_cat?post=3886"},{"taxonomy":"product_tag","embeddable":true,"href":"https:\/\/www.yongjianceramic.com\/pt\/wp-json\/wp\/v2\/product_tag?post=3886"}],"curies":[{"name":"wp","href":"https:\/\/api.w.org\/{rel}","templated":true}]}}