{"id":3893,"date":"2024-12-04T14:50:38","date_gmt":"2024-12-04T06:50:38","guid":{"rendered":"https:\/\/www.yongjianceramic.com\/?post_type=product&#038;p=3893"},"modified":"2024-12-04T18:02:01","modified_gmt":"2024-12-04T10:02:01","slug":"wholesale-ramen-bowls","status":"publish","type":"product","link":"https:\/\/www.yongjianceramic.com\/pt\/produto\/wholesale-ramen-bowls\/","title":{"rendered":"Tigelas de Ramen de 9 polegadas por atacado, tigelas de sopa para restaurantes a granel"},"content":{"rendered":"<div class=\"wp-block-columns is-layout-flex wp-container-core-columns-is-layout-9d6595d7 wp-block-columns-is-layout-flex\">\n<div class=\"wp-block-column is-layout-flow wp-block-column-is-layout-flow\">\n<h2 class=\"wp-block-heading\">Tigelas de Ramen Premium por atacado Carater\u00edsticas:<\/h2>\n\n\n\n<ul class=\"wp-block-list\">\n<li><strong>Design pr\u00e1tico com capacidade de 9 polegadas:<\/strong> As nossas tigelas de ramen por atacado t\u00eam um design de tigela profunda e um tamanho espa\u00e7oso de 8 polegadas, que pode facilmente conter ramen, sopas, udon e outras iguarias. Adequado para restaurantes, banquetes de alta qualidade ou refei\u00e7\u00f5es em casa.<\/li>\n\n\n\n<li><strong>Concebido para o sector da restaura\u00e7\u00e3o:<\/strong> Estas tigelas de sopa para restaurantes t\u00eam uma curvatura precisa para facilitar a agita\u00e7\u00e3o e o consumo, garantindo simultaneamente beleza e praticidade, o que as torna a escolha perfeita para todos os tipos de locais de refei\u00e7\u00f5es asi\u00e1ticos.<\/li>\n\n\n\n<li><strong>Material cer\u00e2mico de alta qualidade: <\/strong>As nossas tigelas de ramen por atacado s\u00e3o feitas de cer\u00e2mica dur\u00e1vel com excelente resist\u00eancia a riscos e calor. S\u00e3o adequadas para micro-ondas e m\u00e1quina de lavar lou\u00e7a, o que \u00e9 conveniente e fi\u00e1vel.<\/li>\n\n\n\n<li><strong>Apoio ao com\u00e9rcio grossista e ao servi\u00e7o personalizado: <\/strong>Estas tigelas de sopa para restaurantes s\u00e3o concebidas para a cadeia de fornecimento de catering e podem fornecer compras em grande escala. Ao mesmo tempo, suportam padr\u00f5es personalizados espec\u00edficos de restaurantes ou log\u00f3tipos de marcas para ajudar os comerciantes a melhorar a sua imagem profissional.<\/li>\n<\/ul>\n<\/div>\n\n\n\n<div class=\"wp-block-column is-vertically-aligned-center is-layout-flow wp-block-column-is-layout-flow\"><div class=\"wp-block-image\">\n<figure class=\"aligncenter size-full\"><img fetchpriority=\"high\" decoding=\"async\" width=\"750\" height=\"750\" src=\"https:\/\/www.yongjianceramic.com\/wp-content\/uploads\/2024\/12\/9-Inch-Wholesale-Ramen-Bowls-Restaurant-Supply-Soup-Bowls-Bulk-2.webp\" alt=\"Tigelas de Ramen por atacado de 9 polegadas, tigelas de sopa para restaurantes a granel-2\" class=\"wp-image-3894\" srcset=\"https:\/\/www.yongjianceramic.com\/wp-content\/uploads\/2024\/12\/9-Inch-Wholesale-Ramen-Bowls-Restaurant-Supply-Soup-Bowls-Bulk-2.webp 750w, https:\/\/www.yongjianceramic.com\/wp-content\/uploads\/2024\/12\/9-Inch-Wholesale-Ramen-Bowls-Restaurant-Supply-Soup-Bowls-Bulk-2-300x300.webp 300w, https:\/\/www.yongjianceramic.com\/wp-content\/uploads\/2024\/12\/9-Inch-Wholesale-Ramen-Bowls-Restaurant-Supply-Soup-Bowls-Bulk-2-150x150.webp 150w, https:\/\/www.yongjianceramic.com\/wp-content\/uploads\/2024\/12\/9-Inch-Wholesale-Ramen-Bowls-Restaurant-Supply-Soup-Bowls-Bulk-2-12x12.webp 12w, https:\/\/www.yongjianceramic.com\/wp-content\/uploads\/2024\/12\/9-Inch-Wholesale-Ramen-Bowls-Restaurant-Supply-Soup-Bowls-Bulk-2-285x285.webp 285w, https:\/\/www.yongjianceramic.com\/wp-content\/uploads\/2024\/12\/9-Inch-Wholesale-Ramen-Bowls-Restaurant-Supply-Soup-Bowls-Bulk-2-270x270.webp 270w, https:\/\/www.yongjianceramic.com\/wp-content\/uploads\/2024\/12\/9-Inch-Wholesale-Ramen-Bowls-Restaurant-Supply-Soup-Bowls-Bulk-2-540x540.webp 540w, https:\/\/www.yongjianceramic.com\/wp-content\/uploads\/2024\/12\/9-Inch-Wholesale-Ramen-Bowls-Restaurant-Supply-Soup-Bowls-Bulk-2-660x660.webp 660w\" sizes=\"(max-width: 750px) 100vw, 750px\" \/><\/figure>\n<\/div><\/div>\n<\/div>","protected":false},"excerpt":{"rendered":"<p>Bem-vindo \u00e0 compra de tigelas de sopa para restaurantes a granel. Nossas tigelas de ramen de 9 polegadas no atacado combinam design de tigela profunda e materiais de alta qualidade, adequados para segurar v\u00e1rios tipos de macarr\u00e3o para sopa e s\u00e3o ideais para restaurantes e atacadistas. Personaliza\u00e7\u00e3o de suporte para atender a diversas necessidades.<\/p>\n<table style=\"border-collapse: collapse; width: 365.02pt;\" border=\"0\" width=\"365\" cellspacing=\"0\" cellpadding=\"0\">\n<tbody>\n<tr style=\"height: 17.60pt;\">\n<td class=\"et3\" style=\"height: 17.60pt; width: 120.25pt;\" width=\"120\" height=\"17\">Fabricante<\/td>\n<td class=\"et3\" style=\"width: 245.25pt;\" width=\"245\">Yongjian<\/td>\n<\/tr>\n<tr style=\"height: 18.00pt;\">\n<td class=\"et3\" style=\"height: 18.00pt;\" height=\"18\">Modelo n.<\/td>\n<td class=\"et4\" style=\"width: 245.25pt;\" width=\"245\">YJ-022<\/td>\n<\/tr>\n<tr style=\"height: 18.00pt;\">\n<td class=\"et3\" style=\"height: 18.00pt;\" height=\"18\">Tipo de produto<\/td>\n<td class=\"et4\" style=\"width: 245.25pt;\" width=\"245\">Tigelas para sopa e ramen<\/td>\n<\/tr>\n<tr style=\"height: 17.60pt;\">\n<td class=\"et3\" style=\"height: 17.60pt;\" height=\"17\">Material<\/td>\n<td class=\"et3\">Porcelana<\/td>\n<\/tr>\n<tr style=\"height: 17.60pt;\">\n<td class=\"et5\" style=\"height: 17.60pt;\" height=\"17\">Cor<\/td>\n<td class=\"et3\">Branco\/preto<\/td>\n<\/tr>\n<tr style=\"height: 18.00pt;\">\n<td class=\"et3\" style=\"height: 18.00pt;\" height=\"18\">Dimens\u00e3o<\/td>\n<td class=\"et4\" style=\"width: 245.25pt;\" width=\"245\">23*23*6.5<\/td>\n<\/tr>\n<tr style=\"height: 17.60pt;\">\n<td class=\"et3\" style=\"height: 17.60pt;\" height=\"17\">MOQ<\/td>\n<td class=\"et3\">500 unidades<\/td>\n<\/tr>\n<tr style=\"height: 17.60pt;\">\n<td class=\"et3\" style=\"height: 17.60pt;\" height=\"17\">Personalizado<\/td>\n<td class=\"et3\">Cor\/tamanho\/log\u00f3tipo\/embalagem<\/td>\n<\/tr>\n<\/tbody>\n<\/table>","protected":false},"featured_media":3895,"comment_status":"closed","ping_status":"closed","template":"","meta":{"_acf_changed":false},"product_brand":[],"product_cat":[73,63],"product_tag":[96],"class_list":{"0":"post-3893","1":"product","2":"type-product","3":"status-publish","4":"has-post-thumbnail","6":"product_cat-bulk-soup-bowls","7":"product_cat-wholesale-bowls","8":"product_tag-black-white-dinnerware-wholesale","10":"first","11":"instock","12":"shipping-taxable","13":"product-type-simple"},"acf":[],"_links":{"self":[{"href":"https:\/\/www.yongjianceramic.com\/pt\/wp-json\/wp\/v2\/product\/3893","targetHints":{"allow":["GET"]}}],"collection":[{"href":"https:\/\/www.yongjianceramic.com\/pt\/wp-json\/wp\/v2\/product"}],"about":[{"href":"https:\/\/www.yongjianceramic.com\/pt\/wp-json\/wp\/v2\/types\/product"}],"replies":[{"embeddable":true,"href":"https:\/\/www.yongjianceramic.com\/pt\/wp-json\/wp\/v2\/comments?post=3893"}],"wp:featuredmedia":[{"embeddable":true,"href":"https:\/\/www.yongjianceramic.com\/pt\/wp-json\/wp\/v2\/media\/3895"}],"wp:attachment":[{"href":"https:\/\/www.yongjianceramic.com\/pt\/wp-json\/wp\/v2\/media?parent=3893"}],"wp:term":[{"taxonomy":"product_brand","embeddable":true,"href":"https:\/\/www.yongjianceramic.com\/pt\/wp-json\/wp\/v2\/product_brand?post=3893"},{"taxonomy":"product_cat","embeddable":true,"href":"https:\/\/www.yongjianceramic.com\/pt\/wp-json\/wp\/v2\/product_cat?post=3893"},{"taxonomy":"product_tag","embeddable":true,"href":"https:\/\/www.yongjianceramic.com\/pt\/wp-json\/wp\/v2\/product_tag?post=3893"}],"curies":[{"name":"wp","href":"https:\/\/api.w.org\/{rel}","templated":true}]}}