{"id":3897,"date":"2024-12-05T11:10:59","date_gmt":"2024-12-05T03:10:59","guid":{"rendered":"https:\/\/www.yongjianceramic.com\/?post_type=product&#038;p=3897"},"modified":"2024-12-05T11:21:53","modified_gmt":"2024-12-05T03:21:53","slug":"plates-for-catering-wholesale","status":"publish","type":"product","link":"https:\/\/www.yongjianceramic.com\/pt\/produto\/plates-for-catering-wholesale\/","title":{"rendered":"Pratos ovais de 8,5 polegadas para catering por atacado, pratos de cer\u00e2mica branca a granel"},"content":{"rendered":"<div class=\"wp-block-columns is-layout-flex wp-container-core-columns-is-layout-9d6595d7 wp-block-columns-is-layout-flex\">\n<div class=\"wp-block-column is-layout-flow wp-block-column-is-layout-flow\">\n<h2 class=\"wp-block-heading\">Pratos Premium para catering por atacado Carater\u00edsticas:<\/h2>\n\n\n\n<ul class=\"wp-block-list\">\n<li><strong>Textura ondulada elegante: <\/strong>O design da textura ondulada \u00e9 peculiar na superf\u00edcie destes pratos para catering por grosso, fazendo com que o prato pare\u00e7a fluido e estereosc\u00f3pico, o que acrescenta eleg\u00e2ncia. Apresenta na perfei\u00e7\u00e3o a beleza da mesa e torna os pratos mais requintados, tanto em jantares di\u00e1rios como em banquetes de luxo.<\/li>\n\n\n\n<li><strong>Dur\u00e1vel e f\u00e1cil de limpar: <\/strong>Estas placas de cer\u00e2mica a granel s\u00e3o fabricadas a partir de cer\u00e2mica selecionada de alta qualidade, com boa resist\u00eancia ao calor e aos riscos. A superf\u00edcie \u00e9 lisa e fina, pelo que \u00e9 f\u00e1cil de limpar e n\u00e3o fica facilmente marcada. Mesmo depois de muito tempo de utiliza\u00e7\u00e3o, mant\u00e9m a sua nova textura. \u00c9 duradoura e, por isso, preferida por muitos clientes.<\/li>\n\n\n\n<li><strong>Design de tamanho razo\u00e1vel: <\/strong>Os pratos de 8,5 polegadas para catering de tamanho grossista foram cuidadosamente concebidos para acomodar uma variedade de pratos, desde saladas a sobremesas e pratos principais. O seu design simples e pr\u00e1tico \u00e9 adequado para refei\u00e7\u00f5es em fam\u00edlia, banquetes de hotel, pratos de restaurante e v\u00e1rios eventos.<\/li>\n\n\n\n<li><strong>Satisfazer as necessidades da empresa: <\/strong>As nossas placas de cer\u00e2mica suportam a compra a granel, o que pode satisfazer as necessidades da ind\u00fastria da restaura\u00e7\u00e3o para utiliza\u00e7\u00e3o em grande escala a pre\u00e7os preferenciais. Entretanto, fornece servi\u00e7os personalizados com log\u00f3tipos de marca personalizados ou padr\u00f5es especiais para melhorar a imagem da marca e \u00e9 especialmente adequado para hot\u00e9is e empresas de catering.<\/li>\n<\/ul>\n<\/div>\n\n\n\n<div class=\"wp-block-column is-vertically-aligned-center is-layout-flow wp-block-column-is-layout-flow\"><div class=\"wp-block-image\">\n<figure class=\"aligncenter size-full is-resized\"><img fetchpriority=\"high\" decoding=\"async\" width=\"750\" height=\"750\" src=\"https:\/\/www.yongjianceramic.com\/wp-content\/uploads\/2024\/12\/8.5-Inch-Oval-Plates-For-Catering-Wholesale-White-Ceramic-Plates-Bulk.webp\" alt=\"Pratos ovais de 8,5 polegadas para catering por atacado, pratos de cer\u00e2mica branca a granel\" class=\"wp-image-3901\" style=\"width:404px;height:auto\" srcset=\"https:\/\/www.yongjianceramic.com\/wp-content\/uploads\/2024\/12\/8.5-Inch-Oval-Plates-For-Catering-Wholesale-White-Ceramic-Plates-Bulk.webp 750w, https:\/\/www.yongjianceramic.com\/wp-content\/uploads\/2024\/12\/8.5-Inch-Oval-Plates-For-Catering-Wholesale-White-Ceramic-Plates-Bulk-300x300.webp 300w, https:\/\/www.yongjianceramic.com\/wp-content\/uploads\/2024\/12\/8.5-Inch-Oval-Plates-For-Catering-Wholesale-White-Ceramic-Plates-Bulk-150x150.webp 150w, https:\/\/www.yongjianceramic.com\/wp-content\/uploads\/2024\/12\/8.5-Inch-Oval-Plates-For-Catering-Wholesale-White-Ceramic-Plates-Bulk-12x12.webp 12w, https:\/\/www.yongjianceramic.com\/wp-content\/uploads\/2024\/12\/8.5-Inch-Oval-Plates-For-Catering-Wholesale-White-Ceramic-Plates-Bulk-285x285.webp 285w, https:\/\/www.yongjianceramic.com\/wp-content\/uploads\/2024\/12\/8.5-Inch-Oval-Plates-For-Catering-Wholesale-White-Ceramic-Plates-Bulk-270x270.webp 270w, https:\/\/www.yongjianceramic.com\/wp-content\/uploads\/2024\/12\/8.5-Inch-Oval-Plates-For-Catering-Wholesale-White-Ceramic-Plates-Bulk-540x540.webp 540w, https:\/\/www.yongjianceramic.com\/wp-content\/uploads\/2024\/12\/8.5-Inch-Oval-Plates-For-Catering-Wholesale-White-Ceramic-Plates-Bulk-660x660.webp 660w\" sizes=\"(max-width: 750px) 100vw, 750px\" \/><\/figure>\n<\/div><\/div>\n<\/div>","protected":false},"excerpt":{"rendered":"<p>Bem-vindo \u00e0 compra de pratos para catering no atacado. Nosso volume de placas de cer\u00e2mica oval de 8.5 \u2033 apresenta um design de textura ondulada e material cer\u00e2mico de alta qualidade, combinando beleza com praticidade. Seu tamanho razo\u00e1vel e design vers\u00e1til s\u00e3o adequados para uma variedade de cen\u00e1rios, enquanto as compras a granel e os servi\u00e7os de personaliza\u00e7\u00e3o podem atender \u00e0s necessidades dos clientes comerciais, tornando-o a escolha ideal para real\u00e7ar a beleza das mesas de jantar.<\/p>\n<table style=\"border-collapse: collapse; width: 322.02pt;\" border=\"0\" width=\"322\" cellspacing=\"0\" cellpadding=\"0\">\n<tbody>\n<tr style=\"height: 17.60pt;\">\n<td class=\"et3\" style=\"height: 17.60pt; width: 120.25pt;\" width=\"120\" height=\"17\">Fabricante<\/td>\n<td class=\"et3\" style=\"width: 202.30pt;\" width=\"202\">Yongjian<\/td>\n<\/tr>\n<tr style=\"height: 18.00pt;\">\n<td class=\"et3\" style=\"height: 18.00pt;\" height=\"18\">Modelo n.<\/td>\n<td class=\"et4\" style=\"width: 202.30pt;\" width=\"202\">YJ-077<\/td>\n<\/tr>\n<tr style=\"height: 18.00pt;\">\n<td class=\"et3\" style=\"height: 18.00pt;\" height=\"18\">Tipo de produto<\/td>\n<td class=\"et4\" style=\"width: 202.30pt;\" width=\"202\">Prato de servir, Prato fundo<\/td>\n<\/tr>\n<tr style=\"height: 17.60pt;\">\n<td class=\"et3\" style=\"height: 17.60pt;\" height=\"17\">Material<\/td>\n<td class=\"et3\">Porcelana<\/td>\n<\/tr>\n<tr style=\"height: 17.60pt;\">\n<td class=\"et5\" style=\"height: 17.60pt;\" height=\"17\">Cor<\/td>\n<td class=\"et3\">Branco\/preto<\/td>\n<\/tr>\n<tr style=\"height: 18.00pt;\">\n<td class=\"et3\" style=\"height: 18.00pt;\" height=\"18\">Dimens\u00e3o<\/td>\n<td class=\"et4\" style=\"width: 202.30pt;\" width=\"202\">16*21*2.5<\/td>\n<\/tr>\n<tr style=\"height: 17.60pt;\">\n<td class=\"et3\" style=\"height: 17.60pt;\" height=\"17\">MOQ<\/td>\n<td class=\"et3\">500 unidades<\/td>\n<\/tr>\n<tr style=\"height: 17.60pt;\">\n<td class=\"et3\" style=\"height: 17.60pt;\" height=\"17\">Personalizado<\/td>\n<td class=\"et3\">Cor\/tamanho\/log\u00f3tipo\/embalagem<\/td>\n<\/tr>\n<\/tbody>\n<\/table>","protected":false},"featured_media":3899,"comment_status":"closed","ping_status":"closed","template":"","meta":{"_acf_changed":false},"product_brand":[],"product_cat":[76,77,62],"product_tag":[96],"class_list":{"0":"post-3897","1":"product","2":"type-product","3":"status-publish","4":"has-post-thumbnail","6":"product_cat-wholesale-serving-platters","7":"product_cat-deep-plates-wholesale","8":"product_cat-ceramic-plates-wholesale","9":"product_tag-black-white-dinnerware-wholesale","11":"first","12":"instock","13":"shipping-taxable","14":"product-type-simple"},"acf":[],"_links":{"self":[{"href":"https:\/\/www.yongjianceramic.com\/pt\/wp-json\/wp\/v2\/product\/3897","targetHints":{"allow":["GET"]}}],"collection":[{"href":"https:\/\/www.yongjianceramic.com\/pt\/wp-json\/wp\/v2\/product"}],"about":[{"href":"https:\/\/www.yongjianceramic.com\/pt\/wp-json\/wp\/v2\/types\/product"}],"replies":[{"embeddable":true,"href":"https:\/\/www.yongjianceramic.com\/pt\/wp-json\/wp\/v2\/comments?post=3897"}],"wp:featuredmedia":[{"embeddable":true,"href":"https:\/\/www.yongjianceramic.com\/pt\/wp-json\/wp\/v2\/media\/3899"}],"wp:attachment":[{"href":"https:\/\/www.yongjianceramic.com\/pt\/wp-json\/wp\/v2\/media?parent=3897"}],"wp:term":[{"taxonomy":"product_brand","embeddable":true,"href":"https:\/\/www.yongjianceramic.com\/pt\/wp-json\/wp\/v2\/product_brand?post=3897"},{"taxonomy":"product_cat","embeddable":true,"href":"https:\/\/www.yongjianceramic.com\/pt\/wp-json\/wp\/v2\/product_cat?post=3897"},{"taxonomy":"product_tag","embeddable":true,"href":"https:\/\/www.yongjianceramic.com\/pt\/wp-json\/wp\/v2\/product_tag?post=3897"}],"curies":[{"name":"wp","href":"https:\/\/api.w.org\/{rel}","templated":true}]}}