{"id":3903,"date":"2024-12-05T11:31:32","date_gmt":"2024-12-05T03:31:32","guid":{"rendered":"https:\/\/www.yongjianceramic.com\/?post_type=product&#038;p=3903"},"modified":"2024-12-05T11:44:01","modified_gmt":"2024-12-05T03:44:01","slug":"catering-plates-bulk","status":"publish","type":"product","link":"https:\/\/www.yongjianceramic.com\/pt\/produto\/catering-plates-bulk\/","title":{"rendered":"Pratos de catering quadrados a granel, pratos de porcelana branca por atacado"},"content":{"rendered":"<div class=\"wp-block-columns is-layout-flex wp-container-core-columns-is-layout-9d6595d7 wp-block-columns-is-layout-flex\">\n<div class=\"wp-block-column is-layout-flow wp-block-column-is-layout-flow\">\n<h2 class=\"wp-block-heading\">Pratos de catering Premium Carater\u00edsticas a granel:<\/h2>\n\n\n\n<ul class=\"wp-block-list\">\n<li><strong>Design quadrado simples:<\/strong> Os nossos pratos de catering a granel combinam o branco cl\u00e1ssico com a forma quadrada, que \u00e9 simples mas elegante, dando um toque moderno \u00e0 mesa de jantar. O design geom\u00e9trico \u00fanico, que se adapta a qualquer tipo de estilo de prato, torna a apresenta\u00e7\u00e3o dos alimentos mais requintada.<\/li>\n\n\n\n<li><strong>Material de porcelana de alta qualidade: <\/strong>Os nossos pratos de porcelana branca por atacado s\u00e3o feitos de porcelana branca de alta qualidade, que \u00e9 dura e fina, com excelente resist\u00eancia ao calor e aos riscos. A superf\u00edcie delicada e lisa oferece uma limpeza f\u00e1cil e uma utiliza\u00e7\u00e3o a longo prazo, pelo que pode ser utilizada como uma boa op\u00e7\u00e3o em locais de restaura\u00e7\u00e3o de alto n\u00edvel.<\/li>\n\n\n\n<li><strong>Adapta-se a uma grande variedade de pratos: <\/strong>Estes pratos de catering por atacado de design quadrado proporcionam um espa\u00e7o de exposi\u00e7\u00e3o espa\u00e7oso e s\u00e3o muito adequados para serem utilizados em sobremesas, saladas, pratos principais e muito mais. S\u00e3o muito pr\u00e1ticos e bonitos, podendo facilmente ser utilizados em diferentes cen\u00e1rios, como banquetes, restaurantes e hot\u00e9is.<\/li>\n\n\n\n<li><strong>Conhecer os contratos comerciais: <\/strong>Estes pratos de porcelana branca por atacado s\u00e3o para compras por atacado, com boa rela\u00e7\u00e3o custo-benef\u00edcio, adequados para necessidades em grande escala na ind\u00fastria de catering. Tamb\u00e9m suporta servi\u00e7os personalizados e pode adicionar log\u00f3tipo ou outros designs exclusivos de acordo com as necessidades do cliente, o que \u00e9 uma escolha ideal para construir uma imagem de marca.<\/li>\n<\/ul>\n<\/div>\n\n\n\n<div class=\"wp-block-column is-vertically-aligned-center is-layout-flow wp-block-column-is-layout-flow\"><div class=\"wp-block-image\">\n<figure class=\"aligncenter size-full\"><img fetchpriority=\"high\" decoding=\"async\" width=\"750\" height=\"750\" src=\"https:\/\/www.yongjianceramic.com\/wp-content\/uploads\/2024\/12\/Square-Catering-Plates-Bulk-White-Porcelain-Plates-Wholesale-3.webp\" alt=\"Pratos de catering quadrados a granel, pratos de porcelana branca por atacado-3\" class=\"wp-image-3906\" srcset=\"https:\/\/www.yongjianceramic.com\/wp-content\/uploads\/2024\/12\/Square-Catering-Plates-Bulk-White-Porcelain-Plates-Wholesale-3.webp 750w, https:\/\/www.yongjianceramic.com\/wp-content\/uploads\/2024\/12\/Square-Catering-Plates-Bulk-White-Porcelain-Plates-Wholesale-3-300x300.webp 300w, https:\/\/www.yongjianceramic.com\/wp-content\/uploads\/2024\/12\/Square-Catering-Plates-Bulk-White-Porcelain-Plates-Wholesale-3-150x150.webp 150w, https:\/\/www.yongjianceramic.com\/wp-content\/uploads\/2024\/12\/Square-Catering-Plates-Bulk-White-Porcelain-Plates-Wholesale-3-12x12.webp 12w, https:\/\/www.yongjianceramic.com\/wp-content\/uploads\/2024\/12\/Square-Catering-Plates-Bulk-White-Porcelain-Plates-Wholesale-3-285x285.webp 285w, https:\/\/www.yongjianceramic.com\/wp-content\/uploads\/2024\/12\/Square-Catering-Plates-Bulk-White-Porcelain-Plates-Wholesale-3-270x270.webp 270w, https:\/\/www.yongjianceramic.com\/wp-content\/uploads\/2024\/12\/Square-Catering-Plates-Bulk-White-Porcelain-Plates-Wholesale-3-540x540.webp 540w, https:\/\/www.yongjianceramic.com\/wp-content\/uploads\/2024\/12\/Square-Catering-Plates-Bulk-White-Porcelain-Plates-Wholesale-3-660x660.webp 660w\" sizes=\"(max-width: 750px) 100vw, 750px\" \/><\/figure>\n<\/div><\/div>\n<\/div>","protected":false},"excerpt":{"rendered":"<p>Bem-vindo \u00e0 compra de pratos de catering a granel. Nossos pratos quadrados de porcelana branca no atacado t\u00eam um estilo de design simples e moderno, material de porcelana branca de alta qualidade, bonito e dur\u00e1vel. Os tamanhos vers\u00e1teis podem ser usados para diferentes exibi\u00e7\u00f5es de pratos, e os servi\u00e7os de compra e personaliza\u00e7\u00e3o a granel tamb\u00e9m podem atender \u00e0s demandas diversificadas de usu\u00e1rios comerciais; portanto, \u00e9 a melhor escolha para a ind\u00fastria de catering.<\/p>\n<table style=\"border-collapse: collapse; width: 325.02pt;\" border=\"0\" width=\"325\" cellspacing=\"0\" cellpadding=\"0\">\n<tbody>\n<tr style=\"height: 17.60pt;\">\n<td class=\"et3\" style=\"height: 17.60pt; width: 120.25pt;\" width=\"120\" height=\"17\">Fabricante<\/td>\n<td class=\"et3\" style=\"width: 204.75pt;\" width=\"204\">Yongjian<\/td>\n<\/tr>\n<tr style=\"height: 36.00pt;\">\n<td class=\"et3\" style=\"height: 36.00pt;\" height=\"36\">Modelo n.<\/td>\n<td class=\"et4\" style=\"width: 204.75pt;\" width=\"204\">YJ-040, 9 polegadas<br \/>YJ-041, 11 polegadas<\/td>\n<\/tr>\n<tr style=\"height: 17.60pt;\">\n<td class=\"et3\" style=\"height: 17.60pt;\" height=\"17\">Tipo de produto<\/td>\n<td class=\"et3\">Prato de jantar<\/td>\n<\/tr>\n<tr style=\"height: 17.60pt;\">\n<td class=\"et3\" style=\"height: 17.60pt;\" height=\"17\">Material<\/td>\n<td class=\"et3\">Porcelana<\/td>\n<\/tr>\n<tr style=\"height: 17.60pt;\">\n<td class=\"et5\" style=\"height: 17.60pt;\" height=\"17\">Cor<\/td>\n<td class=\"et3\">Branco\/preto<\/td>\n<\/tr>\n<tr style=\"height: 36.00pt;\">\n<td class=\"et3\" style=\"height: 36.00pt;\" height=\"36\">Dimens\u00e3o<\/td>\n<td class=\"et6\" style=\"width: 204.75pt;\" width=\"204\">23*23*2.3<br \/>28*28*2.3<\/td>\n<\/tr>\n<tr style=\"height: 17.60pt;\">\n<td class=\"et3\" style=\"height: 17.60pt;\" height=\"17\">MOQ<\/td>\n<td class=\"et3\">500 unidades<\/td>\n<\/tr>\n<tr style=\"height: 17.60pt;\">\n<td class=\"et3\" style=\"height: 17.60pt;\" height=\"17\">Personalizado<\/td>\n<td class=\"et3\">Cor\/tamanho\/log\u00f3tipo\/embalagem<\/td>\n<\/tr>\n<\/tbody>\n<\/table>","protected":false},"featured_media":3907,"comment_status":"closed","ping_status":"closed","template":"","meta":{"_acf_changed":false},"product_brand":[],"product_cat":[93,62],"product_tag":[96],"class_list":{"0":"post-3903","1":"product","2":"type-product","3":"status-publish","4":"has-post-thumbnail","6":"product_cat-bulk-dinner-plates","7":"product_cat-ceramic-plates-wholesale","8":"product_tag-black-white-dinnerware-wholesale","10":"first","11":"instock","12":"shipping-taxable","13":"product-type-simple"},"acf":[],"_links":{"self":[{"href":"https:\/\/www.yongjianceramic.com\/pt\/wp-json\/wp\/v2\/product\/3903","targetHints":{"allow":["GET"]}}],"collection":[{"href":"https:\/\/www.yongjianceramic.com\/pt\/wp-json\/wp\/v2\/product"}],"about":[{"href":"https:\/\/www.yongjianceramic.com\/pt\/wp-json\/wp\/v2\/types\/product"}],"replies":[{"embeddable":true,"href":"https:\/\/www.yongjianceramic.com\/pt\/wp-json\/wp\/v2\/comments?post=3903"}],"wp:featuredmedia":[{"embeddable":true,"href":"https:\/\/www.yongjianceramic.com\/pt\/wp-json\/wp\/v2\/media\/3907"}],"wp:attachment":[{"href":"https:\/\/www.yongjianceramic.com\/pt\/wp-json\/wp\/v2\/media?parent=3903"}],"wp:term":[{"taxonomy":"product_brand","embeddable":true,"href":"https:\/\/www.yongjianceramic.com\/pt\/wp-json\/wp\/v2\/product_brand?post=3903"},{"taxonomy":"product_cat","embeddable":true,"href":"https:\/\/www.yongjianceramic.com\/pt\/wp-json\/wp\/v2\/product_cat?post=3903"},{"taxonomy":"product_tag","embeddable":true,"href":"https:\/\/www.yongjianceramic.com\/pt\/wp-json\/wp\/v2\/product_tag?post=3903"}],"curies":[{"name":"wp","href":"https:\/\/api.w.org\/{rel}","templated":true}]}}