{"id":4018,"date":"2024-12-28T14:24:03","date_gmt":"2024-12-28T06:24:03","guid":{"rendered":"https:\/\/www.yongjianceramic.com\/?post_type=product&#038;p=4018"},"modified":"2025-01-07T10:35:54","modified_gmt":"2025-01-07T02:35:54","slug":"dinner-set-wholesale","status":"publish","type":"product","link":"https:\/\/www.yongjianceramic.com\/pt\/produto\/dinner-set-wholesale\/","title":{"rendered":"Conjunto de jantar de lou\u00e7a de cer\u00e2mica por atacado, pratos, tigelas, copos a granel"},"content":{"rendered":"<div class=\"wp-block-columns is-layout-flex wp-container-core-columns-is-layout-9d6595d7 wp-block-columns-is-layout-flex\">\n<div class=\"wp-block-column is-layout-flow wp-block-column-is-layout-flow\">\n<h2 class=\"wp-block-heading\">Conjunto de jantar Premium Carater\u00edsticas por atacado:<\/h2>\n\n\n\n<ul class=\"wp-block-list\">\n<li><strong>Design em cinzento marmoreado, estilo de luxo super-alto:<\/strong> O esmalte cinzento marmoreado deste conjunto de jantar por atacado, fabricado pela tecnologia japonesa de esmalte reativo, tem uma textura \u00fanica e natural, apresentando uma est\u00e9tica de luxo simples e de alta qualidade, real\u00e7ando o estilo do ambiente de jantar.<\/li>\n\n\n\n<li><strong>Formas ricas para satisfazer as necessidades de v\u00e1rios cen\u00e1rios: <\/strong>Esta lou\u00e7a de restaurante de estilo janpon\u00eas por atacado inclui uma variedade de formas, como pratos de jantar, tigelas de sopa, ch\u00e1venas de ch\u00e1, etc., adequadas para os diversos cen\u00e1rios de refei\u00e7\u00f5es de hot\u00e9is, restaurantes e catering de alta qualidade, tendo em conta a praticidade e a est\u00e9tica da lou\u00e7a.<\/li>\n\n\n\n<li><strong>Material cer\u00e2mico duradouro, excelente qualidade: <\/strong>Selecione cer\u00e2micas de alta qualidade, garanta que o nosso conjunto de jantar por atacado seja robusto e dur\u00e1vel, resistente a altas temperaturas e a riscos, garantindo uma utiliza\u00e7\u00e3o a longo prazo, especialmente adequado para ambientes de restaura\u00e7\u00e3o comercial de alta frequ\u00eancia.<\/li>\n\n\n\n<li><strong>Servi\u00e7o de personaliza\u00e7\u00e3o de lotes para real\u00e7ar a personalidade da marca: <\/strong>Fornecer servi\u00e7os de produ\u00e7\u00e3o em massa e personaliza\u00e7\u00e3o para lou\u00e7a de restaurante por atacado, e pode projetar logotipos e estilos exclusivos de acordo com as necessidades para ajudar as empresas de catering a criar uma imagem de marca \u00fanica, fabricante por atacado.<\/li>\n<\/ul>\n<\/div>\n\n\n\n<div class=\"wp-block-column is-layout-flow wp-block-column-is-layout-flow\">\n<figure class=\"wp-block-image size-full\"><img fetchpriority=\"high\" decoding=\"async\" width=\"750\" height=\"1093\" src=\"https:\/\/www.yongjianceramic.com\/wp-content\/uploads\/2024\/12\/ceramic-crockery-dish-wholesale-custom-dinnerware-manufacturer-12.webp\" alt=\"Conjunto de jantar de lou\u00e7a de cer\u00e2mica por atacado, pratos a granel, tigelas, copos-8\" class=\"wp-image-4029\" srcset=\"https:\/\/www.yongjianceramic.com\/wp-content\/uploads\/2024\/12\/ceramic-crockery-dish-wholesale-custom-dinnerware-manufacturer-12.webp 750w, https:\/\/www.yongjianceramic.com\/wp-content\/uploads\/2024\/12\/ceramic-crockery-dish-wholesale-custom-dinnerware-manufacturer-12-206x300.webp 206w, https:\/\/www.yongjianceramic.com\/wp-content\/uploads\/2024\/12\/ceramic-crockery-dish-wholesale-custom-dinnerware-manufacturer-12-8x12.webp 8w, https:\/\/www.yongjianceramic.com\/wp-content\/uploads\/2024\/12\/ceramic-crockery-dish-wholesale-custom-dinnerware-manufacturer-12-285x415.webp 285w, https:\/\/www.yongjianceramic.com\/wp-content\/uploads\/2024\/12\/ceramic-crockery-dish-wholesale-custom-dinnerware-manufacturer-12-453x660.webp 453w, https:\/\/www.yongjianceramic.com\/wp-content\/uploads\/2024\/12\/ceramic-crockery-dish-wholesale-custom-dinnerware-manufacturer-12-103x150.webp 103w\" sizes=\"(max-width: 750px) 100vw, 750px\" \/><\/figure>\n<\/div>\n<\/div>","protected":false},"excerpt":{"rendered":"<div class=\"lRu31\" dir=\"ltr\">Bem-vindo ao comprar o conjunto de jantar por atacado. Esta lou\u00e7a de restaurante japonesa reactiva por atacado combina luxo leve e estilos retro, com uma variedade de formas, adequadas para hot\u00e9is, restaurantes e cenas de catering de alta qualidade. Os materiais cer\u00e2micos de alta qualidade s\u00e3o dur\u00e1veis e pr\u00e1ticos, suportam a personaliza\u00e7\u00e3o de lotes e acrescentam uma sensa\u00e7\u00e3o de qualidade simples e elegante aos servi\u00e7os de restaura\u00e7\u00e3o.<\/div>\n<div dir=\"ltr\">\n<table style=\"border-collapse: collapse; width: 327.02pt;\" border=\"0\" width=\"654\" cellspacing=\"0\" cellpadding=\"0\">\n<tbody>\n<tr style=\"height: 16.50pt;\">\n<td class=\"et3\" style=\"height: 16.50pt; width: 127.20pt;\" width=\"254\" height=\"33\">Fabricante<\/td>\n<td class=\"et3\" style=\"width: 200.15pt;\" width=\"400\">Yongjian<\/td>\n<\/tr>\n<tr style=\"height: 16.50pt;\">\n<td class=\"et3\" style=\"height: 16.50pt;\" height=\"33\">Modelo n.<\/td>\n<td class=\"et4\" style=\"width: 200.15pt;\" width=\"400\">YJ-97<\/td>\n<\/tr>\n<tr style=\"height: 16.50pt;\">\n<td class=\"et5\" style=\"height: 16.50pt; width: 127.20pt;\" width=\"254\" height=\"33\">Tipo de lou\u00e7a<\/td>\n<td class=\"et5\" style=\"width: 200.15pt;\" width=\"400\">Pratos, travessas, ta\u00e7as<\/td>\n<\/tr>\n<tr style=\"height: 16.50pt;\">\n<td class=\"et3\" style=\"height: 16.50pt;\" height=\"33\">T\u00e9cnica<\/td>\n<td class=\"et3\">Efeito de esmalte de forno<\/td>\n<\/tr>\n<tr style=\"height: 16.50pt;\">\n<td class=\"et3\" style=\"height: 16.50pt;\" height=\"33\">Material<\/td>\n<td class=\"et3\">Porcelana<\/td>\n<\/tr>\n<tr style=\"height: 33.00pt;\">\n<td class=\"et6\" style=\"height: 33.00pt;\" height=\"66\">Aplic\u00e1vel<\/td>\n<td class=\"et5\" style=\"width: 200.15pt;\" width=\"400\">Esterilizador, M\u00e1quina de lavar loi\u00e7a, Forno, Micro-ondas<\/td>\n<\/tr>\n<tr style=\"height: 16.50pt;\">\n<td class=\"et3\" style=\"height: 16.50pt;\" height=\"33\">Dimens\u00e3o<\/td>\n<td class=\"et3\">Como imagem<\/td>\n<\/tr>\n<tr style=\"height: 16.50pt;\">\n<td class=\"et3\" style=\"height: 16.50pt;\" height=\"33\">MOQ<\/td>\n<td class=\"et3\">500 unidades<\/td>\n<\/tr>\n<tr style=\"height: 16.50pt;\">\n<td class=\"et3\" style=\"height: 16.50pt;\" height=\"33\">Personalizado<\/td>\n<td class=\"et3\">Cor\/tamanho\/log\u00f3tipo\/embalagem<\/td>\n<\/tr>\n<\/tbody>\n<\/table>\n<\/div>\n<div class=\"UdTY9 WdefRb\" aria-hidden=\"true\" data-location=\"2\">\u00a0<\/div>","protected":false},"featured_media":4035,"comment_status":"closed","ping_status":"closed","template":"","meta":{"_acf_changed":false},"product_brand":[],"product_cat":[64,87],"product_tag":[88],"class_list":{"0":"post-4018","1":"product","2":"type-product","3":"status-publish","4":"has-post-thumbnail","6":"product_cat-dinnerware-sets","7":"product_cat-tableware-wholesale","8":"product_tag-japanese-style-dinnerware-set-wholesale","10":"first","11":"instock","12":"shipping-taxable","13":"product-type-simple"},"acf":[],"_links":{"self":[{"href":"https:\/\/www.yongjianceramic.com\/pt\/wp-json\/wp\/v2\/product\/4018","targetHints":{"allow":["GET"]}}],"collection":[{"href":"https:\/\/www.yongjianceramic.com\/pt\/wp-json\/wp\/v2\/product"}],"about":[{"href":"https:\/\/www.yongjianceramic.com\/pt\/wp-json\/wp\/v2\/types\/product"}],"replies":[{"embeddable":true,"href":"https:\/\/www.yongjianceramic.com\/pt\/wp-json\/wp\/v2\/comments?post=4018"}],"wp:featuredmedia":[{"embeddable":true,"href":"https:\/\/www.yongjianceramic.com\/pt\/wp-json\/wp\/v2\/media\/4035"}],"wp:attachment":[{"href":"https:\/\/www.yongjianceramic.com\/pt\/wp-json\/wp\/v2\/media?parent=4018"}],"wp:term":[{"taxonomy":"product_brand","embeddable":true,"href":"https:\/\/www.yongjianceramic.com\/pt\/wp-json\/wp\/v2\/product_brand?post=4018"},{"taxonomy":"product_cat","embeddable":true,"href":"https:\/\/www.yongjianceramic.com\/pt\/wp-json\/wp\/v2\/product_cat?post=4018"},{"taxonomy":"product_tag","embeddable":true,"href":"https:\/\/www.yongjianceramic.com\/pt\/wp-json\/wp\/v2\/product_tag?post=4018"}],"curies":[{"name":"wp","href":"https:\/\/api.w.org\/{rel}","templated":true}]}}