{"id":4037,"date":"2024-12-28T15:28:24","date_gmt":"2024-12-28T07:28:24","guid":{"rendered":"https:\/\/www.yongjianceramic.com\/?post_type=product&#038;p=4037"},"modified":"2024-12-28T15:28:28","modified_gmt":"2024-12-28T07:28:28","slug":"wholesale-dinnerware-sets","status":"publish","type":"product","link":"https:\/\/www.yongjianceramic.com\/pt\/produto\/wholesale-dinnerware-sets\/","title":{"rendered":"Conjuntos de lou\u00e7a rosa e verde, pratos e ta\u00e7as a granel"},"content":{"rendered":"<div class=\"wp-block-columns is-layout-flex wp-container-core-columns-is-layout-9d6595d7 wp-block-columns-is-layout-flex\">\n<div class=\"wp-block-column is-layout-flow wp-block-column-is-layout-flow\">\n<h2 class=\"wp-block-heading\">Conjuntos de lou\u00e7a Premium por atacado Carater\u00edsticas:<\/h2>\n\n\n\n<ul class=\"wp-block-list\">\n<li><strong>Design reativo rosa-verde vidrado, beleza fresca e natural:<\/strong> Os nossos conjuntos de lou\u00e7a de cer\u00e2mica por atacado adoptam vidros reactivos, com uma combina\u00e7\u00e3o perfeita de rosa e verde, tons suaves e naturais, e um sentido tridimensional, criando um conjunto de lou\u00e7a de mesa fresco e elegante.<\/li>\n\n\n\n<li><strong>Formas ricas e fun\u00e7\u00f5es diversificadas: <\/strong>Os nossos pratos e ta\u00e7as a granel t\u00eam uma vasta gama de formas para satisfazer as necessidades de refei\u00e7\u00f5es em v\u00e1rios cen\u00e1rios de restaurantes, hot\u00e9is e fam\u00edlias, que podem ser livremente combinados e conjugados para aumentar a diversidade dos servi\u00e7os de refei\u00e7\u00f5es.<\/li>\n\n\n\n<li><strong>Esmalte de alta qualidade, dur\u00e1vel e f\u00e1cil de limpar: <\/strong>Os nossos conjuntos de lou\u00e7a de cer\u00e2mica por atacado s\u00e3o feitos de cer\u00e2mica cozida a alta temperatura, esmalte suave e delicado, s\u00e3o resistentes a riscos, resistentes a altas temperaturas, n\u00e3o s\u00e3o f\u00e1ceis de desbotar e s\u00e3o adequados para ambientes de restaura\u00e7\u00e3o comercial de alta frequ\u00eancia.<\/li>\n\n\n\n<li><strong>Servi\u00e7os de produ\u00e7\u00e3o em massa e de personaliza\u00e7\u00e3o: <\/strong>Fornecer venda por grosso direta da f\u00e1brica e personaliza\u00e7\u00e3o de pratos e ta\u00e7as a granel, apoiar o design do log\u00f3tipo e o ajuste do estilo, e ajudar as marcas a criar um estilo de loi\u00e7a \u00fanico.<\/li>\n<\/ul>\n<\/div>\n\n\n\n<div class=\"wp-block-column is-layout-flow wp-block-column-is-layout-flow\">\n<figure class=\"wp-block-image size-full\"><img fetchpriority=\"high\" decoding=\"async\" width=\"800\" height=\"800\" src=\"https:\/\/www.yongjianceramic.com\/wp-content\/uploads\/2024\/12\/wholesale-bowls-saucer-cup-tableware-set-factory-2.webp\" alt=\"Conjuntos de loi\u00e7a cor-de-rosa e verde, pratos e ta\u00e7as a granel-1\" class=\"wp-image-4039\" srcset=\"https:\/\/www.yongjianceramic.com\/wp-content\/uploads\/2024\/12\/wholesale-bowls-saucer-cup-tableware-set-factory-2.webp 800w, https:\/\/www.yongjianceramic.com\/wp-content\/uploads\/2024\/12\/wholesale-bowls-saucer-cup-tableware-set-factory-2-300x300.webp 300w, https:\/\/www.yongjianceramic.com\/wp-content\/uploads\/2024\/12\/wholesale-bowls-saucer-cup-tableware-set-factory-2-150x150.webp 150w, https:\/\/www.yongjianceramic.com\/wp-content\/uploads\/2024\/12\/wholesale-bowls-saucer-cup-tableware-set-factory-2-768x768.webp 768w, https:\/\/www.yongjianceramic.com\/wp-content\/uploads\/2024\/12\/wholesale-bowls-saucer-cup-tableware-set-factory-2-12x12.webp 12w, https:\/\/www.yongjianceramic.com\/wp-content\/uploads\/2024\/12\/wholesale-bowls-saucer-cup-tableware-set-factory-2-285x285.webp 285w, https:\/\/www.yongjianceramic.com\/wp-content\/uploads\/2024\/12\/wholesale-bowls-saucer-cup-tableware-set-factory-2-270x270.webp 270w, https:\/\/www.yongjianceramic.com\/wp-content\/uploads\/2024\/12\/wholesale-bowls-saucer-cup-tableware-set-factory-2-540x540.webp 540w, https:\/\/www.yongjianceramic.com\/wp-content\/uploads\/2024\/12\/wholesale-bowls-saucer-cup-tableware-set-factory-2-660x660.webp 660w\" sizes=\"(max-width: 800px) 100vw, 800px\" \/><\/figure>\n<\/div>\n<\/div>","protected":false},"excerpt":{"rendered":"<p>Bem-vindo \u00e0 compra de pratos e tigelas a granel. Nossos conjuntos de lou\u00e7a de cer\u00e2mica rosa-verde por atacado t\u00eam cores suaves e frescas, esmalte delicado e tridimensional e v\u00e1rias formas. \u00c9 adequado para hot\u00e9is, restaurantes e necessidades de refei\u00e7\u00f5es em v\u00e1rias cenas. O artesanato de alta qualidade e os servi\u00e7os de personaliza\u00e7\u00e3o em massa s\u00e3o ideais para criar um ambiente de jantar elegante.<\/p>\n<table style=\"border-collapse: collapse; width: 327.02pt;\" border=\"0\" width=\"654\" cellspacing=\"0\" cellpadding=\"0\">\n<tbody>\n<tr style=\"height: 16.50pt;\">\n<td class=\"et3\" style=\"height: 16.50pt; width: 127.20pt;\" width=\"254\" height=\"33\">Fabricante<\/td>\n<td class=\"et3\" style=\"width: 200.15pt;\" width=\"400\">Yongjian<\/td>\n<\/tr>\n<tr style=\"height: 16.50pt;\">\n<td class=\"et3\" style=\"height: 16.50pt;\" height=\"33\">Modelo n.<\/td>\n<td class=\"et4\" style=\"width: 200.15pt;\" width=\"400\">YJ-98<\/td>\n<\/tr>\n<tr style=\"height: 16.50pt;\">\n<td class=\"et5\" style=\"height: 16.50pt; width: 127.20pt;\" width=\"254\" height=\"33\">Tipo de lou\u00e7a<\/td>\n<td class=\"et5\" style=\"width: 200.15pt;\" width=\"400\">Pratos, travessas, ta\u00e7as<\/td>\n<\/tr>\n<tr style=\"height: 16.50pt;\">\n<td class=\"et3\" style=\"height: 16.50pt;\" height=\"33\">T\u00e9cnica<\/td>\n<td class=\"et3\">Efeito de esmalte de forno<\/td>\n<\/tr>\n<tr style=\"height: 16.50pt;\">\n<td class=\"et3\" style=\"height: 16.50pt;\" height=\"33\">Material<\/td>\n<td class=\"et3\">Porcelana<\/td>\n<\/tr>\n<tr style=\"height: 33.00pt;\">\n<td class=\"et6\" style=\"height: 33.00pt;\" height=\"66\">Aplic\u00e1vel<\/td>\n<td class=\"et5\" style=\"width: 200.15pt;\" width=\"400\">Esterilizador, M\u00e1quina de lavar loi\u00e7a, Forno, Micro-ondas<\/td>\n<\/tr>\n<tr style=\"height: 16.50pt;\">\n<td class=\"et3\" style=\"height: 16.50pt;\" height=\"33\">Dimens\u00e3o<\/td>\n<td class=\"et3\">Como imagem<\/td>\n<\/tr>\n<tr style=\"height: 16.50pt;\">\n<td class=\"et3\" style=\"height: 16.50pt;\" height=\"33\">MOQ<\/td>\n<td class=\"et3\">500 unidades<\/td>\n<\/tr>\n<tr style=\"height: 16.50pt;\">\n<td class=\"et3\" style=\"height: 16.50pt;\" height=\"33\">Personalizado<\/td>\n<td class=\"et3\">Cor\/tamanho\/log\u00f3tipo\/embalagem<\/td>\n<\/tr>\n<\/tbody>\n<\/table>","protected":false},"featured_media":4038,"comment_status":"closed","ping_status":"closed","template":"","meta":{"_acf_changed":false},"product_brand":[],"product_cat":[64,82],"product_tag":[81],"class_list":{"0":"post-4037","1":"product","2":"type-product","3":"status-publish","4":"has-post-thumbnail","6":"product_cat-dinnerware-sets","7":"product_cat-bulk-dinnerware-sets","8":"product_tag-modern-design-dinnerware-set-wholesale","10":"first","11":"instock","12":"shipping-taxable","13":"product-type-simple"},"acf":[],"_links":{"self":[{"href":"https:\/\/www.yongjianceramic.com\/pt\/wp-json\/wp\/v2\/product\/4037","targetHints":{"allow":["GET"]}}],"collection":[{"href":"https:\/\/www.yongjianceramic.com\/pt\/wp-json\/wp\/v2\/product"}],"about":[{"href":"https:\/\/www.yongjianceramic.com\/pt\/wp-json\/wp\/v2\/types\/product"}],"replies":[{"embeddable":true,"href":"https:\/\/www.yongjianceramic.com\/pt\/wp-json\/wp\/v2\/comments?post=4037"}],"wp:featuredmedia":[{"embeddable":true,"href":"https:\/\/www.yongjianceramic.com\/pt\/wp-json\/wp\/v2\/media\/4038"}],"wp:attachment":[{"href":"https:\/\/www.yongjianceramic.com\/pt\/wp-json\/wp\/v2\/media?parent=4037"}],"wp:term":[{"taxonomy":"product_brand","embeddable":true,"href":"https:\/\/www.yongjianceramic.com\/pt\/wp-json\/wp\/v2\/product_brand?post=4037"},{"taxonomy":"product_cat","embeddable":true,"href":"https:\/\/www.yongjianceramic.com\/pt\/wp-json\/wp\/v2\/product_cat?post=4037"},{"taxonomy":"product_tag","embeddable":true,"href":"https:\/\/www.yongjianceramic.com\/pt\/wp-json\/wp\/v2\/product_tag?post=4037"}],"curies":[{"name":"wp","href":"https:\/\/api.w.org\/{rel}","templated":true}]}}