{"id":4061,"date":"2024-12-28T14:41:26","date_gmt":"2024-12-28T06:41:26","guid":{"rendered":"https:\/\/www.yongjianceramic.com\/?post_type=product&#038;p=4061"},"modified":"2025-03-01T15:46:55","modified_gmt":"2025-03-01T07:46:55","slug":"wholesale-crockery","status":"publish","type":"product","link":"https:\/\/www.yongjianceramic.com\/pt\/produto\/wholesale-crockery\/","title":{"rendered":"Lou\u00e7a de porcelana reactiva por atacado, lou\u00e7a de jantar de luxo a granel"},"content":{"rendered":"<div class=\"wp-block-columns is-layout-flex wp-container-core-columns-is-layout-9d6595d7 wp-block-columns-is-layout-flex\">\n<div class=\"wp-block-column is-layout-flow wp-block-column-is-layout-flow\">\n<h2 class=\"wp-block-heading\">Lou\u00e7a Premium Wholesale Carater\u00edsticas:<\/h2>\n\n\n\n<ul class=\"wp-block-list\">\n<li><strong>Tecnologia multicolorida de vidros reactivos, cores flex\u00edveis e mut\u00e1veis:<\/strong> A tecnologia de vidros reactivos d\u00e1 a este conjunto de loi\u00e7a por atacado um design \u00fanico de cor preta, vermelha e azul, tal como a chama azul a arder no escuro, mostrando uma variedade de n\u00edveis de cor, acrescentando uma atmosfera art\u00edstica \u00e0 mesa de jantar.<\/li>\n\n\n\n<li><strong>V\u00e1rias formas, adequadas para uma variedade de cen\u00e1rios de refei\u00e7\u00f5es: <\/strong>Esta loi\u00e7a de cer\u00e2mica a granel oferece uma grande variedade de formas, incluindo pratos de jantar, tigelas de sopa, tigelas de salada, etc. Estes conjuntos de lou\u00e7a por grosso satisfazem as v\u00e1rias necessidades de hot\u00e9is, restaurantes e banquetes e podem ser combinados e combinados livremente.<\/li>\n\n\n\n<li><strong>Esmalte de alta qualidade, dur\u00e1vel e pr\u00e1tico: <\/strong>A nossa loi\u00e7a de alta temperatura por atacado possui um esmalte suave e bonito, resist\u00eancia a altas temperaturas e resist\u00eancia a riscos, para que possa permanecer bonita ap\u00f3s um longo uso, pode suportar o uso comercial de alta frequ\u00eancia.<\/li>\n\n\n\n<li><strong>Vendas diretas da f\u00e1brica de vidros reactivos, apoio \u00e0 personaliza\u00e7\u00e3o:<\/strong> Fornecimento direto da f\u00e1brica de lou\u00e7as de cer\u00e2mica profissional, fornece aquisi\u00e7\u00e3o a granel e servi\u00e7os de personaliza\u00e7\u00e3o para lou\u00e7as de cer\u00e2mica a granel. Podemos projetar estilos exclusivos e logotipos de marcas, atender \u00e0s necessidades personalizadas e ajudar as marcas de catering a melhorar sua imagem.<\/li>\n<\/ul>\n<\/div>\n\n\n\n<div class=\"wp-block-column is-layout-flow wp-block-column-is-layout-flow\">\n<figure class=\"wp-block-image size-full\"><img fetchpriority=\"high\" decoding=\"async\" width=\"800\" height=\"800\" src=\"https:\/\/www.yongjianceramic.com\/wp-content\/uploads\/2024\/12\/Wholesale-Dinnerware-Sets-Plates-In-Bulk-Ceramics-Reactive-Glazed-Supplies-10.webp\" alt=\"Lou\u00e7a de porcelana de luxo por atacado com esmalte reativo a granel-1\" class=\"wp-image-4071\" srcset=\"https:\/\/www.yongjianceramic.com\/wp-content\/uploads\/2024\/12\/Wholesale-Dinnerware-Sets-Plates-In-Bulk-Ceramics-Reactive-Glazed-Supplies-10.webp 800w, https:\/\/www.yongjianceramic.com\/wp-content\/uploads\/2024\/12\/Wholesale-Dinnerware-Sets-Plates-In-Bulk-Ceramics-Reactive-Glazed-Supplies-10-300x300.webp 300w, https:\/\/www.yongjianceramic.com\/wp-content\/uploads\/2024\/12\/Wholesale-Dinnerware-Sets-Plates-In-Bulk-Ceramics-Reactive-Glazed-Supplies-10-150x150.webp 150w, https:\/\/www.yongjianceramic.com\/wp-content\/uploads\/2024\/12\/Wholesale-Dinnerware-Sets-Plates-In-Bulk-Ceramics-Reactive-Glazed-Supplies-10-768x768.webp 768w, https:\/\/www.yongjianceramic.com\/wp-content\/uploads\/2024\/12\/Wholesale-Dinnerware-Sets-Plates-In-Bulk-Ceramics-Reactive-Glazed-Supplies-10-12x12.webp 12w, https:\/\/www.yongjianceramic.com\/wp-content\/uploads\/2024\/12\/Wholesale-Dinnerware-Sets-Plates-In-Bulk-Ceramics-Reactive-Glazed-Supplies-10-285x285.webp 285w, https:\/\/www.yongjianceramic.com\/wp-content\/uploads\/2024\/12\/Wholesale-Dinnerware-Sets-Plates-In-Bulk-Ceramics-Reactive-Glazed-Supplies-10-270x270.webp 270w, https:\/\/www.yongjianceramic.com\/wp-content\/uploads\/2024\/12\/Wholesale-Dinnerware-Sets-Plates-In-Bulk-Ceramics-Reactive-Glazed-Supplies-10-540x540.webp 540w, https:\/\/www.yongjianceramic.com\/wp-content\/uploads\/2024\/12\/Wholesale-Dinnerware-Sets-Plates-In-Bulk-Ceramics-Reactive-Glazed-Supplies-10-660x660.webp 660w\" sizes=\"(max-width: 800px) 100vw, 800px\" \/><\/figure>\n<\/div>\n<\/div>","protected":false},"excerpt":{"rendered":"<p>Bem-vindo \u00e0 compra de lou\u00e7a de cer\u00e2mica a granel. Este conjunto de lou\u00e7a reactiva por atacado, com desenhos de cor preta, vermelha e azul como chamas ardentes, mostra uma variedade de beleza, formas ricas, adequadas para catering de hotel e cenas de banquete. O esmalte \u00e9 de alta qualidade e dur\u00e1vel, \u00e9 fornecido diretamente pela f\u00e1brica e suporta personaliza\u00e7\u00e3o, tornando-o a melhor escolha para criar um ambiente de jantar sofisticado.<\/p>\n<table style=\"border-collapse: collapse; width: 327.02pt;\" border=\"0\" width=\"654\" cellspacing=\"0\" cellpadding=\"0\">\n<tbody>\n<tr style=\"height: 16.50pt;\">\n<td class=\"et3\" style=\"height: 16.50pt; width: 127.20pt;\" width=\"254\" height=\"33\">Fabricante<\/td>\n<td class=\"et3\" style=\"width: 200.15pt;\" width=\"400\">Yongjian<\/td>\n<\/tr>\n<tr style=\"height: 16.50pt;\">\n<td class=\"et3\" style=\"height: 16.50pt;\" height=\"33\">Modelo n.<\/td>\n<td class=\"et4\" style=\"width: 200.15pt;\" width=\"400\">YJ-100<\/td>\n<\/tr>\n<tr style=\"height: 16.50pt;\">\n<td class=\"et5\" style=\"height: 16.50pt; width: 127.20pt;\" width=\"254\" height=\"33\">Tipo de lou\u00e7a<\/td>\n<td class=\"et5\" style=\"width: 200.15pt;\" width=\"400\">Pratos, travessas, ta\u00e7as<\/td>\n<\/tr>\n<tr style=\"height: 16.50pt;\">\n<td class=\"et3\" style=\"height: 16.50pt;\" height=\"33\">T\u00e9cnica<\/td>\n<td class=\"et3\">Efeito de esmalte de forno<\/td>\n<\/tr>\n<tr style=\"height: 16.50pt;\">\n<td class=\"et3\" style=\"height: 16.50pt;\" height=\"33\">Material<\/td>\n<td class=\"et3\">Porcelana<\/td>\n<\/tr>\n<tr style=\"height: 33.00pt;\">\n<td class=\"et6\" style=\"height: 33.00pt;\" height=\"66\">Aplic\u00e1vel<\/td>\n<td class=\"et5\" style=\"width: 200.15pt;\" width=\"400\">Esterilizador, M\u00e1quina de lavar loi\u00e7a, Forno, Micro-ondas<\/td>\n<\/tr>\n<tr style=\"height: 16.50pt;\">\n<td class=\"et3\" style=\"height: 16.50pt;\" height=\"33\">Dimens\u00e3o<\/td>\n<td class=\"et3\">Como imagem<\/td>\n<\/tr>\n<tr style=\"height: 16.50pt;\">\n<td class=\"et3\" style=\"height: 16.50pt;\" height=\"33\">MOQ<\/td>\n<td class=\"et3\">500 unidades<\/td>\n<\/tr>\n<tr style=\"height: 16.50pt;\">\n<td class=\"et3\" style=\"height: 16.50pt;\" height=\"33\">Personalizado<\/td>\n<td class=\"et3\">Cor\/tamanho\/log\u00f3tipo\/embalagem<\/td>\n<\/tr>\n<\/tbody>\n<\/table>","protected":false},"featured_media":4074,"comment_status":"closed","ping_status":"closed","template":"","meta":{"_acf_changed":false},"product_brand":[],"product_cat":[64,82],"product_tag":[81],"class_list":{"0":"post-4061","1":"product","2":"type-product","3":"status-publish","4":"has-post-thumbnail","6":"product_cat-dinnerware-sets","7":"product_cat-bulk-dinnerware-sets","8":"product_tag-modern-design-dinnerware-set-wholesale","10":"first","11":"instock","12":"shipping-taxable","13":"product-type-simple"},"acf":[],"_links":{"self":[{"href":"https:\/\/www.yongjianceramic.com\/pt\/wp-json\/wp\/v2\/product\/4061","targetHints":{"allow":["GET"]}}],"collection":[{"href":"https:\/\/www.yongjianceramic.com\/pt\/wp-json\/wp\/v2\/product"}],"about":[{"href":"https:\/\/www.yongjianceramic.com\/pt\/wp-json\/wp\/v2\/types\/product"}],"replies":[{"embeddable":true,"href":"https:\/\/www.yongjianceramic.com\/pt\/wp-json\/wp\/v2\/comments?post=4061"}],"wp:featuredmedia":[{"embeddable":true,"href":"https:\/\/www.yongjianceramic.com\/pt\/wp-json\/wp\/v2\/media\/4074"}],"wp:attachment":[{"href":"https:\/\/www.yongjianceramic.com\/pt\/wp-json\/wp\/v2\/media?parent=4061"}],"wp:term":[{"taxonomy":"product_brand","embeddable":true,"href":"https:\/\/www.yongjianceramic.com\/pt\/wp-json\/wp\/v2\/product_brand?post=4061"},{"taxonomy":"product_cat","embeddable":true,"href":"https:\/\/www.yongjianceramic.com\/pt\/wp-json\/wp\/v2\/product_cat?post=4061"},{"taxonomy":"product_tag","embeddable":true,"href":"https:\/\/www.yongjianceramic.com\/pt\/wp-json\/wp\/v2\/product_tag?post=4061"}],"curies":[{"name":"wp","href":"https:\/\/api.w.org\/{rel}","templated":true}]}}