{"id":4098,"date":"2025-01-04T18:40:08","date_gmt":"2025-01-04T10:40:08","guid":{"rendered":"https:\/\/www.yongjianceramic.com\/?post_type=product&#038;p=4098"},"modified":"2025-01-07T10:32:01","modified_gmt":"2025-01-07T02:32:01","slug":"wholesale-porcelain-dinnerware","status":"publish","type":"product","link":"https:\/\/www.yongjianceramic.com\/pt\/produto\/wholesale-porcelain-dinnerware\/","title":{"rendered":"Servi\u00e7o de jantar de porcelana por grosso, pratos e ta\u00e7as de jantar r\u00fasticos a granel"},"content":{"rendered":"<div class=\"wp-block-columns is-layout-flex wp-container-core-columns-is-layout-9d6595d7 wp-block-columns-is-layout-flex\">\n<div class=\"wp-block-column is-layout-flow wp-block-column-is-layout-flow\">\n<h2 class=\"wp-block-heading\">Servi\u00e7o de jantar de porcelana por grosso Premium Carater\u00edsticas:<\/h2>\n\n\n\n<ul class=\"wp-block-list\">\n<li><strong>Design de gradiente retro, mostrando uma beleza \u00fanica: <\/strong>Esta lou\u00e7a de porcelana por atacado adopta uma combina\u00e7\u00e3o de cores retro e um design gradiente, com tons ricos, combinando estilos cl\u00e1ssicos e modernos, acrescentando um efeito visual \u00fanico \u00e0 mesa de jantar.<\/li>\n\n\n\n<li><strong>Textura fosca, topo de gama e toque confort\u00e1vel: <\/strong>A superf\u00edcie destes pratos e ta\u00e7as para venda por grosso \u00e9 fosca, delicada, antiderrapante e dur\u00e1vel, ao mesmo tempo que real\u00e7a a textura discreta e luxuosa, trazendo mais ritual \u00e0 experi\u00eancia gastron\u00f3mica.<\/li>\n\n\n\n<li><strong>Combina\u00e7\u00e3o de cores mistas, escolhas diversificadas: <\/strong>Este conjunto de lou\u00e7a de porcelana por atacado abrange uma variedade de formas, como pratos de jantar, tigelas de sopa, tigelas de salada, etc. O design de combina\u00e7\u00e3o de cores mistas torna a combina\u00e7\u00e3o de utens\u00edlios de mesa mais flex\u00edvel, adequada para v\u00e1rias necessidades de cena e adiciona criatividade e divers\u00e3o ao jantar.<\/li>\n\n\n\n<li><strong>Venda por grosso a granel, adequada para cenas comerciais:<\/strong> Fornecemos pratos e ta\u00e7as por atacado a um pre\u00e7o excelente, especialmente concebidos para hot\u00e9is, restaurantes e banquetes, com car\u00e1cter pr\u00e1tico e ornamental, para satisfazer as necessidades da restaura\u00e7\u00e3o comercial em termos de loi\u00e7a de alta qualidade.<\/li>\n<\/ul>\n<\/div>\n\n\n\n<div class=\"wp-block-column is-layout-flow wp-block-column-is-layout-flow\">\n<figure class=\"wp-block-image size-full\"><img fetchpriority=\"high\" decoding=\"async\" width=\"750\" height=\"1167\" src=\"https:\/\/www.yongjianceramic.com\/wp-content\/uploads\/2025\/01\/porcelain-china-dinnerware-bulk-ceramic-plates-serving-bowls-wholesale-8.webp\" alt=\"Servi\u00e7o de jantar de porcelana por grosso, pratos e ta\u00e7as de jantar r\u00fasticos a granel-1\" class=\"wp-image-4106\" srcset=\"https:\/\/www.yongjianceramic.com\/wp-content\/uploads\/2025\/01\/porcelain-china-dinnerware-bulk-ceramic-plates-serving-bowls-wholesale-8.webp 750w, https:\/\/www.yongjianceramic.com\/wp-content\/uploads\/2025\/01\/porcelain-china-dinnerware-bulk-ceramic-plates-serving-bowls-wholesale-8-193x300.webp 193w, https:\/\/www.yongjianceramic.com\/wp-content\/uploads\/2025\/01\/porcelain-china-dinnerware-bulk-ceramic-plates-serving-bowls-wholesale-8-8x12.webp 8w, https:\/\/www.yongjianceramic.com\/wp-content\/uploads\/2025\/01\/porcelain-china-dinnerware-bulk-ceramic-plates-serving-bowls-wholesale-8-285x443.webp 285w, https:\/\/www.yongjianceramic.com\/wp-content\/uploads\/2025\/01\/porcelain-china-dinnerware-bulk-ceramic-plates-serving-bowls-wholesale-8-424x660.webp 424w, https:\/\/www.yongjianceramic.com\/wp-content\/uploads\/2025\/01\/porcelain-china-dinnerware-bulk-ceramic-plates-serving-bowls-wholesale-8-96x150.webp 96w\" sizes=\"(max-width: 750px) 100vw, 750px\" \/><\/figure>\n<\/div>\n<\/div>","protected":false},"excerpt":{"rendered":"<div class=\"AxqVh\">\n<div class=\"OPPzxe\">\n<div class=\"QcsUad BDJ8fb BLojaf sMVRZe hCXDsb wneUed\">\n<div class=\"usGWQd\">\n<div class=\"KkbLmb\">\n<div class=\"lRu31\" dir=\"ltr\">Bem-vindo \u00e0 compra de pratos e tigelas por grosso. Este conjunto de lou\u00e7a de porcelana retro gradiente fosco por atacado tem v\u00e1rias formas e cores misturadas, com textura de alta qualidade, adequado para catering de hotel e cenas de banquetes sofisticados. \u00c9 fornecido a granel, combinando beleza e praticidade, e \u00e9 a melhor escolha para melhorar o ambiente de jantar.<\/div>\n<\/div>\n<\/div>\n<\/div>\n<\/div>\n<\/div>\n<div class=\"HWmS8\">\n<table style=\"border-collapse: collapse; width: 327.02pt;\" border=\"0\" width=\"654\" cellspacing=\"0\" cellpadding=\"0\">\n<tbody>\n<tr style=\"height: 16.50pt;\">\n<td class=\"et3\" style=\"height: 16.50pt; width: 127.20pt;\" width=\"254\" height=\"33\">Fabricante<\/td>\n<td class=\"et3\" style=\"width: 200.15pt;\" width=\"400\">Yongjian<\/td>\n<\/tr>\n<tr style=\"height: 16.50pt;\">\n<td class=\"et3\" style=\"height: 16.50pt;\" height=\"33\">Modelo n.<\/td>\n<td class=\"et4\" style=\"width: 200.15pt;\" width=\"400\">YJ-102<\/td>\n<\/tr>\n<tr style=\"height: 16.50pt;\">\n<td class=\"et5\" style=\"height: 16.50pt; width: 127.20pt;\" width=\"254\" height=\"33\">Tipo de lou\u00e7a<\/td>\n<td class=\"et5\" style=\"width: 200.15pt;\" width=\"400\">Pratos, travessas, ta\u00e7as<\/td>\n<\/tr>\n<tr style=\"height: 16.50pt;\">\n<td class=\"et3\" style=\"height: 16.50pt;\" height=\"33\">T\u00e9cnica<\/td>\n<td class=\"et3\">Efeito de esmalte de forno<\/td>\n<\/tr>\n<tr style=\"height: 16.50pt;\">\n<td class=\"et3\" style=\"height: 16.50pt;\" height=\"33\">Material<\/td>\n<td class=\"et3\">Porcelana<\/td>\n<\/tr>\n<tr style=\"height: 33.00pt;\">\n<td class=\"et6\" style=\"height: 33.00pt;\" height=\"66\">Aplic\u00e1vel<\/td>\n<td class=\"et5\" style=\"width: 200.15pt;\" width=\"400\">Esterilizador, M\u00e1quina de lavar loi\u00e7a, Forno, Micro-ondas<\/td>\n<\/tr>\n<tr style=\"height: 16.50pt;\">\n<td class=\"et3\" style=\"height: 16.50pt;\" height=\"33\">Dimens\u00e3o<\/td>\n<td class=\"et3\">Como imagem<\/td>\n<\/tr>\n<tr style=\"height: 16.50pt;\">\n<td class=\"et3\" style=\"height: 16.50pt;\" height=\"33\">MOQ<\/td>\n<td class=\"et3\">500 unidades<\/td>\n<\/tr>\n<tr style=\"height: 16.50pt;\">\n<td class=\"et3\" style=\"height: 16.50pt;\" height=\"33\">Personalizado<\/td>\n<td class=\"et3\">Cor\/tamanho\/log\u00f3tipo\/embalagem<\/td>\n<\/tr>\n<\/tbody>\n<\/table>\n<\/div>","protected":false},"featured_media":4108,"comment_status":"closed","ping_status":"closed","template":"","meta":{"_acf_changed":false},"product_brand":[],"product_cat":[64,83],"product_tag":[84],"class_list":{"0":"post-4098","1":"product","2":"type-product","3":"status-publish","4":"has-post-thumbnail","6":"product_cat-dinnerware-sets","7":"product_cat-dinner-sets-wholesale","8":"product_tag-retro-design-dinnerware-wholesale","10":"first","11":"instock","12":"shipping-taxable","13":"product-type-simple"},"acf":[],"_links":{"self":[{"href":"https:\/\/www.yongjianceramic.com\/pt\/wp-json\/wp\/v2\/product\/4098","targetHints":{"allow":["GET"]}}],"collection":[{"href":"https:\/\/www.yongjianceramic.com\/pt\/wp-json\/wp\/v2\/product"}],"about":[{"href":"https:\/\/www.yongjianceramic.com\/pt\/wp-json\/wp\/v2\/types\/product"}],"replies":[{"embeddable":true,"href":"https:\/\/www.yongjianceramic.com\/pt\/wp-json\/wp\/v2\/comments?post=4098"}],"wp:featuredmedia":[{"embeddable":true,"href":"https:\/\/www.yongjianceramic.com\/pt\/wp-json\/wp\/v2\/media\/4108"}],"wp:attachment":[{"href":"https:\/\/www.yongjianceramic.com\/pt\/wp-json\/wp\/v2\/media?parent=4098"}],"wp:term":[{"taxonomy":"product_brand","embeddable":true,"href":"https:\/\/www.yongjianceramic.com\/pt\/wp-json\/wp\/v2\/product_brand?post=4098"},{"taxonomy":"product_cat","embeddable":true,"href":"https:\/\/www.yongjianceramic.com\/pt\/wp-json\/wp\/v2\/product_cat?post=4098"},{"taxonomy":"product_tag","embeddable":true,"href":"https:\/\/www.yongjianceramic.com\/pt\/wp-json\/wp\/v2\/product_tag?post=4098"}],"curies":[{"name":"wp","href":"https:\/\/api.w.org\/{rel}","templated":true}]}}