{"id":4113,"date":"2025-01-04T18:28:56","date_gmt":"2025-01-04T10:28:56","guid":{"rendered":"https:\/\/www.yongjianceramic.com\/?post_type=product&#038;p=4113"},"modified":"2025-03-01T15:40:49","modified_gmt":"2025-03-01T07:40:49","slug":"ceramic-dinner-set-wholesale","status":"publish","type":"product","link":"https:\/\/www.yongjianceramic.com\/pt\/produto\/ceramic-dinner-set-wholesale\/","title":{"rendered":"Conjunto de jantar em cer\u00e2mica brilhante por atacado, ch\u00e1venas de ch\u00e1 a granel, tigelas, pratos"},"content":{"rendered":"<div class=\"wp-block-columns is-layout-flex wp-container-core-columns-is-layout-9d6595d7 wp-block-columns-is-layout-flex\">\n<div class=\"wp-block-column is-layout-flow wp-block-column-is-layout-flow\">\n<h2 class=\"wp-block-heading\">Conjunto de jantar em cer\u00e2mica Premium Carater\u00edsticas por atacado:<\/h2>\n\n\n\n<ul class=\"wp-block-list\">\n<li><strong>Atrovirens esmalte brilhante, como uma floresta verde: <\/strong>O esmalte deste conjunto de jantar em cer\u00e2mica apresenta um verde aurora retro, brilhante e profundo, como se estivesse a entrar numa floresta verde exuberante de outro mundo, e tem o efeito de um toque natural e sofisticado na mesa de jantar.<\/li>\n\n\n\n<li><strong>Esmalte de alto brilho, excelente sensa\u00e7\u00e3o visual e t\u00e1til: <\/strong>O esmalte de alto brilho \u00e9 suave e macio, \u00e0 prova de riscos e n\u00e3o se desvanece, n\u00e3o s\u00f3 real\u00e7ando a textura desta lou\u00e7a chinesa por atacado, mas tamb\u00e9m simples de limpar e manter, adequada para eventos de restaura\u00e7\u00e3o comercial movimentados.<\/li>\n\n\n\n<li><strong>Formas luxuosas, adequadas para v\u00e1rios cen\u00e1rios:<\/strong> Este conjunto de jantar de cer\u00e2mica por atacado inclui ch\u00e1venas de ch\u00e1, pratos, tigelas e outras formas, adequadas para catering de hotel, salas de ch\u00e1, jantares familiares e banquetes, para satisfazer diferentes necessidades de jantar.<\/li>\n\n\n\n<li><strong>Fornecimento direto do fabricante, apoio \u00e0 personaliza\u00e7\u00e3o a granel: <\/strong>A nossa lou\u00e7a chinesa por atacado \u00e9 o fornecimento direto da f\u00e1brica, fornecendo servi\u00e7os de personaliza\u00e7\u00e3o personalizados, pode desenhar log\u00f3tipos e estilos de acordo com as necessidades, e ajudar a marca a criar uma imagem \u00fanica.<\/li>\n<\/ul>\n<\/div>\n\n\n\n<div class=\"wp-block-column is-layout-flow wp-block-column-is-layout-flow\">\n<figure class=\"wp-block-image size-full\"><img fetchpriority=\"high\" decoding=\"async\" width=\"750\" height=\"1161\" src=\"https:\/\/www.yongjianceramic.com\/wp-content\/uploads\/2025\/01\/chinese-porcelain-dinnerware-sets-tea-cup-saucer-ceramic-bowl-manufacturer-1.webp\" alt=\"Conjunto de jantar em cer\u00e2mica brilhante por atacado, ch\u00e1venas de ch\u00e1 a granel, tigelas, pratos-1\" class=\"wp-image-4114\" srcset=\"https:\/\/www.yongjianceramic.com\/wp-content\/uploads\/2025\/01\/chinese-porcelain-dinnerware-sets-tea-cup-saucer-ceramic-bowl-manufacturer-1.webp 750w, https:\/\/www.yongjianceramic.com\/wp-content\/uploads\/2025\/01\/chinese-porcelain-dinnerware-sets-tea-cup-saucer-ceramic-bowl-manufacturer-1-194x300.webp 194w, https:\/\/www.yongjianceramic.com\/wp-content\/uploads\/2025\/01\/chinese-porcelain-dinnerware-sets-tea-cup-saucer-ceramic-bowl-manufacturer-1-8x12.webp 8w, https:\/\/www.yongjianceramic.com\/wp-content\/uploads\/2025\/01\/chinese-porcelain-dinnerware-sets-tea-cup-saucer-ceramic-bowl-manufacturer-1-285x441.webp 285w, https:\/\/www.yongjianceramic.com\/wp-content\/uploads\/2025\/01\/chinese-porcelain-dinnerware-sets-tea-cup-saucer-ceramic-bowl-manufacturer-1-426x660.webp 426w, https:\/\/www.yongjianceramic.com\/wp-content\/uploads\/2025\/01\/chinese-porcelain-dinnerware-sets-tea-cup-saucer-ceramic-bowl-manufacturer-1-97x150.webp 97w\" sizes=\"(max-width: 750px) 100vw, 750px\" \/><\/figure>\n<\/div>\n<\/div>","protected":false},"excerpt":{"rendered":"<div class=\"lRu31\" dir=\"ltr\">Bem-vindo ao comprar um conjunto de jantar em cer\u00e2mica por grosso. Esta lou\u00e7a chinesa brilhante atrovirens por atacado cria uma atmosfera elegante como uma floresta natural com um tom verde aurora retro. Tem uma variedade de formas para conjuntos de lou\u00e7a e \u00e9 adequado para hot\u00e9is, casas de ch\u00e1 e banquetes de alta qualidade.<\/p>\n<div class=\"OvtS8d\">\u00a0<\/div>\n<div id=\"ow30\">\n<table style=\"border-collapse: collapse; width: 327.02pt;\" border=\"0\" width=\"654\" cellspacing=\"0\" cellpadding=\"0\">\n<tbody>\n<tr style=\"height: 16.50pt;\">\n<td class=\"et3\" style=\"height: 16.50pt; width: 127.20pt;\" width=\"254\" height=\"33\">Fabricante<\/td>\n<td class=\"et3\" style=\"width: 200.15pt;\" width=\"400\">Yongjian<\/td>\n<\/tr>\n<tr style=\"height: 16.50pt;\">\n<td class=\"et3\" style=\"height: 16.50pt;\" height=\"33\">Modelo n.<\/td>\n<td class=\"et4\" style=\"width: 200.15pt;\" width=\"400\">YJ-103<\/td>\n<\/tr>\n<tr style=\"height: 16.50pt;\">\n<td class=\"et5\" style=\"height: 16.50pt; width: 127.20pt;\" width=\"254\" height=\"33\">Tipo de lou\u00e7a<\/td>\n<td class=\"et5\" style=\"width: 200.15pt;\" width=\"400\">Pratos, travessas, ta\u00e7as<\/td>\n<\/tr>\n<tr style=\"height: 16.50pt;\">\n<td class=\"et3\" style=\"height: 16.50pt;\" height=\"33\">T\u00e9cnica<\/td>\n<td class=\"et3\">Efeito de esmalte de forno<\/td>\n<\/tr>\n<tr style=\"height: 16.50pt;\">\n<td class=\"et3\" style=\"height: 16.50pt;\" height=\"33\">Material<\/td>\n<td class=\"et3\">Porcelana<\/td>\n<\/tr>\n<tr style=\"height: 33.00pt;\">\n<td class=\"et6\" style=\"height: 33.00pt;\" height=\"66\">Aplic\u00e1vel<\/td>\n<td class=\"et5\" style=\"width: 200.15pt;\" width=\"400\">Esterilizador, M\u00e1quina de lavar loi\u00e7a, Forno, Micro-ondas<\/td>\n<\/tr>\n<tr style=\"height: 16.50pt;\">\n<td class=\"et3\" style=\"height: 16.50pt;\" height=\"33\">Dimens\u00e3o<\/td>\n<td class=\"et3\">Como imagem<\/td>\n<\/tr>\n<tr style=\"height: 16.50pt;\">\n<td class=\"et3\" style=\"height: 16.50pt;\" height=\"33\">MOQ<\/td>\n<td class=\"et3\">500 unidades<\/td>\n<\/tr>\n<tr style=\"height: 16.50pt;\">\n<td class=\"et3\" style=\"height: 16.50pt;\" height=\"33\">Personalizado<\/td>\n<td class=\"et3\">Cor\/tamanho\/log\u00f3tipo\/embalagem<\/td>\n<\/tr>\n<\/tbody>\n<\/table>\n<\/div>\n<\/div>\n<div class=\"UdTY9 WdefRb\" aria-hidden=\"true\" data-location=\"2\">\u00a0<\/div>","protected":false},"featured_media":4125,"comment_status":"closed","ping_status":"closed","template":"","meta":{"_acf_changed":false},"product_brand":[],"product_cat":[64,85],"product_tag":[86],"class_list":{"0":"post-4113","1":"product","2":"type-product","3":"status-publish","4":"has-post-thumbnail","6":"product_cat-dinnerware-sets","7":"product_cat-wholesale-dinnerware-sets","8":"product_tag-oriental-style-dinnerware-wholesale","10":"first","11":"instock","12":"shipping-taxable","13":"product-type-simple"},"acf":[],"_links":{"self":[{"href":"https:\/\/www.yongjianceramic.com\/pt\/wp-json\/wp\/v2\/product\/4113","targetHints":{"allow":["GET"]}}],"collection":[{"href":"https:\/\/www.yongjianceramic.com\/pt\/wp-json\/wp\/v2\/product"}],"about":[{"href":"https:\/\/www.yongjianceramic.com\/pt\/wp-json\/wp\/v2\/types\/product"}],"replies":[{"embeddable":true,"href":"https:\/\/www.yongjianceramic.com\/pt\/wp-json\/wp\/v2\/comments?post=4113"}],"wp:featuredmedia":[{"embeddable":true,"href":"https:\/\/www.yongjianceramic.com\/pt\/wp-json\/wp\/v2\/media\/4125"}],"wp:attachment":[{"href":"https:\/\/www.yongjianceramic.com\/pt\/wp-json\/wp\/v2\/media?parent=4113"}],"wp:term":[{"taxonomy":"product_brand","embeddable":true,"href":"https:\/\/www.yongjianceramic.com\/pt\/wp-json\/wp\/v2\/product_brand?post=4113"},{"taxonomy":"product_cat","embeddable":true,"href":"https:\/\/www.yongjianceramic.com\/pt\/wp-json\/wp\/v2\/product_cat?post=4113"},{"taxonomy":"product_tag","embeddable":true,"href":"https:\/\/www.yongjianceramic.com\/pt\/wp-json\/wp\/v2\/product_tag?post=4113"}],"curies":[{"name":"wp","href":"https:\/\/api.w.org\/{rel}","templated":true}]}}