{"id":4146,"date":"2025-01-07T11:02:15","date_gmt":"2025-01-07T03:02:15","guid":{"rendered":"https:\/\/www.yongjianceramic.com\/?post_type=product&#038;p=4146"},"modified":"2025-04-20T14:19:13","modified_gmt":"2025-04-20T06:19:13","slug":"wholesale-coffee-cups","status":"publish","type":"product","link":"https:\/\/www.yongjianceramic.com\/pt\/produto\/wholesale-coffee-cups\/","title":{"rendered":"Conjunto de ch\u00e1venas de caf\u00e9 por atacado, ch\u00e1venas e pires de cer\u00e2mica com esmalte reativo a granel"},"content":{"rendered":"<div class=\"wp-block-columns is-layout-flex wp-container-core-columns-is-layout-9d6595d7 wp-block-columns-is-layout-flex\">\n<div class=\"wp-block-column is-layout-flow wp-block-column-is-layout-flow\">\n<h2 class=\"wp-block-heading\">Ch\u00e1venas de caf\u00e9 Premium Wholesale Carater\u00edsticas:<\/h2>\n\n\n\n<ul class=\"wp-block-list\">\n<li><strong>Tecnologia de mudan\u00e7a de forno, textura \u00fanica: <\/strong>As nossas ch\u00e1venas de caf\u00e9 por atacado s\u00e3o todas produzidas pela tecnologia tradicional de mudan\u00e7a de forno. Cada pe\u00e7a da ch\u00e1vena e do pires apresenta uma cor natural \u00fanica e uma transforma\u00e7\u00e3o de textura, o que confere ao produto uma apar\u00eancia mais art\u00edstica, revela a ess\u00eancia do artesanato e acrescenta estilo \u00e0s refei\u00e7\u00f5es.<\/li>\n\n\n\n<li><strong>Textura requintada, toque delicado: <\/strong>Este conjunto de ch\u00e1vena e pires por atacado \u00e9 delicadamente vidrado, a superf\u00edcie \u00e9 lisa e a sensa\u00e7\u00e3o \u00e9 confort\u00e1vel. Entretanto, a boca da ch\u00e1vena \u00e9 desenhada de acordo com a forma do l\u00e1bio, proporcionando aos utilizadores uma experi\u00eancia de utiliza\u00e7\u00e3o mais confort\u00e1vel. Quer seja caf\u00e9 ou ch\u00e1 da tarde, este conjunto de ch\u00e1venas e pires de cer\u00e2mica reflecte requinte e qualidade.<\/li>\n\n\n\n<li><strong>Uma variedade de op\u00e7\u00f5es de cores, adequadas a uma variedade de estilos: <\/strong>Estas ch\u00e1venas de caf\u00e9 por atacado est\u00e3o dispon\u00edveis numa variedade de op\u00e7\u00f5es de cores, e cada tom foi cuidadosamente concebido para se adequar a diferentes cen\u00e1rios de vida e estilos de casa. Da simplicidade cl\u00e1ssica aos estilos de arte moderna, podem ser perfeitamente combinados para satisfazer necessidades personalizadas.<\/li>\n\n\n\n<li><strong>Cer\u00e2mica de alta qualidade, duradoura e amiga do ambiente: <\/strong>O nosso conjunto de ch\u00e1venas e pires por atacado \u00e9 feito de materiais de alta qualidade, cozido a altas temperaturas com excelente durabilidade e com desempenho de preserva\u00e7\u00e3o de calor. Entretanto, \u00e9 seguro e amigo do ambiente. \u00c9 adequado para uso di\u00e1rio e ocasi\u00f5es de alta classe, uma op\u00e7\u00e3o ideal para praticidade e beleza.<\/li>\n<\/ul>\n<\/div>\n\n\n\n<div class=\"wp-block-column is-vertically-aligned-center is-layout-flow wp-block-column-is-layout-flow\"><div class=\"wp-block-image\">\n<figure class=\"aligncenter size-full\"><img fetchpriority=\"high\" decoding=\"async\" width=\"750\" height=\"750\" src=\"https:\/\/www.yongjianceramic.com\/wp-content\/uploads\/2025\/01\/Wholesale-Coffee-Cups-Reactive-Glaze-Ceramic-Cup-And-Saucer-Set-Bulk-2.webp\" alt=\"Conjunto de ch\u00e1venas de caf\u00e9 por atacado, ch\u00e1venas e pires de cer\u00e2mica com esmalte reativo a granel-2\" class=\"wp-image-4148\" srcset=\"https:\/\/www.yongjianceramic.com\/wp-content\/uploads\/2025\/01\/Wholesale-Coffee-Cups-Reactive-Glaze-Ceramic-Cup-And-Saucer-Set-Bulk-2.webp 750w, https:\/\/www.yongjianceramic.com\/wp-content\/uploads\/2025\/01\/Wholesale-Coffee-Cups-Reactive-Glaze-Ceramic-Cup-And-Saucer-Set-Bulk-2-300x300.webp 300w, https:\/\/www.yongjianceramic.com\/wp-content\/uploads\/2025\/01\/Wholesale-Coffee-Cups-Reactive-Glaze-Ceramic-Cup-And-Saucer-Set-Bulk-2-150x150.webp 150w, https:\/\/www.yongjianceramic.com\/wp-content\/uploads\/2025\/01\/Wholesale-Coffee-Cups-Reactive-Glaze-Ceramic-Cup-And-Saucer-Set-Bulk-2-12x12.webp 12w, https:\/\/www.yongjianceramic.com\/wp-content\/uploads\/2025\/01\/Wholesale-Coffee-Cups-Reactive-Glaze-Ceramic-Cup-And-Saucer-Set-Bulk-2-285x285.webp 285w, https:\/\/www.yongjianceramic.com\/wp-content\/uploads\/2025\/01\/Wholesale-Coffee-Cups-Reactive-Glaze-Ceramic-Cup-And-Saucer-Set-Bulk-2-270x270.webp 270w, https:\/\/www.yongjianceramic.com\/wp-content\/uploads\/2025\/01\/Wholesale-Coffee-Cups-Reactive-Glaze-Ceramic-Cup-And-Saucer-Set-Bulk-2-540x540.webp 540w, https:\/\/www.yongjianceramic.com\/wp-content\/uploads\/2025\/01\/Wholesale-Coffee-Cups-Reactive-Glaze-Ceramic-Cup-And-Saucer-Set-Bulk-2-660x660.webp 660w\" sizes=\"(max-width: 750px) 100vw, 750px\" \/><\/figure>\n<\/div><\/div>\n<\/div>","protected":false},"excerpt":{"rendered":"<p>Bem-vindo \u00e0 compra de ch\u00e1venas de caf\u00e9 por grosso. Este conjunto de ch\u00e1venas e pires de cer\u00e2mica com esmalte reativo combina o artesanato tradicional com o design moderno. A textura natural \u00fanica e uma variedade de op\u00e7\u00f5es de cores real\u00e7am o estilo elegante. O esmalte suave e o toque confort\u00e1vel mostram a qualidade. A cer\u00e2mica de alta qualidade garante durabilidade e prote\u00e7\u00e3o ambiental.<\/p>\n<table style=\"border-collapse: collapse; width: 322.02pt;\" border=\"0\" width=\"322\" cellspacing=\"0\" cellpadding=\"0\">\n<tbody>\n<tr style=\"height: 17.60pt;\">\n<td class=\"et3\" style=\"height: 17.60pt; width: 120.25pt;\" width=\"120\" height=\"17\">Fabricante<\/td>\n<td class=\"et3\" style=\"width: 202.30pt;\" width=\"202\">Yongjian<\/td>\n<\/tr>\n<tr style=\"height: 18.00pt;\">\n<td class=\"et3\" style=\"height: 18.00pt;\" height=\"18\">Modelo n.<\/td>\n<td class=\"et4\" style=\"width: 202.30pt;\" width=\"202\">YJ-C03<\/td>\n<\/tr>\n<tr style=\"height: 18.00pt;\">\n<td class=\"et3\" style=\"height: 18.00pt;\" height=\"18\">Tipo de produto<\/td>\n<td class=\"et4\" style=\"width: 202.30pt;\" width=\"202\">X\u00edcaras e pires<\/td>\n<\/tr>\n<tr style=\"height: 17.60pt;\">\n<td class=\"et3\" style=\"height: 17.60pt;\" height=\"17\">Material<\/td>\n<td class=\"et3\">Cer\u00e2mica<\/td>\n<\/tr>\n<tr style=\"height: 17.60pt;\">\n<td class=\"et5\" style=\"height: 17.60pt;\" height=\"17\">Cor<\/td>\n<td class=\"et3\">Branco\/Preto\/Azul escuro<\/td>\n<\/tr>\n<tr style=\"height: 17.60pt;\">\n<td class=\"et3\" style=\"height: 17.60pt;\" height=\"17\">Dimens\u00e3o<\/td>\n<td class=\"et3\">Como imagem<\/td>\n<\/tr>\n<tr style=\"height: 17.60pt;\">\n<td class=\"et3\" style=\"height: 17.60pt;\" height=\"17\">Capacidade<\/td>\n<td class=\"et3\">150ml<\/td>\n<\/tr>\n<tr style=\"height: 17.60pt;\">\n<td class=\"et3\" style=\"height: 17.60pt;\" height=\"17\">MOQ<\/td>\n<td class=\"et3\">500 unidades<\/td>\n<\/tr>\n<tr style=\"height: 17.60pt;\">\n<td class=\"et3\" style=\"height: 17.60pt;\" height=\"17\">Personalizado<\/td>\n<td class=\"et3\">Cor\/tamanho\/log\u00f3tipo\/embalagem<\/td>\n<\/tr>\n<\/tbody>\n<\/table>","protected":false},"featured_media":4150,"comment_status":"closed","ping_status":"closed","template":"","meta":{"_acf_changed":false},"product_brand":[],"product_cat":[78,65],"product_tag":[81],"class_list":{"0":"post-4146","1":"product","2":"type-product","3":"status-publish","4":"has-post-thumbnail","6":"product_cat-tea-cups-with-saucers-wholesale","7":"product_cat-wholesale-cups-and-mugs","8":"product_tag-modern-design-dinnerware-set-wholesale","10":"first","11":"instock","12":"shipping-taxable","13":"product-type-simple"},"acf":[],"_links":{"self":[{"href":"https:\/\/www.yongjianceramic.com\/pt\/wp-json\/wp\/v2\/product\/4146","targetHints":{"allow":["GET"]}}],"collection":[{"href":"https:\/\/www.yongjianceramic.com\/pt\/wp-json\/wp\/v2\/product"}],"about":[{"href":"https:\/\/www.yongjianceramic.com\/pt\/wp-json\/wp\/v2\/types\/product"}],"replies":[{"embeddable":true,"href":"https:\/\/www.yongjianceramic.com\/pt\/wp-json\/wp\/v2\/comments?post=4146"}],"wp:featuredmedia":[{"embeddable":true,"href":"https:\/\/www.yongjianceramic.com\/pt\/wp-json\/wp\/v2\/media\/4150"}],"wp:attachment":[{"href":"https:\/\/www.yongjianceramic.com\/pt\/wp-json\/wp\/v2\/media?parent=4146"}],"wp:term":[{"taxonomy":"product_brand","embeddable":true,"href":"https:\/\/www.yongjianceramic.com\/pt\/wp-json\/wp\/v2\/product_brand?post=4146"},{"taxonomy":"product_cat","embeddable":true,"href":"https:\/\/www.yongjianceramic.com\/pt\/wp-json\/wp\/v2\/product_cat?post=4146"},{"taxonomy":"product_tag","embeddable":true,"href":"https:\/\/www.yongjianceramic.com\/pt\/wp-json\/wp\/v2\/product_tag?post=4146"}],"curies":[{"name":"wp","href":"https:\/\/api.w.org\/{rel}","templated":true}]}}