{"id":4155,"date":"2025-01-07T11:25:23","date_gmt":"2025-01-07T03:25:23","guid":{"rendered":"https:\/\/www.yongjianceramic.com\/?post_type=product&#038;p=4155"},"modified":"2025-04-20T14:18:54","modified_gmt":"2025-04-20T06:18:54","slug":"wholesale-coffee-mugs","status":"publish","type":"product","link":"https:\/\/www.yongjianceramic.com\/pt\/produto\/wholesale-coffee-mugs\/","title":{"rendered":"Canecas de caf\u00e9 por atacado com tampas de bambu, canecas de caf\u00e9 com esmalte reativo a granel"},"content":{"rendered":"<div class=\"wp-block-columns is-layout-flex wp-container-core-columns-is-layout-9d6595d7 wp-block-columns-is-layout-flex\">\n<div class=\"wp-block-column is-layout-flow wp-block-column-is-layout-flow\">\n<h2 class=\"wp-block-heading\">Canecas de caf\u00e9 Premium Wholesale Carater\u00edsticas:<\/h2>\n\n\n\n<ul class=\"wp-block-list\">\n<li><strong>Tecnologia de mudan\u00e7a de forno, efeito visual \u00fanico: <\/strong>As nossas canecas de caf\u00e9 por atacado utilizam uma tecnologia requintada de mudan\u00e7a de forno, cada ch\u00e1vena tem uma textura e transi\u00e7\u00e3o de cor \u00fanicas, mostrando a beleza da natureza, combinando o sentido art\u00edstico com o estilo de moda moderno, acrescentando eleg\u00e2ncia ao consumo di\u00e1rio.<\/li>\n\n\n\n<li><strong>Design de tampa em bambu amigo do ambiente, bonito e pr\u00e1tico:<\/strong> As nossas canecas de caf\u00e9 a granel s\u00e3o combinadas com tampas de ch\u00e1vena de bambu natural, que s\u00e3o amigas do ambiente e saud\u00e1veis, com uma textura quente. N\u00e3o s\u00f3 evita o p\u00f3 e mant\u00e9m o calor, como tamb\u00e9m acrescenta elementos naturais ao design geral da ch\u00e1vena, equilibrando na perfei\u00e7\u00e3o o aspeto pr\u00e1tico e est\u00e9tico.<\/li>\n\n\n\n<li><strong>Material cer\u00e2mico de alta qualidade, duradouro e seguro: <\/strong>Estas canecas de caf\u00e9 por atacado s\u00e3o feitas de materiais cer\u00e2micos de alta qualidade e cozidas a altas temperaturas para garantir que os produtos s\u00e3o resistentes e dur\u00e1veis, f\u00e1ceis de limpar e n\u00e3o s\u00e3o f\u00e1ceis de absorver odores, satisfazendo as necessidades de utiliza\u00e7\u00e3o a longo prazo, ao mesmo tempo que cumprem as normas de seguran\u00e7a de qualidade alimentar, e utilizando-os com mais seguran\u00e7a.<\/li>\n\n\n\n<li><strong>Uma variedade de op\u00e7\u00f5es de cores para satisfazer necessidades personalizadas: <\/strong>As nossas canecas de caf\u00e9 a granel oferecem uma variedade de op\u00e7\u00f5es de cores, cada cor \u00e9 cuidadosamente concebida para combinar com uma variedade de estilos de decora\u00e7\u00e3o de interiores, e \u00e9 adequada como presente ou para uso comercial, proporcionando aos utilizadores uma escolha rica.<\/li>\n<\/ul>\n<\/div>\n\n\n\n<div class=\"wp-block-column is-vertically-aligned-center is-layout-flow wp-block-column-is-layout-flow\"><div class=\"wp-block-image\">\n<figure class=\"aligncenter size-full\"><img fetchpriority=\"high\" decoding=\"async\" width=\"719\" height=\"720\" src=\"https:\/\/www.yongjianceramic.com\/wp-content\/uploads\/2025\/01\/Wholesale-Coffee-Mugs-With-Bamboo-Lids-Reactive-Glaze-Coffee-Mugs-Bulk-2.jpg\" alt=\"Canecas de caf\u00e9 por atacado com tampas de bambu, canecas de caf\u00e9 com esmalte reativo a granel-2\" class=\"wp-image-4157\" srcset=\"https:\/\/www.yongjianceramic.com\/wp-content\/uploads\/2025\/01\/Wholesale-Coffee-Mugs-With-Bamboo-Lids-Reactive-Glaze-Coffee-Mugs-Bulk-2.jpg 719w, https:\/\/www.yongjianceramic.com\/wp-content\/uploads\/2025\/01\/Wholesale-Coffee-Mugs-With-Bamboo-Lids-Reactive-Glaze-Coffee-Mugs-Bulk-2-300x300.jpg 300w, https:\/\/www.yongjianceramic.com\/wp-content\/uploads\/2025\/01\/Wholesale-Coffee-Mugs-With-Bamboo-Lids-Reactive-Glaze-Coffee-Mugs-Bulk-2-150x150.jpg 150w, https:\/\/www.yongjianceramic.com\/wp-content\/uploads\/2025\/01\/Wholesale-Coffee-Mugs-With-Bamboo-Lids-Reactive-Glaze-Coffee-Mugs-Bulk-2-12x12.jpg 12w, https:\/\/www.yongjianceramic.com\/wp-content\/uploads\/2025\/01\/Wholesale-Coffee-Mugs-With-Bamboo-Lids-Reactive-Glaze-Coffee-Mugs-Bulk-2-285x285.jpg 285w, https:\/\/www.yongjianceramic.com\/wp-content\/uploads\/2025\/01\/Wholesale-Coffee-Mugs-With-Bamboo-Lids-Reactive-Glaze-Coffee-Mugs-Bulk-2-270x270.jpg 270w, https:\/\/www.yongjianceramic.com\/wp-content\/uploads\/2025\/01\/Wholesale-Coffee-Mugs-With-Bamboo-Lids-Reactive-Glaze-Coffee-Mugs-Bulk-2-540x540.jpg 540w, https:\/\/www.yongjianceramic.com\/wp-content\/uploads\/2025\/01\/Wholesale-Coffee-Mugs-With-Bamboo-Lids-Reactive-Glaze-Coffee-Mugs-Bulk-2-660x660.jpg 660w\" sizes=\"(max-width: 719px) 100vw, 719px\" \/><\/figure>\n<\/div><\/div>\n<\/div>","protected":false},"excerpt":{"rendered":"<p>Bem-vindo ao comprar canecas de caf\u00e9 a granel. Estas canecas de caf\u00e9 por atacado queimadas em forno com tampa de bambu natural combinam perfeitamente a natureza e o design moderno. A textura \u00fanica, as m\u00faltiplas op\u00e7\u00f5es de cores, o material cer\u00e2mico de alta qualidade e a fun\u00e7\u00e3o de prote\u00e7\u00e3o ambiental tornam-na uma escolha ideal para a vida quotidiana e para uso comercial.<\/p>\n<table style=\"border-collapse: collapse; width: 322.02pt;\" border=\"0\" width=\"322\" cellspacing=\"0\" cellpadding=\"0\">\n<tbody>\n<tr style=\"height: 17.60pt;\">\n<td class=\"et3\" style=\"height: 17.60pt; width: 120.25pt;\" width=\"120\" height=\"17\">Fabricante<\/td>\n<td class=\"et3\" style=\"width: 202.30pt;\" width=\"202\">Yongjian<\/td>\n<\/tr>\n<tr style=\"height: 18.00pt;\">\n<td class=\"et3\" style=\"height: 18.00pt;\" height=\"18\">Modelo n.<\/td>\n<td class=\"et4\" style=\"width: 202.30pt;\" width=\"202\">YJ-C04<\/td>\n<\/tr>\n<tr style=\"height: 18.00pt;\">\n<td class=\"et3\" style=\"height: 18.00pt;\" height=\"18\">Tipo de produto<\/td>\n<td class=\"et4\" style=\"width: 202.30pt;\" width=\"202\">X\u00edcaras e pires<\/td>\n<\/tr>\n<tr style=\"height: 17.60pt;\">\n<td class=\"et3\" style=\"height: 17.60pt;\" height=\"17\">Material<\/td>\n<td class=\"et3\">Cer\u00e2mica + Tampa de bambu<\/td>\n<\/tr>\n<tr style=\"height: 17.60pt;\">\n<td class=\"et5\" style=\"height: 17.60pt;\" height=\"17\">Cor<\/td>\n<td class=\"et3\">Branco\/Preto\/Azul escuro<\/td>\n<\/tr>\n<tr style=\"height: 17.60pt;\">\n<td class=\"et3\" style=\"height: 17.60pt;\" height=\"17\">Dimens\u00e3o<\/td>\n<td class=\"et3\">Como imagem<\/td>\n<\/tr>\n<tr style=\"height: 17.60pt;\">\n<td class=\"et3\" style=\"height: 17.60pt;\" height=\"17\">Capacidade<\/td>\n<td class=\"et3\">275ml<\/td>\n<\/tr>\n<tr style=\"height: 17.60pt;\">\n<td class=\"et3\" style=\"height: 17.60pt;\" height=\"17\">MOQ<\/td>\n<td class=\"et3\">500 unidades<\/td>\n<\/tr>\n<tr style=\"height: 17.60pt;\">\n<td class=\"et3\" style=\"height: 17.60pt;\" height=\"17\">Personalizado<\/td>\n<td class=\"et3\">Cor\/tamanho\/log\u00f3tipo\/embalagem<\/td>\n<\/tr>\n<\/tbody>\n<\/table>","protected":false},"featured_media":4159,"comment_status":"closed","ping_status":"closed","template":"","meta":{"_acf_changed":false},"product_brand":[],"product_cat":[65,91],"product_tag":[81],"class_list":{"0":"post-4155","1":"product","2":"type-product","3":"status-publish","4":"has-post-thumbnail","6":"product_cat-wholesale-cups-and-mugs","7":"product_cat-wholesale-mugs","8":"product_tag-modern-design-dinnerware-set-wholesale","10":"first","11":"instock","12":"shipping-taxable","13":"product-type-simple"},"acf":[],"_links":{"self":[{"href":"https:\/\/www.yongjianceramic.com\/pt\/wp-json\/wp\/v2\/product\/4155","targetHints":{"allow":["GET"]}}],"collection":[{"href":"https:\/\/www.yongjianceramic.com\/pt\/wp-json\/wp\/v2\/product"}],"about":[{"href":"https:\/\/www.yongjianceramic.com\/pt\/wp-json\/wp\/v2\/types\/product"}],"replies":[{"embeddable":true,"href":"https:\/\/www.yongjianceramic.com\/pt\/wp-json\/wp\/v2\/comments?post=4155"}],"wp:featuredmedia":[{"embeddable":true,"href":"https:\/\/www.yongjianceramic.com\/pt\/wp-json\/wp\/v2\/media\/4159"}],"wp:attachment":[{"href":"https:\/\/www.yongjianceramic.com\/pt\/wp-json\/wp\/v2\/media?parent=4155"}],"wp:term":[{"taxonomy":"product_brand","embeddable":true,"href":"https:\/\/www.yongjianceramic.com\/pt\/wp-json\/wp\/v2\/product_brand?post=4155"},{"taxonomy":"product_cat","embeddable":true,"href":"https:\/\/www.yongjianceramic.com\/pt\/wp-json\/wp\/v2\/product_cat?post=4155"},{"taxonomy":"product_tag","embeddable":true,"href":"https:\/\/www.yongjianceramic.com\/pt\/wp-json\/wp\/v2\/product_tag?post=4155"}],"curies":[{"name":"wp","href":"https:\/\/api.w.org\/{rel}","templated":true}]}}