{"id":4168,"date":"2025-01-07T14:10:43","date_gmt":"2025-01-07T06:10:43","guid":{"rendered":"https:\/\/www.yongjianceramic.com\/?post_type=product&#038;p=4168"},"modified":"2025-04-20T14:19:07","modified_gmt":"2025-04-20T06:19:07","slug":"wholesale-ceramic-coffee-cups","status":"publish","type":"product","link":"https:\/\/www.yongjianceramic.com\/pt\/produto\/wholesale-ceramic-coffee-cups\/","title":{"rendered":"Ch\u00e1venas de caf\u00e9 de cer\u00e2mica por atacado, ch\u00e1venas de ch\u00e1 de estilo japon\u00eas a granel"},"content":{"rendered":"<div class=\"wp-block-columns is-layout-flex wp-container-core-columns-is-layout-9d6595d7 wp-block-columns-is-layout-flex\">\n<div class=\"wp-block-column is-layout-flow wp-block-column-is-layout-flow\">\n<h2 class=\"wp-block-heading\">Ch\u00e1venas de caf\u00e9 de cer\u00e2mica por atacado Premium Carater\u00edsticas:<\/h2>\n\n\n\n<ul class=\"wp-block-list\">\n<li><strong>Beleza simples e natural: <\/strong>As nossas ch\u00e1venas de caf\u00e9 de cer\u00e2mica por atacado s\u00e3o esmaltadas em branco com uma textura de gr\u00e3o fino, mostrando um estilo est\u00e9tico simples e natural, combinado com o estilo de design japon\u00eas, acrescentando calor e conforto \u00e0 hora do ch\u00e1 ou do caf\u00e9.<\/li>\n\n\n\n<li><strong>Toque e design \u00fanicos: <\/strong>O fundo destas ch\u00e1venas de ch\u00e1 em cer\u00e2mica \u00e9 castanho fosco, com uma textura fina, acrescentando uma experi\u00eancia t\u00e1til \u00fanica, ao mesmo tempo que forma um contraste elegante com o corpo da ch\u00e1vena esbranqui\u00e7ado, e o design geral \u00e9 mais refinado e em camadas.<\/li>\n\n\n\n<li><strong>Duradouro: <\/strong>Estas ch\u00e1venas de caf\u00e9 de cer\u00e2mica por atacado s\u00e3o feitas de materiais de alta qualidade em cer\u00e2mica e cozidas a uma temperatura elevada. Isto garante que as ch\u00e1venas s\u00e3o s\u00f3lidas e dur\u00e1veis, apresentam um bom desempenho de preserva\u00e7\u00e3o do calor e s\u00e3o f\u00e1ceis de limpar para uma utiliza\u00e7\u00e3o prolongada.<\/li>\n\n\n\n<li><strong>Estilo minimalista japon\u00eas: <\/strong>As nossas ch\u00e1venas de ch\u00e1 de cer\u00e2mica japonesas de estilo minimalista s\u00e3o simples e elegantes em termos de design, mas decentes em termos de beleza e praticidade para utiliza\u00e7\u00e3o em casa, num caf\u00e9 ou no escrit\u00f3rio; adequadas como presente para acrescentar uma sensa\u00e7\u00e3o de ritual ao beber ch\u00e1 ou caf\u00e9.<\/li>\n<\/ul>\n<\/div>\n\n\n\n<div class=\"wp-block-column is-vertically-aligned-center is-layout-flow wp-block-column-is-layout-flow\"><div class=\"wp-block-image\">\n<figure class=\"aligncenter size-full\"><img fetchpriority=\"high\" decoding=\"async\" width=\"800\" height=\"800\" src=\"https:\/\/www.yongjianceramic.com\/wp-content\/uploads\/2025\/01\/Wholesale-Ceramic-Coffee-Cups-Japanese-Style-Tea-Cups-Bulk-1.webp\" alt=\"Ch\u00e1venas de caf\u00e9 de cer\u00e2mica por atacado, ch\u00e1venas de ch\u00e1 de estilo japon\u00eas Bulk-1\" class=\"wp-image-4169\" srcset=\"https:\/\/www.yongjianceramic.com\/wp-content\/uploads\/2025\/01\/Wholesale-Ceramic-Coffee-Cups-Japanese-Style-Tea-Cups-Bulk-1.webp 800w, https:\/\/www.yongjianceramic.com\/wp-content\/uploads\/2025\/01\/Wholesale-Ceramic-Coffee-Cups-Japanese-Style-Tea-Cups-Bulk-1-300x300.webp 300w, https:\/\/www.yongjianceramic.com\/wp-content\/uploads\/2025\/01\/Wholesale-Ceramic-Coffee-Cups-Japanese-Style-Tea-Cups-Bulk-1-150x150.webp 150w, https:\/\/www.yongjianceramic.com\/wp-content\/uploads\/2025\/01\/Wholesale-Ceramic-Coffee-Cups-Japanese-Style-Tea-Cups-Bulk-1-768x768.webp 768w, https:\/\/www.yongjianceramic.com\/wp-content\/uploads\/2025\/01\/Wholesale-Ceramic-Coffee-Cups-Japanese-Style-Tea-Cups-Bulk-1-12x12.webp 12w, https:\/\/www.yongjianceramic.com\/wp-content\/uploads\/2025\/01\/Wholesale-Ceramic-Coffee-Cups-Japanese-Style-Tea-Cups-Bulk-1-285x285.webp 285w, https:\/\/www.yongjianceramic.com\/wp-content\/uploads\/2025\/01\/Wholesale-Ceramic-Coffee-Cups-Japanese-Style-Tea-Cups-Bulk-1-270x270.webp 270w, https:\/\/www.yongjianceramic.com\/wp-content\/uploads\/2025\/01\/Wholesale-Ceramic-Coffee-Cups-Japanese-Style-Tea-Cups-Bulk-1-540x540.webp 540w, https:\/\/www.yongjianceramic.com\/wp-content\/uploads\/2025\/01\/Wholesale-Ceramic-Coffee-Cups-Japanese-Style-Tea-Cups-Bulk-1-660x660.webp 660w\" sizes=\"(max-width: 800px) 100vw, 800px\" \/><\/figure>\n<\/div><\/div>\n<\/div>","protected":false},"excerpt":{"rendered":"<p>Bem-vindo ao comprar ch\u00e1venas de ch\u00e1 de cer\u00e2mica a granel. As nossas ch\u00e1venas de caf\u00e9 japonesas de cer\u00e2mica por atacado apresentam uma textura granulada e um fundo de ch\u00e1vena castanho fosco como destaques de design, mostrando uma beleza \u00fanica da natureza e simplicidade. O material cer\u00e2mico de alta qualidade \u00e9 dur\u00e1vel e adequado para uso em v\u00e1rios cen\u00e1rios. \u00c9 uma escolha ideal para casa, escrit\u00f3rio ou caf\u00e9. Tamb\u00e9m pode ser utilizado como um presente requintado para melhorar a qualidade de vida.<\/p>\n<table style=\"border-collapse: collapse; width: 322.02pt;\" border=\"0\" width=\"322\" cellspacing=\"0\" cellpadding=\"0\">\n<tbody>\n<tr style=\"height: 17.60pt;\">\n<td class=\"et3\" style=\"height: 17.60pt; width: 120.25pt;\" width=\"120\" height=\"17\">Fabricante<\/td>\n<td class=\"et3\" style=\"width: 202.30pt;\" width=\"202\">Yongjian<\/td>\n<\/tr>\n<tr style=\"height: 18.00pt;\">\n<td class=\"et3\" style=\"height: 18.00pt;\" height=\"18\">Modelo n.<\/td>\n<td class=\"et4\" style=\"width: 202.30pt;\" width=\"202\">YJ-C06<\/td>\n<\/tr>\n<tr style=\"height: 17.60pt;\">\n<td class=\"et3\" style=\"height: 17.60pt;\" height=\"17\">Tipo de produto<\/td>\n<td class=\"et2\">Copos de cer\u00e2mica<\/td>\n<\/tr>\n<tr style=\"height: 17.60pt;\">\n<td class=\"et3\" style=\"height: 17.60pt;\" height=\"17\">Material<\/td>\n<td class=\"et3\">Cer\u00e2mica<\/td>\n<\/tr>\n<tr style=\"height: 17.60pt;\">\n<td class=\"et5\" style=\"height: 17.60pt;\" height=\"17\">Cor<\/td>\n<td class=\"et3\">Branco<\/td>\n<\/tr>\n<tr style=\"height: 17.60pt;\">\n<td class=\"et3\" style=\"height: 17.60pt;\" height=\"17\">Dimens\u00e3o<\/td>\n<td class=\"et3\">8.5*6.5<\/td>\n<\/tr>\n<tr style=\"height: 17.60pt;\">\n<td class=\"et3\" style=\"height: 17.60pt;\" height=\"17\">MOQ<\/td>\n<td class=\"et3\">500 unidades<\/td>\n<\/tr>\n<tr style=\"height: 17.60pt;\">\n<td class=\"et3\" style=\"height: 17.60pt;\" height=\"17\">Personalizado<\/td>\n<td class=\"et3\">Cor\/tamanho\/log\u00f3tipo\/embalagem<\/td>\n<\/tr>\n<\/tbody>\n<\/table>","protected":false},"featured_media":4170,"comment_status":"closed","ping_status":"closed","template":"","meta":{"_acf_changed":false},"product_brand":[],"product_cat":[91,65],"product_tag":[81],"class_list":{"0":"post-4168","1":"product","2":"type-product","3":"status-publish","4":"has-post-thumbnail","6":"product_cat-wholesale-mugs","7":"product_cat-wholesale-cups-and-mugs","8":"product_tag-modern-design-dinnerware-set-wholesale","10":"first","11":"instock","12":"shipping-taxable","13":"product-type-simple"},"acf":[],"_links":{"self":[{"href":"https:\/\/www.yongjianceramic.com\/pt\/wp-json\/wp\/v2\/product\/4168","targetHints":{"allow":["GET"]}}],"collection":[{"href":"https:\/\/www.yongjianceramic.com\/pt\/wp-json\/wp\/v2\/product"}],"about":[{"href":"https:\/\/www.yongjianceramic.com\/pt\/wp-json\/wp\/v2\/types\/product"}],"replies":[{"embeddable":true,"href":"https:\/\/www.yongjianceramic.com\/pt\/wp-json\/wp\/v2\/comments?post=4168"}],"wp:featuredmedia":[{"embeddable":true,"href":"https:\/\/www.yongjianceramic.com\/pt\/wp-json\/wp\/v2\/media\/4170"}],"wp:attachment":[{"href":"https:\/\/www.yongjianceramic.com\/pt\/wp-json\/wp\/v2\/media?parent=4168"}],"wp:term":[{"taxonomy":"product_brand","embeddable":true,"href":"https:\/\/www.yongjianceramic.com\/pt\/wp-json\/wp\/v2\/product_brand?post=4168"},{"taxonomy":"product_cat","embeddable":true,"href":"https:\/\/www.yongjianceramic.com\/pt\/wp-json\/wp\/v2\/product_cat?post=4168"},{"taxonomy":"product_tag","embeddable":true,"href":"https:\/\/www.yongjianceramic.com\/pt\/wp-json\/wp\/v2\/product_tag?post=4168"}],"curies":[{"name":"wp","href":"https:\/\/api.w.org\/{rel}","templated":true}]}}