{"id":4220,"date":"2025-01-11T10:49:04","date_gmt":"2025-01-11T02:49:04","guid":{"rendered":"https:\/\/www.yongjianceramic.com\/?post_type=product&#038;p=4220"},"modified":"2025-01-13T17:09:05","modified_gmt":"2025-01-13T09:09:05","slug":"wholesale-spoons","status":"publish","type":"product","link":"https:\/\/www.yongjianceramic.com\/pt\/produto\/wholesale-spoons\/","title":{"rendered":"Colheres de cer\u00e2mica com textura de pedra por atacado, Colheres de cer\u00e2mica para servir a granel"},"content":{"rendered":"<div class=\"wp-block-columns is-layout-flex wp-container-core-columns-is-layout-9d6595d7 wp-block-columns-is-layout-flex\">\n<div class=\"wp-block-column is-layout-flow wp-block-column-is-layout-flow\">\n<h2 class=\"wp-block-heading\">Colheres Premium Wholesale Carater\u00edsticas:<\/h2>\n\n\n\n<ul class=\"wp-block-list\">\n<li><strong>Desenho \u00fanico de pedra de cer\u00e2mica: <\/strong>Estas colheres de cer\u00e2mica para venda por grosso s\u00e3o inspiradas na pedra de cer\u00e2mica, com uma textura natural e \u00fanica e uma textura delicada, conferindo a cada produto uma atmosfera art\u00edstica \u00fanica, real\u00e7ando o estilo e a personalidade da mesa de jantar.<\/li>\n\n\n\n<li><strong>V\u00e1rias op\u00e7\u00f5es de cores: <\/strong>Estas colheres de servir em cer\u00e2mica est\u00e3o dispon\u00edveis em cinco cores requintadas para satisfazer as necessidades de diferentes cen\u00e1rios e estilos, adequadas para mesas de jantar em casa, utens\u00edlios de restaurante ou como presentes, flex\u00edveis e diversificados.<\/li>\n\n\n\n<li><strong>Material cer\u00e2mico de alta qualidade: <\/strong>As nossas colheres para venda por grosso s\u00e3o cozidas a altas temperaturas, a estrutura cer\u00e2mica \u00e9 robusta e dur\u00e1vel, a superf\u00edcie \u00e9 lisa e resistente a manchas, e \u00e9 f\u00e1cil de limpar, garantindo que o produto se mant\u00e9m como novo numa utiliza\u00e7\u00e3o a longo prazo, tendo em conta tanto a beleza como a praticidade.<\/li>\n\n\n\n<li><strong>Fornecimento a granel e op\u00e7\u00f5es de personaliza\u00e7\u00e3o: <\/strong>As nossas colheres de servir em cer\u00e2mica apoiam as compras em grande escala e tamb\u00e9m fornecem servi\u00e7os personalizados para padr\u00f5es, tamanhos e embalagens para satisfazer as diversas necessidades dos retalhistas, da restaura\u00e7\u00e3o e dos mercados de topo de gama.<\/li>\n<\/ul>\n<\/div>\n\n\n\n<div class=\"wp-block-column is-vertically-aligned-center is-layout-flow wp-block-column-is-layout-flow\"><div class=\"wp-block-image\">\n<figure class=\"aligncenter size-full\"><img fetchpriority=\"high\" decoding=\"async\" width=\"800\" height=\"800\" src=\"https:\/\/www.yongjianceramic.com\/wp-content\/uploads\/2025\/01\/Pottery-Stone-Texture-Wholesale-Spoons-Ceramic-Serving-Spoons-Bulk-1.webp\" alt=\"Colheres de cer\u00e2mica com textura de pedra por atacado, Colheres de cer\u00e2mica para servir a granel-1\" class=\"wp-image-4221\" srcset=\"https:\/\/www.yongjianceramic.com\/wp-content\/uploads\/2025\/01\/Pottery-Stone-Texture-Wholesale-Spoons-Ceramic-Serving-Spoons-Bulk-1.webp 800w, https:\/\/www.yongjianceramic.com\/wp-content\/uploads\/2025\/01\/Pottery-Stone-Texture-Wholesale-Spoons-Ceramic-Serving-Spoons-Bulk-1-300x300.webp 300w, https:\/\/www.yongjianceramic.com\/wp-content\/uploads\/2025\/01\/Pottery-Stone-Texture-Wholesale-Spoons-Ceramic-Serving-Spoons-Bulk-1-150x150.webp 150w, https:\/\/www.yongjianceramic.com\/wp-content\/uploads\/2025\/01\/Pottery-Stone-Texture-Wholesale-Spoons-Ceramic-Serving-Spoons-Bulk-1-768x768.webp 768w, https:\/\/www.yongjianceramic.com\/wp-content\/uploads\/2025\/01\/Pottery-Stone-Texture-Wholesale-Spoons-Ceramic-Serving-Spoons-Bulk-1-12x12.webp 12w, https:\/\/www.yongjianceramic.com\/wp-content\/uploads\/2025\/01\/Pottery-Stone-Texture-Wholesale-Spoons-Ceramic-Serving-Spoons-Bulk-1-285x285.webp 285w, https:\/\/www.yongjianceramic.com\/wp-content\/uploads\/2025\/01\/Pottery-Stone-Texture-Wholesale-Spoons-Ceramic-Serving-Spoons-Bulk-1-270x270.webp 270w, https:\/\/www.yongjianceramic.com\/wp-content\/uploads\/2025\/01\/Pottery-Stone-Texture-Wholesale-Spoons-Ceramic-Serving-Spoons-Bulk-1-540x540.webp 540w, https:\/\/www.yongjianceramic.com\/wp-content\/uploads\/2025\/01\/Pottery-Stone-Texture-Wholesale-Spoons-Ceramic-Serving-Spoons-Bulk-1-660x660.webp 660w\" sizes=\"(max-width: 800px) 100vw, 800px\" \/><\/figure>\n<\/div><\/div>\n<\/div>","protected":false},"excerpt":{"rendered":"<p>Bem-vindo ao comprar colheres de servir de cer\u00e2mica a granel. Estas colheres de textura de pedra de cer\u00e2mica por atacado apresentam um design de pedra natural e cinco cores requintadas. Apoiando a venda por grosso e a personaliza\u00e7\u00e3o, \u00e9 a escolha ideal para os mercados dom\u00e9stico, de restaura\u00e7\u00e3o e retalhista.<\/p>\n<table style=\"border-collapse: collapse; width: 322.02pt;\" border=\"0\" width=\"322\" cellspacing=\"0\" cellpadding=\"0\">\n<tbody>\n<tr style=\"height: 17.60pt;\">\n<td class=\"et3\" style=\"height: 17.60pt; width: 120.25pt;\" width=\"120\" height=\"17\">Fabricante<\/td>\n<td class=\"et3\" style=\"width: 202.30pt;\" width=\"202\">Yongjian<\/td>\n<\/tr>\n<tr style=\"height: 18.00pt;\">\n<td class=\"et3\" style=\"height: 18.00pt;\" height=\"18\">Modelo n.<\/td>\n<td class=\"et4\" style=\"width: 202.30pt;\" width=\"202\">YJ-S05<\/td>\n<\/tr>\n<tr style=\"height: 17.60pt;\">\n<td class=\"et3\" style=\"height: 17.60pt;\" height=\"17\">Tipo de produto<\/td>\n<td class=\"et3\">Colher de cer\u00e2mica<\/td>\n<\/tr>\n<tr style=\"height: 17.60pt;\">\n<td class=\"et3\" style=\"height: 17.60pt;\" height=\"17\">Material<\/td>\n<td class=\"et3\">Porcelana<\/td>\n<\/tr>\n<tr style=\"height: 17.60pt;\">\n<td class=\"et5\" style=\"height: 17.60pt;\" height=\"17\">Cor<\/td>\n<td class=\"et3\">Gradiente de cor<\/td>\n<\/tr>\n<tr style=\"height: 17.60pt;\">\n<td class=\"et3\" style=\"height: 17.60pt;\" height=\"17\">Tamanho<\/td>\n<td class=\"et3\">16,8 cm<\/td>\n<\/tr>\n<tr style=\"height: 17.60pt;\">\n<td class=\"et3\" style=\"height: 17.60pt;\" height=\"17\">MOQ<\/td>\n<td class=\"et3\">500 unidades<\/td>\n<\/tr>\n<tr style=\"height: 17.60pt;\">\n<td class=\"et3\" style=\"height: 17.60pt;\" height=\"17\">Personalizado<\/td>\n<td class=\"et3\">Cor\/tamanho\/log\u00f3tipo\/embalagem<\/td>\n<\/tr>\n<\/tbody>\n<\/table>","protected":false},"featured_media":4224,"comment_status":"closed","ping_status":"closed","template":"","meta":{"_acf_changed":false},"product_brand":[],"product_cat":[80,89],"product_tag":[88],"class_list":{"0":"post-4220","1":"product","2":"type-product","3":"status-publish","4":"has-post-thumbnail","6":"product_cat-wholesale-ceramic-cutlery","7":"product_cat-ceramic-bulk-spoons","8":"product_tag-japanese-style-dinnerware-set-wholesale","10":"first","11":"instock","12":"shipping-taxable","13":"product-type-simple"},"acf":[],"_links":{"self":[{"href":"https:\/\/www.yongjianceramic.com\/pt\/wp-json\/wp\/v2\/product\/4220","targetHints":{"allow":["GET"]}}],"collection":[{"href":"https:\/\/www.yongjianceramic.com\/pt\/wp-json\/wp\/v2\/product"}],"about":[{"href":"https:\/\/www.yongjianceramic.com\/pt\/wp-json\/wp\/v2\/types\/product"}],"replies":[{"embeddable":true,"href":"https:\/\/www.yongjianceramic.com\/pt\/wp-json\/wp\/v2\/comments?post=4220"}],"wp:featuredmedia":[{"embeddable":true,"href":"https:\/\/www.yongjianceramic.com\/pt\/wp-json\/wp\/v2\/media\/4224"}],"wp:attachment":[{"href":"https:\/\/www.yongjianceramic.com\/pt\/wp-json\/wp\/v2\/media?parent=4220"}],"wp:term":[{"taxonomy":"product_brand","embeddable":true,"href":"https:\/\/www.yongjianceramic.com\/pt\/wp-json\/wp\/v2\/product_brand?post=4220"},{"taxonomy":"product_cat","embeddable":true,"href":"https:\/\/www.yongjianceramic.com\/pt\/wp-json\/wp\/v2\/product_cat?post=4220"},{"taxonomy":"product_tag","embeddable":true,"href":"https:\/\/www.yongjianceramic.com\/pt\/wp-json\/wp\/v2\/product_tag?post=4220"}],"curies":[{"name":"wp","href":"https:\/\/api.w.org\/{rel}","templated":true}]}}